{"id":4211,"date":"2025-01-11T10:15:28","date_gmt":"2025-01-11T02:15:28","guid":{"rendered":"https:\/\/www.yongjianceramic.com\/?post_type=product&#038;p=4211"},"modified":"2025-01-11T10:45:55","modified_gmt":"2025-01-11T02:45:55","slug":"custom-ramen-spoons","status":"publish","type":"product","link":"https:\/\/www.yongjianceramic.com\/es\/producto\/custom-ramen-spoons\/","title":{"rendered":"Cucharas de Ramen Personalizadas Estilo Wafu al por mayor, Comprar Cucharas al por mayor"},"content":{"rendered":"<div class=\"wp-block-columns is-layout-flex wp-container-core-columns-is-layout-9d6595d7 wp-block-columns-is-layout-flex\">\n<div class=\"wp-block-column is-layout-flow wp-block-column-is-layout-flow\">\n<h2 class=\"wp-block-heading\">Cucharas de Ramen Personalizadas Premium Caracter\u00edsticas:<\/h2>\n\n\n\n<ul class=\"wp-block-list\">\n<li><strong>Dise\u00f1o y est\u00e9tica de estilo japon\u00e9s: <\/strong>Estas cucharas de ramen personalizadas adoptan un dise\u00f1o de estilo japon\u00e9s, combinando una forma elegante y elementos est\u00e9ticos sencillos, adecuados para restaurantes japoneses y escenas de comidas familiares modernas, creando un fuerte estilo oriental.<\/li>\n\n\n\n<li><strong>Material cer\u00e1mico de alta calidad: <\/strong>Nuestras cucharas de cer\u00e1mica a granel est\u00e1n hechas de cer\u00e1mica cocida a alta temperatura, con una textura fuerte y duradera, superficie lisa y delicada, no es f\u00e1cil de absorber la sopa y las manchas, f\u00e1cil de limpiar, lo que garantiza una experiencia de alta calidad para el uso a largo plazo.<\/li>\n\n\n\n<li><strong>Dise\u00f1o ergon\u00f3mico: <\/strong>La forma de nuestras cucharas ramen personalizadas est\u00e1 cuidadosamente dise\u00f1ada, la cabeza de la cuchara es moderadamente profunda y el mango largo es f\u00e1cil de sujetar, lo que resulta pr\u00e1ctico para servir sopa, ramen o guiso, teniendo en cuenta la practicidad y la comodidad.<\/li>\n\n\n\n<li><strong>Servicios mayoristas y personalizados:<\/strong> Yongjian Ceramics se centra en los canales mayoristas, proporciona cucharas de cer\u00e1mica a granel, admite la personalizaci\u00f3n del patr\u00f3n, el color y el embalaje, crea una competitividad de producto \u00fanica para los clientes y satisface las diversas necesidades de restaurantes y minoristas.<\/li>\n<\/ul>\n<\/div>\n\n\n\n<div class=\"wp-block-column is-vertically-aligned-center is-layout-flow wp-block-column-is-layout-flow\"><div class=\"wp-block-image\">\n<figure class=\"aligncenter size-full\"><img fetchpriority=\"high\" decoding=\"async\" width=\"720\" height=\"720\" src=\"https:\/\/www.yongjianceramic.com\/wp-content\/uploads\/2025\/01\/Wafu-Style-Custom-Ramen-Spoons-Wholesale-Buy-Spoons-In-Bulk-5.webp\" alt=\"Cucharas Ramen Personalizadas Estilo Wafu al por mayor, Comprar Cucharas al por mayor-5\" class=\"wp-image-4216\" srcset=\"https:\/\/www.yongjianceramic.com\/wp-content\/uploads\/2025\/01\/Wafu-Style-Custom-Ramen-Spoons-Wholesale-Buy-Spoons-In-Bulk-5.webp 720w, https:\/\/www.yongjianceramic.com\/wp-content\/uploads\/2025\/01\/Wafu-Style-Custom-Ramen-Spoons-Wholesale-Buy-Spoons-In-Bulk-5-300x300.webp 300w, https:\/\/www.yongjianceramic.com\/wp-content\/uploads\/2025\/01\/Wafu-Style-Custom-Ramen-Spoons-Wholesale-Buy-Spoons-In-Bulk-5-150x150.webp 150w, https:\/\/www.yongjianceramic.com\/wp-content\/uploads\/2025\/01\/Wafu-Style-Custom-Ramen-Spoons-Wholesale-Buy-Spoons-In-Bulk-5-12x12.webp 12w, https:\/\/www.yongjianceramic.com\/wp-content\/uploads\/2025\/01\/Wafu-Style-Custom-Ramen-Spoons-Wholesale-Buy-Spoons-In-Bulk-5-285x285.webp 285w, https:\/\/www.yongjianceramic.com\/wp-content\/uploads\/2025\/01\/Wafu-Style-Custom-Ramen-Spoons-Wholesale-Buy-Spoons-In-Bulk-5-270x270.webp 270w, https:\/\/www.yongjianceramic.com\/wp-content\/uploads\/2025\/01\/Wafu-Style-Custom-Ramen-Spoons-Wholesale-Buy-Spoons-In-Bulk-5-540x540.webp 540w, https:\/\/www.yongjianceramic.com\/wp-content\/uploads\/2025\/01\/Wafu-Style-Custom-Ramen-Spoons-Wholesale-Buy-Spoons-In-Bulk-5-660x660.webp 660w\" sizes=\"(max-width: 720px) 100vw, 720px\" \/><\/figure>\n<\/div><\/div>\n<\/div>","protected":false},"excerpt":{"rendered":"<p>Bienvenido a comprar cucharas al por mayor. Estas cucharas de ramen personalizadas de estilo Wafu presentan un exquisito dise\u00f1o de estilo japon\u00e9s y materiales cer\u00e1micos de alta calidad, combinando belleza y practicidad. Admiten el suministro por lotes y la personalizaci\u00f3n, y son opciones ideales para el sector de la restauraci\u00f3n y el mercado minorista.<\/p>\n<table style=\"border-collapse: collapse; width: 322.02pt;\" border=\"0\" width=\"322\" cellspacing=\"0\" cellpadding=\"0\">\n<tbody>\n<tr style=\"height: 17.60pt;\">\n<td class=\"et3\" style=\"height: 17.60pt; width: 120.25pt;\" width=\"120\" height=\"17\">Fabricante<\/td>\n<td class=\"et3\" style=\"width: 202.30pt;\" width=\"202\">Yongjian<\/td>\n<\/tr>\n<tr style=\"height: 18.00pt;\">\n<td class=\"et3\" style=\"height: 18.00pt;\" height=\"18\">N\u00ba de modelo<\/td>\n<td class=\"et4\" style=\"width: 202.30pt;\" width=\"202\">YJ-S05<\/td>\n<\/tr>\n<tr style=\"height: 17.60pt;\">\n<td class=\"et3\" style=\"height: 17.60pt;\" height=\"17\">Tipo de producto<\/td>\n<td class=\"et3\">Cuchara de cer\u00e1mica<\/td>\n<\/tr>\n<tr style=\"height: 17.60pt;\">\n<td class=\"et3\" style=\"height: 17.60pt;\" height=\"17\">Material<\/td>\n<td class=\"et3\">Porcelana<\/td>\n<\/tr>\n<tr style=\"height: 17.60pt;\">\n<td class=\"et5\" style=\"height: 17.60pt;\" height=\"17\">Color<\/td>\n<td class=\"et3\">Gradiente de color<\/td>\n<\/tr>\n<tr style=\"height: 17.60pt;\">\n<td class=\"et3\" style=\"height: 17.60pt;\" height=\"17\">Talla<\/td>\n<td class=\"et3\">16,8 cm<\/td>\n<\/tr>\n<tr style=\"height: 17.60pt;\">\n<td class=\"et3\" style=\"height: 17.60pt;\" height=\"17\">MOQ<\/td>\n<td class=\"et3\">500 unidades<\/td>\n<\/tr>\n<tr style=\"height: 17.60pt;\">\n<td class=\"et3\" style=\"height: 17.60pt;\" height=\"17\">A medida<\/td>\n<td class=\"et3\">Color\/Tama\u00f1o\/Logotipo\/Embalaje<\/td>\n<\/tr>\n<\/tbody>\n<\/table>","protected":false},"featured_media":4218,"comment_status":"closed","ping_status":"closed","template":"","meta":{"_acf_changed":false},"product_brand":[],"product_cat":[80,89],"product_tag":[88],"class_list":{"0":"post-4211","1":"product","2":"type-product","3":"status-publish","4":"has-post-thumbnail","6":"product_cat-wholesale-ceramic-cutlery","7":"product_cat-ceramic-bulk-spoons","8":"product_tag-japanese-style-dinnerware-set-wholesale","10":"first","11":"instock","12":"shipping-taxable","13":"product-type-simple"},"acf":[],"_links":{"self":[{"href":"https:\/\/www.yongjianceramic.com\/es\/wp-json\/wp\/v2\/product\/4211","targetHints":{"allow":["GET"]}}],"collection":[{"href":"https:\/\/www.yongjianceramic.com\/es\/wp-json\/wp\/v2\/product"}],"about":[{"href":"https:\/\/www.yongjianceramic.com\/es\/wp-json\/wp\/v2\/types\/product"}],"replies":[{"embeddable":true,"href":"https:\/\/www.yongjianceramic.com\/es\/wp-json\/wp\/v2\/comments?post=4211"}],"wp:featuredmedia":[{"embeddable":true,"href":"https:\/\/www.yongjianceramic.com\/es\/wp-json\/wp\/v2\/media\/4218"}],"wp:attachment":[{"href":"https:\/\/www.yongjianceramic.com\/es\/wp-json\/wp\/v2\/media?parent=4211"}],"wp:term":[{"taxonomy":"product_brand","embeddable":true,"href":"https:\/\/www.yongjianceramic.com\/es\/wp-json\/wp\/v2\/product_brand?post=4211"},{"taxonomy":"product_cat","embeddable":true,"href":"https:\/\/www.yongjianceramic.com\/es\/wp-json\/wp\/v2\/product_cat?post=4211"},{"taxonomy":"product_tag","embeddable":true,"href":"https:\/\/www.yongjianceramic.com\/es\/wp-json\/wp\/v2\/product_tag?post=4211"}],"curies":[{"name":"wp","href":"https:\/\/api.w.org\/{rel}","templated":true}]}}