{"id":4220,"date":"2025-01-11T10:49:04","date_gmt":"2025-01-11T02:49:04","guid":{"rendered":"https:\/\/www.yongjianceramic.com\/?post_type=product&#038;p=4220"},"modified":"2025-01-13T17:09:05","modified_gmt":"2025-01-13T09:09:05","slug":"wholesale-spoons","status":"publish","type":"product","link":"https:\/\/www.yongjianceramic.com\/es\/producto\/wholesale-spoons\/","title":{"rendered":"Cucharas de Cer\u00e1mica con Textura de Piedra al por mayor, Cucharas de Cer\u00e1mica al por mayor"},"content":{"rendered":"<div class=\"wp-block-columns is-layout-flex wp-container-core-columns-is-layout-9d6595d7 wp-block-columns-is-layout-flex\">\n<div class=\"wp-block-column is-layout-flow wp-block-column-is-layout-flow\">\n<h2 class=\"wp-block-heading\">Cucharas al por mayor de primera calidad Caracter\u00edsticas:<\/h2>\n\n\n\n<ul class=\"wp-block-list\">\n<li><strong>Dise\u00f1o \u00fanico de piedra de alfarer\u00eda: <\/strong>Esta cuchara de cer\u00e1mica al por mayor est\u00e1 inspirada en la piedra de alfarer\u00eda, con textura natural y \u00fanica y delicada textura, dando a cada producto una atm\u00f3sfera art\u00edstica \u00fanica, realzando el estilo y la personalidad de la mesa de comedor.<\/li>\n\n\n\n<li><strong>M\u00faltiples opciones de color: <\/strong>Estas cucharas de servir de cer\u00e1mica a granel est\u00e1n disponibles en cinco exquisitos colores para satisfacer las necesidades de diferentes escenas y estilos, adecuados para mesas de comedor en casa, utensilios de restaurante o como regalos, flexibles y diversos.<\/li>\n\n\n\n<li><strong>Material cer\u00e1mico de alta calidad: <\/strong>Nuestras cucharas al por mayor se cuecen a altas temperaturas, la estructura cer\u00e1mica es robusta y duradera, la superficie es lisa y resistente a las manchas, y es f\u00e1cil de limpiar, lo que garantiza que el producto se mantenga como nuevo en un uso prolongado, teniendo en cuenta tanto la belleza como la practicidad.<\/li>\n\n\n\n<li><strong>Suministro a granel y opciones de personalizaci\u00f3n: <\/strong>Nuestras cucharas de cer\u00e1mica para servir a granel admiten compras a gran escala, y tambi\u00e9n ofrecen servicios personalizados de patrones, tama\u00f1os y envases para satisfacer las diversas necesidades de minoristas, catering y mercados de gama alta.<\/li>\n<\/ul>\n<\/div>\n\n\n\n<div class=\"wp-block-column is-vertically-aligned-center is-layout-flow wp-block-column-is-layout-flow\"><div class=\"wp-block-image\">\n<figure class=\"aligncenter size-full\"><img fetchpriority=\"high\" decoding=\"async\" width=\"800\" height=\"800\" src=\"https:\/\/www.yongjianceramic.com\/wp-content\/uploads\/2025\/01\/Pottery-Stone-Texture-Wholesale-Spoons-Ceramic-Serving-Spoons-Bulk-1.webp\" alt=\"Cucharas de cer\u00e1mica con textura de piedra al por mayor, Cucharas de cer\u00e1mica para servir Bulk-1\" class=\"wp-image-4221\" srcset=\"https:\/\/www.yongjianceramic.com\/wp-content\/uploads\/2025\/01\/Pottery-Stone-Texture-Wholesale-Spoons-Ceramic-Serving-Spoons-Bulk-1.webp 800w, https:\/\/www.yongjianceramic.com\/wp-content\/uploads\/2025\/01\/Pottery-Stone-Texture-Wholesale-Spoons-Ceramic-Serving-Spoons-Bulk-1-300x300.webp 300w, https:\/\/www.yongjianceramic.com\/wp-content\/uploads\/2025\/01\/Pottery-Stone-Texture-Wholesale-Spoons-Ceramic-Serving-Spoons-Bulk-1-150x150.webp 150w, https:\/\/www.yongjianceramic.com\/wp-content\/uploads\/2025\/01\/Pottery-Stone-Texture-Wholesale-Spoons-Ceramic-Serving-Spoons-Bulk-1-768x768.webp 768w, https:\/\/www.yongjianceramic.com\/wp-content\/uploads\/2025\/01\/Pottery-Stone-Texture-Wholesale-Spoons-Ceramic-Serving-Spoons-Bulk-1-12x12.webp 12w, https:\/\/www.yongjianceramic.com\/wp-content\/uploads\/2025\/01\/Pottery-Stone-Texture-Wholesale-Spoons-Ceramic-Serving-Spoons-Bulk-1-285x285.webp 285w, https:\/\/www.yongjianceramic.com\/wp-content\/uploads\/2025\/01\/Pottery-Stone-Texture-Wholesale-Spoons-Ceramic-Serving-Spoons-Bulk-1-270x270.webp 270w, https:\/\/www.yongjianceramic.com\/wp-content\/uploads\/2025\/01\/Pottery-Stone-Texture-Wholesale-Spoons-Ceramic-Serving-Spoons-Bulk-1-540x540.webp 540w, https:\/\/www.yongjianceramic.com\/wp-content\/uploads\/2025\/01\/Pottery-Stone-Texture-Wholesale-Spoons-Ceramic-Serving-Spoons-Bulk-1-660x660.webp 660w\" sizes=\"(max-width: 800px) 100vw, 800px\" \/><\/figure>\n<\/div><\/div>\n<\/div>","protected":false},"excerpt":{"rendered":"<p>Bienvenido a comprar cucharas de cer\u00e1mica al por mayor. Esta textura de piedra de cer\u00e1mica cucharas al por mayor cuenta con un dise\u00f1o de piedra natural y cinco colores exquisitos. Apoyo a la venta por mayor y personalizaci\u00f3n, es una opci\u00f3n ideal para el hogar, catering y mercados minoristas.<\/p>\n<table style=\"border-collapse: collapse; width: 322.02pt;\" border=\"0\" width=\"322\" cellspacing=\"0\" cellpadding=\"0\">\n<tbody>\n<tr style=\"height: 17.60pt;\">\n<td class=\"et3\" style=\"height: 17.60pt; width: 120.25pt;\" width=\"120\" height=\"17\">Fabricante<\/td>\n<td class=\"et3\" style=\"width: 202.30pt;\" width=\"202\">Yongjian<\/td>\n<\/tr>\n<tr style=\"height: 18.00pt;\">\n<td class=\"et3\" style=\"height: 18.00pt;\" height=\"18\">N\u00ba de modelo<\/td>\n<td class=\"et4\" style=\"width: 202.30pt;\" width=\"202\">YJ-S05<\/td>\n<\/tr>\n<tr style=\"height: 17.60pt;\">\n<td class=\"et3\" style=\"height: 17.60pt;\" height=\"17\">Tipo de producto<\/td>\n<td class=\"et3\">Cuchara de cer\u00e1mica<\/td>\n<\/tr>\n<tr style=\"height: 17.60pt;\">\n<td class=\"et3\" style=\"height: 17.60pt;\" height=\"17\">Material<\/td>\n<td class=\"et3\">Porcelana<\/td>\n<\/tr>\n<tr style=\"height: 17.60pt;\">\n<td class=\"et5\" style=\"height: 17.60pt;\" height=\"17\">Color<\/td>\n<td class=\"et3\">Gradiente de color<\/td>\n<\/tr>\n<tr style=\"height: 17.60pt;\">\n<td class=\"et3\" style=\"height: 17.60pt;\" height=\"17\">Talla<\/td>\n<td class=\"et3\">16,8 cm<\/td>\n<\/tr>\n<tr style=\"height: 17.60pt;\">\n<td class=\"et3\" style=\"height: 17.60pt;\" height=\"17\">MOQ<\/td>\n<td class=\"et3\">500 unidades<\/td>\n<\/tr>\n<tr style=\"height: 17.60pt;\">\n<td class=\"et3\" style=\"height: 17.60pt;\" height=\"17\">A medida<\/td>\n<td class=\"et3\">Color\/Tama\u00f1o\/Logotipo\/Embalaje<\/td>\n<\/tr>\n<\/tbody>\n<\/table>","protected":false},"featured_media":4224,"comment_status":"closed","ping_status":"closed","template":"","meta":{"_acf_changed":false},"product_brand":[],"product_cat":[80,89],"product_tag":[88],"class_list":{"0":"post-4220","1":"product","2":"type-product","3":"status-publish","4":"has-post-thumbnail","6":"product_cat-wholesale-ceramic-cutlery","7":"product_cat-ceramic-bulk-spoons","8":"product_tag-japanese-style-dinnerware-set-wholesale","10":"first","11":"instock","12":"shipping-taxable","13":"product-type-simple"},"acf":[],"_links":{"self":[{"href":"https:\/\/www.yongjianceramic.com\/es\/wp-json\/wp\/v2\/product\/4220","targetHints":{"allow":["GET"]}}],"collection":[{"href":"https:\/\/www.yongjianceramic.com\/es\/wp-json\/wp\/v2\/product"}],"about":[{"href":"https:\/\/www.yongjianceramic.com\/es\/wp-json\/wp\/v2\/types\/product"}],"replies":[{"embeddable":true,"href":"https:\/\/www.yongjianceramic.com\/es\/wp-json\/wp\/v2\/comments?post=4220"}],"wp:featuredmedia":[{"embeddable":true,"href":"https:\/\/www.yongjianceramic.com\/es\/wp-json\/wp\/v2\/media\/4224"}],"wp:attachment":[{"href":"https:\/\/www.yongjianceramic.com\/es\/wp-json\/wp\/v2\/media?parent=4220"}],"wp:term":[{"taxonomy":"product_brand","embeddable":true,"href":"https:\/\/www.yongjianceramic.com\/es\/wp-json\/wp\/v2\/product_brand?post=4220"},{"taxonomy":"product_cat","embeddable":true,"href":"https:\/\/www.yongjianceramic.com\/es\/wp-json\/wp\/v2\/product_cat?post=4220"},{"taxonomy":"product_tag","embeddable":true,"href":"https:\/\/www.yongjianceramic.com\/es\/wp-json\/wp\/v2\/product_tag?post=4220"}],"curies":[{"name":"wp","href":"https:\/\/api.w.org\/{rel}","templated":true}]}}