{"id":4234,"date":"2025-01-21T17:44:42","date_gmt":"2025-01-21T09:44:42","guid":{"rendered":"https:\/\/www.yongjianceramic.com\/?post_type=product&#038;p=4234"},"modified":"2025-01-21T18:06:37","modified_gmt":"2025-01-21T10:06:37","slug":"dinnerware-bulk","status":"publish","type":"product","link":"https:\/\/www.yongjianceramic.com\/es\/producto\/dinnerware-bulk\/","title":{"rendered":"Vajilla de Cer\u00e1mica Azul a Granel, Vajilla Restaurante de Lujo a Granel"},"content":{"rendered":"<div class=\"wp-block-columns is-layout-flex wp-container-core-columns-is-layout-9d6595d7 wp-block-columns-is-layout-flex\">\n<div class=\"wp-block-column is-layout-flow wp-block-column-is-layout-flow\">\n<h2 class=\"wp-block-heading\">Vajilla Premium a Granel Caracter\u00edsticas:<\/h2>\n\n\n\n<ul class=\"wp-block-list\">\n<li><strong>El elegante dise\u00f1o azul realza la belleza de la mesa:<\/strong> La superficie de estas vajillas de cer\u00e1mica azul a granel se combina con un dise\u00f1o de l\u00edneas suaves, por lo que es adecuado para restaurantes y hoteles de clase alta o utilizado en escenas especiales de banquetes.<\/li>\n\n\n\n<li><strong>Varias opciones de tama\u00f1o para satisfacer diversas necesidades: <\/strong>Platos y cuencos de diferentes tama\u00f1os est\u00e1n todos en nuestro restaurante vajilla a granel para satisfacer diferentes usos de aperitivo, plato principal al postre para satisfacer la exigencia de toda la comida.<\/li>\n\n\n\n<li><strong>Material cer\u00e1mico de alta calidad, duradero y f\u00e1cil de limpiar: <\/strong>En nuestra vajilla a granel se utiliza materia prima cer\u00e1mica de alta calidad, que es robusta y duradera. La superficie es resistente a los ara\u00f1azos y no se tensa con facilidad, es f\u00e1cil de limpiar y puede utilizarse para escenarios de uso muy frecuente, como restaurantes y banquetes.<\/li>\n\n\n\n<li><strong>Suministro a granel para satisfacer necesidades personalizadas: <\/strong>Ofrecemos servicios de suministro a granel para vajilla de restaurante a granel, y apoyamos la personalizaci\u00f3n de color, estilo y LOGO seg\u00fan las necesidades personalizadas de los clientes, como restaurantes y hoteles.<\/li>\n<\/ul>\n<\/div>\n\n\n\n<div class=\"wp-block-column is-layout-flow wp-block-column-is-layout-flow\">\n<figure class=\"wp-block-image size-full\"><img fetchpriority=\"high\" decoding=\"async\" width=\"800\" height=\"800\" src=\"https:\/\/www.yongjianceramic.com\/wp-content\/uploads\/2025\/01\/Blue-Ceramic-Dinnerware-Bulk-Fancy-Restaurant-Dishware-Bulk-5.webp\" alt=\"Vajilla de Cer\u00e1mica Azul a Granel, Fancy Restaurant Dishware Bulk-5\" class=\"wp-image-4239\" srcset=\"https:\/\/www.yongjianceramic.com\/wp-content\/uploads\/2025\/01\/Blue-Ceramic-Dinnerware-Bulk-Fancy-Restaurant-Dishware-Bulk-5.webp 800w, https:\/\/www.yongjianceramic.com\/wp-content\/uploads\/2025\/01\/Blue-Ceramic-Dinnerware-Bulk-Fancy-Restaurant-Dishware-Bulk-5-300x300.webp 300w, https:\/\/www.yongjianceramic.com\/wp-content\/uploads\/2025\/01\/Blue-Ceramic-Dinnerware-Bulk-Fancy-Restaurant-Dishware-Bulk-5-150x150.webp 150w, https:\/\/www.yongjianceramic.com\/wp-content\/uploads\/2025\/01\/Blue-Ceramic-Dinnerware-Bulk-Fancy-Restaurant-Dishware-Bulk-5-768x768.webp 768w, https:\/\/www.yongjianceramic.com\/wp-content\/uploads\/2025\/01\/Blue-Ceramic-Dinnerware-Bulk-Fancy-Restaurant-Dishware-Bulk-5-12x12.webp 12w, https:\/\/www.yongjianceramic.com\/wp-content\/uploads\/2025\/01\/Blue-Ceramic-Dinnerware-Bulk-Fancy-Restaurant-Dishware-Bulk-5-285x285.webp 285w, https:\/\/www.yongjianceramic.com\/wp-content\/uploads\/2025\/01\/Blue-Ceramic-Dinnerware-Bulk-Fancy-Restaurant-Dishware-Bulk-5-270x270.webp 270w, https:\/\/www.yongjianceramic.com\/wp-content\/uploads\/2025\/01\/Blue-Ceramic-Dinnerware-Bulk-Fancy-Restaurant-Dishware-Bulk-5-540x540.webp 540w, https:\/\/www.yongjianceramic.com\/wp-content\/uploads\/2025\/01\/Blue-Ceramic-Dinnerware-Bulk-Fancy-Restaurant-Dishware-Bulk-5-660x660.webp 660w\" sizes=\"(max-width: 800px) 100vw, 800px\" \/><\/figure>\n<\/div>\n<\/div>","protected":false},"excerpt":{"rendered":"<div class=\"lRu31\" dir=\"ltr\">Bienvenido a comprar vajilla de restaurante a granel. Nuestra vajilla de cer\u00e1mica azul a granel es elegante y de alta gama, incluyendo platos y cuencos de varios tama\u00f1os, adecuados para la presentaci\u00f3n de diversos platos. Cer\u00e1mica seleccionada de alta calidad, duradera y f\u00e1cil de limpiar, especialmente adecuada para restaurantes y hoteles de alta gama.<\/div>\n<div dir=\"ltr\">\n<table style=\"border-collapse: collapse; width: 327.02pt;\" border=\"0\" width=\"654\" cellspacing=\"0\" cellpadding=\"0\">\n<tbody>\n<tr style=\"height: 16.50pt;\">\n<td class=\"et3\" style=\"height: 16.50pt; width: 127.20pt;\" width=\"254\" height=\"33\">Fabricante<\/td>\n<td class=\"et3\" style=\"width: 200.15pt;\" width=\"400\">Yongjian<\/td>\n<\/tr>\n<tr style=\"height: 16.50pt;\">\n<td class=\"et3\" style=\"height: 16.50pt;\" height=\"33\">N\u00ba de modelo<\/td>\n<td class=\"et4\" style=\"width: 200.15pt;\" width=\"400\">YJ-102<\/td>\n<\/tr>\n<tr style=\"height: 16.50pt;\">\n<td class=\"et5\" style=\"height: 16.50pt; width: 127.20pt;\" width=\"254\" height=\"33\">Tipo de vajilla<\/td>\n<td class=\"et5\" style=\"width: 200.15pt;\" width=\"400\">Bandejas, Platos, Cuencos<\/td>\n<\/tr>\n<tr style=\"height: 16.50pt;\">\n<td class=\"et3\" style=\"height: 16.50pt;\" height=\"33\">T\u00e9cnica<\/td>\n<td class=\"et3\">Efecto esmaltado en horno<\/td>\n<\/tr>\n<tr style=\"height: 16.50pt;\">\n<td class=\"et3\" style=\"height: 16.50pt;\" height=\"33\">Material<\/td>\n<td class=\"et3\">Porcelana<\/td>\n<\/tr>\n<tr style=\"height: 33.00pt;\">\n<td class=\"et6\" style=\"height: 33.00pt;\" height=\"66\">Aplicable<\/td>\n<td class=\"et5\" style=\"width: 200.15pt;\" width=\"400\">Esterilizador, Lavavajillas, Horno, Microondas<\/td>\n<\/tr>\n<tr style=\"height: 16.50pt;\">\n<td class=\"et3\" style=\"height: 16.50pt;\" height=\"33\">Dimensi\u00f3n<\/td>\n<td class=\"et3\">Como imagen<\/td>\n<\/tr>\n<tr style=\"height: 16.50pt;\">\n<td class=\"et3\" style=\"height: 16.50pt;\" height=\"33\">MOQ<\/td>\n<td class=\"et3\">500 unidades<\/td>\n<\/tr>\n<tr style=\"height: 16.50pt;\">\n<td class=\"et3\" style=\"height: 16.50pt;\" height=\"33\">A medida<\/td>\n<td class=\"et3\">Color\/Tama\u00f1o\/Logotipo\/Embalaje<\/td>\n<\/tr>\n<\/tbody>\n<\/table>\n<\/div>\n<div class=\"UdTY9 WdefRb\" aria-hidden=\"true\" data-location=\"2\">\u00a0<\/div>","protected":false},"featured_media":4237,"comment_status":"closed","ping_status":"closed","template":"","meta":{"_acf_changed":false},"product_brand":[],"product_cat":[64,85],"product_tag":[81],"class_list":{"0":"post-4234","1":"product","2":"type-product","3":"status-publish","4":"has-post-thumbnail","6":"product_cat-dinnerware-sets","7":"product_cat-wholesale-dinnerware-sets","8":"product_tag-modern-design-dinnerware-set-wholesale","10":"first","11":"instock","12":"shipping-taxable","13":"product-type-simple"},"acf":[],"_links":{"self":[{"href":"https:\/\/www.yongjianceramic.com\/es\/wp-json\/wp\/v2\/product\/4234","targetHints":{"allow":["GET"]}}],"collection":[{"href":"https:\/\/www.yongjianceramic.com\/es\/wp-json\/wp\/v2\/product"}],"about":[{"href":"https:\/\/www.yongjianceramic.com\/es\/wp-json\/wp\/v2\/types\/product"}],"replies":[{"embeddable":true,"href":"https:\/\/www.yongjianceramic.com\/es\/wp-json\/wp\/v2\/comments?post=4234"}],"wp:featuredmedia":[{"embeddable":true,"href":"https:\/\/www.yongjianceramic.com\/es\/wp-json\/wp\/v2\/media\/4237"}],"wp:attachment":[{"href":"https:\/\/www.yongjianceramic.com\/es\/wp-json\/wp\/v2\/media?parent=4234"}],"wp:term":[{"taxonomy":"product_brand","embeddable":true,"href":"https:\/\/www.yongjianceramic.com\/es\/wp-json\/wp\/v2\/product_brand?post=4234"},{"taxonomy":"product_cat","embeddable":true,"href":"https:\/\/www.yongjianceramic.com\/es\/wp-json\/wp\/v2\/product_cat?post=4234"},{"taxonomy":"product_tag","embeddable":true,"href":"https:\/\/www.yongjianceramic.com\/es\/wp-json\/wp\/v2\/product_tag?post=4234"}],"curies":[{"name":"wp","href":"https:\/\/api.w.org\/{rel}","templated":true}]}}