{"id":4241,"date":"2025-01-21T17:59:54","date_gmt":"2025-01-21T09:59:54","guid":{"rendered":"https:\/\/www.yongjianceramic.com\/?post_type=product&#038;p=4241"},"modified":"2025-01-21T18:09:15","modified_gmt":"2025-01-21T10:09:15","slug":"wholesale-china-dinnerware","status":"publish","type":"product","link":"https:\/\/www.yongjianceramic.com\/es\/producto\/wholesale-china-dinnerware\/","title":{"rendered":"Vajilla China al por mayor de dise\u00f1o creativo, platos y cuencos azules a granel"},"content":{"rendered":"<div class=\"wp-block-columns is-layout-flex wp-container-core-columns-is-layout-9d6595d7 wp-block-columns-is-layout-flex\">\n<div class=\"wp-block-column is-layout-flow wp-block-column-is-layout-flow\">\n<h2 class=\"wp-block-heading\">Premium Vajilla de China al por mayor Caracter\u00edsticas:<\/h2>\n\n\n\n<ul class=\"wp-block-list\">\n<li><strong>Dise\u00f1o creativo \u00fanico, belleza art\u00edstica:<\/strong> Nuestra vajilla de porcelana al por mayor adopta la tecnolog\u00eda de cambio de horno, y el esmalte azul oscuro fluye de forma natural, mostrando una textura profunda como el cielo nocturno. Cada pieza de la vajilla es una obra de arte \u00fanica.<\/li>\n\n\n\n<li><strong>Combinaci\u00f3n multitama\u00f1o, practicidad integral: <\/strong>Nuestra vajilla de porcelana al por mayor incluye platos y cuencos de varios tama\u00f1os, desde aperitivos hasta platos principales y postres, que satisfacen plenamente las necesidades de uso de la mesa y proporcionan comodidad y belleza para comer.<\/li>\n\n\n\n<li><strong>Materiales de alta calidad, duraderos: <\/strong>Estos platos y cuencos a granel se seleccionan a partir de cer\u00e1mica cocida a alta temperatura, con superficies lisas y delicadas, excelente resistencia a los ara\u00f1azos, duraderos y f\u00e1ciles de limpiar, aptos para el uso frecuente en el hogar y escenas comerciales.<\/li>\n\n\n\n<li><strong>Suministro a granel para satisfacer necesidades personalizadas: <\/strong>Nuestros platos y cuencos a granel admiten el suministro a gran escala, y pueden ofrecer una personalizaci\u00f3n exclusiva seg\u00fan las necesidades del cliente, incluidos el tama\u00f1o, el color y el dise\u00f1o del logotipo, adecuados para compras comerciales como restaurantes y hoteles.<\/li>\n<\/ul>\n<\/div>\n\n\n\n<div class=\"wp-block-column is-layout-flow wp-block-column-is-layout-flow\">\n<figure class=\"wp-block-image size-full\"><img fetchpriority=\"high\" decoding=\"async\" width=\"800\" height=\"800\" src=\"https:\/\/www.yongjianceramic.com\/wp-content\/uploads\/2025\/01\/Creative-Design-Wholesale-China-Dinnerware-Blue-Bulk-Plates-And-Bowls-4.webp\" alt=\"Vajilla China al por mayor de dise\u00f1o creativo, platos y cuencos azules a granel-4\" class=\"wp-image-4245\" srcset=\"https:\/\/www.yongjianceramic.com\/wp-content\/uploads\/2025\/01\/Creative-Design-Wholesale-China-Dinnerware-Blue-Bulk-Plates-And-Bowls-4.webp 800w, https:\/\/www.yongjianceramic.com\/wp-content\/uploads\/2025\/01\/Creative-Design-Wholesale-China-Dinnerware-Blue-Bulk-Plates-And-Bowls-4-300x300.webp 300w, https:\/\/www.yongjianceramic.com\/wp-content\/uploads\/2025\/01\/Creative-Design-Wholesale-China-Dinnerware-Blue-Bulk-Plates-And-Bowls-4-150x150.webp 150w, https:\/\/www.yongjianceramic.com\/wp-content\/uploads\/2025\/01\/Creative-Design-Wholesale-China-Dinnerware-Blue-Bulk-Plates-And-Bowls-4-768x768.webp 768w, https:\/\/www.yongjianceramic.com\/wp-content\/uploads\/2025\/01\/Creative-Design-Wholesale-China-Dinnerware-Blue-Bulk-Plates-And-Bowls-4-12x12.webp 12w, https:\/\/www.yongjianceramic.com\/wp-content\/uploads\/2025\/01\/Creative-Design-Wholesale-China-Dinnerware-Blue-Bulk-Plates-And-Bowls-4-285x285.webp 285w, https:\/\/www.yongjianceramic.com\/wp-content\/uploads\/2025\/01\/Creative-Design-Wholesale-China-Dinnerware-Blue-Bulk-Plates-And-Bowls-4-270x270.webp 270w, https:\/\/www.yongjianceramic.com\/wp-content\/uploads\/2025\/01\/Creative-Design-Wholesale-China-Dinnerware-Blue-Bulk-Plates-And-Bowls-4-540x540.webp 540w, https:\/\/www.yongjianceramic.com\/wp-content\/uploads\/2025\/01\/Creative-Design-Wholesale-China-Dinnerware-Blue-Bulk-Plates-And-Bowls-4-660x660.webp 660w\" sizes=\"(max-width: 800px) 100vw, 800px\" \/><\/figure>\n<\/div>\n<\/div>","protected":false},"excerpt":{"rendered":"<div class=\"lRu31\" dir=\"ltr\">Bienvenido a comprar platos y cuencos al por mayor. Nuestra vajilla de porcelana al por mayor de color azul oscuro con dise\u00f1o creativo integrado belleza art\u00edstica en la mesa de comedor, incluyendo platos y cuencos de varios tama\u00f1os para satisfacer las necesidades de toda la comida.<\/div>\n<div dir=\"ltr\">\n<table style=\"border-collapse: collapse; width: 327.02pt;\" border=\"0\" width=\"654\" cellspacing=\"0\" cellpadding=\"0\">\n<tbody>\n<tr style=\"height: 16.50pt;\">\n<td class=\"et3\" style=\"height: 16.50pt; width: 127.20pt;\" width=\"254\" height=\"33\">Fabricante<\/td>\n<td class=\"et3\" style=\"width: 200.15pt;\" width=\"400\">Yongjian<\/td>\n<\/tr>\n<tr style=\"height: 16.50pt;\">\n<td class=\"et3\" style=\"height: 16.50pt;\" height=\"33\">N\u00ba de modelo<\/td>\n<td class=\"et4\" style=\"width: 200.15pt;\" width=\"400\">YJ-103<\/td>\n<\/tr>\n<tr style=\"height: 16.50pt;\">\n<td class=\"et5\" style=\"height: 16.50pt; width: 127.20pt;\" width=\"254\" height=\"33\">Tipo de vajilla<\/td>\n<td class=\"et5\" style=\"width: 200.15pt;\" width=\"400\">Bandejas, Platos, Cuencos<\/td>\n<\/tr>\n<tr style=\"height: 16.50pt;\">\n<td class=\"et3\" style=\"height: 16.50pt;\" height=\"33\">T\u00e9cnica<\/td>\n<td class=\"et3\">Efecto esmaltado en horno<\/td>\n<\/tr>\n<tr style=\"height: 16.50pt;\">\n<td class=\"et3\" style=\"height: 16.50pt;\" height=\"33\">Material<\/td>\n<td class=\"et3\">Porcelana<\/td>\n<\/tr>\n<tr style=\"height: 33.00pt;\">\n<td class=\"et6\" style=\"height: 33.00pt;\" height=\"66\">Aplicable<\/td>\n<td class=\"et5\" style=\"width: 200.15pt;\" width=\"400\">Esterilizador, Lavavajillas, Horno, Microondas<\/td>\n<\/tr>\n<tr style=\"height: 16.50pt;\">\n<td class=\"et3\" style=\"height: 16.50pt;\" height=\"33\">Dimensi\u00f3n<\/td>\n<td class=\"et3\">Como imagen<\/td>\n<\/tr>\n<tr style=\"height: 16.50pt;\">\n<td class=\"et3\" style=\"height: 16.50pt;\" height=\"33\">MOQ<\/td>\n<td class=\"et3\">500 unidades<\/td>\n<\/tr>\n<tr style=\"height: 16.50pt;\">\n<td class=\"et3\" style=\"height: 16.50pt;\" height=\"33\">A medida<\/td>\n<td class=\"et3\">Color\/Tama\u00f1o\/Logotipo\/Embalaje<\/td>\n<\/tr>\n<\/tbody>\n<\/table>\n<\/div>\n<div class=\"UdTY9 WdefRb\" aria-hidden=\"true\" data-location=\"2\">\u00a0<\/div>","protected":false},"featured_media":4243,"comment_status":"closed","ping_status":"closed","template":"","meta":{"_acf_changed":false},"product_brand":[],"product_cat":[64,82],"product_tag":[81],"class_list":{"0":"post-4241","1":"product","2":"type-product","3":"status-publish","4":"has-post-thumbnail","6":"product_cat-dinnerware-sets","7":"product_cat-bulk-dinnerware-sets","8":"product_tag-modern-design-dinnerware-set-wholesale","10":"first","11":"instock","12":"shipping-taxable","13":"product-type-simple"},"acf":[],"_links":{"self":[{"href":"https:\/\/www.yongjianceramic.com\/es\/wp-json\/wp\/v2\/product\/4241","targetHints":{"allow":["GET"]}}],"collection":[{"href":"https:\/\/www.yongjianceramic.com\/es\/wp-json\/wp\/v2\/product"}],"about":[{"href":"https:\/\/www.yongjianceramic.com\/es\/wp-json\/wp\/v2\/types\/product"}],"replies":[{"embeddable":true,"href":"https:\/\/www.yongjianceramic.com\/es\/wp-json\/wp\/v2\/comments?post=4241"}],"wp:featuredmedia":[{"embeddable":true,"href":"https:\/\/www.yongjianceramic.com\/es\/wp-json\/wp\/v2\/media\/4243"}],"wp:attachment":[{"href":"https:\/\/www.yongjianceramic.com\/es\/wp-json\/wp\/v2\/media?parent=4241"}],"wp:term":[{"taxonomy":"product_brand","embeddable":true,"href":"https:\/\/www.yongjianceramic.com\/es\/wp-json\/wp\/v2\/product_brand?post=4241"},{"taxonomy":"product_cat","embeddable":true,"href":"https:\/\/www.yongjianceramic.com\/es\/wp-json\/wp\/v2\/product_cat?post=4241"},{"taxonomy":"product_tag","embeddable":true,"href":"https:\/\/www.yongjianceramic.com\/es\/wp-json\/wp\/v2\/product_tag?post=4241"}],"curies":[{"name":"wp","href":"https:\/\/api.w.org\/{rel}","templated":true}]}}