{"id":4283,"date":"2025-02-08T16:28:25","date_gmt":"2025-02-08T08:28:25","guid":{"rendered":"https:\/\/www.yongjianceramic.com\/?post_type=product&#038;p=4283"},"modified":"2025-02-08T16:41:59","modified_gmt":"2025-02-08T08:41:59","slug":"ramen-bowls-bulk","status":"publish","type":"product","link":"https:\/\/www.yongjianceramic.com\/es\/producto\/ramen-bowls-bulk\/","title":{"rendered":"Tazones de Ramen Cl\u00e1sico Japon\u00e9s a Granel, Tazones para Servir en Restaurantes"},"content":{"rendered":"<div class=\"wp-block-columns is-layout-flex wp-container-core-columns-is-layout-9d6595d7 wp-block-columns-is-layout-flex\">\n<div class=\"wp-block-column is-layout-flow wp-block-column-is-layout-flow\">\n<h2 class=\"wp-block-heading\">Tazones de Ramen Premium a Granel Caracter\u00edsticas:<\/h2>\n\n\n\n<ul class=\"wp-block-list\">\n<li><strong>Dise\u00f1o retro japon\u00e9s cl\u00e1sico:<\/strong> Este bulto de cuencos de ramen de cer\u00e1mica adopta el estilo retro japon\u00e9s cl\u00e1sico, con l\u00edneas elegantes y suaves, y el dise\u00f1o se inspira en los cuencos de ramen tradicionales. Su dise\u00f1o retro es rico en patrimonio cultural y moderno, muy adecuado para exponer ramen japon\u00e9s tradicional, sopa de fideos y otras delicias.<\/li>\n\n\n\n<li><strong>Fondo del bol antideslizante, estable y duradero: <\/strong>El fondo antideslizante evita que el cuenco resbale, garantizando su durabilidad gracias a la tecnolog\u00eda antideslizante adoptada en el fondo de los cuencos para servir a restaurantes al por mayor. No s\u00f3lo evitar\u00e1 que la vajilla resbale, sino que tambi\u00e9n aportar\u00e1 mucha estabilidad durante su uso. Puede garantizar la estabilidad de los cuencos durante el ajetreo de los restaurantes y durante las comidas diarias familiares, lo que podr\u00eda reducir los derrames y el vuelco de los cuencos.<\/li>\n\n\n\n<li><strong>Hay tres tama\u00f1os disponibles: <\/strong>Estos cuencos de ramen de cer\u00e1mica a granel vienen en tres tama\u00f1os, a saber, 7,5, 8 y 9 pulgadas, que se pueden utilizar seg\u00fan los diferentes tipos de ramen, sopa de fideos, ensaladas o guarniciones. Tanto si se trata de una peque\u00f1a porci\u00f3n de fideos para sopa como de un gran cuenco de fideos, podr\u00e1 encontrar el tama\u00f1o m\u00e1s adecuado.<\/li>\n\n\n\n<li><strong>Cocci\u00f3n a alta temperatura, duradera y resistente: <\/strong>Nuestros cuencos para restaurante al por mayor est\u00e1n fabricados con la mejor materia prima cer\u00e1mica. Est\u00e1 cocido a alta temperatura, por lo que el cuerpo del cuenco es duro y resistente al calor y a los ara\u00f1azos; la superficie es lisa y brillante para facilitar la limpieza.<\/li>\n<\/ul>\n<\/div>\n\n\n\n<div class=\"wp-block-column is-vertically-aligned-center is-layout-flow wp-block-column-is-layout-flow\"><div class=\"wp-block-image\">\n<figure class=\"aligncenter size-full\"><img fetchpriority=\"high\" decoding=\"async\" width=\"720\" height=\"720\" src=\"https:\/\/www.yongjianceramic.com\/wp-content\/uploads\/2025\/02\/Classic-Japanese-Ramen-Bowls-Bulk-Restaurant-Supply-Serving-Bowls-3.jpg\" alt=\"Tazones de Ramen Cl\u00e1sico Japon\u00e9s a Granel, Tazones de Servir para Restaurantes-3\" class=\"wp-image-4286\" srcset=\"https:\/\/www.yongjianceramic.com\/wp-content\/uploads\/2025\/02\/Classic-Japanese-Ramen-Bowls-Bulk-Restaurant-Supply-Serving-Bowls-3.jpg 720w, https:\/\/www.yongjianceramic.com\/wp-content\/uploads\/2025\/02\/Classic-Japanese-Ramen-Bowls-Bulk-Restaurant-Supply-Serving-Bowls-3-300x300.jpg 300w, https:\/\/www.yongjianceramic.com\/wp-content\/uploads\/2025\/02\/Classic-Japanese-Ramen-Bowls-Bulk-Restaurant-Supply-Serving-Bowls-3-150x150.jpg 150w, https:\/\/www.yongjianceramic.com\/wp-content\/uploads\/2025\/02\/Classic-Japanese-Ramen-Bowls-Bulk-Restaurant-Supply-Serving-Bowls-3-12x12.jpg 12w, https:\/\/www.yongjianceramic.com\/wp-content\/uploads\/2025\/02\/Classic-Japanese-Ramen-Bowls-Bulk-Restaurant-Supply-Serving-Bowls-3-285x285.jpg 285w, https:\/\/www.yongjianceramic.com\/wp-content\/uploads\/2025\/02\/Classic-Japanese-Ramen-Bowls-Bulk-Restaurant-Supply-Serving-Bowls-3-270x270.jpg 270w, https:\/\/www.yongjianceramic.com\/wp-content\/uploads\/2025\/02\/Classic-Japanese-Ramen-Bowls-Bulk-Restaurant-Supply-Serving-Bowls-3-540x540.jpg 540w, https:\/\/www.yongjianceramic.com\/wp-content\/uploads\/2025\/02\/Classic-Japanese-Ramen-Bowls-Bulk-Restaurant-Supply-Serving-Bowls-3-660x660.jpg 660w\" sizes=\"(max-width: 720px) 100vw, 720px\" \/><\/figure>\n<\/div><\/div>\n<\/div>","protected":false},"excerpt":{"rendered":"<p>Bienvenido a comprar boles para servir en restaurantes. Nuestros cuencos de ramen de cer\u00e1mica a granel adoptan un dise\u00f1o retro japon\u00e9s cl\u00e1sico, la parte inferior del cuenco es antideslizante, y hay 3 tama\u00f1os para elegir, adecuados para ramen, sopa de fideos, ensaladas y otras delicias.<\/p>\n<table style=\"border-collapse: collapse; width: 365.02pt;\" border=\"0\" width=\"365\" cellspacing=\"0\" cellpadding=\"0\">\n<tbody>\n<tr style=\"height: 17.60pt;\">\n<td class=\"et3\" style=\"height: 17.60pt; width: 120.25pt;\" width=\"120\" height=\"17\">Fabricante<\/td>\n<td class=\"et3\" style=\"width: 245.25pt;\" width=\"245\">Yongjian<\/td>\n<\/tr>\n<tr style=\"height: 18.00pt;\">\n<td class=\"et3\" style=\"height: 18.00pt;\" height=\"18\">N\u00ba de modelo<\/td>\n<td class=\"et4\" style=\"width: 245.25pt;\" width=\"245\">YJ-B02<\/td>\n<\/tr>\n<tr style=\"height: 18.00pt;\">\n<td class=\"et3\" style=\"height: 18.00pt;\" height=\"18\">Tipo de producto<\/td>\n<td class=\"et4\" style=\"width: 245.25pt;\" width=\"245\">Taz\u00f3n de sopa y ramen<\/td>\n<\/tr>\n<tr style=\"height: 17.60pt;\">\n<td class=\"et3\" style=\"height: 17.60pt;\" height=\"17\">Material<\/td>\n<td class=\"et3\">Porcelana<\/td>\n<\/tr>\n<tr style=\"height: 17.60pt;\">\n<td class=\"et5\" style=\"height: 17.60pt;\" height=\"17\">Color<\/td>\n<td class=\"et3\">Blanco\/Negro<\/td>\n<\/tr>\n<tr style=\"height: 18.00pt;\">\n<td class=\"et3\" style=\"height: 18.00pt;\" height=\"18\">Dimensi\u00f3n<\/td>\n<td class=\"et4\" style=\"width: 245.25pt;\" width=\"245\">\n<p>7 pulgadas:18,5*18,5*7,5, 8 pulgadas:19,4*19,4*8, 9 pulgadas:23*23*10<\/p>\n<\/td>\n<\/tr>\n<tr style=\"height: 17.60pt;\">\n<td class=\"et3\" style=\"height: 17.60pt;\" height=\"17\">MOQ<\/td>\n<td class=\"et3\">500 unidades<\/td>\n<\/tr>\n<tr style=\"height: 17.60pt;\">\n<td class=\"et3\" style=\"height: 17.60pt;\" height=\"17\">A medida<\/td>\n<td class=\"et3\">Color\/Tama\u00f1o\/Logotipo\/Embalaje<\/td>\n<\/tr>\n<\/tbody>\n<\/table>","protected":false},"featured_media":4287,"comment_status":"closed","ping_status":"closed","template":"","meta":{"_acf_changed":false},"product_brand":[],"product_cat":[73,63],"product_tag":[88],"class_list":{"0":"post-4283","1":"product","2":"type-product","3":"status-publish","4":"has-post-thumbnail","6":"product_cat-bulk-soup-bowls","7":"product_cat-wholesale-bowls","8":"product_tag-japanese-style-dinnerware-set-wholesale","10":"first","11":"instock","12":"shipping-taxable","13":"product-type-simple"},"acf":[],"_links":{"self":[{"href":"https:\/\/www.yongjianceramic.com\/es\/wp-json\/wp\/v2\/product\/4283","targetHints":{"allow":["GET"]}}],"collection":[{"href":"https:\/\/www.yongjianceramic.com\/es\/wp-json\/wp\/v2\/product"}],"about":[{"href":"https:\/\/www.yongjianceramic.com\/es\/wp-json\/wp\/v2\/types\/product"}],"replies":[{"embeddable":true,"href":"https:\/\/www.yongjianceramic.com\/es\/wp-json\/wp\/v2\/comments?post=4283"}],"wp:featuredmedia":[{"embeddable":true,"href":"https:\/\/www.yongjianceramic.com\/es\/wp-json\/wp\/v2\/media\/4287"}],"wp:attachment":[{"href":"https:\/\/www.yongjianceramic.com\/es\/wp-json\/wp\/v2\/media?parent=4283"}],"wp:term":[{"taxonomy":"product_brand","embeddable":true,"href":"https:\/\/www.yongjianceramic.com\/es\/wp-json\/wp\/v2\/product_brand?post=4283"},{"taxonomy":"product_cat","embeddable":true,"href":"https:\/\/www.yongjianceramic.com\/es\/wp-json\/wp\/v2\/product_cat?post=4283"},{"taxonomy":"product_tag","embeddable":true,"href":"https:\/\/www.yongjianceramic.com\/es\/wp-json\/wp\/v2\/product_tag?post=4283"}],"curies":[{"name":"wp","href":"https:\/\/api.w.org\/{rel}","templated":true}]}}