{"id":4296,"date":"2025-02-19T15:10:54","date_gmt":"2025-02-19T07:10:54","guid":{"rendered":"https:\/\/www.yongjianceramic.com\/?post_type=product&#038;p=4296"},"modified":"2025-02-19T15:10:57","modified_gmt":"2025-02-19T07:10:57","slug":"bespoke-dinnerware","status":"publish","type":"product","link":"https:\/\/www.yongjianceramic.com\/es\/producto\/bespoke-dinnerware\/","title":{"rendered":"Delicate Bespoke Vajilla a Granel, Platos y Tazones al por mayor"},"content":{"rendered":"<div class=\"wp-block-columns is-layout-flex wp-container-core-columns-is-layout-9d6595d7 wp-block-columns-is-layout-flex\">\n<div class=\"wp-block-column is-layout-flow wp-block-column-is-layout-flow\">\n<h2 class=\"wp-block-heading\">Vajilla Premium Bespoke Caracter\u00edsticas:<\/h2>\n\n\n\n<ul class=\"wp-block-list\">\n<li><strong>Dise\u00f1o cl\u00e1sico bicolor, sencillo pero de alta gama: <\/strong>Esta vajilla a medida tiene la combinaci\u00f3n de colores blanco y azul marino, que en su sencillez, tiene clase. Es compatible con una serie de dise\u00f1os de mesa de comedor, y puede a\u00f1adir un toque de clase y gusto en el ambiente de comedor, sea lo que sea si se trata de consumo familiar diario o grandes banquetes.<\/li>\n\n\n\n<li><strong>Tecnolog\u00eda de esmalte esmerilado, tacto c\u00f3modo y antideslizante: <\/strong>Nuestros platos y cuencos al por mayor se someten a un tratamiento especial de esmaltado, con un tacto suave y delicado. No s\u00f3lo son antideslizantes y f\u00e1ciles de sujetar, sino que adem\u00e1s no dejan marcas de huellas dactilares. No s\u00f3lo son pr\u00e1cticos, sino que tambi\u00e9n est\u00e1n de moda, a\u00f1adiendo un lujo discreto a la vajilla.<\/li>\n\n\n\n<li><strong>Material cer\u00e1mico de alta resistencia, duradero y f\u00e1cil de limpiar: <\/strong>Nuestras vajillas a medida se fabrican con cer\u00e1mica de alta calidad, cocida a altas temperaturas, que no se desgasta f\u00e1cilmente y es duradera y resistente. La superficie es lisa y f\u00e1cil de limpiar, por lo que es perfecta para el uso habitual en la restauraci\u00f3n dom\u00e9stica o empresarial y permanecer\u00e1 como nueva durante a\u00f1os.<\/li>\n\n\n\n<li><strong>Servicio de personalizaci\u00f3n a granel para satisfacer necesidades personalizadas:<\/strong> Nuestros platos y cuencos al por mayor pueden cambiarse de color, esmaltarse o imprimirse con logotipos, dibujos o texto seg\u00fan las necesidades del cliente. A trav\u00e9s de la personalizaci\u00f3n, cree un estilo de marca personal y mejore la conciencia de marca.<\/li>\n<\/ul>\n<\/div>\n\n\n\n<div class=\"wp-block-column is-layout-flow wp-block-column-is-layout-flow\">\n<figure class=\"wp-block-image size-full\"><img fetchpriority=\"high\" decoding=\"async\" width=\"800\" height=\"800\" src=\"https:\/\/www.yongjianceramic.com\/wp-content\/uploads\/2025\/02\/Tableware-Set-Supplier-Custom-Ceramic-Bowl-Chinese-Teaware-Wholesale-Reactive-Glazed-20.webp\" alt=\"Delicate Bespoke Vajilla al por mayor, Platos y cuencos al por mayor-2\" class=\"wp-image-4316\" srcset=\"https:\/\/www.yongjianceramic.com\/wp-content\/uploads\/2025\/02\/Tableware-Set-Supplier-Custom-Ceramic-Bowl-Chinese-Teaware-Wholesale-Reactive-Glazed-20.webp 800w, https:\/\/www.yongjianceramic.com\/wp-content\/uploads\/2025\/02\/Tableware-Set-Supplier-Custom-Ceramic-Bowl-Chinese-Teaware-Wholesale-Reactive-Glazed-20-300x300.webp 300w, https:\/\/www.yongjianceramic.com\/wp-content\/uploads\/2025\/02\/Tableware-Set-Supplier-Custom-Ceramic-Bowl-Chinese-Teaware-Wholesale-Reactive-Glazed-20-150x150.webp 150w, https:\/\/www.yongjianceramic.com\/wp-content\/uploads\/2025\/02\/Tableware-Set-Supplier-Custom-Ceramic-Bowl-Chinese-Teaware-Wholesale-Reactive-Glazed-20-768x768.webp 768w, https:\/\/www.yongjianceramic.com\/wp-content\/uploads\/2025\/02\/Tableware-Set-Supplier-Custom-Ceramic-Bowl-Chinese-Teaware-Wholesale-Reactive-Glazed-20-12x12.webp 12w, https:\/\/www.yongjianceramic.com\/wp-content\/uploads\/2025\/02\/Tableware-Set-Supplier-Custom-Ceramic-Bowl-Chinese-Teaware-Wholesale-Reactive-Glazed-20-285x285.webp 285w, https:\/\/www.yongjianceramic.com\/wp-content\/uploads\/2025\/02\/Tableware-Set-Supplier-Custom-Ceramic-Bowl-Chinese-Teaware-Wholesale-Reactive-Glazed-20-270x270.webp 270w, https:\/\/www.yongjianceramic.com\/wp-content\/uploads\/2025\/02\/Tableware-Set-Supplier-Custom-Ceramic-Bowl-Chinese-Teaware-Wholesale-Reactive-Glazed-20-540x540.webp 540w, https:\/\/www.yongjianceramic.com\/wp-content\/uploads\/2025\/02\/Tableware-Set-Supplier-Custom-Ceramic-Bowl-Chinese-Teaware-Wholesale-Reactive-Glazed-20-660x660.webp 660w\" sizes=\"(max-width: 800px) 100vw, 800px\" \/><\/figure>\n<\/div>\n<\/div>\n\n\n\n<p><\/p>","protected":false},"excerpt":{"rendered":"<p>Bienvenido a comprar platos y cuencos al por mayor. Nuestra vajilla a medida en blanco y azul oscuro presenta un patr\u00f3n de esmalte escarchado, delicado y elegante. El material cer\u00e1mico de alta calidad es seguro, duradero y permite la personalizaci\u00f3n en masa.<\/p>\n<table style=\"border-collapse: collapse; width: 327.02pt;\" border=\"0\" width=\"654\" cellspacing=\"0\" cellpadding=\"0\">\n<tbody>\n<tr style=\"height: 16.50pt;\">\n<td class=\"et3\" style=\"height: 16.50pt; width: 127.20pt;\" width=\"254\" height=\"33\">Fabricante<\/td>\n<td class=\"et3\" style=\"width: 200.15pt;\" width=\"400\">Yongjian<\/td>\n<\/tr>\n<tr style=\"height: 16.50pt;\">\n<td class=\"et3\" style=\"height: 16.50pt;\" height=\"33\">N\u00ba de modelo<\/td>\n<td class=\"et4\" style=\"width: 200.15pt;\" width=\"400\">YJ-104<\/td>\n<\/tr>\n<tr style=\"height: 16.50pt;\">\n<td class=\"et5\" style=\"height: 16.50pt; width: 127.20pt;\" width=\"254\" height=\"33\">Tipo de vajilla<\/td>\n<td class=\"et5\" style=\"width: 200.15pt;\" width=\"400\">Bandejas, Platos, Cuencos<\/td>\n<\/tr>\n<tr style=\"height: 16.50pt;\">\n<td class=\"et3\" style=\"height: 16.50pt;\" height=\"33\">T\u00e9cnica<\/td>\n<td class=\"et3\">Efecto esmaltado en horno<\/td>\n<\/tr>\n<tr style=\"height: 16.50pt;\">\n<td class=\"et3\" style=\"height: 16.50pt;\" height=\"33\">Material<\/td>\n<td class=\"et3\">Porcelana<\/td>\n<\/tr>\n<tr style=\"height: 33.00pt;\">\n<td class=\"et6\" style=\"height: 33.00pt;\" height=\"66\">Aplicable<\/td>\n<td class=\"et5\" style=\"width: 200.15pt;\" width=\"400\">Esterilizador, Lavavajillas, Horno, Microondas<\/td>\n<\/tr>\n<tr style=\"height: 16.50pt;\">\n<td class=\"et3\" style=\"height: 16.50pt;\" height=\"33\">Dimensi\u00f3n<\/td>\n<td class=\"et3\">Como imagen<\/td>\n<\/tr>\n<tr style=\"height: 16.50pt;\">\n<td class=\"et3\" style=\"height: 16.50pt;\" height=\"33\">MOQ<\/td>\n<td class=\"et3\">500 unidades<\/td>\n<\/tr>\n<tr style=\"height: 16.50pt;\">\n<td class=\"et3\" style=\"height: 16.50pt;\" height=\"33\">A medida<\/td>\n<td class=\"et3\">Color\/Tama\u00f1o\/Logotipo\/Embalaje<\/td>\n<\/tr>\n<\/tbody>\n<\/table>","protected":false},"featured_media":4315,"comment_status":"closed","ping_status":"closed","template":"","meta":{"_acf_changed":false},"product_brand":[],"product_cat":[64,82,85],"product_tag":[81,86],"class_list":{"0":"post-4296","1":"product","2":"type-product","3":"status-publish","4":"has-post-thumbnail","6":"product_cat-dinnerware-sets","7":"product_cat-bulk-dinnerware-sets","8":"product_cat-wholesale-dinnerware-sets","9":"product_tag-modern-design-dinnerware-set-wholesale","10":"product_tag-oriental-style-dinnerware-wholesale","12":"first","13":"instock","14":"shipping-taxable","15":"product-type-simple"},"acf":[],"_links":{"self":[{"href":"https:\/\/www.yongjianceramic.com\/es\/wp-json\/wp\/v2\/product\/4296","targetHints":{"allow":["GET"]}}],"collection":[{"href":"https:\/\/www.yongjianceramic.com\/es\/wp-json\/wp\/v2\/product"}],"about":[{"href":"https:\/\/www.yongjianceramic.com\/es\/wp-json\/wp\/v2\/types\/product"}],"replies":[{"embeddable":true,"href":"https:\/\/www.yongjianceramic.com\/es\/wp-json\/wp\/v2\/comments?post=4296"}],"wp:featuredmedia":[{"embeddable":true,"href":"https:\/\/www.yongjianceramic.com\/es\/wp-json\/wp\/v2\/media\/4315"}],"wp:attachment":[{"href":"https:\/\/www.yongjianceramic.com\/es\/wp-json\/wp\/v2\/media?parent=4296"}],"wp:term":[{"taxonomy":"product_brand","embeddable":true,"href":"https:\/\/www.yongjianceramic.com\/es\/wp-json\/wp\/v2\/product_brand?post=4296"},{"taxonomy":"product_cat","embeddable":true,"href":"https:\/\/www.yongjianceramic.com\/es\/wp-json\/wp\/v2\/product_cat?post=4296"},{"taxonomy":"product_tag","embeddable":true,"href":"https:\/\/www.yongjianceramic.com\/es\/wp-json\/wp\/v2\/product_tag?post=4296"}],"curies":[{"name":"wp","href":"https:\/\/api.w.org\/{rel}","templated":true}]}}