{"id":4429,"date":"2025-03-20T14:58:30","date_gmt":"2025-03-20T06:58:30","guid":{"rendered":"https:\/\/www.yongjianceramic.com\/?post_type=product&#038;p=4429"},"modified":"2025-03-20T14:58:31","modified_gmt":"2025-03-20T06:58:31","slug":"wholesale-baking-pans","status":"publish","type":"product","link":"https:\/\/www.yongjianceramic.com\/es\/producto\/wholesale-baking-pans\/","title":{"rendered":"Molde de Cer\u00e1mica Rojo, Molde de Cer\u00e1mica Rojo, Molde de Cer\u00e1mica Rojo, Molde de Cer\u00e1mica Rojo, Molde de Cer\u00e1mica Rojo"},"content":{"rendered":"<div class=\"wp-block-columns is-layout-flex wp-container-core-columns-is-layout-9d6595d7 wp-block-columns-is-layout-flex\">\n<div class=\"wp-block-column is-layout-flow wp-block-column-is-layout-flow\">\n<h2 class=\"wp-block-heading\">Venta al por mayor de moldes para hornear Caracter\u00edsticas:<\/h2>\n\n\n\n<ul class=\"wp-block-list\">\n<li><strong>Combinaci\u00f3n de colores retro:<\/strong> Nuestros moldes para hornear al por mayor vienen con esmalte cl\u00e1sico de base roja con dibujo blanco pintado a mano y mango marr\u00f3n, ofreciendo un estilo retro \u00fanico, que es adecuado para el hogar y restaurantes de alta gama.<\/li>\n\n\n\n<li><strong>Resistente al calor y a las grietas:<\/strong> Estos bultos de cer\u00e1mica para hornear est\u00e1n cocidos a alta temperatura y pueden soportar el horneado a altas temperaturas. No se agrietan ni deforman. Se pueden utilizar en el horno, microondas, freidora de aire y otros dispositivos de cocci\u00f3n.<\/li>\n\n\n\n<li><strong>Estable y f\u00e1cil de sujetar:<\/strong> Estos moldes para hornear al por mayor tienen un dise\u00f1o ergon\u00f3mico, y las asas marrones son f\u00e1ciles de agarrar y c\u00f3modas de transportar. Incluso los alimentos calientes se pueden transportar f\u00e1cilmente, lo que es mejor para la seguridad en el uso.<\/li>\n\n\n\n<li><strong>Gran sentido pr\u00e1ctico: <\/strong>Nuestros utensilios de cer\u00e1mica para hornear a granel pueden aplicarse a una gran variedad de delicias como arroz al horno, pasteles al horno, verduras asadas, fideos al horno, etc. Tambi\u00e9n se puede utilizar como expositor de mesa. Es una muy buena opci\u00f3n para restaurantes y cocinas dom\u00e9sticas.<\/li>\n<\/ul>\n<\/div>\n\n\n\n<div class=\"wp-block-column is-layout-flow wp-block-column-is-layout-flow\">\n<figure class=\"wp-block-image size-full\"><img fetchpriority=\"high\" decoding=\"async\" width=\"1600\" height=\"1600\" src=\"https:\/\/www.yongjianceramic.com\/wp-content\/uploads\/2025\/03\/Bulk-Dinnerware-Sets-Bohemian-Style-Red-Color-Pasta-Bowls-Custom-Dinner-Plate-Crockery-manufacturers-2.webp\" alt=\"Mayorista Bollos Redondos, Cer\u00e1mica Roja Bakeware Bulk-1\" class=\"wp-image-4431\" srcset=\"https:\/\/www.yongjianceramic.com\/wp-content\/uploads\/2025\/03\/Bulk-Dinnerware-Sets-Bohemian-Style-Red-Color-Pasta-Bowls-Custom-Dinner-Plate-Crockery-manufacturers-2.webp 1600w, https:\/\/www.yongjianceramic.com\/wp-content\/uploads\/2025\/03\/Bulk-Dinnerware-Sets-Bohemian-Style-Red-Color-Pasta-Bowls-Custom-Dinner-Plate-Crockery-manufacturers-2-300x300.webp 300w, https:\/\/www.yongjianceramic.com\/wp-content\/uploads\/2025\/03\/Bulk-Dinnerware-Sets-Bohemian-Style-Red-Color-Pasta-Bowls-Custom-Dinner-Plate-Crockery-manufacturers-2-150x150.webp 150w, https:\/\/www.yongjianceramic.com\/wp-content\/uploads\/2025\/03\/Bulk-Dinnerware-Sets-Bohemian-Style-Red-Color-Pasta-Bowls-Custom-Dinner-Plate-Crockery-manufacturers-2-768x768.webp 768w, https:\/\/www.yongjianceramic.com\/wp-content\/uploads\/2025\/03\/Bulk-Dinnerware-Sets-Bohemian-Style-Red-Color-Pasta-Bowls-Custom-Dinner-Plate-Crockery-manufacturers-2-12x12.webp 12w, https:\/\/www.yongjianceramic.com\/wp-content\/uploads\/2025\/03\/Bulk-Dinnerware-Sets-Bohemian-Style-Red-Color-Pasta-Bowls-Custom-Dinner-Plate-Crockery-manufacturers-2-285x285.webp 285w, https:\/\/www.yongjianceramic.com\/wp-content\/uploads\/2025\/03\/Bulk-Dinnerware-Sets-Bohemian-Style-Red-Color-Pasta-Bowls-Custom-Dinner-Plate-Crockery-manufacturers-2-270x270.webp 270w, https:\/\/www.yongjianceramic.com\/wp-content\/uploads\/2025\/03\/Bulk-Dinnerware-Sets-Bohemian-Style-Red-Color-Pasta-Bowls-Custom-Dinner-Plate-Crockery-manufacturers-2-540x540.webp 540w, https:\/\/www.yongjianceramic.com\/wp-content\/uploads\/2025\/03\/Bulk-Dinnerware-Sets-Bohemian-Style-Red-Color-Pasta-Bowls-Custom-Dinner-Plate-Crockery-manufacturers-2-660x660.webp 660w\" sizes=\"(max-width: 1600px) 100vw, 1600px\" \/><\/figure>\n<\/div>\n<\/div>","protected":false},"excerpt":{"rendered":"<p>Bienvenido a comprar moldes para hornear al por mayor. Esta cer\u00e1mica redonda roja al por mayor bakeware utiliza una base de color rojo con asas de color marr\u00f3n y los patrones blancos. Es un dise\u00f1o retro y cl\u00e1sico, adecuado para hornear en casa, restaurante y cafeter\u00eda uso. Se puede utilizar en horno, microondas, lavavajillas y tanto para uso funcional como decorativo.<\/p>\n<table style=\"border-collapse: collapse; width: 327.02pt;\" border=\"0\" width=\"654\" cellspacing=\"0\" cellpadding=\"0\">\n<tbody>\n<tr style=\"height: 16.50pt;\">\n<td class=\"et3\" style=\"height: 16.50pt; width: 127.20pt;\" width=\"254\" height=\"33\">Fabricante<\/td>\n<td class=\"et3\" style=\"width: 200.15pt;\" width=\"400\">Yongjian<\/td>\n<\/tr>\n<tr style=\"height: 16.50pt;\">\n<td class=\"et3\" style=\"height: 16.50pt;\" height=\"33\">N\u00ba de modelo<\/td>\n<td class=\"et4\" style=\"width: 200.15pt;\" width=\"400\">YJ-111<\/td>\n<\/tr>\n<tr style=\"height: 16.50pt;\">\n<td class=\"et3\" style=\"height: 16.50pt;\" height=\"33\">Tipo de producto<\/td>\n<td class=\"et3\">Bandeja<\/td>\n<\/tr>\n<tr style=\"height: 16.50pt;\">\n<td class=\"et3\" style=\"height: 16.50pt;\" height=\"33\">Material<\/td>\n<td class=\"et3\">Porcelana<\/td>\n<\/tr>\n<tr style=\"height: 16.50pt;\">\n<td class=\"et5\" style=\"height: 16.50pt;\" height=\"33\">Color<\/td>\n<td class=\"et3\">Como imagen<\/td>\n<\/tr>\n<tr style=\"height: 16.50pt;\">\n<td class=\"et3\" style=\"height: 16.50pt;\" height=\"33\">Dimensi\u00f3n<\/td>\n<td class=\"et6\" style=\"width: 200.15pt;\" width=\"400\">26*23*4,3 cm<\/td>\n<\/tr>\n<tr style=\"height: 16.50pt;\">\n<td class=\"et3\" style=\"height: 16.50pt;\" height=\"33\">MOQ<\/td>\n<td class=\"et3\">500 unidades<\/td>\n<\/tr>\n<tr style=\"height: 16.50pt;\">\n<td class=\"et3\" style=\"height: 16.50pt;\" height=\"33\">A medida<\/td>\n<td class=\"et3\">Color\/Tama\u00f1o\/Logotipo\/Embalaje<\/td>\n<\/tr>\n<\/tbody>\n<\/table>","protected":false},"featured_media":4430,"comment_status":"closed","ping_status":"closed","template":"","meta":{"_acf_changed":false},"product_brand":[],"product_cat":[62,99],"product_tag":[],"class_list":{"0":"post-4429","1":"product","2":"type-product","3":"status-publish","4":"has-post-thumbnail","6":"product_cat-ceramic-plates-wholesale","7":"product_cat-baking-dishes-wholesale","9":"first","10":"instock","11":"shipping-taxable","12":"product-type-simple"},"acf":[],"_links":{"self":[{"href":"https:\/\/www.yongjianceramic.com\/es\/wp-json\/wp\/v2\/product\/4429","targetHints":{"allow":["GET"]}}],"collection":[{"href":"https:\/\/www.yongjianceramic.com\/es\/wp-json\/wp\/v2\/product"}],"about":[{"href":"https:\/\/www.yongjianceramic.com\/es\/wp-json\/wp\/v2\/types\/product"}],"replies":[{"embeddable":true,"href":"https:\/\/www.yongjianceramic.com\/es\/wp-json\/wp\/v2\/comments?post=4429"}],"wp:featuredmedia":[{"embeddable":true,"href":"https:\/\/www.yongjianceramic.com\/es\/wp-json\/wp\/v2\/media\/4430"}],"wp:attachment":[{"href":"https:\/\/www.yongjianceramic.com\/es\/wp-json\/wp\/v2\/media?parent=4429"}],"wp:term":[{"taxonomy":"product_brand","embeddable":true,"href":"https:\/\/www.yongjianceramic.com\/es\/wp-json\/wp\/v2\/product_brand?post=4429"},{"taxonomy":"product_cat","embeddable":true,"href":"https:\/\/www.yongjianceramic.com\/es\/wp-json\/wp\/v2\/product_cat?post=4429"},{"taxonomy":"product_tag","embeddable":true,"href":"https:\/\/www.yongjianceramic.com\/es\/wp-json\/wp\/v2\/product_tag?post=4429"}],"curies":[{"name":"wp","href":"https:\/\/api.w.org\/{rel}","templated":true}]}}