{"id":4436,"date":"2025-03-20T14:46:54","date_gmt":"2025-03-20T06:46:54","guid":{"rendered":"https:\/\/www.yongjianceramic.com\/?post_type=product&#038;p=4436"},"modified":"2025-03-20T14:46:56","modified_gmt":"2025-03-20T06:46:56","slug":"bakeware-wholesale","status":"publish","type":"product","link":"https:\/\/www.yongjianceramic.com\/es\/producto\/bakeware-wholesale\/","title":{"rendered":"Mayorista de Cazuelas de Estilo Bohemio, Platos de Cazuela Personalizados"},"content":{"rendered":"<div class=\"wp-block-columns is-layout-flex wp-container-core-columns-is-layout-9d6595d7 wp-block-columns-is-layout-flex\">\n<div class=\"wp-block-column is-layout-flow wp-block-column-is-layout-flow\">\n<h2 class=\"wp-block-heading\">Premium Bakeware cer\u00e1mica al por mayor Caracter\u00edsticas:<\/h2>\n\n\n\n<ul class=\"wp-block-list\">\n<li><strong>Estilo bohemio:<\/strong> Este utensilio de cer\u00e1mica para hornear al por mayor tiene un esmalte verde y decoraci\u00f3n pintada a mano en blanco y un asa retro marr\u00f3n, sello distintivo de un marcado estilo bohemio.<\/li>\n\n\n\n<li><strong>Resistente al calor y duradero: <\/strong>Nuestras cacerolas personalizadas est\u00e1n compuestas de materiales cer\u00e1micos de primera calidad, cocidos a altas temperaturas, admiten la cocci\u00f3n a altas temperaturas, no se agrietan, y pueden colocarse directamente en el horno, microondas y lavavajillas, aptas para uso dom\u00e9stico frecuente y uso comercial.<\/li>\n\n\n\n<li><strong>Mango ergon\u00f3mico: <\/strong>El mango marr\u00f3n vintage de nuestros utensilios de cer\u00e1mica al por mayor est\u00e1 dise\u00f1ado ergon\u00f3micamente, es f\u00e1cil de agarrar, antideslizante, c\u00f3modo de agarrar y f\u00e1cil de manejar para hornear y servir sin esfuerzo.<\/li>\n\n\n\n<li><strong>Dise\u00f1o polivalente: <\/strong>Estas cazuelas a medida est\u00e1n dise\u00f1adas para diversas preparaciones alimenticias, como arroz al horno, verduras asadas, fideos al horno, postres horneados, etc. Tambi\u00e9n pueden utilizarse como fuentes de horno decorativas para dar calidez a la mesa de comedor.<\/li>\n<\/ul>\n<\/div>\n\n\n\n<div class=\"wp-block-column is-layout-flow wp-block-column-is-layout-flow\">\n<figure class=\"wp-block-image size-full\"><img fetchpriority=\"high\" decoding=\"async\" width=\"1600\" height=\"1600\" src=\"https:\/\/www.yongjianceramic.com\/wp-content\/uploads\/2025\/03\/Bohemian-Style-Green-Color-Baking-Plate-Ceramic-Plates-Suppliers-Wholesale-Pasta-Bowls-3.webp\" alt=\"Platos de Estilo Bohemio al por Mayor, Platos de Cacerola Personalizados-3\" class=\"wp-image-4445\" srcset=\"https:\/\/www.yongjianceramic.com\/wp-content\/uploads\/2025\/03\/Bohemian-Style-Green-Color-Baking-Plate-Ceramic-Plates-Suppliers-Wholesale-Pasta-Bowls-3.webp 1600w, https:\/\/www.yongjianceramic.com\/wp-content\/uploads\/2025\/03\/Bohemian-Style-Green-Color-Baking-Plate-Ceramic-Plates-Suppliers-Wholesale-Pasta-Bowls-3-300x300.webp 300w, https:\/\/www.yongjianceramic.com\/wp-content\/uploads\/2025\/03\/Bohemian-Style-Green-Color-Baking-Plate-Ceramic-Plates-Suppliers-Wholesale-Pasta-Bowls-3-150x150.webp 150w, https:\/\/www.yongjianceramic.com\/wp-content\/uploads\/2025\/03\/Bohemian-Style-Green-Color-Baking-Plate-Ceramic-Plates-Suppliers-Wholesale-Pasta-Bowls-3-768x768.webp 768w, https:\/\/www.yongjianceramic.com\/wp-content\/uploads\/2025\/03\/Bohemian-Style-Green-Color-Baking-Plate-Ceramic-Plates-Suppliers-Wholesale-Pasta-Bowls-3-12x12.webp 12w, https:\/\/www.yongjianceramic.com\/wp-content\/uploads\/2025\/03\/Bohemian-Style-Green-Color-Baking-Plate-Ceramic-Plates-Suppliers-Wholesale-Pasta-Bowls-3-285x285.webp 285w, https:\/\/www.yongjianceramic.com\/wp-content\/uploads\/2025\/03\/Bohemian-Style-Green-Color-Baking-Plate-Ceramic-Plates-Suppliers-Wholesale-Pasta-Bowls-3-270x270.webp 270w, https:\/\/www.yongjianceramic.com\/wp-content\/uploads\/2025\/03\/Bohemian-Style-Green-Color-Baking-Plate-Ceramic-Plates-Suppliers-Wholesale-Pasta-Bowls-3-540x540.webp 540w, https:\/\/www.yongjianceramic.com\/wp-content\/uploads\/2025\/03\/Bohemian-Style-Green-Color-Baking-Plate-Ceramic-Plates-Suppliers-Wholesale-Pasta-Bowls-3-660x660.webp 660w\" sizes=\"(max-width: 1600px) 100vw, 1600px\" \/><\/figure>\n<\/div>\n<\/div>","protected":false},"excerpt":{"rendered":"<p>Bienvenido a comprar cazuelas de cer\u00e1mica al por mayor. Nuestros platos de cacerola personalizados de estilo bohemio cuentan con un color verde y un patr\u00f3n blanco, lleno de la atm\u00f3sfera ex\u00f3tica y colorida de Bohemia. Es resistente al calor, f\u00e1cil de limpiar y apta para horno\/microondas\/lavavajillas.<\/p>\n<table style=\"border-collapse: collapse; width: 327.02pt;\" border=\"0\" width=\"654\" cellspacing=\"0\" cellpadding=\"0\">\n<tbody>\n<tr style=\"height: 16.50pt;\">\n<td class=\"et3\" style=\"height: 16.50pt; width: 127.20pt;\" width=\"254\" height=\"33\">Fabricante<\/td>\n<td class=\"et3\" style=\"width: 200.15pt;\" width=\"400\">Yongjian<\/td>\n<\/tr>\n<tr style=\"height: 16.50pt;\">\n<td class=\"et3\" style=\"height: 16.50pt;\" height=\"33\">N\u00ba de modelo<\/td>\n<td class=\"et4\" style=\"width: 200.15pt;\" width=\"400\">YJ-112<\/td>\n<\/tr>\n<tr style=\"height: 16.50pt;\">\n<td class=\"et3\" style=\"height: 16.50pt;\" height=\"33\">Tipo de producto<\/td>\n<td class=\"et3\">Bandeja<\/td>\n<\/tr>\n<tr style=\"height: 16.50pt;\">\n<td class=\"et3\" style=\"height: 16.50pt;\" height=\"33\">Material<\/td>\n<td class=\"et3\">Porcelana<\/td>\n<\/tr>\n<tr style=\"height: 16.50pt;\">\n<td class=\"et5\" style=\"height: 16.50pt;\" height=\"33\">Color<\/td>\n<td class=\"et3\">Como imagen<\/td>\n<\/tr>\n<tr style=\"height: 16.50pt;\">\n<td class=\"et3\" style=\"height: 16.50pt;\" height=\"33\">Dimensi\u00f3n<\/td>\n<td class=\"et6\" style=\"width: 200.15pt;\" width=\"400\">26*23*4,3 cm<\/td>\n<\/tr>\n<tr style=\"height: 16.50pt;\">\n<td class=\"et3\" style=\"height: 16.50pt;\" height=\"33\">MOQ<\/td>\n<td class=\"et3\">500 unidades<\/td>\n<\/tr>\n<tr style=\"height: 16.50pt;\">\n<td class=\"et3\" style=\"height: 16.50pt;\" height=\"33\">A medida<\/td>\n<td class=\"et3\">Color\/Tama\u00f1o\/Logotipo\/Embalaje<\/td>\n<\/tr>\n<\/tbody>\n<\/table>","protected":false},"featured_media":4443,"comment_status":"closed","ping_status":"closed","template":"","meta":{"_acf_changed":false},"product_brand":[],"product_cat":[99,62],"product_tag":[],"class_list":{"0":"post-4436","1":"product","2":"type-product","3":"status-publish","4":"has-post-thumbnail","6":"product_cat-baking-dishes-wholesale","7":"product_cat-ceramic-plates-wholesale","9":"first","10":"instock","11":"shipping-taxable","12":"product-type-simple"},"acf":[],"_links":{"self":[{"href":"https:\/\/www.yongjianceramic.com\/es\/wp-json\/wp\/v2\/product\/4436","targetHints":{"allow":["GET"]}}],"collection":[{"href":"https:\/\/www.yongjianceramic.com\/es\/wp-json\/wp\/v2\/product"}],"about":[{"href":"https:\/\/www.yongjianceramic.com\/es\/wp-json\/wp\/v2\/types\/product"}],"replies":[{"embeddable":true,"href":"https:\/\/www.yongjianceramic.com\/es\/wp-json\/wp\/v2\/comments?post=4436"}],"wp:featuredmedia":[{"embeddable":true,"href":"https:\/\/www.yongjianceramic.com\/es\/wp-json\/wp\/v2\/media\/4443"}],"wp:attachment":[{"href":"https:\/\/www.yongjianceramic.com\/es\/wp-json\/wp\/v2\/media?parent=4436"}],"wp:term":[{"taxonomy":"product_brand","embeddable":true,"href":"https:\/\/www.yongjianceramic.com\/es\/wp-json\/wp\/v2\/product_brand?post=4436"},{"taxonomy":"product_cat","embeddable":true,"href":"https:\/\/www.yongjianceramic.com\/es\/wp-json\/wp\/v2\/product_cat?post=4436"},{"taxonomy":"product_tag","embeddable":true,"href":"https:\/\/www.yongjianceramic.com\/es\/wp-json\/wp\/v2\/product_tag?post=4436"}],"curies":[{"name":"wp","href":"https:\/\/api.w.org\/{rel}","templated":true}]}}