{"id":4475,"date":"2025-04-08T12:22:40","date_gmt":"2025-04-08T04:22:40","guid":{"rendered":"https:\/\/www.yongjianceramic.com\/?post_type=product&#038;p=4475"},"modified":"2025-04-08T12:22:43","modified_gmt":"2025-04-08T04:22:43","slug":"baking-pans-wholesale","status":"publish","type":"product","link":"https:\/\/www.yongjianceramic.com\/es\/producto\/baking-pans-wholesale\/","title":{"rendered":"Moldes De Cer\u00e1mica Al Por Mayor Con Color Azul De Lujo"},"content":{"rendered":"<div class=\"wp-block-columns is-layout-flex wp-container-core-columns-is-layout-9d6595d7 wp-block-columns-is-layout-flex\">\n<div class=\"wp-block-column is-layout-flow wp-block-column-is-layout-flow\">\n<h2 class=\"wp-block-heading\">Premium Baking Pans Wholesale Caracter\u00edsticas:<\/h2>\n\n\n\n<ul class=\"wp-block-list\">\n<li><strong>Juego para hornear, combinaci\u00f3n de varios tama\u00f1os: <\/strong>Nuestros moldes de cer\u00e1mica para hornear al por mayor est\u00e1n disponibles en tres tama\u00f1os, que pueden combinarse libremente seg\u00fan las diferentes necesidades de horneado. Adecuado para hornear, gratinar, barbacoa y otros platos, satisfacer las necesidades de la familia y la restauraci\u00f3n comercial.<\/li>\n\n\n\n<li><strong>Blanco por dentro y azul gris\u00e1ceo por fuera, sencillo y avanzado: <\/strong>El interior de este utensilio de cocina al por mayor es de esmalte blanco puro, y el exterior es de color azul gris\u00e1ceo oscuro, mostrando un estilo sencillo y contempor\u00e1neo, adecuado para diversas configuraciones de mesa, y haciendo que el conjunto sea m\u00e1s hermoso.<\/li>\n\n\n\n<li><strong>Cer\u00e1mica resistente a altas temperaturas, de amplia aplicaci\u00f3n: <\/strong>Estos moldes de cer\u00e1mica para hornear al por mayor est\u00e1n hechos de cer\u00e1mica cocida a alta temperatura, con mejor resistencia al calor y pueden cocinarse con seguridad en hornos microondas, hornos, etc.<\/li>\n\n\n\n<li><strong>Esmalte liso, f\u00e1cil de limpiar: <\/strong>Nuestro esmalte de utensilios de cocina al por mayor es denso y suave, no es f\u00e1cil de absorber las manchas de aceite, resistente a los ara\u00f1azos, f\u00e1cil de limpiar, y m\u00e1s libre de preocupaciones para el uso diario.<\/li>\n<\/ul>\n<\/div>\n\n\n\n<div class=\"wp-block-column is-layout-flow wp-block-column-is-layout-flow\">\n<figure class=\"wp-block-image size-full\"><img fetchpriority=\"high\" decoding=\"async\" width=\"1200\" height=\"1200\" src=\"https:\/\/www.yongjianceramic.com\/wp-content\/uploads\/2025\/04\/Modern-Bakingware-Set-Custom-Dinner-Plates-White-With-Blue-Color-Soup-Bowls-Tableware-Set-Factory-Bulk-3.webp\" alt=\"Bandejas De Cer\u00e1mica Al Por Mayor Con Color Azul De Lujo-1\" class=\"wp-image-4478\" srcset=\"https:\/\/www.yongjianceramic.com\/wp-content\/uploads\/2025\/04\/Modern-Bakingware-Set-Custom-Dinner-Plates-White-With-Blue-Color-Soup-Bowls-Tableware-Set-Factory-Bulk-3.webp 1200w, https:\/\/www.yongjianceramic.com\/wp-content\/uploads\/2025\/04\/Modern-Bakingware-Set-Custom-Dinner-Plates-White-With-Blue-Color-Soup-Bowls-Tableware-Set-Factory-Bulk-3-300x300.webp 300w, https:\/\/www.yongjianceramic.com\/wp-content\/uploads\/2025\/04\/Modern-Bakingware-Set-Custom-Dinner-Plates-White-With-Blue-Color-Soup-Bowls-Tableware-Set-Factory-Bulk-3-150x150.webp 150w, https:\/\/www.yongjianceramic.com\/wp-content\/uploads\/2025\/04\/Modern-Bakingware-Set-Custom-Dinner-Plates-White-With-Blue-Color-Soup-Bowls-Tableware-Set-Factory-Bulk-3-768x768.webp 768w, https:\/\/www.yongjianceramic.com\/wp-content\/uploads\/2025\/04\/Modern-Bakingware-Set-Custom-Dinner-Plates-White-With-Blue-Color-Soup-Bowls-Tableware-Set-Factory-Bulk-3-12x12.webp 12w, https:\/\/www.yongjianceramic.com\/wp-content\/uploads\/2025\/04\/Modern-Bakingware-Set-Custom-Dinner-Plates-White-With-Blue-Color-Soup-Bowls-Tableware-Set-Factory-Bulk-3-285x285.webp 285w, https:\/\/www.yongjianceramic.com\/wp-content\/uploads\/2025\/04\/Modern-Bakingware-Set-Custom-Dinner-Plates-White-With-Blue-Color-Soup-Bowls-Tableware-Set-Factory-Bulk-3-270x270.webp 270w, https:\/\/www.yongjianceramic.com\/wp-content\/uploads\/2025\/04\/Modern-Bakingware-Set-Custom-Dinner-Plates-White-With-Blue-Color-Soup-Bowls-Tableware-Set-Factory-Bulk-3-540x540.webp 540w, https:\/\/www.yongjianceramic.com\/wp-content\/uploads\/2025\/04\/Modern-Bakingware-Set-Custom-Dinner-Plates-White-With-Blue-Color-Soup-Bowls-Tableware-Set-Factory-Bulk-3-660x660.webp 660w\" sizes=\"(max-width: 1200px) 100vw, 1200px\" \/><\/figure>\n<\/div>\n<\/div>\n\n\n\n<p><\/p>","protected":false},"excerpt":{"rendered":"<div class=\"lRu31\" dir=\"ltr\">Bienvenido a comprar moldes de cer\u00e1mica al por mayor. Este moderno utensilio de cocina al por mayor tiene un interior blanco y un exterior azul gris\u00e1ceo oscuro. Es bonito y est\u00e1 de moda. Viene en tres tama\u00f1os y perfecto para varios platos como gratinado y estofado.<\/p>\n<div class=\"OvtS8d\">\n<table style=\"border-collapse: collapse; width: 327.02pt;\" border=\"0\" width=\"654\" cellspacing=\"0\" cellpadding=\"0\">\n<tbody>\n<tr style=\"height: 16.50pt;\">\n<td class=\"et3\" style=\"height: 16.50pt; width: 127.20pt;\" width=\"254\" height=\"33\">Fabricante<\/td>\n<td class=\"et3\" style=\"width: 200.15pt;\" width=\"400\">Yongjian<\/td>\n<\/tr>\n<tr style=\"height: 16.50pt;\">\n<td class=\"et3\" style=\"height: 16.50pt;\" height=\"33\">N\u00ba de modelo<\/td>\n<td class=\"et4\" style=\"width: 200.15pt;\" width=\"400\">YJ-113<\/td>\n<\/tr>\n<tr style=\"height: 16.50pt;\">\n<td class=\"et3\" style=\"height: 16.50pt;\" height=\"33\">Tipo de producto<\/td>\n<td class=\"et3\">Bandeja<\/td>\n<\/tr>\n<tr style=\"height: 16.50pt;\">\n<td class=\"et3\" style=\"height: 16.50pt;\" height=\"33\">Material<\/td>\n<td class=\"et3\">Porcelana<\/td>\n<\/tr>\n<tr style=\"height: 16.50pt;\">\n<td class=\"et5\" style=\"height: 16.50pt;\" height=\"33\">Color<\/td>\n<td class=\"et3\">Como imagen<\/td>\n<\/tr>\n<tr style=\"height: 49.50pt;\">\n<td class=\"et3\" style=\"height: 49.50pt;\" height=\"99\">Dimensi\u00f3n<\/td>\n<td class=\"et6\" style=\"width: 200.15pt;\" width=\"400\">21*15*5cm 25,4*19*5,5cm 30,5*21,6*5,8cm<\/td>\n<\/tr>\n<tr style=\"height: 16.50pt;\">\n<td class=\"et3\" style=\"height: 16.50pt;\" height=\"33\">MOQ<\/td>\n<td class=\"et3\">500 unidades<\/td>\n<\/tr>\n<tr style=\"height: 16.50pt;\">\n<td class=\"et3\" style=\"height: 16.50pt;\" height=\"33\">A medida<\/td>\n<td class=\"et3\">Color\/Tama\u00f1o\/Logotipo\/Embalaje<\/td>\n<\/tr>\n<\/tbody>\n<\/table>\n<\/div>\n<div id=\"ow17\">\u00a0<\/div>\n<\/div>\n<div class=\"UdTY9 WdefRb\" aria-hidden=\"true\" data-location=\"2\">\u00a0<\/div>","protected":false},"featured_media":4480,"comment_status":"closed","ping_status":"closed","template":"","meta":{"_acf_changed":false},"product_brand":[],"product_cat":[99,62],"product_tag":[],"class_list":{"0":"post-4475","1":"product","2":"type-product","3":"status-publish","4":"has-post-thumbnail","6":"product_cat-baking-dishes-wholesale","7":"product_cat-ceramic-plates-wholesale","9":"first","10":"instock","11":"shipping-taxable","12":"product-type-simple"},"acf":[],"_links":{"self":[{"href":"https:\/\/www.yongjianceramic.com\/es\/wp-json\/wp\/v2\/product\/4475","targetHints":{"allow":["GET"]}}],"collection":[{"href":"https:\/\/www.yongjianceramic.com\/es\/wp-json\/wp\/v2\/product"}],"about":[{"href":"https:\/\/www.yongjianceramic.com\/es\/wp-json\/wp\/v2\/types\/product"}],"replies":[{"embeddable":true,"href":"https:\/\/www.yongjianceramic.com\/es\/wp-json\/wp\/v2\/comments?post=4475"}],"wp:featuredmedia":[{"embeddable":true,"href":"https:\/\/www.yongjianceramic.com\/es\/wp-json\/wp\/v2\/media\/4480"}],"wp:attachment":[{"href":"https:\/\/www.yongjianceramic.com\/es\/wp-json\/wp\/v2\/media?parent=4475"}],"wp:term":[{"taxonomy":"product_brand","embeddable":true,"href":"https:\/\/www.yongjianceramic.com\/es\/wp-json\/wp\/v2\/product_brand?post=4475"},{"taxonomy":"product_cat","embeddable":true,"href":"https:\/\/www.yongjianceramic.com\/es\/wp-json\/wp\/v2\/product_cat?post=4475"},{"taxonomy":"product_tag","embeddable":true,"href":"https:\/\/www.yongjianceramic.com\/es\/wp-json\/wp\/v2\/product_tag?post=4475"}],"curies":[{"name":"wp","href":"https:\/\/api.w.org\/{rel}","templated":true}]}}