{"id":4481,"date":"2025-04-08T12:13:23","date_gmt":"2025-04-08T04:13:23","guid":{"rendered":"https:\/\/www.yongjianceramic.com\/?post_type=product&#038;p=4481"},"modified":"2025-04-08T12:13:50","modified_gmt":"2025-04-08T04:13:50","slug":"baking-dishes-wholesale","status":"publish","type":"product","link":"https:\/\/www.yongjianceramic.com\/es\/producto\/baking-dishes-wholesale\/","title":{"rendered":"Platos de Cer\u00e1mica para Hornear al por mayor, Cazuelas para Hornear al por mayor"},"content":{"rendered":"<div class=\"wp-block-columns is-layout-flex wp-container-core-columns-is-layout-9d6595d7 wp-block-columns-is-layout-flex\">\n<div class=\"wp-block-column is-layout-flow wp-block-column-is-layout-flow\">\n<h2 class=\"wp-block-heading\">Platos para hornear de primera calidad al por mayor Caracter\u00edsticas:<\/h2>\n\n\n\n<ul class=\"wp-block-list\">\n<li><strong>Bandeja de horno cuadrada, moderna y pr\u00e1ctica: <\/strong>Nuestros platos de cer\u00e1mica para hornear al por mayor tienen una forma cuadrada que proporciona un espacio m\u00e1s accesible, y es sencillo a\u00f1adir los ingredientes. Se puede utilizar en muchos m\u00e9todos de cocci\u00f3n diferentes, como gratinar, hornear, guisar, etc.<\/li>\n\n\n\n<li><strong>Combinaci\u00f3n de colores cl\u00e1sica, sencilla y vers\u00e1til: <\/strong>El cuerpo blanco puro de nuestros utensilios de cer\u00e1mica para hornear al por mayor se combina con un delicado borde negro, sencillo pero elegante, adecuado para cualquier mesa, ideal para familias y servicios de catering.<\/li>\n\n\n\n<li><strong>Cer\u00e1mica de alta temperatura, resistente al calor y estable:<\/strong> Estos platos de cer\u00e1mica para hornear al por mayor poseen una fina resistencia al calor y pueden utilizarse con seguridad en hornos, microondas, etc., de modo que los alimentos se calientan uniformemente y cocinar resulta m\u00e1s f\u00e1cil.<\/li>\n\n\n\n<li><strong>Esmalte liso, f\u00e1cil de limpiar y mantener:<\/strong> Nuestro esmalte de cer\u00e1mica para hornear al por mayor es suave y fino, no es f\u00e1cil de absorber las manchas de aceite, resistente a los ara\u00f1azos, f\u00e1cil de limpiar despu\u00e9s de su uso, especialmente para el uso diario hoteles y restaurantes.<\/li>\n<\/ul>\n<\/div>\n\n\n\n<div class=\"wp-block-column is-layout-flow wp-block-column-is-layout-flow\">\n<figure class=\"wp-block-image size-full\"><img fetchpriority=\"high\" decoding=\"async\" width=\"800\" height=\"800\" src=\"https:\/\/www.yongjianceramic.com\/wp-content\/uploads\/2025\/04\/Wholesale-Ceramic-Crockery-Backing-Plate-Ceramic-Bakeware-Serving-Bowls-Dinnerware-Manufacturers-2-1.webp\" alt=\"Platos de Cer\u00e1mica para Hornear al por Mayor, Cazuelas para Hornear al por Mayor-2\" class=\"wp-image-4490\" srcset=\"https:\/\/www.yongjianceramic.com\/wp-content\/uploads\/2025\/04\/Wholesale-Ceramic-Crockery-Backing-Plate-Ceramic-Bakeware-Serving-Bowls-Dinnerware-Manufacturers-2-1.webp 800w, https:\/\/www.yongjianceramic.com\/wp-content\/uploads\/2025\/04\/Wholesale-Ceramic-Crockery-Backing-Plate-Ceramic-Bakeware-Serving-Bowls-Dinnerware-Manufacturers-2-1-300x300.webp 300w, https:\/\/www.yongjianceramic.com\/wp-content\/uploads\/2025\/04\/Wholesale-Ceramic-Crockery-Backing-Plate-Ceramic-Bakeware-Serving-Bowls-Dinnerware-Manufacturers-2-1-150x150.webp 150w, https:\/\/www.yongjianceramic.com\/wp-content\/uploads\/2025\/04\/Wholesale-Ceramic-Crockery-Backing-Plate-Ceramic-Bakeware-Serving-Bowls-Dinnerware-Manufacturers-2-1-768x768.webp 768w, https:\/\/www.yongjianceramic.com\/wp-content\/uploads\/2025\/04\/Wholesale-Ceramic-Crockery-Backing-Plate-Ceramic-Bakeware-Serving-Bowls-Dinnerware-Manufacturers-2-1-12x12.webp 12w, https:\/\/www.yongjianceramic.com\/wp-content\/uploads\/2025\/04\/Wholesale-Ceramic-Crockery-Backing-Plate-Ceramic-Bakeware-Serving-Bowls-Dinnerware-Manufacturers-2-1-285x285.webp 285w, https:\/\/www.yongjianceramic.com\/wp-content\/uploads\/2025\/04\/Wholesale-Ceramic-Crockery-Backing-Plate-Ceramic-Bakeware-Serving-Bowls-Dinnerware-Manufacturers-2-1-270x270.webp 270w, https:\/\/www.yongjianceramic.com\/wp-content\/uploads\/2025\/04\/Wholesale-Ceramic-Crockery-Backing-Plate-Ceramic-Bakeware-Serving-Bowls-Dinnerware-Manufacturers-2-1-540x540.webp 540w, https:\/\/www.yongjianceramic.com\/wp-content\/uploads\/2025\/04\/Wholesale-Ceramic-Crockery-Backing-Plate-Ceramic-Bakeware-Serving-Bowls-Dinnerware-Manufacturers-2-1-660x660.webp 660w\" sizes=\"(max-width: 800px) 100vw, 800px\" \/><\/figure>\n<\/div>\n<\/div>","protected":false},"excerpt":{"rendered":"<p>Bienvenido a comprar utensilios de cer\u00e1mica para hornear al por mayor. Nuestros platos para hornear cuadrados al por mayor adopta un blanco simple con dise\u00f1o de marco negro, moderno y elegante, adecuado para hornear, gratinar, guisar y otros platos, adecuados tanto para el hogar y la restauraci\u00f3n comercial.<\/p>\n<table style=\"border-collapse: collapse; width: 327.02pt;\" border=\"0\" width=\"654\" cellspacing=\"0\" cellpadding=\"0\">\n<tbody>\n<tr style=\"height: 16.50pt;\">\n<td class=\"et3\" style=\"height: 16.50pt; width: 127.20pt;\" width=\"254\" height=\"33\">Fabricante<\/td>\n<td class=\"et3\" style=\"width: 200.15pt;\" width=\"400\">Yongjian<\/td>\n<\/tr>\n<tr style=\"height: 16.50pt;\">\n<td class=\"et3\" style=\"height: 16.50pt;\" height=\"33\">N\u00ba de modelo<\/td>\n<td class=\"et4\" style=\"width: 200.15pt;\" width=\"400\">YJ-114<\/td>\n<\/tr>\n<tr style=\"height: 16.50pt;\">\n<td class=\"et3\" style=\"height: 16.50pt;\" height=\"33\">Tipo de producto<\/td>\n<td class=\"et3\">Bandeja<\/td>\n<\/tr>\n<tr style=\"height: 16.50pt;\">\n<td class=\"et3\" style=\"height: 16.50pt;\" height=\"33\">Material<\/td>\n<td class=\"et3\">Porcelana<\/td>\n<\/tr>\n<tr style=\"height: 16.50pt;\">\n<td class=\"et5\" style=\"height: 16.50pt;\" height=\"33\">Color<\/td>\n<td class=\"et3\">Como imagen<\/td>\n<\/tr>\n<tr style=\"height: 16.50pt;\">\n<td class=\"et3\" style=\"height: 16.50pt;\" height=\"33\">Dimensi\u00f3n<\/td>\n<td class=\"et6\" style=\"width: 200.15pt;\" width=\"400\">14,5*11,5*5,5cm<\/td>\n<\/tr>\n<tr style=\"height: 16.50pt;\">\n<td class=\"et3\" style=\"height: 16.50pt;\" height=\"33\">MOQ<\/td>\n<td class=\"et3\">500 unidades<\/td>\n<\/tr>\n<tr style=\"height: 16.50pt;\">\n<td class=\"et3\" style=\"height: 16.50pt;\" height=\"33\">A medida<\/td>\n<td class=\"et3\">Color\/Tama\u00f1o\/Logotipo\/Embalaje<\/td>\n<\/tr>\n<\/tbody>\n<\/table>","protected":false},"featured_media":4489,"comment_status":"closed","ping_status":"closed","template":"","meta":{"_acf_changed":false},"product_brand":[],"product_cat":[99,63,75],"product_tag":[],"class_list":{"0":"post-4481","1":"product","2":"type-product","3":"status-publish","4":"has-post-thumbnail","6":"product_cat-baking-dishes-wholesale","7":"product_cat-wholesale-bowls","8":"product_cat-handled-bowls-wholesale","10":"first","11":"instock","12":"shipping-taxable","13":"product-type-simple"},"acf":[],"_links":{"self":[{"href":"https:\/\/www.yongjianceramic.com\/es\/wp-json\/wp\/v2\/product\/4481","targetHints":{"allow":["GET"]}}],"collection":[{"href":"https:\/\/www.yongjianceramic.com\/es\/wp-json\/wp\/v2\/product"}],"about":[{"href":"https:\/\/www.yongjianceramic.com\/es\/wp-json\/wp\/v2\/types\/product"}],"replies":[{"embeddable":true,"href":"https:\/\/www.yongjianceramic.com\/es\/wp-json\/wp\/v2\/comments?post=4481"}],"wp:featuredmedia":[{"embeddable":true,"href":"https:\/\/www.yongjianceramic.com\/es\/wp-json\/wp\/v2\/media\/4489"}],"wp:attachment":[{"href":"https:\/\/www.yongjianceramic.com\/es\/wp-json\/wp\/v2\/media?parent=4481"}],"wp:term":[{"taxonomy":"product_brand","embeddable":true,"href":"https:\/\/www.yongjianceramic.com\/es\/wp-json\/wp\/v2\/product_brand?post=4481"},{"taxonomy":"product_cat","embeddable":true,"href":"https:\/\/www.yongjianceramic.com\/es\/wp-json\/wp\/v2\/product_cat?post=4481"},{"taxonomy":"product_tag","embeddable":true,"href":"https:\/\/www.yongjianceramic.com\/es\/wp-json\/wp\/v2\/product_tag?post=4481"}],"curies":[{"name":"wp","href":"https:\/\/api.w.org\/{rel}","templated":true}]}}