{"id":4536,"date":"2025-04-14T11:57:57","date_gmt":"2025-04-14T03:57:57","guid":{"rendered":"https:\/\/www.yongjianceramic.com\/?post_type=product&#038;p=4536"},"modified":"2025-04-14T11:57:59","modified_gmt":"2025-04-14T03:57:59","slug":"tokkuri-and-sake-cups-wholesale","status":"publish","type":"product","link":"https:\/\/www.yongjianceramic.com\/es\/producto\/tokkuri-and-sake-cups-wholesale\/","title":{"rendered":"Tokkuri Japon\u00e9s y Vasos de Sake al por mayor, Juegos de Sake personalizados"},"content":{"rendered":"<div class=\"wp-block-columns is-layout-flex wp-container-core-columns-is-layout-9d6595d7 wp-block-columns-is-layout-flex\">\n<div class=\"wp-block-column is-layout-flow wp-block-column-is-layout-flow\">\n<h2 class=\"wp-block-heading\">Tazas de Tokkuri y Sake Premium al por mayor Caracter\u00edsticas:<\/h2>\n\n\n\n<ul class=\"wp-block-list\">\n<li><strong>Bote de sake con taza, dise\u00f1o de juego completo:<\/strong> Este juego de Tokkuri y tazas de sake al por mayor incluye un recipiente de sake y una taza, con un estilo unificado y f\u00e1cil de usar, adecuado para beber a diario o recibir invitados, realzando el sentido ritual de la bebida.<\/li>\n\n\n\n<li><strong>Dise\u00f1o de patr\u00f3n de m\u00e1rmol, textura de alta calidad: <\/strong>La superficie de nuestros juegos de sake personalizados est\u00e1 decorada con una textura de m\u00e1rmol \u00fanica, natural y lisa, sencilla y noble, con efectos visuales excepcionales y una est\u00e9tica moderna.<\/li>\n\n\n\n<li><strong>Estilo japon\u00e9s, sencillo y elegante: <\/strong>Nuestro juego de tazas de Tokkuri y sake al por mayor est\u00e1 inspirado en la est\u00e9tica japonesa, con formas suaves y colores elegantes, integrando la cultura oriental y la est\u00e9tica moderna, adecuado para el hogar, casas de t\u00e9 y restaurantes japoneses.<\/li>\n\n\n\n<li><strong>Cer\u00e1mica cocida a alta temperatura, segura y duradera: <\/strong>Este juego de sake personalizado est\u00e1 fabricado con tecnolog\u00eda cer\u00e1mica de alta temperatura, el esmalte es delicado y suave, resistente al calor y a las grietas, adecuado para beber vino caliente, y f\u00e1cil de limpiar y mantener a diario.<\/li>\n<\/ul>\n<\/div>\n\n\n\n<div class=\"wp-block-column is-layout-flow wp-block-column-is-layout-flow\">\n<figure class=\"wp-block-image size-full\"><img fetchpriority=\"high\" decoding=\"async\" width=\"800\" height=\"800\" src=\"https:\/\/www.yongjianceramic.com\/wp-content\/uploads\/2025\/04\/dinnerware-manufacturerscrockery-wholesalecupsaucer-6.webp\" alt=\"Tokkuri Japon\u00e9s y Vasos de Sake al por mayor, Sake Personalizado Sets-1\" class=\"wp-image-4542\" srcset=\"https:\/\/www.yongjianceramic.com\/wp-content\/uploads\/2025\/04\/dinnerware-manufacturerscrockery-wholesalecupsaucer-6.webp 800w, https:\/\/www.yongjianceramic.com\/wp-content\/uploads\/2025\/04\/dinnerware-manufacturerscrockery-wholesalecupsaucer-6-300x300.webp 300w, https:\/\/www.yongjianceramic.com\/wp-content\/uploads\/2025\/04\/dinnerware-manufacturerscrockery-wholesalecupsaucer-6-150x150.webp 150w, https:\/\/www.yongjianceramic.com\/wp-content\/uploads\/2025\/04\/dinnerware-manufacturerscrockery-wholesalecupsaucer-6-768x768.webp 768w, https:\/\/www.yongjianceramic.com\/wp-content\/uploads\/2025\/04\/dinnerware-manufacturerscrockery-wholesalecupsaucer-6-12x12.webp 12w, https:\/\/www.yongjianceramic.com\/wp-content\/uploads\/2025\/04\/dinnerware-manufacturerscrockery-wholesalecupsaucer-6-285x285.webp 285w, https:\/\/www.yongjianceramic.com\/wp-content\/uploads\/2025\/04\/dinnerware-manufacturerscrockery-wholesalecupsaucer-6-270x270.webp 270w, https:\/\/www.yongjianceramic.com\/wp-content\/uploads\/2025\/04\/dinnerware-manufacturerscrockery-wholesalecupsaucer-6-540x540.webp 540w, https:\/\/www.yongjianceramic.com\/wp-content\/uploads\/2025\/04\/dinnerware-manufacturerscrockery-wholesalecupsaucer-6-660x660.webp 660w\" sizes=\"(max-width: 800px) 100vw, 800px\" \/><\/figure>\n<\/div>\n<\/div>\n\n\n\n<p><\/p>","protected":false},"excerpt":{"rendered":"<p>Bienvenido a comprar juegos de sake personalizados. Nuestros Tokkuri y Vasos de Sake al por mayor tienen un dise\u00f1o elegante y muestran un sentido de ceremonia. La textura \u00fanica de m\u00e1rmol se combina con material cer\u00e1mico de alta temperatura, que es a la vez hermoso y pr\u00e1ctico, adecuado para el hogar, restaurante japon\u00e9s o espacio de t\u00e9 y vino.<\/p>\n<table style=\"border-collapse: collapse; width: 327.02pt;\" border=\"0\" width=\"654\" cellspacing=\"0\" cellpadding=\"0\">\n<tbody>\n<tr style=\"height: 16.50pt;\">\n<td class=\"et3\" style=\"height: 16.50pt; width: 127.20pt;\" width=\"254\" height=\"33\">Fabricante<\/td>\n<td class=\"et3\" style=\"width: 200.15pt;\" width=\"400\">Yongjian<\/td>\n<\/tr>\n<tr style=\"height: 16.50pt;\">\n<td class=\"et3\" style=\"height: 16.50pt;\" height=\"33\">N\u00ba de modelo<\/td>\n<td class=\"et4\" style=\"width: 200.15pt;\" width=\"400\">YJ-118<\/td>\n<\/tr>\n<tr style=\"height: 16.50pt;\">\n<td class=\"et3\" style=\"height: 16.50pt;\" height=\"33\">Tipo de producto<\/td>\n<td class=\"et3\">Tazas y platillos<\/td>\n<\/tr>\n<tr style=\"height: 16.50pt;\">\n<td class=\"et3\" style=\"height: 16.50pt;\" height=\"33\">Material<\/td>\n<td class=\"et3\">Porcelana<\/td>\n<\/tr>\n<tr style=\"height: 16.50pt;\">\n<td class=\"et5\" style=\"height: 16.50pt;\" height=\"33\">Color<\/td>\n<td class=\"et3\">Como imagen<\/td>\n<\/tr>\n<tr style=\"height: 33.00pt;\">\n<td class=\"et3\" style=\"height: 33.00pt;\" height=\"66\">Dimensi\u00f3n<\/td>\n<td class=\"et6\" style=\"width: 200.15pt;\" width=\"400\">Maceta: 13.5*4.5cm Taza: 5.2*5.2*4.5cm<\/td>\n<\/tr>\n<tr style=\"height: 16.50pt;\">\n<td class=\"et3\" style=\"height: 16.50pt;\" height=\"33\">MOQ<\/td>\n<td class=\"et3\">500 unidades<\/td>\n<\/tr>\n<tr style=\"height: 16.50pt;\">\n<td class=\"et3\" style=\"height: 16.50pt;\" height=\"33\">A medida<\/td>\n<td class=\"et3\">Color\/Tama\u00f1o\/Logotipo\/Embalaje<\/td>\n<\/tr>\n<\/tbody>\n<\/table>","protected":false},"featured_media":4539,"comment_status":"closed","ping_status":"closed","template":"","meta":{"_acf_changed":false},"product_brand":[],"product_cat":[65,90],"product_tag":[88],"class_list":{"0":"post-4536","1":"product","2":"type-product","3":"status-publish","4":"has-post-thumbnail","6":"product_cat-wholesale-cups-and-mugs","7":"product_cat-wholesale-tea-sets","8":"product_tag-japanese-style-dinnerware-set-wholesale","10":"first","11":"instock","12":"shipping-taxable","13":"product-type-simple"},"acf":[],"_links":{"self":[{"href":"https:\/\/www.yongjianceramic.com\/es\/wp-json\/wp\/v2\/product\/4536","targetHints":{"allow":["GET"]}}],"collection":[{"href":"https:\/\/www.yongjianceramic.com\/es\/wp-json\/wp\/v2\/product"}],"about":[{"href":"https:\/\/www.yongjianceramic.com\/es\/wp-json\/wp\/v2\/types\/product"}],"replies":[{"embeddable":true,"href":"https:\/\/www.yongjianceramic.com\/es\/wp-json\/wp\/v2\/comments?post=4536"}],"wp:featuredmedia":[{"embeddable":true,"href":"https:\/\/www.yongjianceramic.com\/es\/wp-json\/wp\/v2\/media\/4539"}],"wp:attachment":[{"href":"https:\/\/www.yongjianceramic.com\/es\/wp-json\/wp\/v2\/media?parent=4536"}],"wp:term":[{"taxonomy":"product_brand","embeddable":true,"href":"https:\/\/www.yongjianceramic.com\/es\/wp-json\/wp\/v2\/product_brand?post=4536"},{"taxonomy":"product_cat","embeddable":true,"href":"https:\/\/www.yongjianceramic.com\/es\/wp-json\/wp\/v2\/product_cat?post=4536"},{"taxonomy":"product_tag","embeddable":true,"href":"https:\/\/www.yongjianceramic.com\/es\/wp-json\/wp\/v2\/product_tag?post=4536"}],"curies":[{"name":"wp","href":"https:\/\/api.w.org\/{rel}","templated":true}]}}