{"id":4546,"date":"2025-04-13T17:01:59","date_gmt":"2025-04-13T09:01:59","guid":{"rendered":"https:\/\/www.yongjianceramic.com\/?post_type=product&#038;p=4546"},"modified":"2025-04-13T17:02:02","modified_gmt":"2025-04-13T09:02:02","slug":"wholesale-coffee-mug","status":"publish","type":"product","link":"https:\/\/www.yongjianceramic.com\/es\/producto\/wholesale-coffee-mug\/","title":{"rendered":"Taza de caf\u00e9 al por mayor de la f\u00e1brica, taza de cer\u00e1mica del esmalte reactivo a granel"},"content":{"rendered":"<div class=\"wp-block-columns is-layout-flex wp-container-core-columns-is-layout-9d6595d7 wp-block-columns-is-layout-flex\">\n<div class=\"wp-block-column is-layout-flow wp-block-column-is-layout-flow\">\n<h2 class=\"wp-block-heading\">Taza de caf\u00e9 al por mayor Premium Caracter\u00edsticas:<\/h2>\n\n\n\n<ul class=\"wp-block-list\">\n<li><strong>Gran capacidad de 500 ml, que satisface las necesidades de diversas bebidas: <\/strong>El dise\u00f1o de gran capacidad de esta taza de caf\u00e9 al por mayor es adecuado para una gran variedad de bebidas para el desayuno, como leche, caf\u00e9, avena, zumo, etc.<\/li>\n\n\n\n<li><strong>Forma sencilla, funcional y duradera: <\/strong>Esta taza de cer\u00e1mica a granel presenta l\u00edneas minimalistas y un dise\u00f1o sencillo pero sutil. Es adecuada para cualquier tipo de ocasi\u00f3n, como uso dom\u00e9stico, cafeter\u00edas, hoteles, etc., y es f\u00e1cil de mezclar con diferentes estilos de mesas de comedor.<\/li>\n\n\n\n<li><strong>Cocci\u00f3n cer\u00e1mica a alta temperatura, segura y duradera: <\/strong>Fabricada con materiales cer\u00e1micos de alta calidad, cocida a alta temperatura, esta taza de caf\u00e9 al por mayor tiene buena resistencia al calor y estabilidad, se puede utilizar en hornos microondas y lavavajillas, y m\u00e1s libre de preocupaciones para el uso diario.<\/li>\n\n\n\n<li><strong>Apoyar la personalizaci\u00f3n para cumplir con la personalizaci\u00f3n de la marca: <\/strong>La compra de nuestras tazas de cer\u00e1mica al por mayor permite personalizar colores, dise\u00f1os, LOGO, etc., adecuadas para la promoci\u00f3n de marcas, regalos de comercio electr\u00f3nico o catering en cadena, para crear tazas personalizadas exclusivas.<\/li>\n<\/ul>\n<\/div>\n\n\n\n<div class=\"wp-block-column is-layout-flow wp-block-column-is-layout-flow\">\n<figure class=\"wp-block-image size-full\"><img fetchpriority=\"high\" decoding=\"async\" width=\"800\" height=\"800\" src=\"https:\/\/www.yongjianceramic.com\/wp-content\/uploads\/2025\/04\/ceramic-custom-mugstableware-ceramic-wholesalecrockery-manufacturers-7.webp\" alt=\"Taza de caf\u00e9 al por mayor de la f\u00e1brica, taza de cer\u00e1mica del esmalte reactivo Bulk-7\" class=\"wp-image-4553\" srcset=\"https:\/\/www.yongjianceramic.com\/wp-content\/uploads\/2025\/04\/ceramic-custom-mugstableware-ceramic-wholesalecrockery-manufacturers-7.webp 800w, https:\/\/www.yongjianceramic.com\/wp-content\/uploads\/2025\/04\/ceramic-custom-mugstableware-ceramic-wholesalecrockery-manufacturers-7-300x300.webp 300w, https:\/\/www.yongjianceramic.com\/wp-content\/uploads\/2025\/04\/ceramic-custom-mugstableware-ceramic-wholesalecrockery-manufacturers-7-150x150.webp 150w, https:\/\/www.yongjianceramic.com\/wp-content\/uploads\/2025\/04\/ceramic-custom-mugstableware-ceramic-wholesalecrockery-manufacturers-7-768x768.webp 768w, https:\/\/www.yongjianceramic.com\/wp-content\/uploads\/2025\/04\/ceramic-custom-mugstableware-ceramic-wholesalecrockery-manufacturers-7-12x12.webp 12w, https:\/\/www.yongjianceramic.com\/wp-content\/uploads\/2025\/04\/ceramic-custom-mugstableware-ceramic-wholesalecrockery-manufacturers-7-285x285.webp 285w, https:\/\/www.yongjianceramic.com\/wp-content\/uploads\/2025\/04\/ceramic-custom-mugstableware-ceramic-wholesalecrockery-manufacturers-7-270x270.webp 270w, https:\/\/www.yongjianceramic.com\/wp-content\/uploads\/2025\/04\/ceramic-custom-mugstableware-ceramic-wholesalecrockery-manufacturers-7-540x540.webp 540w, https:\/\/www.yongjianceramic.com\/wp-content\/uploads\/2025\/04\/ceramic-custom-mugstableware-ceramic-wholesalecrockery-manufacturers-7-660x660.webp 660w\" sizes=\"(max-width: 800px) 100vw, 800px\" \/><\/figure>\n<\/div>\n<\/div>","protected":false},"excerpt":{"rendered":"<p>Bienvenido a comprar tazas de cer\u00e1mica al por mayor. Esta taza de caf\u00e9 de 500 ml al por mayor es funcional con un dise\u00f1o sencillo y elegante. Es de uso general para contener diversas bebidas calientes como leche y caf\u00e9. Utiliza cer\u00e1mica de alta temperatura, por lo que es seguro, durable, y tambi\u00e9n permite la personalizaci\u00f3n individual, perfecto para uso dom\u00e9stico y fines comerciales.<\/p>\n<table style=\"border-collapse: collapse; width: 327.02pt;\" border=\"0\" width=\"654\" cellspacing=\"0\" cellpadding=\"0\">\n<tbody>\n<tr style=\"height: 16.50pt;\">\n<td class=\"et3\" style=\"height: 16.50pt; width: 127.20pt;\" width=\"254\" height=\"33\">Fabricante<\/td>\n<td class=\"et3\" style=\"width: 200.15pt;\" width=\"400\">Yongjian<\/td>\n<\/tr>\n<tr style=\"height: 16.50pt;\">\n<td class=\"et3\" style=\"height: 16.50pt;\" height=\"33\">N\u00ba de modelo<\/td>\n<td class=\"et4\" style=\"width: 200.15pt;\" width=\"400\">YJ-119<\/td>\n<\/tr>\n<tr style=\"height: 16.50pt;\">\n<td class=\"et3\" style=\"height: 16.50pt;\" height=\"33\">Tipo de producto<\/td>\n<td class=\"et3\">Tazas y platillos<\/td>\n<\/tr>\n<tr style=\"height: 16.50pt;\">\n<td class=\"et3\" style=\"height: 16.50pt;\" height=\"33\">Material<\/td>\n<td class=\"et3\">Porcelana<\/td>\n<\/tr>\n<tr style=\"height: 16.50pt;\">\n<td class=\"et5\" style=\"height: 16.50pt;\" height=\"33\">Color<\/td>\n<td class=\"et3\">Como imagen<\/td>\n<\/tr>\n<tr style=\"height: 16.50pt;\">\n<td class=\"et3\" style=\"height: 16.50pt;\" height=\"33\">Dimensi\u00f3n<\/td>\n<td class=\"et6\" style=\"width: 200.15pt;\" width=\"400\">10,6*10,6*8,2 cm<\/td>\n<\/tr>\n<tr style=\"height: 16.50pt;\">\n<td class=\"et3\" style=\"height: 16.50pt;\" height=\"33\">MOQ<\/td>\n<td class=\"et3\">500 unidades<\/td>\n<\/tr>\n<tr style=\"height: 16.50pt;\">\n<td class=\"et3\" style=\"height: 16.50pt;\" height=\"33\">A medida<\/td>\n<td class=\"et3\">Color\/Tama\u00f1o\/Logotipo\/Embalaje<\/td>\n<\/tr>\n<\/tbody>\n<\/table>","protected":false},"featured_media":4549,"comment_status":"closed","ping_status":"closed","template":"","meta":{"_acf_changed":false},"product_brand":[],"product_cat":[65,91],"product_tag":[88,81,86],"class_list":{"0":"post-4546","1":"product","2":"type-product","3":"status-publish","4":"has-post-thumbnail","6":"product_cat-wholesale-cups-and-mugs","7":"product_cat-wholesale-mugs","8":"product_tag-japanese-style-dinnerware-set-wholesale","9":"product_tag-modern-design-dinnerware-set-wholesale","10":"product_tag-oriental-style-dinnerware-wholesale","12":"first","13":"instock","14":"shipping-taxable","15":"product-type-simple"},"acf":[],"_links":{"self":[{"href":"https:\/\/www.yongjianceramic.com\/es\/wp-json\/wp\/v2\/product\/4546","targetHints":{"allow":["GET"]}}],"collection":[{"href":"https:\/\/www.yongjianceramic.com\/es\/wp-json\/wp\/v2\/product"}],"about":[{"href":"https:\/\/www.yongjianceramic.com\/es\/wp-json\/wp\/v2\/types\/product"}],"replies":[{"embeddable":true,"href":"https:\/\/www.yongjianceramic.com\/es\/wp-json\/wp\/v2\/comments?post=4546"}],"wp:featuredmedia":[{"embeddable":true,"href":"https:\/\/www.yongjianceramic.com\/es\/wp-json\/wp\/v2\/media\/4549"}],"wp:attachment":[{"href":"https:\/\/www.yongjianceramic.com\/es\/wp-json\/wp\/v2\/media?parent=4546"}],"wp:term":[{"taxonomy":"product_brand","embeddable":true,"href":"https:\/\/www.yongjianceramic.com\/es\/wp-json\/wp\/v2\/product_brand?post=4546"},{"taxonomy":"product_cat","embeddable":true,"href":"https:\/\/www.yongjianceramic.com\/es\/wp-json\/wp\/v2\/product_cat?post=4546"},{"taxonomy":"product_tag","embeddable":true,"href":"https:\/\/www.yongjianceramic.com\/es\/wp-json\/wp\/v2\/product_tag?post=4546"}],"curies":[{"name":"wp","href":"https:\/\/api.w.org\/{rel}","templated":true}]}}