{"id":4560,"date":"2025-04-21T11:13:48","date_gmt":"2025-04-21T03:13:48","guid":{"rendered":"https:\/\/www.yongjianceramic.com\/?post_type=product&#038;p=4560"},"modified":"2025-04-21T11:13:50","modified_gmt":"2025-04-21T03:13:50","slug":"sushi-plates-wholesale","status":"publish","type":"product","link":"https:\/\/www.yongjianceramic.com\/es\/producto\/sushi-plates-wholesale\/","title":{"rendered":"Platos de Cer\u00e1mica para Sushi al por mayor, Forma irregular 10\/12 pulgadas Platos a granel"},"content":{"rendered":"<div class=\"wp-block-columns is-layout-flex wp-container-core-columns-is-layout-9d6595d7 wp-block-columns-is-layout-flex\">\n<div class=\"wp-block-column is-layout-flow wp-block-column-is-layout-flow\">\n<h2 class=\"wp-block-heading\">Platos de Sushi Premium al por mayor Caracter\u00edsticas:<\/h2>\n\n\n\n<ul class=\"wp-block-list\">\n<li><strong>M\u00faltiples opciones de tama\u00f1o para satisfacer diferentes necesidades:<\/strong> Nuestros platos de sushi de cer\u00e1mica al por mayor est\u00e1n disponibles en 3 tama\u00f1os, incluyendo 10 pulgadas y 12 pulgadas, adecuados para platos principales, aperitivos, postres y otros fines para satisfacer las necesidades de diversos emplatados.<\/li>\n\n\n\n<li><strong>Dise\u00f1o de forma especial, que rompe con la forma tradicional: <\/strong>El dise\u00f1o de bordes irregulares de estos platos de sushi a granel rompe el clich\u00e9 del cuadrado, aumenta el impacto visual y crea una buena sensaci\u00f3n art\u00edstica para la mesa de comedor, lo que resulta adecuado para restaurantes de estilo moderno o art\u00edstico.<\/li>\n\n\n\n<li><strong>Artesan\u00eda en relieve, textura tridimensional: <\/strong>La superficie de nuestros platos de sushi de cer\u00e1mica al por mayor adopta la artesan\u00eda en relieve, con patrones exquisitos y rica sensaci\u00f3n de la mano, combinado con textura de cer\u00e1mica, mostrando temperamento de gama alta y elegante.<\/li>\n\n\n\n<li><strong>Hay tres colores opcionales, y el estilo es vers\u00e1til:<\/strong> Nuestros platos de sushi a granel tienen tres tonos de color, disponibles para satisfacer la combinaci\u00f3n de diferentes estilos de mesas de comedor, adecuados para el hogar, restaurante, hotel y otras escenas.<\/li>\n<\/ul>\n<\/div>\n\n\n\n<div class=\"wp-block-column is-layout-flow wp-block-column-is-layout-flow\">\n<figure class=\"wp-block-image size-full\"><img fetchpriority=\"high\" decoding=\"async\" width=\"800\" height=\"800\" src=\"https:\/\/www.yongjianceramic.com\/wp-content\/uploads\/2025\/04\/ceramic-dinnerware-manufacturerwholesale-charger-platesbulk-dinnerware-sets-9.webp\" alt=\"Platos de Cer\u00e1mica para Sushi al por mayor, Forma Irregular 10\/12 pulgadas Platos Bulk-9\" class=\"wp-image-4569\" srcset=\"https:\/\/www.yongjianceramic.com\/wp-content\/uploads\/2025\/04\/ceramic-dinnerware-manufacturerwholesale-charger-platesbulk-dinnerware-sets-9.webp 800w, https:\/\/www.yongjianceramic.com\/wp-content\/uploads\/2025\/04\/ceramic-dinnerware-manufacturerwholesale-charger-platesbulk-dinnerware-sets-9-300x300.webp 300w, https:\/\/www.yongjianceramic.com\/wp-content\/uploads\/2025\/04\/ceramic-dinnerware-manufacturerwholesale-charger-platesbulk-dinnerware-sets-9-150x150.webp 150w, https:\/\/www.yongjianceramic.com\/wp-content\/uploads\/2025\/04\/ceramic-dinnerware-manufacturerwholesale-charger-platesbulk-dinnerware-sets-9-768x768.webp 768w, https:\/\/www.yongjianceramic.com\/wp-content\/uploads\/2025\/04\/ceramic-dinnerware-manufacturerwholesale-charger-platesbulk-dinnerware-sets-9-12x12.webp 12w, https:\/\/www.yongjianceramic.com\/wp-content\/uploads\/2025\/04\/ceramic-dinnerware-manufacturerwholesale-charger-platesbulk-dinnerware-sets-9-285x285.webp 285w, https:\/\/www.yongjianceramic.com\/wp-content\/uploads\/2025\/04\/ceramic-dinnerware-manufacturerwholesale-charger-platesbulk-dinnerware-sets-9-270x270.webp 270w, https:\/\/www.yongjianceramic.com\/wp-content\/uploads\/2025\/04\/ceramic-dinnerware-manufacturerwholesale-charger-platesbulk-dinnerware-sets-9-540x540.webp 540w, https:\/\/www.yongjianceramic.com\/wp-content\/uploads\/2025\/04\/ceramic-dinnerware-manufacturerwholesale-charger-platesbulk-dinnerware-sets-9-660x660.webp 660w\" sizes=\"(max-width: 800px) 100vw, 800px\" \/><\/figure>\n<\/div>\n<\/div>\n\n\n\n<p><\/p>","protected":false},"excerpt":{"rendered":"<p>Bienvenido a comprar platos de sushi al por mayor. Nuestros platos de sushi rectangulares de cer\u00e1mica en relieve al por mayor est\u00e1n disponibles en 3 tama\u00f1os y 3 colores. Combinan relieve y dise\u00f1o de borde irregular, con textura de alta calidad y forma \u00fanica. Es una opci\u00f3n ideal para espacios de comedor modernos de gama alta.<\/p>\n<table style=\"border-collapse: collapse; width: 327.02pt;\" border=\"0\" width=\"654\" cellspacing=\"0\" cellpadding=\"0\">\n<tbody>\n<tr style=\"height: 16.50pt;\">\n<td class=\"et3\" style=\"height: 16.50pt; width: 127.20pt;\" width=\"254\" height=\"33\">Fabricante<\/td>\n<td class=\"et3\" style=\"width: 200.15pt;\" width=\"400\">Yongjian<\/td>\n<\/tr>\n<tr style=\"height: 16.50pt;\">\n<td class=\"et3\" style=\"height: 16.50pt;\" height=\"33\">N\u00ba de modelo<\/td>\n<td class=\"et4\" style=\"width: 200.15pt;\" width=\"400\">YJ-120<\/td>\n<\/tr>\n<tr style=\"height: 16.50pt;\">\n<td class=\"et3\" style=\"height: 16.50pt;\" height=\"33\">Tipo de producto<\/td>\n<td class=\"et3\">Bandeja<\/td>\n<\/tr>\n<tr style=\"height: 16.50pt;\">\n<td class=\"et3\" style=\"height: 16.50pt;\" height=\"33\">Material<\/td>\n<td class=\"et3\">Porcelana<\/td>\n<\/tr>\n<tr style=\"height: 16.50pt;\">\n<td class=\"et5\" style=\"height: 16.50pt;\" height=\"33\">Color<\/td>\n<td class=\"et3\">Como imagen<\/td>\n<\/tr>\n<tr style=\"height: 33.00pt;\">\n<td class=\"et3\" style=\"height: 33.00pt;\" height=\"66\">Dimensi\u00f3n<\/td>\n<td class=\"et6\" style=\"width: 200.15pt;\" width=\"400\">26*10,5*2,5cm 31*12*2cm<\/td>\n<\/tr>\n<tr style=\"height: 16.50pt;\">\n<td class=\"et3\" style=\"height: 16.50pt;\" height=\"33\">MOQ<\/td>\n<td class=\"et3\">500 unidades<\/td>\n<\/tr>\n<tr style=\"height: 16.50pt;\">\n<td class=\"et3\" style=\"height: 16.50pt;\" height=\"33\">A medida<\/td>\n<td class=\"et3\">Color\/Tama\u00f1o\/Logotipo\/Embalaje<\/td>\n<\/tr>\n<\/tbody>\n<\/table>","protected":false},"featured_media":4561,"comment_status":"closed","ping_status":"closed","template":"","meta":{"_acf_changed":false},"product_brand":[],"product_cat":[62,76],"product_tag":[88,81],"class_list":{"0":"post-4560","1":"product","2":"type-product","3":"status-publish","4":"has-post-thumbnail","6":"product_cat-ceramic-plates-wholesale","7":"product_cat-wholesale-serving-platters","8":"product_tag-japanese-style-dinnerware-set-wholesale","9":"product_tag-modern-design-dinnerware-set-wholesale","11":"first","12":"instock","13":"shipping-taxable","14":"product-type-simple"},"acf":[],"_links":{"self":[{"href":"https:\/\/www.yongjianceramic.com\/es\/wp-json\/wp\/v2\/product\/4560","targetHints":{"allow":["GET"]}}],"collection":[{"href":"https:\/\/www.yongjianceramic.com\/es\/wp-json\/wp\/v2\/product"}],"about":[{"href":"https:\/\/www.yongjianceramic.com\/es\/wp-json\/wp\/v2\/types\/product"}],"replies":[{"embeddable":true,"href":"https:\/\/www.yongjianceramic.com\/es\/wp-json\/wp\/v2\/comments?post=4560"}],"wp:featuredmedia":[{"embeddable":true,"href":"https:\/\/www.yongjianceramic.com\/es\/wp-json\/wp\/v2\/media\/4561"}],"wp:attachment":[{"href":"https:\/\/www.yongjianceramic.com\/es\/wp-json\/wp\/v2\/media?parent=4560"}],"wp:term":[{"taxonomy":"product_brand","embeddable":true,"href":"https:\/\/www.yongjianceramic.com\/es\/wp-json\/wp\/v2\/product_brand?post=4560"},{"taxonomy":"product_cat","embeddable":true,"href":"https:\/\/www.yongjianceramic.com\/es\/wp-json\/wp\/v2\/product_cat?post=4560"},{"taxonomy":"product_tag","embeddable":true,"href":"https:\/\/www.yongjianceramic.com\/es\/wp-json\/wp\/v2\/product_tag?post=4560"}],"curies":[{"name":"wp","href":"https:\/\/api.w.org\/{rel}","templated":true}]}}