{"id":4591,"date":"2025-04-21T10:38:26","date_gmt":"2025-04-21T02:38:26","guid":{"rendered":"https:\/\/www.yongjianceramic.com\/?post_type=product&#038;p=4591"},"modified":"2025-04-21T10:38:28","modified_gmt":"2025-04-21T02:38:28","slug":"serving-plates-wholesale","status":"publish","type":"product","link":"https:\/\/www.yongjianceramic.com\/es\/producto\/serving-plates-wholesale\/","title":{"rendered":"Platos Redondos de 8 Pulgadas al por mayor, Platos Redondos al por mayor"},"content":{"rendered":"<div class=\"wp-block-columns is-layout-flex wp-container-core-columns-is-layout-9d6595d7 wp-block-columns-is-layout-flex\">\n<div class=\"wp-block-column is-layout-flow wp-block-column-is-layout-flow\">\n<h2 class=\"wp-block-heading\">Platos de Servir Premium al por mayor Caracter\u00edsticas:<\/h2>\n\n\n\n<ul class=\"wp-block-list\">\n<li><strong>Proceso de esmaltado reactivo, el esmalte fluye de forma natural: <\/strong>Mediante un proceso de esmaltado reactivo a alta temperatura, el color del esmalte de nuestros platos hondos para servir al por mayor presenta cambios \u00fanicos, ricas capas de color y una textura de alta calidad, mostrando la belleza de la artesan\u00eda oriental.<\/li>\n\n\n\n<li><strong>Dise\u00f1o de plato hondo de 8 pulgadas, pr\u00e1ctico y diverso:<\/strong> El tama\u00f1o est\u00e1ndar de 8 pulgadas se corresponde con una forma de plato m\u00e1s honda. Con capacidad suficiente, nuestros platos llanos de cer\u00e1mica a granel son adecuados para pasta, ensalada, arroz al curry, platos al horno y otros platos, satisfaciendo las necesidades diarias y comerciales de catering.<\/li>\n\n\n\n<li><strong>Cer\u00e1mica de alta temperatura, segura y duradera:<\/strong> Hechos de arcilla de alta calidad, cocidos a alta temperatura, nuestros platos hondos para servir al por mayor son resistentes al calor y a los ara\u00f1azos, aptos para microondas, hornos y lavavajillas, pr\u00e1cticos y bonitos a la vez.<\/li>\n\n\n\n<li><strong>Admite la personalizaci\u00f3n para adaptarse a diversas necesidades:<\/strong> Los colores, logotipos o dise\u00f1os pueden personalizarse seg\u00fan sus necesidades. Estos platos de cer\u00e1mica al por mayor pueden ser utilizados por restaurantes, hoteles y tiendas online para crear vajillas personalizadas.<\/li>\n<\/ul>\n<\/div>\n\n\n\n<div class=\"wp-block-column is-layout-flow wp-block-column-is-layout-flow\">\n<figure class=\"wp-block-image size-full\"><img fetchpriority=\"high\" decoding=\"async\" width=\"800\" height=\"800\" src=\"https:\/\/www.yongjianceramic.com\/wp-content\/uploads\/2025\/04\/custom-made-crockeryceramic-plate-manufacturerceramic-dinner-set-wholesale-1.webp\" alt=\"8 Inch Deep Serving Plates Mayorista, Platos Redondos a Granel-5\" class=\"wp-image-4592\" srcset=\"https:\/\/www.yongjianceramic.com\/wp-content\/uploads\/2025\/04\/custom-made-crockeryceramic-plate-manufacturerceramic-dinner-set-wholesale-1.webp 800w, https:\/\/www.yongjianceramic.com\/wp-content\/uploads\/2025\/04\/custom-made-crockeryceramic-plate-manufacturerceramic-dinner-set-wholesale-1-300x300.webp 300w, https:\/\/www.yongjianceramic.com\/wp-content\/uploads\/2025\/04\/custom-made-crockeryceramic-plate-manufacturerceramic-dinner-set-wholesale-1-150x150.webp 150w, https:\/\/www.yongjianceramic.com\/wp-content\/uploads\/2025\/04\/custom-made-crockeryceramic-plate-manufacturerceramic-dinner-set-wholesale-1-768x768.webp 768w, https:\/\/www.yongjianceramic.com\/wp-content\/uploads\/2025\/04\/custom-made-crockeryceramic-plate-manufacturerceramic-dinner-set-wholesale-1-12x12.webp 12w, https:\/\/www.yongjianceramic.com\/wp-content\/uploads\/2025\/04\/custom-made-crockeryceramic-plate-manufacturerceramic-dinner-set-wholesale-1-285x285.webp 285w, https:\/\/www.yongjianceramic.com\/wp-content\/uploads\/2025\/04\/custom-made-crockeryceramic-plate-manufacturerceramic-dinner-set-wholesale-1-270x270.webp 270w, https:\/\/www.yongjianceramic.com\/wp-content\/uploads\/2025\/04\/custom-made-crockeryceramic-plate-manufacturerceramic-dinner-set-wholesale-1-540x540.webp 540w, https:\/\/www.yongjianceramic.com\/wp-content\/uploads\/2025\/04\/custom-made-crockeryceramic-plate-manufacturerceramic-dinner-set-wholesale-1-660x660.webp 660w\" sizes=\"(max-width: 800px) 100vw, 800px\" \/><\/figure>\n<\/div>\n<\/div>","protected":false},"excerpt":{"rendered":"<div class=\"lRu31\" dir=\"ltr\">Bienvenido a comprar platos de cer\u00e1mica al por mayor. Estos platos de servir de 8 pulgadas de profundidad al por mayor utilizan la tecnolog\u00eda de esmaltado reactivo, tienen un color de esmalte \u00fanico y natural, una forma pr\u00e1ctica y hermosa, adecuada para una variedad de platos. <\/p>\n<div class=\"OvtS8d\">\n<table style=\"border-collapse: collapse; width: 327.02pt;\" border=\"0\" width=\"654\" cellspacing=\"0\" cellpadding=\"0\">\n<tbody>\n<tr style=\"height: 16.50pt;\">\n<td class=\"et3\" style=\"height: 16.50pt; width: 127.20pt;\" width=\"254\" height=\"33\">Fabricante<\/td>\n<td class=\"et3\" style=\"width: 200.15pt;\" width=\"400\">Yongjian<\/td>\n<\/tr>\n<tr style=\"height: 16.50pt;\">\n<td class=\"et3\" style=\"height: 16.50pt;\" height=\"33\">N\u00ba de modelo<\/td>\n<td class=\"et4\" style=\"width: 200.15pt;\" width=\"400\">YJ-122<\/td>\n<\/tr>\n<tr style=\"height: 16.50pt;\">\n<td class=\"et3\" style=\"height: 16.50pt;\" height=\"33\">Tipo de producto<\/td>\n<td class=\"et3\">Plato hondo<\/td>\n<\/tr>\n<tr style=\"height: 16.50pt;\">\n<td class=\"et3\" style=\"height: 16.50pt;\" height=\"33\">Material<\/td>\n<td class=\"et3\">Porcelana<\/td>\n<\/tr>\n<tr style=\"height: 16.50pt;\">\n<td class=\"et5\" style=\"height: 16.50pt;\" height=\"33\">Color<\/td>\n<td class=\"et3\">Como imagen<\/td>\n<\/tr>\n<tr style=\"height: 16.50pt;\">\n<td class=\"et3\" style=\"height: 16.50pt;\" height=\"33\">Dimensi\u00f3n<\/td>\n<td class=\"et6\" style=\"width: 200.15pt;\" width=\"400\">20,5*20,5*4,2cm<\/td>\n<\/tr>\n<tr style=\"height: 16.50pt;\">\n<td class=\"et3\" style=\"height: 16.50pt;\" height=\"33\">MOQ<\/td>\n<td class=\"et3\">500 unidades<\/td>\n<\/tr>\n<tr style=\"height: 16.50pt;\">\n<td class=\"et3\" style=\"height: 16.50pt;\" height=\"33\">A medida<\/td>\n<td class=\"et3\">Color\/Tama\u00f1o\/Logotipo\/Embalaje<\/td>\n<\/tr>\n<\/tbody>\n<\/table>\n<\/div>\n<div id=\"ow23\">\u00a0<\/div>\n<\/div>\n<div dir=\"ltr\">\u00a0<\/div>\n<div class=\"UdTY9 WdefRb\" aria-hidden=\"true\" data-location=\"2\">\u00a0<\/div>","protected":false},"featured_media":4602,"comment_status":"closed","ping_status":"closed","template":"","meta":{"_acf_changed":false},"product_brand":[],"product_cat":[62,77,93,76],"product_tag":[88,81],"class_list":{"0":"post-4591","1":"product","2":"type-product","3":"status-publish","4":"has-post-thumbnail","6":"product_cat-ceramic-plates-wholesale","7":"product_cat-deep-plates-wholesale","8":"product_cat-bulk-dinner-plates","9":"product_cat-wholesale-serving-platters","10":"product_tag-japanese-style-dinnerware-set-wholesale","11":"product_tag-modern-design-dinnerware-set-wholesale","13":"first","14":"instock","15":"shipping-taxable","16":"product-type-simple"},"acf":[],"_links":{"self":[{"href":"https:\/\/www.yongjianceramic.com\/es\/wp-json\/wp\/v2\/product\/4591","targetHints":{"allow":["GET"]}}],"collection":[{"href":"https:\/\/www.yongjianceramic.com\/es\/wp-json\/wp\/v2\/product"}],"about":[{"href":"https:\/\/www.yongjianceramic.com\/es\/wp-json\/wp\/v2\/types\/product"}],"replies":[{"embeddable":true,"href":"https:\/\/www.yongjianceramic.com\/es\/wp-json\/wp\/v2\/comments?post=4591"}],"wp:featuredmedia":[{"embeddable":true,"href":"https:\/\/www.yongjianceramic.com\/es\/wp-json\/wp\/v2\/media\/4602"}],"wp:attachment":[{"href":"https:\/\/www.yongjianceramic.com\/es\/wp-json\/wp\/v2\/media?parent=4591"}],"wp:term":[{"taxonomy":"product_brand","embeddable":true,"href":"https:\/\/www.yongjianceramic.com\/es\/wp-json\/wp\/v2\/product_brand?post=4591"},{"taxonomy":"product_cat","embeddable":true,"href":"https:\/\/www.yongjianceramic.com\/es\/wp-json\/wp\/v2\/product_cat?post=4591"},{"taxonomy":"product_tag","embeddable":true,"href":"https:\/\/www.yongjianceramic.com\/es\/wp-json\/wp\/v2\/product_tag?post=4591"}],"curies":[{"name":"wp","href":"https:\/\/api.w.org\/{rel}","templated":true}]}}