{"id":4634,"date":"2025-05-06T15:20:40","date_gmt":"2025-05-06T07:20:40","guid":{"rendered":"https:\/\/www.yongjianceramic.com\/?post_type=product&#038;p=4634"},"modified":"2025-05-06T15:20:43","modified_gmt":"2025-05-06T07:20:43","slug":"wholesale-dinner-sets","status":"publish","type":"product","link":"https:\/\/www.yongjianceramic.com\/es\/producto\/wholesale-dinner-sets\/","title":{"rendered":"Vajillas esmaltadas reactivas al por mayor, Vajillas comerciales"},"content":{"rendered":"<div class=\"wp-block-columns is-layout-flex wp-container-core-columns-is-layout-9d6595d7 wp-block-columns-is-layout-flex\">\n<div class=\"wp-block-column is-layout-flow wp-block-column-is-layout-flow\">\n<h2 class=\"wp-block-heading\">Vajillas al por mayor de primera calidad Caracter\u00edsticas:<\/h2>\n\n\n\n<ul class=\"wp-block-list\">\n<li><strong>Configuraci\u00f3n de vajilla doble, pr\u00e1ctica y considerada: <\/strong>Nuestras vajillas al por mayor incluyen la combinaci\u00f3n b\u00e1sica de cuenco y plato necesaria, adecuada para parejas, familias u hoteles para cenas de dos personas, con un emparejamiento razonable y una gran practicidad.<\/li>\n\n\n\n<li><strong>Textura de m\u00e1rmol, textura de alta calidad: <\/strong>Estas vajillas comerciales a granel adoptan un dise\u00f1o de m\u00e1rmol, y la textura natural es escalonada, creando un ambiente de mesa de comedor tranquilo y elegante.<\/li>\n\n\n\n<li><strong>Tecnolog\u00eda de esmaltado reactivo, ricas capas de color: <\/strong>Combinadas con la tecnolog\u00eda de esmaltado de reacci\u00f3n al horno, cada pieza de estas vajillas al por mayor tiene una textura ligeramente diferente, \u00fanica y art\u00edstica.<\/li>\n\n\n\n<li><strong>Adecuado para hoteles y lugares de restauraci\u00f3n de alto nivel: <\/strong>Cocci\u00f3n de cer\u00e1mica a alta temperatura, resistente al calor y al desgaste, con una estructura estable, nuestros juegos de vajilla comercial a granel se utilizan ampliamente en escenas comerciales como hoteles, restaurantes de alta gama y casas de familia, logotipos personalizables y admiten compras a granel.<\/li>\n<\/ul>\n<\/div>\n\n\n\n<div class=\"wp-block-column is-layout-flow wp-block-column-is-layout-flow\">\n<figure class=\"wp-block-image size-full\"><img fetchpriority=\"high\" decoding=\"async\" width=\"800\" height=\"800\" src=\"https:\/\/www.yongjianceramic.com\/wp-content\/uploads\/2025\/05\/china-dinnerwarewholesale-and-custom-ceramic-platesceramic-bowl-supplier-2.webp\" alt=\"Vajillas Esmaltadas Reactivas al por Mayor, Vajillas Comerciales-2\" class=\"wp-image-4636\" srcset=\"https:\/\/www.yongjianceramic.com\/wp-content\/uploads\/2025\/05\/china-dinnerwarewholesale-and-custom-ceramic-platesceramic-bowl-supplier-2.webp 800w, https:\/\/www.yongjianceramic.com\/wp-content\/uploads\/2025\/05\/china-dinnerwarewholesale-and-custom-ceramic-platesceramic-bowl-supplier-2-300x300.webp 300w, https:\/\/www.yongjianceramic.com\/wp-content\/uploads\/2025\/05\/china-dinnerwarewholesale-and-custom-ceramic-platesceramic-bowl-supplier-2-150x150.webp 150w, https:\/\/www.yongjianceramic.com\/wp-content\/uploads\/2025\/05\/china-dinnerwarewholesale-and-custom-ceramic-platesceramic-bowl-supplier-2-768x768.webp 768w, https:\/\/www.yongjianceramic.com\/wp-content\/uploads\/2025\/05\/china-dinnerwarewholesale-and-custom-ceramic-platesceramic-bowl-supplier-2-12x12.webp 12w, https:\/\/www.yongjianceramic.com\/wp-content\/uploads\/2025\/05\/china-dinnerwarewholesale-and-custom-ceramic-platesceramic-bowl-supplier-2-285x285.webp 285w, https:\/\/www.yongjianceramic.com\/wp-content\/uploads\/2025\/05\/china-dinnerwarewholesale-and-custom-ceramic-platesceramic-bowl-supplier-2-270x270.webp 270w, https:\/\/www.yongjianceramic.com\/wp-content\/uploads\/2025\/05\/china-dinnerwarewholesale-and-custom-ceramic-platesceramic-bowl-supplier-2-540x540.webp 540w, https:\/\/www.yongjianceramic.com\/wp-content\/uploads\/2025\/05\/china-dinnerwarewholesale-and-custom-ceramic-platesceramic-bowl-supplier-2-660x660.webp 660w\" sizes=\"(max-width: 800px) 100vw, 800px\" \/><\/figure>\n<\/div>\n<\/div>","protected":false},"excerpt":{"rendered":"<p>Bienvenido a comprar vajillas comerciales al por mayor. Nuestras vajillas al por mayor combinan el patr\u00f3n de m\u00e1rmol y la tecnolog\u00eda de esmalte reactivo para presentar un efecto visual natural y elegante. Tienen una configuraci\u00f3n razonable y una textura de alta calidad, adecuada para hoteles, restaurantes de alta gama y exquisitas escenas de vida.<\/p>\n<table style=\"border-collapse: collapse; width: 327.02pt;\" border=\"0\" width=\"654\" cellspacing=\"0\" cellpadding=\"0\">\n<tbody>\n<tr style=\"height: 16.50pt;\">\n<td class=\"et3\" style=\"height: 16.50pt; width: 127.20pt;\" width=\"254\" height=\"33\">Fabricante<\/td>\n<td class=\"et3\" style=\"width: 200.15pt;\" width=\"400\">Yongjian<\/td>\n<\/tr>\n<tr style=\"height: 16.50pt;\">\n<td class=\"et3\" style=\"height: 16.50pt;\" height=\"33\">N\u00ba de modelo<\/td>\n<td class=\"et4\" style=\"width: 200.15pt;\" width=\"400\">YJ-124<\/td>\n<\/tr>\n<tr style=\"height: 16.50pt;\">\n<td class=\"et5\" style=\"height: 16.50pt; width: 127.20pt;\" width=\"254\" height=\"33\">Tipo de vajilla<\/td>\n<td class=\"et5\" style=\"width: 200.15pt;\" width=\"400\">Bandejas, Platos, Cuencos<\/td>\n<\/tr>\n<tr style=\"height: 16.50pt;\">\n<td class=\"et3\" style=\"height: 16.50pt;\" height=\"33\">T\u00e9cnica<\/td>\n<td class=\"et3\">Efecto esmaltado en horno<\/td>\n<\/tr>\n<tr style=\"height: 16.50pt;\">\n<td class=\"et3\" style=\"height: 16.50pt;\" height=\"33\">Material<\/td>\n<td class=\"et3\">Porcelana<\/td>\n<\/tr>\n<tr style=\"height: 33.00pt;\">\n<td class=\"et6\" style=\"height: 33.00pt;\" height=\"66\">Aplicable<\/td>\n<td class=\"et5\" style=\"width: 200.15pt;\" width=\"400\">Esterilizador, Lavavajillas, Horno, Microondas<\/td>\n<\/tr>\n<tr style=\"height: 16.50pt;\">\n<td class=\"et3\" style=\"height: 16.50pt;\" height=\"33\">Dimensi\u00f3n<\/td>\n<td class=\"et3\">Como imagen<\/td>\n<\/tr>\n<tr style=\"height: 16.50pt;\">\n<td class=\"et3\" style=\"height: 16.50pt;\" height=\"33\">MOQ<\/td>\n<td class=\"et3\">500 unidades<\/td>\n<\/tr>\n<tr style=\"height: 16.50pt;\">\n<td class=\"et3\" style=\"height: 16.50pt;\" height=\"33\">A medida<\/td>\n<td class=\"et3\">Color\/Tama\u00f1o\/Logotipo\/Embalaje<\/td>\n<\/tr>\n<\/tbody>\n<\/table>","protected":false},"featured_media":4639,"comment_status":"closed","ping_status":"closed","template":"","meta":{"_acf_changed":false},"product_brand":[],"product_cat":[64,87,85],"product_tag":[88,86],"class_list":{"0":"post-4634","1":"product","2":"type-product","3":"status-publish","4":"has-post-thumbnail","6":"product_cat-dinnerware-sets","7":"product_cat-tableware-wholesale","8":"product_cat-wholesale-dinnerware-sets","9":"product_tag-japanese-style-dinnerware-set-wholesale","10":"product_tag-oriental-style-dinnerware-wholesale","12":"first","13":"instock","14":"shipping-taxable","15":"product-type-simple"},"acf":[],"_links":{"self":[{"href":"https:\/\/www.yongjianceramic.com\/es\/wp-json\/wp\/v2\/product\/4634","targetHints":{"allow":["GET"]}}],"collection":[{"href":"https:\/\/www.yongjianceramic.com\/es\/wp-json\/wp\/v2\/product"}],"about":[{"href":"https:\/\/www.yongjianceramic.com\/es\/wp-json\/wp\/v2\/types\/product"}],"replies":[{"embeddable":true,"href":"https:\/\/www.yongjianceramic.com\/es\/wp-json\/wp\/v2\/comments?post=4634"}],"wp:featuredmedia":[{"embeddable":true,"href":"https:\/\/www.yongjianceramic.com\/es\/wp-json\/wp\/v2\/media\/4639"}],"wp:attachment":[{"href":"https:\/\/www.yongjianceramic.com\/es\/wp-json\/wp\/v2\/media?parent=4634"}],"wp:term":[{"taxonomy":"product_brand","embeddable":true,"href":"https:\/\/www.yongjianceramic.com\/es\/wp-json\/wp\/v2\/product_brand?post=4634"},{"taxonomy":"product_cat","embeddable":true,"href":"https:\/\/www.yongjianceramic.com\/es\/wp-json\/wp\/v2\/product_cat?post=4634"},{"taxonomy":"product_tag","embeddable":true,"href":"https:\/\/www.yongjianceramic.com\/es\/wp-json\/wp\/v2\/product_tag?post=4634"}],"curies":[{"name":"wp","href":"https:\/\/api.w.org\/{rel}","templated":true}]}}