{"id":4641,"date":"2025-05-06T14:42:15","date_gmt":"2025-05-06T06:42:15","guid":{"rendered":"https:\/\/www.yongjianceramic.com\/?post_type=product&#038;p=4641"},"modified":"2025-05-06T14:42:17","modified_gmt":"2025-05-06T06:42:17","slug":"wholesale-pasta-bowls","status":"publish","type":"product","link":"https:\/\/www.yongjianceramic.com\/es\/producto\/wholesale-pasta-bowls\/","title":{"rendered":"Tazones para Pasta, Tazones de Cer\u00e1mica al por mayor de 7.5 pulgadas Gradiente"},"content":{"rendered":"<div class=\"wp-block-columns is-layout-flex wp-container-core-columns-is-layout-9d6595d7 wp-block-columns-is-layout-flex\">\n<div class=\"wp-block-column is-layout-flow wp-block-column-is-layout-flow\">\n<h2 class=\"wp-block-heading\">Tazones de pasta al por mayor de primera calidad Caracter\u00edsticas:<\/h2>\n\n\n\n<ul class=\"wp-block-list\">\n<li><strong>Tecnolog\u00eda de esmaltado reactivo, presentaci\u00f3n de color \u00fanica: <\/strong>Nuestros platos de pasta al por mayor se fabrican con tecnolog\u00eda tradicional de horneado, el esmalte fluye de forma natural y tiene distintas capas. Cada plato presenta un efecto \u00fanico, con un gran sentido de la belleza artesanal.<\/li>\n\n\n\n<li><strong>Tama\u00f1o de 7,5 pulgadas, ampliamente aplicable: <\/strong>Dise\u00f1o de calibre moderado, nuestros cuencos de cer\u00e1mica a granel se pueden utilizar para pasta, ensalada, arroz, postres y otras comidas diarias, a la vez pr\u00e1cticos y bonitos.<\/li>\n\n\n\n<li><strong>Plato hondo curvado, dise\u00f1o antidesbordamiento: <\/strong>Estos cuencos para pasta al por mayor son ligeramente profundos, lo que evita eficazmente que la sopa se desborde, mejora la experiencia gastron\u00f3mica y es adecuado para una gran variedad de platos en el hogar o el restaurante.<\/li>\n\n\n\n<li><strong>Adecuado para la restauraci\u00f3n dom\u00e9stica y comercial: <\/strong>Con forma elegante y textura s\u00f3lida, estos cuencos de cer\u00e1mica a granel son adecuados para el uso diario en el hogar, cafeter\u00edas, restaurantes y otros lugares, puede soportar logotipos personalizados y pedidos a granel<\/li>\n<\/ul>\n<\/div>\n\n\n\n<div class=\"wp-block-column is-layout-flow wp-block-column-is-layout-flow\">\n<figure class=\"wp-block-image size-full\"><img fetchpriority=\"high\" decoding=\"async\" width=\"800\" height=\"800\" src=\"https:\/\/www.yongjianceramic.com\/wp-content\/uploads\/2025\/05\/bulk-pasta-bowlscustom-dinner-platescustom-made-ceramic-dinnerware-8.webp\" alt=\"7.5 Inch Gradient Pasta Bowls, Tazones de Cer\u00e1mica al por mayor Bulk-4\" class=\"wp-image-4649\" srcset=\"https:\/\/www.yongjianceramic.com\/wp-content\/uploads\/2025\/05\/bulk-pasta-bowlscustom-dinner-platescustom-made-ceramic-dinnerware-8.webp 800w, https:\/\/www.yongjianceramic.com\/wp-content\/uploads\/2025\/05\/bulk-pasta-bowlscustom-dinner-platescustom-made-ceramic-dinnerware-8-300x300.webp 300w, https:\/\/www.yongjianceramic.com\/wp-content\/uploads\/2025\/05\/bulk-pasta-bowlscustom-dinner-platescustom-made-ceramic-dinnerware-8-150x150.webp 150w, https:\/\/www.yongjianceramic.com\/wp-content\/uploads\/2025\/05\/bulk-pasta-bowlscustom-dinner-platescustom-made-ceramic-dinnerware-8-768x768.webp 768w, https:\/\/www.yongjianceramic.com\/wp-content\/uploads\/2025\/05\/bulk-pasta-bowlscustom-dinner-platescustom-made-ceramic-dinnerware-8-12x12.webp 12w, https:\/\/www.yongjianceramic.com\/wp-content\/uploads\/2025\/05\/bulk-pasta-bowlscustom-dinner-platescustom-made-ceramic-dinnerware-8-285x285.webp 285w, https:\/\/www.yongjianceramic.com\/wp-content\/uploads\/2025\/05\/bulk-pasta-bowlscustom-dinner-platescustom-made-ceramic-dinnerware-8-270x270.webp 270w, https:\/\/www.yongjianceramic.com\/wp-content\/uploads\/2025\/05\/bulk-pasta-bowlscustom-dinner-platescustom-made-ceramic-dinnerware-8-540x540.webp 540w, https:\/\/www.yongjianceramic.com\/wp-content\/uploads\/2025\/05\/bulk-pasta-bowlscustom-dinner-platescustom-made-ceramic-dinnerware-8-660x660.webp 660w\" sizes=\"(max-width: 800px) 100vw, 800px\" \/><\/figure>\n<\/div>\n<\/div>","protected":false},"excerpt":{"rendered":"<p>Bienvenido a comprar cuencos de cer\u00e1mica al por mayor. Nuestros cuencos para pasta de 7,5 pulgadas al por mayor se cuecen con un proceso \u00fanico de esmaltado reactivo. El color fluye de forma natural, y la forma del plato es pr\u00e1ctica y elegante. Es adecuado para servir todo tipo de alimentos b\u00e1sicos y ensaladas. Es una opci\u00f3n ideal para familias y lugares de restauraci\u00f3n de alto nivel.<\/p>\n<table style=\"border-collapse: collapse; width: 327.02pt;\" border=\"0\" width=\"654\" cellspacing=\"0\" cellpadding=\"0\">\n<tbody>\n<tr style=\"height: 16.50pt;\">\n<td class=\"et3\" style=\"height: 16.50pt; width: 127.20pt;\" width=\"254\" height=\"33\">Fabricante<\/td>\n<td class=\"et3\" style=\"width: 200.15pt;\" width=\"400\">Yongjian<\/td>\n<\/tr>\n<tr style=\"height: 16.50pt;\">\n<td class=\"et3\" style=\"height: 16.50pt;\" height=\"33\">N\u00ba de modelo<\/td>\n<td class=\"et4\" style=\"width: 200.15pt;\" width=\"400\">YJ-125<\/td>\n<\/tr>\n<tr style=\"height: 16.50pt;\">\n<td class=\"et3\" style=\"height: 16.50pt;\" height=\"33\">Tipo de producto<\/td>\n<td class=\"et3\">Plato llano<\/td>\n<\/tr>\n<tr style=\"height: 16.50pt;\">\n<td class=\"et3\" style=\"height: 16.50pt;\" height=\"33\">Material<\/td>\n<td class=\"et3\">Porcelana<\/td>\n<\/tr>\n<tr style=\"height: 16.50pt;\">\n<td class=\"et5\" style=\"height: 16.50pt;\" height=\"33\">Color<\/td>\n<td class=\"et3\">Como imagen<\/td>\n<\/tr>\n<tr style=\"height: 16.50pt;\">\n<td class=\"et3\" style=\"height: 16.50pt;\" height=\"33\">Dimensi\u00f3n<\/td>\n<td class=\"et6\" style=\"width: 200.15pt;\" width=\"400\">18*18*6cm<\/td>\n<\/tr>\n<tr style=\"height: 16.50pt;\">\n<td class=\"et3\" style=\"height: 16.50pt;\" height=\"33\">MOQ<\/td>\n<td class=\"et3\">500 unidades<\/td>\n<\/tr>\n<tr style=\"height: 16.50pt;\">\n<td class=\"et3\" style=\"height: 16.50pt;\" height=\"33\">A medida<\/td>\n<td class=\"et3\">Color\/Tama\u00f1o\/Logotipo\/Embalaje<\/td>\n<\/tr>\n<\/tbody>\n<\/table>","protected":false},"featured_media":4642,"comment_status":"closed","ping_status":"closed","template":"","meta":{"_acf_changed":false},"product_brand":[],"product_cat":[63,74,73],"product_tag":[88,81],"class_list":{"0":"post-4641","1":"product","2":"type-product","3":"status-publish","4":"has-post-thumbnail","6":"product_cat-wholesale-bowls","7":"product_cat-bulk-serving-bowls","8":"product_cat-bulk-soup-bowls","9":"product_tag-japanese-style-dinnerware-set-wholesale","10":"product_tag-modern-design-dinnerware-set-wholesale","12":"first","13":"instock","14":"shipping-taxable","15":"product-type-simple"},"acf":[],"_links":{"self":[{"href":"https:\/\/www.yongjianceramic.com\/es\/wp-json\/wp\/v2\/product\/4641","targetHints":{"allow":["GET"]}}],"collection":[{"href":"https:\/\/www.yongjianceramic.com\/es\/wp-json\/wp\/v2\/product"}],"about":[{"href":"https:\/\/www.yongjianceramic.com\/es\/wp-json\/wp\/v2\/types\/product"}],"replies":[{"embeddable":true,"href":"https:\/\/www.yongjianceramic.com\/es\/wp-json\/wp\/v2\/comments?post=4641"}],"wp:featuredmedia":[{"embeddable":true,"href":"https:\/\/www.yongjianceramic.com\/es\/wp-json\/wp\/v2\/media\/4642"}],"wp:attachment":[{"href":"https:\/\/www.yongjianceramic.com\/es\/wp-json\/wp\/v2\/media?parent=4641"}],"wp:term":[{"taxonomy":"product_brand","embeddable":true,"href":"https:\/\/www.yongjianceramic.com\/es\/wp-json\/wp\/v2\/product_brand?post=4641"},{"taxonomy":"product_cat","embeddable":true,"href":"https:\/\/www.yongjianceramic.com\/es\/wp-json\/wp\/v2\/product_cat?post=4641"},{"taxonomy":"product_tag","embeddable":true,"href":"https:\/\/www.yongjianceramic.com\/es\/wp-json\/wp\/v2\/product_tag?post=4641"}],"curies":[{"name":"wp","href":"https:\/\/api.w.org\/{rel}","templated":true}]}}