{"id":4653,"date":"2025-05-06T15:00:50","date_gmt":"2025-05-06T07:00:50","guid":{"rendered":"https:\/\/www.yongjianceramic.com\/?post_type=product&#038;p=4653"},"modified":"2025-05-06T15:00:54","modified_gmt":"2025-05-06T07:00:54","slug":"restaurant-dinner-plates-wholesale","status":"publish","type":"product","link":"https:\/\/www.yongjianceramic.com\/es\/producto\/restaurant-dinner-plates-wholesale\/","title":{"rendered":"Platos de Cer\u00e1mica de Hoja de Loto, Platos de Cer\u00e1mica de Hoja de Loto al por mayor"},"content":{"rendered":"<div class=\"wp-block-columns is-layout-flex wp-container-core-columns-is-layout-9d6595d7 wp-block-columns-is-layout-flex\">\n<div class=\"wp-block-column is-layout-flow wp-block-column-is-layout-flow\">\n<h2 class=\"wp-block-heading\">Premium Restaurante Platos al por mayor Caracter\u00edsticas:<\/h2>\n\n\n\n<ul class=\"wp-block-list\">\n<li><strong>Dise\u00f1o redondo irregular, retro y \u00fanico: <\/strong>Estos platos de restaurante al por mayor rompen la tradicional forma regular, el dise\u00f1o irregular con ondulaciones ligeramente naturales en el borde crea una textura artesanal y un encanto retro, resaltando la personalidad de la mesa de comedor.<\/li>\n\n\n\n<li><strong>Textura de tiras, ricos detalles tridimensionales:<\/strong> Estos platos redondos de cer\u00e1mica a granel presentan exquisitos dibujos de franjas, que se suman a la estratificaci\u00f3n visual y t\u00e1ctil, adem\u00e1s de complementar el aspecto general del emplatado de los alimentos, proporcionando una experiencia gastron\u00f3mica m\u00e1s art\u00edstica.<\/li>\n\n\n\n<li><strong>Doble selecci\u00f3n de tama\u00f1o, adecuado para m\u00faltiples escenas: <\/strong>Nuestros platos de restaurante al por mayor est\u00e1n dise\u00f1ados en tama\u00f1os de 8 y 10 pulgadas, perfectos para postre, aperitivo o plato principal, respectivamente, perfectos para uso dom\u00e9stico diario, fiesta de boda o restaurante de alta gama.<\/li>\n\n\n\n<li><strong>Cer\u00e1mica cocida a alta temperatura, resistente al calor y duradera: <\/strong>Fabricados en cer\u00e1mica de alta calidad y cocidos a alta temperatura, con textura densa y esmalte brillante, nuestros platos redondos de cer\u00e1mica a granel son aptos para su uso en modernos aparatos de cocina, como hornos microondas y lavavajillas.<\/li>\n<\/ul>\n<\/div>\n\n\n\n<div class=\"wp-block-column is-layout-flow wp-block-column-is-layout-flow\">\n<figure class=\"wp-block-image size-full\"><img fetchpriority=\"high\" decoding=\"async\" width=\"800\" height=\"800\" src=\"https:\/\/www.yongjianceramic.com\/wp-content\/uploads\/2025\/05\/bulk-ceramic-dinner-plates-for-weddingcrockery-wholesaleantique-china-tableware-7.webp\" alt=\"Platos Al Por Mayor, Platos Ceramicos Redondos-4\" class=\"wp-image-4660\" srcset=\"https:\/\/www.yongjianceramic.com\/wp-content\/uploads\/2025\/05\/bulk-ceramic-dinner-plates-for-weddingcrockery-wholesaleantique-china-tableware-7.webp 800w, https:\/\/www.yongjianceramic.com\/wp-content\/uploads\/2025\/05\/bulk-ceramic-dinner-plates-for-weddingcrockery-wholesaleantique-china-tableware-7-300x300.webp 300w, https:\/\/www.yongjianceramic.com\/wp-content\/uploads\/2025\/05\/bulk-ceramic-dinner-plates-for-weddingcrockery-wholesaleantique-china-tableware-7-150x150.webp 150w, https:\/\/www.yongjianceramic.com\/wp-content\/uploads\/2025\/05\/bulk-ceramic-dinner-plates-for-weddingcrockery-wholesaleantique-china-tableware-7-768x768.webp 768w, https:\/\/www.yongjianceramic.com\/wp-content\/uploads\/2025\/05\/bulk-ceramic-dinner-plates-for-weddingcrockery-wholesaleantique-china-tableware-7-12x12.webp 12w, https:\/\/www.yongjianceramic.com\/wp-content\/uploads\/2025\/05\/bulk-ceramic-dinner-plates-for-weddingcrockery-wholesaleantique-china-tableware-7-285x285.webp 285w, https:\/\/www.yongjianceramic.com\/wp-content\/uploads\/2025\/05\/bulk-ceramic-dinner-plates-for-weddingcrockery-wholesaleantique-china-tableware-7-270x270.webp 270w, https:\/\/www.yongjianceramic.com\/wp-content\/uploads\/2025\/05\/bulk-ceramic-dinner-plates-for-weddingcrockery-wholesaleantique-china-tableware-7-540x540.webp 540w, https:\/\/www.yongjianceramic.com\/wp-content\/uploads\/2025\/05\/bulk-ceramic-dinner-plates-for-weddingcrockery-wholesaleantique-china-tableware-7-660x660.webp 660w\" sizes=\"(max-width: 800px) 100vw, 800px\" \/><\/figure>\n<\/div>\n<\/div>","protected":false},"excerpt":{"rendered":"<p>Bienvenido a comprar platos de restaurante al por mayor. Nuestros platos de cer\u00e1mica redondos al por mayor de estilo retro adoptan una forma redonda irregular con un dise\u00f1o de textura a rayas, combinando belleza y practicidad. Est\u00e1n disponibles en tama\u00f1os de 8 y 10 pulgadas, adecuados para el uso familiar diario, mesas de banquetes de boda y lugares de catering de alta gama.<\/p>\n<table style=\"border-collapse: collapse; width: 327.02pt;\" border=\"0\" width=\"654\" cellspacing=\"0\" cellpadding=\"0\">\n<tbody>\n<tr style=\"height: 16.50pt;\">\n<td class=\"et3\" style=\"height: 16.50pt; width: 127.20pt;\" width=\"254\" height=\"33\">Fabricante<\/td>\n<td class=\"et3\" style=\"width: 200.15pt;\" width=\"400\">Yongjian<\/td>\n<\/tr>\n<tr style=\"height: 16.50pt;\">\n<td class=\"et3\" style=\"height: 16.50pt;\" height=\"33\">N\u00ba de modelo<\/td>\n<td class=\"et4\" style=\"width: 200.15pt;\" width=\"400\">YJ-126<\/td>\n<\/tr>\n<tr style=\"height: 16.50pt;\">\n<td class=\"et3\" style=\"height: 16.50pt;\" height=\"33\">Tipo de producto<\/td>\n<td class=\"et3\">Plato llano<\/td>\n<\/tr>\n<tr style=\"height: 16.50pt;\">\n<td class=\"et3\" style=\"height: 16.50pt;\" height=\"33\">Material<\/td>\n<td class=\"et3\">Porcelana<\/td>\n<\/tr>\n<tr style=\"height: 16.50pt;\">\n<td class=\"et5\" style=\"height: 16.50pt;\" height=\"33\">Color<\/td>\n<td class=\"et3\">Como imagen<\/td>\n<\/tr>\n<tr style=\"height: 33.00pt;\">\n<td class=\"et3\" style=\"height: 33.00pt;\" height=\"66\">Dimensi\u00f3n<\/td>\n<td class=\"et6\" style=\"width: 200.15pt;\" width=\"400\">20,5*20,5*2cm 25,5*25,5*2,5cm<\/td>\n<\/tr>\n<tr style=\"height: 16.50pt;\">\n<td class=\"et3\" style=\"height: 16.50pt;\" height=\"33\">MOQ<\/td>\n<td class=\"et3\">500 unidades<\/td>\n<\/tr>\n<tr style=\"height: 16.50pt;\">\n<td class=\"et3\" style=\"height: 16.50pt;\" height=\"33\">A medida<\/td>\n<td class=\"et3\">Color\/Tama\u00f1o\/Logotipo\/Embalaje<\/td>\n<\/tr>\n<\/tbody>\n<\/table>","protected":false},"featured_media":4657,"comment_status":"closed","ping_status":"closed","template":"","meta":{"_acf_changed":false},"product_brand":[],"product_cat":[62,93,76],"product_tag":[88,86],"class_list":{"0":"post-4653","1":"product","2":"type-product","3":"status-publish","4":"has-post-thumbnail","6":"product_cat-ceramic-plates-wholesale","7":"product_cat-bulk-dinner-plates","8":"product_cat-wholesale-serving-platters","9":"product_tag-japanese-style-dinnerware-set-wholesale","10":"product_tag-oriental-style-dinnerware-wholesale","12":"first","13":"instock","14":"shipping-taxable","15":"product-type-simple"},"acf":[],"_links":{"self":[{"href":"https:\/\/www.yongjianceramic.com\/es\/wp-json\/wp\/v2\/product\/4653","targetHints":{"allow":["GET"]}}],"collection":[{"href":"https:\/\/www.yongjianceramic.com\/es\/wp-json\/wp\/v2\/product"}],"about":[{"href":"https:\/\/www.yongjianceramic.com\/es\/wp-json\/wp\/v2\/types\/product"}],"replies":[{"embeddable":true,"href":"https:\/\/www.yongjianceramic.com\/es\/wp-json\/wp\/v2\/comments?post=4653"}],"wp:featuredmedia":[{"embeddable":true,"href":"https:\/\/www.yongjianceramic.com\/es\/wp-json\/wp\/v2\/media\/4657"}],"wp:attachment":[{"href":"https:\/\/www.yongjianceramic.com\/es\/wp-json\/wp\/v2\/media?parent=4653"}],"wp:term":[{"taxonomy":"product_brand","embeddable":true,"href":"https:\/\/www.yongjianceramic.com\/es\/wp-json\/wp\/v2\/product_brand?post=4653"},{"taxonomy":"product_cat","embeddable":true,"href":"https:\/\/www.yongjianceramic.com\/es\/wp-json\/wp\/v2\/product_cat?post=4653"},{"taxonomy":"product_tag","embeddable":true,"href":"https:\/\/www.yongjianceramic.com\/es\/wp-json\/wp\/v2\/product_tag?post=4653"}],"curies":[{"name":"wp","href":"https:\/\/api.w.org\/{rel}","templated":true}]}}