{"id":4663,"date":"2025-05-06T14:29:41","date_gmt":"2025-05-06T06:29:41","guid":{"rendered":"https:\/\/www.yongjianceramic.com\/?post_type=product&#038;p=4663"},"modified":"2025-05-06T14:29:44","modified_gmt":"2025-05-06T06:29:44","slug":"wholesale-serving-dishes","status":"publish","type":"product","link":"https:\/\/www.yongjianceramic.com\/es\/producto\/wholesale-serving-dishes\/","title":{"rendered":"Platos de Sushi al por mayor con forma de hoja, Platos de Sushi al por mayor"},"content":{"rendered":"<div class=\"wp-block-columns is-layout-flex wp-container-core-columns-is-layout-9d6595d7 wp-block-columns-is-layout-flex\">\n<div class=\"wp-block-column is-layout-flow wp-block-column-is-layout-flow\">\n<h2 class=\"wp-block-heading\">Platos para servir al por mayor de primera calidad Caracter\u00edsticas:<\/h2>\n\n\n\n<ul class=\"wp-block-list\">\n<li><strong>Dise\u00f1o en forma de hoja, natural y flexible:<\/strong> Estos platos para servir al por mayor adoptan un dise\u00f1o \u00fanico en forma de hoja, de l\u00edneas suaves, inspirado en elementos naturales, que a\u00f1ade un toque de estilo fresco y elegante a la mesa de comedor.<\/li>\n\n\n\n<li><strong>M\u00faltiples opciones de color, rica combinaci\u00f3n: <\/strong>Nuestros platos de Sushi a granel proporcionan 4 opciones de color de esmalte, cada color ha sido cuidadosamente mezclado, y se puede utilizar en un solo color o mezclado y combinado para satisfacer las necesidades de diferentes estilos de restaurante y emparejamiento.<\/li>\n\n\n\n<li><strong>Esmalte brillante, textura delicada: <\/strong>La superficie de estos platos de servir al por mayor est\u00e1 tratada con esmalte brillante, el color es brillante y el reflejo es suave, lo que hace que sea m\u00e1s de gama alta, f\u00e1cil de limpiar y no es f\u00e1cil de absorber las manchas de aceite.<\/li>\n\n\n\n<li><strong>Adecuado para hoteles y restaurantes, admite personalizaci\u00f3n:<\/strong> Estos platos de sushi a granel est\u00e1n dise\u00f1ados para entornos de catering comercial, se puede utilizar como plato principal, plato de postre o plato de exhibici\u00f3n decorativa, apoyar la personalizaci\u00f3n de lotes para satisfacer las necesidades personalizadas.<\/li>\n<\/ul>\n<\/div>\n\n\n\n<div class=\"wp-block-column is-layout-flow wp-block-column-is-layout-flow\">\n<figure class=\"wp-block-image size-full\"><img fetchpriority=\"high\" decoding=\"async\" width=\"800\" height=\"800\" src=\"https:\/\/www.yongjianceramic.com\/wp-content\/uploads\/2025\/05\/china-tablewarewholesale-and-custom-ceramic-platesbulk-dishes-3.webp\" alt=\"Platos de Sushi al por mayor en forma de hoja Bulk-11\" class=\"wp-image-4665\" srcset=\"https:\/\/www.yongjianceramic.com\/wp-content\/uploads\/2025\/05\/china-tablewarewholesale-and-custom-ceramic-platesbulk-dishes-3.webp 800w, https:\/\/www.yongjianceramic.com\/wp-content\/uploads\/2025\/05\/china-tablewarewholesale-and-custom-ceramic-platesbulk-dishes-3-300x300.webp 300w, https:\/\/www.yongjianceramic.com\/wp-content\/uploads\/2025\/05\/china-tablewarewholesale-and-custom-ceramic-platesbulk-dishes-3-150x150.webp 150w, https:\/\/www.yongjianceramic.com\/wp-content\/uploads\/2025\/05\/china-tablewarewholesale-and-custom-ceramic-platesbulk-dishes-3-768x768.webp 768w, https:\/\/www.yongjianceramic.com\/wp-content\/uploads\/2025\/05\/china-tablewarewholesale-and-custom-ceramic-platesbulk-dishes-3-12x12.webp 12w, https:\/\/www.yongjianceramic.com\/wp-content\/uploads\/2025\/05\/china-tablewarewholesale-and-custom-ceramic-platesbulk-dishes-3-285x285.webp 285w, https:\/\/www.yongjianceramic.com\/wp-content\/uploads\/2025\/05\/china-tablewarewholesale-and-custom-ceramic-platesbulk-dishes-3-270x270.webp 270w, https:\/\/www.yongjianceramic.com\/wp-content\/uploads\/2025\/05\/china-tablewarewholesale-and-custom-ceramic-platesbulk-dishes-3-540x540.webp 540w, https:\/\/www.yongjianceramic.com\/wp-content\/uploads\/2025\/05\/china-tablewarewholesale-and-custom-ceramic-platesbulk-dishes-3-660x660.webp 660w\" sizes=\"(max-width: 800px) 100vw, 800px\" \/><\/figure>\n<\/div>\n<\/div>","protected":false},"excerpt":{"rendered":"<p>Bienvenido a comprar platos para servir al por mayor. Nuestros brillantes platos de sushi de cer\u00e1mica esmaltada en forma de hoja al por mayor tienen una forma \u00fanica y est\u00e1n disponibles en cuatro colores. Combinan la est\u00e9tica natural con funciones pr\u00e1cticas y son adecuados para una variedad de escenas de comedor como hoteles y restaurantes.<\/p>\n<table style=\"border-collapse: collapse; width: 327.02pt;\" border=\"0\" width=\"654\" cellspacing=\"0\" cellpadding=\"0\">\n<tbody>\n<tr style=\"height: 16.50pt;\">\n<td class=\"et3\" style=\"height: 16.50pt; width: 127.20pt;\" width=\"254\" height=\"33\">Fabricante<\/td>\n<td class=\"et3\" style=\"width: 200.15pt;\" width=\"400\">Yongjian<\/td>\n<\/tr>\n<tr style=\"height: 16.50pt;\">\n<td class=\"et3\" style=\"height: 16.50pt;\" height=\"33\">N\u00ba de modelo<\/td>\n<td class=\"et4\" style=\"width: 200.15pt;\" width=\"400\">YJ-127<\/td>\n<\/tr>\n<tr style=\"height: 16.50pt;\">\n<td class=\"et3\" style=\"height: 16.50pt;\" height=\"33\">Tipo de producto<\/td>\n<td class=\"et3\">Bandeja<\/td>\n<\/tr>\n<tr style=\"height: 16.50pt;\">\n<td class=\"et3\" style=\"height: 16.50pt;\" height=\"33\">Material<\/td>\n<td class=\"et3\">Porcelana<\/td>\n<\/tr>\n<tr style=\"height: 16.50pt;\">\n<td class=\"et5\" style=\"height: 16.50pt;\" height=\"33\">Color<\/td>\n<td class=\"et3\">Como imagen<\/td>\n<\/tr>\n<tr style=\"height: 16.50pt;\">\n<td class=\"et3\" style=\"height: 16.50pt;\" height=\"33\">Dimensi\u00f3n<\/td>\n<td class=\"et6\" style=\"width: 200.15pt;\" width=\"400\">27*8,5*2,6 cm<\/td>\n<\/tr>\n<tr style=\"height: 16.50pt;\">\n<td class=\"et3\" style=\"height: 16.50pt;\" height=\"33\">MOQ<\/td>\n<td class=\"et3\">500 unidades<\/td>\n<\/tr>\n<tr style=\"height: 16.50pt;\">\n<td class=\"et3\" style=\"height: 16.50pt;\" height=\"33\">A medida<\/td>\n<td class=\"et3\">Color\/Tama\u00f1o\/Logotipo\/Embalaje<\/td>\n<\/tr>\n<\/tbody>\n<\/table>","protected":false},"featured_media":4667,"comment_status":"closed","ping_status":"closed","template":"","meta":{"_acf_changed":false},"product_brand":[],"product_cat":[62,76],"product_tag":[88,81],"class_list":{"0":"post-4663","1":"product","2":"type-product","3":"status-publish","4":"has-post-thumbnail","6":"product_cat-ceramic-plates-wholesale","7":"product_cat-wholesale-serving-platters","8":"product_tag-japanese-style-dinnerware-set-wholesale","9":"product_tag-modern-design-dinnerware-set-wholesale","11":"first","12":"instock","13":"shipping-taxable","14":"product-type-simple"},"acf":[],"_links":{"self":[{"href":"https:\/\/www.yongjianceramic.com\/es\/wp-json\/wp\/v2\/product\/4663","targetHints":{"allow":["GET"]}}],"collection":[{"href":"https:\/\/www.yongjianceramic.com\/es\/wp-json\/wp\/v2\/product"}],"about":[{"href":"https:\/\/www.yongjianceramic.com\/es\/wp-json\/wp\/v2\/types\/product"}],"replies":[{"embeddable":true,"href":"https:\/\/www.yongjianceramic.com\/es\/wp-json\/wp\/v2\/comments?post=4663"}],"wp:featuredmedia":[{"embeddable":true,"href":"https:\/\/www.yongjianceramic.com\/es\/wp-json\/wp\/v2\/media\/4667"}],"wp:attachment":[{"href":"https:\/\/www.yongjianceramic.com\/es\/wp-json\/wp\/v2\/media?parent=4663"}],"wp:term":[{"taxonomy":"product_brand","embeddable":true,"href":"https:\/\/www.yongjianceramic.com\/es\/wp-json\/wp\/v2\/product_brand?post=4663"},{"taxonomy":"product_cat","embeddable":true,"href":"https:\/\/www.yongjianceramic.com\/es\/wp-json\/wp\/v2\/product_cat?post=4663"},{"taxonomy":"product_tag","embeddable":true,"href":"https:\/\/www.yongjianceramic.com\/es\/wp-json\/wp\/v2\/product_tag?post=4663"}],"curies":[{"name":"wp","href":"https:\/\/api.w.org\/{rel}","templated":true}]}}