{"id":4719,"date":"2025-05-10T11:41:17","date_gmt":"2025-05-10T03:41:17","guid":{"rendered":"https:\/\/www.yongjianceramic.com\/?post_type=product&#038;p=4719"},"modified":"2025-05-10T11:41:19","modified_gmt":"2025-05-10T03:41:19","slug":"tea-cups-in-bulk","status":"publish","type":"product","link":"https:\/\/www.yongjianceramic.com\/es\/producto\/tea-cups-in-bulk\/","title":{"rendered":"Tazas de t\u00e9 de cer\u00e1mica japonesa de dibujos animados a granel con caja de regalo"},"content":{"rendered":"<div class=\"wp-block-columns is-layout-flex wp-container-core-columns-is-layout-9d6595d7 wp-block-columns-is-layout-flex\">\n<div class=\"wp-block-column is-layout-flow wp-block-column-is-layout-flow\">\n<h2 class=\"wp-block-heading\">Tazas de T\u00e9 Premium a Granel Caracter\u00edsticas:<\/h2>\n\n\n\n<ul class=\"wp-block-list\">\n<li><strong>Dise\u00f1o creativo de dibujos animados, lleno de diversi\u00f3n:<\/strong> Estas tazas de t\u00e9 al por mayor est\u00e1n dise\u00f1adas con diferentes motivos de dibujos animados, con formas vivas e interesantes, llenas de infantilismo y personalidad, que realzan la diversi\u00f3n de beber t\u00e9 y son adecuadas para el uso familiar diario o como regalo.<\/li>\n\n\n\n<li><strong>Estilo japon\u00e9s, forma exquisita: <\/strong>Estas tazas de cer\u00e1mica al por mayor incorporan elementos sencillos japoneses, con l\u00edneas suaves y copas redondeadas, que son a la vez culturales y modernos.<\/li>\n\n\n\n<li><strong>Exquisito embalaje en caja de color, una buena opci\u00f3n para regalos: <\/strong>Estas tazas de t\u00e9 a granel est\u00e1n cuidadosamente embaladas en una caja de color de alta gama con embalaje de alta gama, que pueden ser excelentes regalos de vacaciones, regalos de empresa o recuerdos, pr\u00e1cticos y de recuerdo.<\/li>\n\n\n\n<li><strong>Cer\u00e1mica de alta temperatura, segura y saludable: <\/strong>Nuestras tazas de cer\u00e1mica al por mayor no tienen sustancias t\u00f3xicas, son resistentes al agrietamiento y al calor, y son seguras y dignas de confianza para su uso diario. Es apropiado para caf\u00e9 caliente, t\u00e9, leche y otras bebidas.<\/li>\n<\/ul>\n<\/div>\n\n\n\n<div class=\"wp-block-column is-layout-flow wp-block-column-is-layout-flow\">\n<figure class=\"wp-block-image size-full\"><img fetchpriority=\"high\" decoding=\"async\" width=\"800\" height=\"800\" src=\"https:\/\/www.yongjianceramic.com\/wp-content\/uploads\/2025\/05\/ceramic-dinnerware-wholesalewholesale-tableware-setchinese-ceramic-tea-cups-5.webp\" alt=\"Tazas de t\u00e9 de cer\u00e1mica japonesa de dibujos animados a granel con caja de regalo-5\" class=\"wp-image-4724\" srcset=\"https:\/\/www.yongjianceramic.com\/wp-content\/uploads\/2025\/05\/ceramic-dinnerware-wholesalewholesale-tableware-setchinese-ceramic-tea-cups-5.webp 800w, https:\/\/www.yongjianceramic.com\/wp-content\/uploads\/2025\/05\/ceramic-dinnerware-wholesalewholesale-tableware-setchinese-ceramic-tea-cups-5-300x300.webp 300w, https:\/\/www.yongjianceramic.com\/wp-content\/uploads\/2025\/05\/ceramic-dinnerware-wholesalewholesale-tableware-setchinese-ceramic-tea-cups-5-150x150.webp 150w, https:\/\/www.yongjianceramic.com\/wp-content\/uploads\/2025\/05\/ceramic-dinnerware-wholesalewholesale-tableware-setchinese-ceramic-tea-cups-5-768x768.webp 768w, https:\/\/www.yongjianceramic.com\/wp-content\/uploads\/2025\/05\/ceramic-dinnerware-wholesalewholesale-tableware-setchinese-ceramic-tea-cups-5-12x12.webp 12w, https:\/\/www.yongjianceramic.com\/wp-content\/uploads\/2025\/05\/ceramic-dinnerware-wholesalewholesale-tableware-setchinese-ceramic-tea-cups-5-285x285.webp 285w, https:\/\/www.yongjianceramic.com\/wp-content\/uploads\/2025\/05\/ceramic-dinnerware-wholesalewholesale-tableware-setchinese-ceramic-tea-cups-5-270x270.webp 270w, https:\/\/www.yongjianceramic.com\/wp-content\/uploads\/2025\/05\/ceramic-dinnerware-wholesalewholesale-tableware-setchinese-ceramic-tea-cups-5-540x540.webp 540w, https:\/\/www.yongjianceramic.com\/wp-content\/uploads\/2025\/05\/ceramic-dinnerware-wholesalewholesale-tableware-setchinese-ceramic-tea-cups-5-660x660.webp 660w\" sizes=\"(max-width: 800px) 100vw, 800px\" \/><\/figure>\n<\/div>\n<\/div>","protected":false},"excerpt":{"rendered":"<p>Bienvenido a comprar tazas de t\u00e9 de cer\u00e1mica al por mayor. Nuestras tazas de cer\u00e1mica japonesa al por mayor, con dise\u00f1o de dibujos animados, tienen diferentes motivos y van acompa\u00f1adas de un exquisito embalaje en caja de color. Est\u00e1 lleno de creatividad y regalos, y es una opci\u00f3n ideal para beber t\u00e9 en casa o regalos del festival.<\/p>\n<table style=\"border-collapse: collapse; width: 327.02pt;\" border=\"0\" width=\"654\" cellspacing=\"0\" cellpadding=\"0\">\n<tbody>\n<tr style=\"height: 16.50pt;\">\n<td class=\"et3\" style=\"height: 16.50pt; width: 127.20pt;\" width=\"254\" height=\"33\">Fabricante<\/td>\n<td class=\"et3\" style=\"width: 200.15pt;\" width=\"400\">Yongjian<\/td>\n<\/tr>\n<tr style=\"height: 16.50pt;\">\n<td class=\"et3\" style=\"height: 16.50pt;\" height=\"33\">N\u00ba de modelo<\/td>\n<td class=\"et4\" style=\"width: 200.15pt;\" width=\"400\">YJ-129<\/td>\n<\/tr>\n<tr style=\"height: 16.50pt;\">\n<td class=\"et3\" style=\"height: 16.50pt;\" height=\"33\">Tipo de producto<\/td>\n<td class=\"et3\">Tazas y platillos<\/td>\n<\/tr>\n<tr style=\"height: 16.50pt;\">\n<td class=\"et3\" style=\"height: 16.50pt;\" height=\"33\">Material<\/td>\n<td class=\"et3\">Porcelana<\/td>\n<\/tr>\n<tr style=\"height: 16.50pt;\">\n<td class=\"et5\" style=\"height: 16.50pt;\" height=\"33\">Color<\/td>\n<td class=\"et3\">Como imagen<\/td>\n<\/tr>\n<tr style=\"height: 16.50pt;\">\n<td class=\"et3\" style=\"height: 16.50pt;\" height=\"33\">Dimensi\u00f3n<\/td>\n<td class=\"et6\" style=\"width: 200.15pt;\" width=\"400\">7*7*7,8 cm<\/td>\n<\/tr>\n<tr style=\"height: 16.50pt;\">\n<td class=\"et3\" style=\"height: 16.50pt;\" height=\"33\">MOQ<\/td>\n<td class=\"et3\">500 unidades<\/td>\n<\/tr>\n<tr style=\"height: 16.50pt;\">\n<td class=\"et3\" style=\"height: 16.50pt;\" height=\"33\">A medida<\/td>\n<td class=\"et3\">Color\/Tama\u00f1o\/Logotipo\/Embalaje<\/td>\n<\/tr>\n<\/tbody>\n<\/table>","protected":false},"featured_media":4721,"comment_status":"closed","ping_status":"closed","template":"","meta":{"_acf_changed":false},"product_brand":[],"product_cat":[65,91],"product_tag":[88],"class_list":{"0":"post-4719","1":"product","2":"type-product","3":"status-publish","4":"has-post-thumbnail","6":"product_cat-wholesale-cups-and-mugs","7":"product_cat-wholesale-mugs","8":"product_tag-japanese-style-dinnerware-set-wholesale","10":"first","11":"instock","12":"shipping-taxable","13":"product-type-simple"},"acf":[],"_links":{"self":[{"href":"https:\/\/www.yongjianceramic.com\/es\/wp-json\/wp\/v2\/product\/4719","targetHints":{"allow":["GET"]}}],"collection":[{"href":"https:\/\/www.yongjianceramic.com\/es\/wp-json\/wp\/v2\/product"}],"about":[{"href":"https:\/\/www.yongjianceramic.com\/es\/wp-json\/wp\/v2\/types\/product"}],"replies":[{"embeddable":true,"href":"https:\/\/www.yongjianceramic.com\/es\/wp-json\/wp\/v2\/comments?post=4719"}],"wp:featuredmedia":[{"embeddable":true,"href":"https:\/\/www.yongjianceramic.com\/es\/wp-json\/wp\/v2\/media\/4721"}],"wp:attachment":[{"href":"https:\/\/www.yongjianceramic.com\/es\/wp-json\/wp\/v2\/media?parent=4719"}],"wp:term":[{"taxonomy":"product_brand","embeddable":true,"href":"https:\/\/www.yongjianceramic.com\/es\/wp-json\/wp\/v2\/product_brand?post=4719"},{"taxonomy":"product_cat","embeddable":true,"href":"https:\/\/www.yongjianceramic.com\/es\/wp-json\/wp\/v2\/product_cat?post=4719"},{"taxonomy":"product_tag","embeddable":true,"href":"https:\/\/www.yongjianceramic.com\/es\/wp-json\/wp\/v2\/product_tag?post=4719"}],"curies":[{"name":"wp","href":"https:\/\/api.w.org\/{rel}","templated":true}]}}