{"id":4733,"date":"2025-05-10T11:23:18","date_gmt":"2025-05-10T03:23:18","guid":{"rendered":"https:\/\/www.yongjianceramic.com\/?post_type=product&#038;p=4733"},"modified":"2025-05-10T11:23:22","modified_gmt":"2025-05-10T03:23:22","slug":"wholesale-salad-bowls","status":"publish","type":"product","link":"https:\/\/www.yongjianceramic.com\/es\/producto\/wholesale-salad-bowls\/","title":{"rendered":"8.25 Inch Wholesale Ensaladeras, Reactive Glazed Bowls Bulk"},"content":{"rendered":"<div class=\"wp-block-columns is-layout-flex wp-container-core-columns-is-layout-9d6595d7 wp-block-columns-is-layout-flex\">\n<div class=\"wp-block-column is-layout-flow wp-block-column-is-layout-flow\">\n<h2 class=\"wp-block-heading\">Premium al por mayor Ensaladeras Caracter\u00edsticas:<\/h2>\n\n\n\n<ul class=\"wp-block-list\">\n<li><strong>Esmaltado reactivo, capas ricas: <\/strong>Estas ensaladeras al por mayor utilizan tecnolog\u00eda de horneado a alta temperatura, el esmalte fluye de forma natural, presentando una textura de color \u00fanica, resaltando la textura artesanal y la atm\u00f3sfera art\u00edstica.<\/li>\n\n\n\n<li><strong>Tres opciones de color, estilo vers\u00e1til: <\/strong>Nuestros cuencos esmaltados reactivos a granel ofrecen tres combinaciones de colores cl\u00e1sicas, que pueden combinarse libremente con el estilo de la mesa para satisfacer las necesidades de decoraci\u00f3n de diferentes restaurantes u hogares.<\/li>\n\n\n\n<li><strong>Tama\u00f1o grande de 8,25 pulgadas, pr\u00e1ctico y multifuncional: <\/strong>Nuestras ensaladeras al por mayor tienen un dise\u00f1o ancho y profundo, capacidad suficiente, adecuadas para ensaladas, pasta, guisos, etc., aptas para uso diario y comercial.<\/li>\n\n\n\n<li><strong>Cer\u00e1mica de alta temperatura, duradera y f\u00e1cil de limpiar: <\/strong>Despu\u00e9s de la cocci\u00f3n a alta temperatura, estos cuencos de cer\u00e1mica a granel son robustos, resistentes al calor y al agrietamiento, el esmalte es suave y no es f\u00e1cil de absorber las manchas de aceite, f\u00e1cil de limpiar, y adecuado para el uso de alta frecuencia.<\/li>\n<\/ul>\n<\/div>\n\n\n\n<div class=\"wp-block-column is-layout-flow wp-block-column-is-layout-flow\">\n<figure class=\"wp-block-image size-full\"><img fetchpriority=\"high\" decoding=\"async\" width=\"800\" height=\"800\" src=\"https:\/\/www.yongjianceramic.com\/wp-content\/uploads\/2025\/05\/ceramic-dinner-set-wholesalecustom-salad-bowlscrockery-factory-6.webp\" alt=\"8.25 Inch Wholesale Ensaladeras, Reactive Glazed Bowls Bulk-6\" class=\"wp-image-4739\" srcset=\"https:\/\/www.yongjianceramic.com\/wp-content\/uploads\/2025\/05\/ceramic-dinner-set-wholesalecustom-salad-bowlscrockery-factory-6.webp 800w, https:\/\/www.yongjianceramic.com\/wp-content\/uploads\/2025\/05\/ceramic-dinner-set-wholesalecustom-salad-bowlscrockery-factory-6-300x300.webp 300w, https:\/\/www.yongjianceramic.com\/wp-content\/uploads\/2025\/05\/ceramic-dinner-set-wholesalecustom-salad-bowlscrockery-factory-6-150x150.webp 150w, https:\/\/www.yongjianceramic.com\/wp-content\/uploads\/2025\/05\/ceramic-dinner-set-wholesalecustom-salad-bowlscrockery-factory-6-768x768.webp 768w, https:\/\/www.yongjianceramic.com\/wp-content\/uploads\/2025\/05\/ceramic-dinner-set-wholesalecustom-salad-bowlscrockery-factory-6-12x12.webp 12w, https:\/\/www.yongjianceramic.com\/wp-content\/uploads\/2025\/05\/ceramic-dinner-set-wholesalecustom-salad-bowlscrockery-factory-6-285x285.webp 285w, https:\/\/www.yongjianceramic.com\/wp-content\/uploads\/2025\/05\/ceramic-dinner-set-wholesalecustom-salad-bowlscrockery-factory-6-270x270.webp 270w, https:\/\/www.yongjianceramic.com\/wp-content\/uploads\/2025\/05\/ceramic-dinner-set-wholesalecustom-salad-bowlscrockery-factory-6-540x540.webp 540w, https:\/\/www.yongjianceramic.com\/wp-content\/uploads\/2025\/05\/ceramic-dinner-set-wholesalecustom-salad-bowlscrockery-factory-6-660x660.webp 660w\" sizes=\"(max-width: 800px) 100vw, 800px\" \/><\/figure>\n<\/div>\n<\/div>","protected":false},"excerpt":{"rendered":"<p>Bienvenido a comprar ensaladeras al por mayor. Este bol de cer\u00e1mica esmaltada reactiva de 8,25 pulgadas al por mayor utiliza un proceso de esmaltado \u00fanico y est\u00e1 disponible en tres colores. Es a la vez pr\u00e1ctico y hermoso, y es una vajilla ideal para ensaladas, pasta y otros platos en casa y en los restaurantes.<\/p>\n<table style=\"border-collapse: collapse; width: 327.02pt;\" border=\"0\" width=\"654\" cellspacing=\"0\" cellpadding=\"0\">\n<tbody>\n<tr style=\"height: 16.50pt;\">\n<td class=\"et3\" style=\"height: 16.50pt; width: 127.20pt;\" width=\"254\" height=\"33\">Fabricante<\/td>\n<td class=\"et3\" style=\"width: 200.15pt;\" width=\"400\">Yongjian<\/td>\n<\/tr>\n<tr style=\"height: 16.50pt;\">\n<td class=\"et3\" style=\"height: 16.50pt;\" height=\"33\">N\u00ba de modelo<\/td>\n<td class=\"et4\" style=\"width: 200.15pt;\" width=\"400\">YJ-130<\/td>\n<\/tr>\n<tr style=\"height: 16.50pt;\">\n<td class=\"et3\" style=\"height: 16.50pt;\" height=\"33\">Tipo de producto<\/td>\n<td class=\"et3\">Cuencos para sopa y ramen<\/td>\n<\/tr>\n<tr style=\"height: 16.50pt;\">\n<td class=\"et3\" style=\"height: 16.50pt;\" height=\"33\">Material<\/td>\n<td class=\"et3\">Porcelana<\/td>\n<\/tr>\n<tr style=\"height: 16.50pt;\">\n<td class=\"et5\" style=\"height: 16.50pt;\" height=\"33\">Color<\/td>\n<td class=\"et3\">Como imagen<\/td>\n<\/tr>\n<tr style=\"height: 16.50pt;\">\n<td class=\"et3\" style=\"height: 16.50pt;\" height=\"33\">Dimensi\u00f3n<\/td>\n<td class=\"et6\" style=\"width: 200.15pt;\" width=\"400\">20*20*8,6 cm<\/td>\n<\/tr>\n<tr style=\"height: 16.50pt;\">\n<td class=\"et3\" style=\"height: 16.50pt;\" height=\"33\">MOQ<\/td>\n<td class=\"et3\">500 unidades<\/td>\n<\/tr>\n<tr style=\"height: 16.50pt;\">\n<td class=\"et3\" style=\"height: 16.50pt;\" height=\"33\">A medida<\/td>\n<td class=\"et3\">Color\/Tama\u00f1o\/Logotipo\/Embalaje<\/td>\n<\/tr>\n<\/tbody>\n<\/table>","protected":false},"featured_media":4735,"comment_status":"closed","ping_status":"closed","template":"","meta":{"_acf_changed":false},"product_brand":[],"product_cat":[63,74,73],"product_tag":[88,81],"class_list":{"0":"post-4733","1":"product","2":"type-product","3":"status-publish","4":"has-post-thumbnail","6":"product_cat-wholesale-bowls","7":"product_cat-bulk-serving-bowls","8":"product_cat-bulk-soup-bowls","9":"product_tag-japanese-style-dinnerware-set-wholesale","10":"product_tag-modern-design-dinnerware-set-wholesale","12":"first","13":"instock","14":"shipping-taxable","15":"product-type-simple"},"acf":[],"_links":{"self":[{"href":"https:\/\/www.yongjianceramic.com\/es\/wp-json\/wp\/v2\/product\/4733","targetHints":{"allow":["GET"]}}],"collection":[{"href":"https:\/\/www.yongjianceramic.com\/es\/wp-json\/wp\/v2\/product"}],"about":[{"href":"https:\/\/www.yongjianceramic.com\/es\/wp-json\/wp\/v2\/types\/product"}],"replies":[{"embeddable":true,"href":"https:\/\/www.yongjianceramic.com\/es\/wp-json\/wp\/v2\/comments?post=4733"}],"wp:featuredmedia":[{"embeddable":true,"href":"https:\/\/www.yongjianceramic.com\/es\/wp-json\/wp\/v2\/media\/4735"}],"wp:attachment":[{"href":"https:\/\/www.yongjianceramic.com\/es\/wp-json\/wp\/v2\/media?parent=4733"}],"wp:term":[{"taxonomy":"product_brand","embeddable":true,"href":"https:\/\/www.yongjianceramic.com\/es\/wp-json\/wp\/v2\/product_brand?post=4733"},{"taxonomy":"product_cat","embeddable":true,"href":"https:\/\/www.yongjianceramic.com\/es\/wp-json\/wp\/v2\/product_cat?post=4733"},{"taxonomy":"product_tag","embeddable":true,"href":"https:\/\/www.yongjianceramic.com\/es\/wp-json\/wp\/v2\/product_tag?post=4733"}],"curies":[{"name":"wp","href":"https:\/\/api.w.org\/{rel}","templated":true}]}}