{"id":4743,"date":"2025-05-10T11:11:23","date_gmt":"2025-05-10T03:11:23","guid":{"rendered":"https:\/\/www.yongjianceramic.com\/?post_type=product&#038;p=4743"},"modified":"2025-05-10T11:11:26","modified_gmt":"2025-05-10T03:11:26","slug":"porcelain-dinner-plates-bulk","status":"publish","type":"product","link":"https:\/\/www.yongjianceramic.com\/es\/producto\/porcelain-dinner-plates-bulk\/","title":{"rendered":"Platos de Porcelana a Granel, Platos de Pasta Tazones al por mayor"},"content":{"rendered":"<div class=\"wp-block-columns is-layout-flex wp-container-core-columns-is-layout-9d6595d7 wp-block-columns-is-layout-flex\">\n<div class=\"wp-block-column is-layout-flow wp-block-column-is-layout-flow\">\n<h2 class=\"wp-block-heading\">Platos de Porcelana Premium a Granel Caracter\u00edsticas:<\/h2>\n\n\n\n<ul class=\"wp-block-list\">\n<li><strong>Especial para pasta, profundidad moderada: <\/strong>Combinando las caracter\u00edsticas estructurales del plato y el cuenco, estos platos de porcelana a granel son adecuados para pasta, ensalada, estofado y otros platos, antidesbordamiento y antiderrame, y mejora la experiencia gastron\u00f3mica.<\/li>\n\n\n\n<li><strong>Aplicable en m\u00faltiples escenarios, adecuado para bodas y restaurantes: <\/strong>Con una forma elegante y una textura de alta calidad, nuestros platos y cuencos para pasta al por mayor son adecuados para ocasiones formales como banquetes de boda, hoteles, restaurantes y cenas familiares diarias, pr\u00e1cticas y con estilo.<\/li>\n\n\n\n<li><strong>Dise\u00f1o personalizable, admite patrones exclusivos:<\/strong> Proporcionar servicios de personalizaci\u00f3n personalizada, nuestra porcelana platos de la cena a granel puede imprimir LOGO o patrones exclusivos, satisfacer las necesidades de marca de los restaurantes o la personalizaci\u00f3n de la boda, y crear vajilla exclusiva.<\/li>\n\n\n\n<li><strong>Cer\u00e1mica de alta calidad, cocci\u00f3n a alta temperatura: <\/strong>El esmalte es suave y exquisito, con tecnolog\u00eda de alto fuego, resistente al calor y duradero, estos platos y cuencos para pasta al por mayor son compatibles con los modernos aparatos de cocina, como hornos microondas y lavavajillas, y f\u00e1ciles de limpiar y mantener a diario.<\/li>\n<\/ul>\n<\/div>\n\n\n\n<div class=\"wp-block-column is-layout-flow wp-block-column-is-layout-flow\">\n<figure class=\"wp-block-image size-full\"><img fetchpriority=\"high\" decoding=\"async\" width=\"800\" height=\"800\" src=\"https:\/\/www.yongjianceramic.com\/wp-content\/uploads\/2025\/05\/custom-pasta-bowlswholesale-ceramic-dinnerwarewedding-plates-wholesale-4.webp\" alt=\"Platos de Porcelana a Granel, Platos de Pasta Tazones al por mayor-6\" class=\"wp-image-4747\" srcset=\"https:\/\/www.yongjianceramic.com\/wp-content\/uploads\/2025\/05\/custom-pasta-bowlswholesale-ceramic-dinnerwarewedding-plates-wholesale-4.webp 800w, https:\/\/www.yongjianceramic.com\/wp-content\/uploads\/2025\/05\/custom-pasta-bowlswholesale-ceramic-dinnerwarewedding-plates-wholesale-4-300x300.webp 300w, https:\/\/www.yongjianceramic.com\/wp-content\/uploads\/2025\/05\/custom-pasta-bowlswholesale-ceramic-dinnerwarewedding-plates-wholesale-4-150x150.webp 150w, https:\/\/www.yongjianceramic.com\/wp-content\/uploads\/2025\/05\/custom-pasta-bowlswholesale-ceramic-dinnerwarewedding-plates-wholesale-4-768x768.webp 768w, https:\/\/www.yongjianceramic.com\/wp-content\/uploads\/2025\/05\/custom-pasta-bowlswholesale-ceramic-dinnerwarewedding-plates-wholesale-4-12x12.webp 12w, https:\/\/www.yongjianceramic.com\/wp-content\/uploads\/2025\/05\/custom-pasta-bowlswholesale-ceramic-dinnerwarewedding-plates-wholesale-4-285x285.webp 285w, https:\/\/www.yongjianceramic.com\/wp-content\/uploads\/2025\/05\/custom-pasta-bowlswholesale-ceramic-dinnerwarewedding-plates-wholesale-4-270x270.webp 270w, https:\/\/www.yongjianceramic.com\/wp-content\/uploads\/2025\/05\/custom-pasta-bowlswholesale-ceramic-dinnerwarewedding-plates-wholesale-4-540x540.webp 540w, https:\/\/www.yongjianceramic.com\/wp-content\/uploads\/2025\/05\/custom-pasta-bowlswholesale-ceramic-dinnerwarewedding-plates-wholesale-4-660x660.webp 660w\" sizes=\"(max-width: 800px) 100vw, 800px\" \/><\/figure>\n<\/div>\n<\/div>","protected":false},"excerpt":{"rendered":"<p>Bienvenido a comprar platos de porcelana al por mayor. Nuestros platos y cuencos para pasta al por mayor tienen dise\u00f1os sencillos y diversas especificaciones, adecuados para el uso dom\u00e9stico diario y la restauraci\u00f3n comercial. Son una combinaci\u00f3n ideal de alta calidad y practicidad. Se aceptan pedidos al por mayor y personalizados.<\/p>\n<table style=\"border-collapse: collapse; width: 327.02pt;\" border=\"0\" width=\"654\" cellspacing=\"0\" cellpadding=\"0\">\n<tbody>\n<tr style=\"height: 16.50pt;\">\n<td class=\"et3\" style=\"height: 16.50pt; width: 127.20pt;\" width=\"254\" height=\"33\">Fabricante<\/td>\n<td class=\"et3\" style=\"width: 200.15pt;\" width=\"400\">Yongjian<\/td>\n<\/tr>\n<tr style=\"height: 16.50pt;\">\n<td class=\"et3\" style=\"height: 16.50pt;\" height=\"33\">N\u00ba de modelo<\/td>\n<td class=\"et4\" style=\"width: 200.15pt;\" width=\"400\">YJ-131<\/td>\n<\/tr>\n<tr style=\"height: 16.50pt;\">\n<td class=\"et3\" style=\"height: 16.50pt;\" height=\"33\">Tipo de producto<\/td>\n<td class=\"et3\">Servicios y ensaladeras<\/td>\n<\/tr>\n<tr style=\"height: 16.50pt;\">\n<td class=\"et3\" style=\"height: 16.50pt;\" height=\"33\">Material<\/td>\n<td class=\"et3\">Porcelana<\/td>\n<\/tr>\n<tr style=\"height: 16.50pt;\">\n<td class=\"et5\" style=\"height: 16.50pt;\" height=\"33\">Color<\/td>\n<td class=\"et3\">Como imagen<\/td>\n<\/tr>\n<tr style=\"height: 16.50pt;\">\n<td class=\"et3\" style=\"height: 16.50pt;\" height=\"33\">Dimensi\u00f3n<\/td>\n<td class=\"et6\" style=\"width: 200.15pt;\" width=\"400\">22*22*6cm<\/td>\n<\/tr>\n<tr style=\"height: 16.50pt;\">\n<td class=\"et3\" style=\"height: 16.50pt;\" height=\"33\">MOQ<\/td>\n<td class=\"et3\">500 unidades<\/td>\n<\/tr>\n<tr style=\"height: 16.50pt;\">\n<td class=\"et3\" style=\"height: 16.50pt;\" height=\"33\">A medida<\/td>\n<td class=\"et3\">Color\/Tama\u00f1o\/Logotipo\/Embalaje<\/td>\n<\/tr>\n<\/tbody>\n<\/table>","protected":false},"featured_media":4748,"comment_status":"closed","ping_status":"closed","template":"","meta":{"_acf_changed":false},"product_brand":[],"product_cat":[77,63,62,73],"product_tag":[81],"class_list":{"0":"post-4743","1":"product","2":"type-product","3":"status-publish","4":"has-post-thumbnail","6":"product_cat-deep-plates-wholesale","7":"product_cat-wholesale-bowls","8":"product_cat-ceramic-plates-wholesale","9":"product_cat-bulk-soup-bowls","10":"product_tag-modern-design-dinnerware-set-wholesale","12":"first","13":"instock","14":"shipping-taxable","15":"product-type-simple"},"acf":[],"_links":{"self":[{"href":"https:\/\/www.yongjianceramic.com\/es\/wp-json\/wp\/v2\/product\/4743","targetHints":{"allow":["GET"]}}],"collection":[{"href":"https:\/\/www.yongjianceramic.com\/es\/wp-json\/wp\/v2\/product"}],"about":[{"href":"https:\/\/www.yongjianceramic.com\/es\/wp-json\/wp\/v2\/types\/product"}],"replies":[{"embeddable":true,"href":"https:\/\/www.yongjianceramic.com\/es\/wp-json\/wp\/v2\/comments?post=4743"}],"wp:featuredmedia":[{"embeddable":true,"href":"https:\/\/www.yongjianceramic.com\/es\/wp-json\/wp\/v2\/media\/4748"}],"wp:attachment":[{"href":"https:\/\/www.yongjianceramic.com\/es\/wp-json\/wp\/v2\/media?parent=4743"}],"wp:term":[{"taxonomy":"product_brand","embeddable":true,"href":"https:\/\/www.yongjianceramic.com\/es\/wp-json\/wp\/v2\/product_brand?post=4743"},{"taxonomy":"product_cat","embeddable":true,"href":"https:\/\/www.yongjianceramic.com\/es\/wp-json\/wp\/v2\/product_cat?post=4743"},{"taxonomy":"product_tag","embeddable":true,"href":"https:\/\/www.yongjianceramic.com\/es\/wp-json\/wp\/v2\/product_tag?post=4743"}],"curies":[{"name":"wp","href":"https:\/\/api.w.org\/{rel}","templated":true}]}}