{"id":4778,"date":"2025-05-19T17:07:53","date_gmt":"2025-05-19T09:07:53","guid":{"rendered":"https:\/\/www.yongjianceramic.com\/?post_type=product&#038;p=4778"},"modified":"2025-05-19T17:12:59","modified_gmt":"2025-05-19T09:12:59","slug":"bistro-dinner-plates-bulk","status":"publish","type":"product","link":"https:\/\/www.yongjianceramic.com\/es\/producto\/bistro-dinner-plates-bulk\/","title":{"rendered":"Platos Bistro a Granel, Platos de Cer\u00e1mica al por Mayor"},"content":{"rendered":"<div class=\"wp-block-columns is-layout-flex wp-container-core-columns-is-layout-9d6595d7 wp-block-columns-is-layout-flex\">\n<div class=\"wp-block-column is-layout-flow wp-block-column-is-layout-flow\">\n<h2 class=\"wp-block-heading\">Premium Bistro Platos de Cena a Granel Caracter\u00edsticas:<\/h2>\n\n\n\n<ul class=\"wp-block-list\">\n<li><strong>Textura de piedra natural, textura de alta calidad: <\/strong>La superficie de estos platos de bistro a granel adopta el dise\u00f1o de imitaci\u00f3n de textura de piedra natural, con textura clara y estilo \u00fanico, aportando belleza natural y original, y realzando el estilo general de la mesa de comedor.<\/li>\n\n\n\n<li><strong>Forma de plato plano, pr\u00e1ctico y vers\u00e1til: <\/strong>Los cl\u00e1sicos platos llanos redondos para servir al por mayor son adecuados para comida occidental, postres, alimentos b\u00e1sicos y otros platos, presentando una experiencia gastron\u00f3mica ordenada y generosa.<\/li>\n\n\n\n<li><strong>Combinaci\u00f3n de dos tama\u00f1os, adaptaci\u00f3n flexible: <\/strong>Estos platos de cena bistro a granel proporcionan especificaciones de 7,5 y 9,5 pulgadas para satisfacer diferentes requisitos de capacidad, se pueden utilizar en combinaci\u00f3n, adecuado para el hogar y el uso comercial de restaurante en m\u00faltiples escenarios.<\/li>\n\n\n\n<li><strong>Soporta la personalizaci\u00f3n, se adapta a diversas necesidades:<\/strong> Nuestros platos para servir al por mayor pueden personalizarse con motivos, logotipos y colores seg\u00fan los requisitos de la marca y el escenario, y son adecuados para hoteles, bodas, restaurantes y otras ocasiones.<\/li>\n<\/ul>\n<\/div>\n\n\n\n<div class=\"wp-block-column is-layout-flow wp-block-column-is-layout-flow\">\n<figure class=\"wp-block-image size-full\"><img fetchpriority=\"high\" decoding=\"async\" width=\"800\" height=\"800\" src=\"https:\/\/www.yongjianceramic.com\/wp-content\/uploads\/2025\/05\/bulk-buy-dinner-platesceramic-plate-manufacturerchinese-crockery-wholesale-7.webp\" alt=\"Platos de Cena Bistro al por mayor, Platos de Cer\u00e1mica al por mayor-1\" class=\"wp-image-4785\" srcset=\"https:\/\/www.yongjianceramic.com\/wp-content\/uploads\/2025\/05\/bulk-buy-dinner-platesceramic-plate-manufacturerchinese-crockery-wholesale-7.webp 800w, https:\/\/www.yongjianceramic.com\/wp-content\/uploads\/2025\/05\/bulk-buy-dinner-platesceramic-plate-manufacturerchinese-crockery-wholesale-7-300x300.webp 300w, https:\/\/www.yongjianceramic.com\/wp-content\/uploads\/2025\/05\/bulk-buy-dinner-platesceramic-plate-manufacturerchinese-crockery-wholesale-7-150x150.webp 150w, https:\/\/www.yongjianceramic.com\/wp-content\/uploads\/2025\/05\/bulk-buy-dinner-platesceramic-plate-manufacturerchinese-crockery-wholesale-7-768x768.webp 768w, https:\/\/www.yongjianceramic.com\/wp-content\/uploads\/2025\/05\/bulk-buy-dinner-platesceramic-plate-manufacturerchinese-crockery-wholesale-7-12x12.webp 12w, https:\/\/www.yongjianceramic.com\/wp-content\/uploads\/2025\/05\/bulk-buy-dinner-platesceramic-plate-manufacturerchinese-crockery-wholesale-7-285x285.webp 285w, https:\/\/www.yongjianceramic.com\/wp-content\/uploads\/2025\/05\/bulk-buy-dinner-platesceramic-plate-manufacturerchinese-crockery-wholesale-7-270x270.webp 270w, https:\/\/www.yongjianceramic.com\/wp-content\/uploads\/2025\/05\/bulk-buy-dinner-platesceramic-plate-manufacturerchinese-crockery-wholesale-7-540x540.webp 540w, https:\/\/www.yongjianceramic.com\/wp-content\/uploads\/2025\/05\/bulk-buy-dinner-platesceramic-plate-manufacturerchinese-crockery-wholesale-7-660x660.webp 660w\" sizes=\"(max-width: 800px) 100vw, 800px\" \/><\/figure>\n<\/div>\n<\/div>","protected":false},"excerpt":{"rendered":"<p>Bienvenido a comprar platos de servir al por mayor. Estos 7.5\/9.5 pulgadas piedra granulada bistro cena platos a granel combinan textura natural con dise\u00f1o pr\u00e1ctico, conveniente para todo tipo de comida occidental y postres, y es la mejor opci\u00f3n para hoteles y restaurantes para mejorar su sabor.<\/p>\n<table style=\"border-collapse: collapse; width: 327.02pt;\" border=\"0\" width=\"654\" cellspacing=\"0\" cellpadding=\"0\">\n<tbody>\n<tr style=\"height: 16.50pt;\">\n<td class=\"et3\" style=\"height: 16.50pt; width: 127.20pt;\" width=\"254\" height=\"33\">Fabricante<\/td>\n<td class=\"et3\" style=\"width: 200.15pt;\" width=\"400\">Yongjian<\/td>\n<\/tr>\n<tr style=\"height: 16.50pt;\">\n<td class=\"et3\" style=\"height: 16.50pt;\" height=\"33\">N\u00ba de modelo<\/td>\n<td class=\"et4\" style=\"width: 200.15pt;\" width=\"400\">YJ-134<\/td>\n<\/tr>\n<tr style=\"height: 16.50pt;\">\n<td class=\"et3\" style=\"height: 16.50pt;\" height=\"33\">Tipo de producto<\/td>\n<td class=\"et3\">Bandeja<\/td>\n<\/tr>\n<tr style=\"height: 16.50pt;\">\n<td class=\"et3\" style=\"height: 16.50pt;\" height=\"33\">Material<\/td>\n<td class=\"et3\">Porcelana<\/td>\n<\/tr>\n<tr style=\"height: 16.50pt;\">\n<td class=\"et5\" style=\"height: 16.50pt;\" height=\"33\">Color<\/td>\n<td class=\"et3\">Como imagen<\/td>\n<\/tr>\n<tr style=\"height: 33.00pt;\">\n<td class=\"et3\" style=\"height: 33.00pt;\" height=\"66\">Dimensi\u00f3n<\/td>\n<td class=\"et6\" style=\"width: 200.15pt;\" width=\"400\">19,5*19,5*1,8cm 22,5*22,5*2cm<\/td>\n<\/tr>\n<tr style=\"height: 16.50pt;\">\n<td class=\"et3\" style=\"height: 16.50pt;\" height=\"33\">MOQ<\/td>\n<td class=\"et3\">500 unidades<\/td>\n<\/tr>\n<tr style=\"height: 16.50pt;\">\n<td class=\"et3\" style=\"height: 16.50pt;\" height=\"33\">A medida<\/td>\n<td class=\"et3\">Color\/Tama\u00f1o\/Logotipo\/Embalaje<\/td>\n<\/tr>\n<\/tbody>\n<\/table>","protected":false},"featured_media":4784,"comment_status":"closed","ping_status":"closed","template":"","meta":{"_acf_changed":false},"product_brand":[],"product_cat":[93,62,76],"product_tag":[88,86],"class_list":{"0":"post-4778","1":"product","2":"type-product","3":"status-publish","4":"has-post-thumbnail","6":"product_cat-bulk-dinner-plates","7":"product_cat-ceramic-plates-wholesale","8":"product_cat-wholesale-serving-platters","9":"product_tag-japanese-style-dinnerware-set-wholesale","10":"product_tag-oriental-style-dinnerware-wholesale","12":"first","13":"instock","14":"shipping-taxable","15":"product-type-simple"},"acf":[],"_links":{"self":[{"href":"https:\/\/www.yongjianceramic.com\/es\/wp-json\/wp\/v2\/product\/4778","targetHints":{"allow":["GET"]}}],"collection":[{"href":"https:\/\/www.yongjianceramic.com\/es\/wp-json\/wp\/v2\/product"}],"about":[{"href":"https:\/\/www.yongjianceramic.com\/es\/wp-json\/wp\/v2\/types\/product"}],"replies":[{"embeddable":true,"href":"https:\/\/www.yongjianceramic.com\/es\/wp-json\/wp\/v2\/comments?post=4778"}],"wp:featuredmedia":[{"embeddable":true,"href":"https:\/\/www.yongjianceramic.com\/es\/wp-json\/wp\/v2\/media\/4784"}],"wp:attachment":[{"href":"https:\/\/www.yongjianceramic.com\/es\/wp-json\/wp\/v2\/media?parent=4778"}],"wp:term":[{"taxonomy":"product_brand","embeddable":true,"href":"https:\/\/www.yongjianceramic.com\/es\/wp-json\/wp\/v2\/product_brand?post=4778"},{"taxonomy":"product_cat","embeddable":true,"href":"https:\/\/www.yongjianceramic.com\/es\/wp-json\/wp\/v2\/product_cat?post=4778"},{"taxonomy":"product_tag","embeddable":true,"href":"https:\/\/www.yongjianceramic.com\/es\/wp-json\/wp\/v2\/product_tag?post=4778"}],"curies":[{"name":"wp","href":"https:\/\/api.w.org\/{rel}","templated":true}]}}