{"id":4790,"date":"2025-05-19T16:49:44","date_gmt":"2025-05-19T08:49:44","guid":{"rendered":"https:\/\/www.yongjianceramic.com\/?post_type=product&#038;p=4790"},"modified":"2025-05-19T16:53:38","modified_gmt":"2025-05-19T08:53:38","slug":"wholesale-bowls","status":"publish","type":"product","link":"https:\/\/www.yongjianceramic.com\/es\/producto\/wholesale-bowls\/","title":{"rendered":"Tazones esmaltados reactivos al por mayor, Juegos de tazones para servir a granel"},"content":{"rendered":"<div class=\"wp-block-columns is-layout-flex wp-container-core-columns-is-layout-9d6595d7 wp-block-columns-is-layout-flex\">\n<div class=\"wp-block-column is-layout-flow wp-block-column-is-layout-flow\">\n<h2 class=\"wp-block-heading\">Tazones esmaltados reactivos de primera calidad al por mayor Caracter\u00edsticas:<\/h2>\n\n\n\n<ul class=\"wp-block-list\">\n<li><strong>Dise\u00f1o de doble tama\u00f1o, flexible y pr\u00e1ctico: <\/strong>Estos cuencos al por mayor est\u00e1n disponibles en tama\u00f1os de 4,5 y 7 pulgadas, adecuados para contener sopas, aperitivos, arroz, fideos y otros platos, satisfaciendo las diferentes necesidades de capacidad de familias y comedores.<\/li>\n\n\n\n<li><strong>Dise\u00f1o de boca cerrada, bonito y antidesbordamiento:<\/strong> La forma ligeramente cerrada de las bocas de estos juegos de cuencos para servir a granel no s\u00f3lo tiene l\u00edneas elegantes y suaves, sino que tambi\u00e9n evita eficazmente que la sopa se desborde, mejorando la comodidad y practicidad de las cenas.<\/li>\n\n\n\n<li><strong>Color de esmalte reactivo, capas ricas: <\/strong>Nuestros cuencos al por mayor utilizan el proceso de esmaltado por reacci\u00f3n, el color fluye de forma natural, cada cuenco tiene un color de esmaltado \u00fanico, lleno de sentido art\u00edstico y tridimensional, y realza la belleza general de la mesa de comedor.<\/li>\n\n\n\n<li><strong>Cocci\u00f3n a alta temperatura, resistente al calor y duradera: <\/strong>Nuestros juegos de cuencos para servir a granel son aptos para equipos de cocina como hornos microondas y lavavajillas, con una superficie lisa y delicada, f\u00e1cil de limpiar, apta para su uso en comidas de alta frecuencia.<\/li>\n<\/ul>\n<\/div>\n\n\n\n<div class=\"wp-block-column is-layout-flow wp-block-column-is-layout-flow\">\n<figure class=\"wp-block-image size-full\"><img fetchpriority=\"high\" decoding=\"async\" width=\"800\" height=\"800\" src=\"https:\/\/www.yongjianceramic.com\/wp-content\/uploads\/2025\/05\/bulk-soup-bowlscustom-made-ceramic-dinnerwaredinnerware-manufacturers-2.webp\" alt=\"Tazones esmaltados reactivos al por mayor, Juegos de tazones para servir a granel-1\" class=\"wp-image-4792\" srcset=\"https:\/\/www.yongjianceramic.com\/wp-content\/uploads\/2025\/05\/bulk-soup-bowlscustom-made-ceramic-dinnerwaredinnerware-manufacturers-2.webp 800w, https:\/\/www.yongjianceramic.com\/wp-content\/uploads\/2025\/05\/bulk-soup-bowlscustom-made-ceramic-dinnerwaredinnerware-manufacturers-2-300x300.webp 300w, https:\/\/www.yongjianceramic.com\/wp-content\/uploads\/2025\/05\/bulk-soup-bowlscustom-made-ceramic-dinnerwaredinnerware-manufacturers-2-150x150.webp 150w, https:\/\/www.yongjianceramic.com\/wp-content\/uploads\/2025\/05\/bulk-soup-bowlscustom-made-ceramic-dinnerwaredinnerware-manufacturers-2-768x768.webp 768w, https:\/\/www.yongjianceramic.com\/wp-content\/uploads\/2025\/05\/bulk-soup-bowlscustom-made-ceramic-dinnerwaredinnerware-manufacturers-2-12x12.webp 12w, https:\/\/www.yongjianceramic.com\/wp-content\/uploads\/2025\/05\/bulk-soup-bowlscustom-made-ceramic-dinnerwaredinnerware-manufacturers-2-285x285.webp 285w, https:\/\/www.yongjianceramic.com\/wp-content\/uploads\/2025\/05\/bulk-soup-bowlscustom-made-ceramic-dinnerwaredinnerware-manufacturers-2-270x270.webp 270w, https:\/\/www.yongjianceramic.com\/wp-content\/uploads\/2025\/05\/bulk-soup-bowlscustom-made-ceramic-dinnerwaredinnerware-manufacturers-2-540x540.webp 540w, https:\/\/www.yongjianceramic.com\/wp-content\/uploads\/2025\/05\/bulk-soup-bowlscustom-made-ceramic-dinnerwaredinnerware-manufacturers-2-660x660.webp 660w\" sizes=\"(max-width: 800px) 100vw, 800px\" \/><\/figure>\n<\/div>\n<\/div>","protected":false},"excerpt":{"rendered":"<p>Bienvenido a comprar cuencos al por mayor. Estos conjuntos de cuencos de cer\u00e1mica para servir al por mayor de 4,5 y 7 pulgadas presentan un esmaltado al horno y un dise\u00f1o de borde cl\u00e1sico. Son bonitos y pr\u00e1cticos, adecuados para hoteles, restaurantes y uso dom\u00e9stico. Son una opci\u00f3n de vajilla ideal que combina funcionalidad y belleza.<\/p>\n<table style=\"border-collapse: collapse; width: 327.02pt;\" border=\"0\" width=\"654\" cellspacing=\"0\" cellpadding=\"0\">\n<tbody>\n<tr style=\"height: 16.50pt;\">\n<td class=\"et3\" style=\"height: 16.50pt; width: 127.20pt;\" width=\"254\" height=\"33\">Fabricante<\/td>\n<td class=\"et3\" style=\"width: 200.15pt;\" width=\"400\">Yongjian<\/td>\n<\/tr>\n<tr style=\"height: 16.50pt;\">\n<td class=\"et3\" style=\"height: 16.50pt;\" height=\"33\">N\u00ba de modelo<\/td>\n<td class=\"et4\" style=\"width: 200.15pt;\" width=\"400\">YJ-135<\/td>\n<\/tr>\n<tr style=\"height: 16.50pt;\">\n<td class=\"et3\" style=\"height: 16.50pt;\" height=\"33\">Tipo de producto<\/td>\n<td class=\"et3\">Cuencos para sopa y ramen<\/td>\n<\/tr>\n<tr style=\"height: 16.50pt;\">\n<td class=\"et3\" style=\"height: 16.50pt;\" height=\"33\">Material<\/td>\n<td class=\"et3\">Porcelana<\/td>\n<\/tr>\n<tr style=\"height: 16.50pt;\">\n<td class=\"et5\" style=\"height: 16.50pt;\" height=\"33\">Color<\/td>\n<td class=\"et3\">Como imagen<\/td>\n<\/tr>\n<tr style=\"height: 33.00pt;\">\n<td class=\"et3\" style=\"height: 33.00pt;\" height=\"66\">Dimensi\u00f3n<\/td>\n<td class=\"et6\" style=\"width: 200.15pt;\" width=\"400\">11,5*11,5*5cm 18*18*5cm<\/td>\n<\/tr>\n<tr style=\"height: 16.50pt;\">\n<td class=\"et3\" style=\"height: 16.50pt;\" height=\"33\">MOQ<\/td>\n<td class=\"et3\">500 unidades<\/td>\n<\/tr>\n<tr style=\"height: 16.50pt;\">\n<td class=\"et3\" style=\"height: 16.50pt;\" height=\"33\">A medida<\/td>\n<td class=\"et3\">Color\/Tama\u00f1o\/Logotipo\/Embalaje<\/td>\n<\/tr>\n<\/tbody>\n<\/table>","protected":false},"featured_media":4791,"comment_status":"closed","ping_status":"closed","template":"","meta":{"_acf_changed":false},"product_brand":[],"product_cat":[63,74,73],"product_tag":[88,81],"class_list":{"0":"post-4790","1":"product","2":"type-product","3":"status-publish","4":"has-post-thumbnail","6":"product_cat-wholesale-bowls","7":"product_cat-bulk-serving-bowls","8":"product_cat-bulk-soup-bowls","9":"product_tag-japanese-style-dinnerware-set-wholesale","10":"product_tag-modern-design-dinnerware-set-wholesale","12":"first","13":"instock","14":"shipping-taxable","15":"product-type-simple"},"acf":[],"_links":{"self":[{"href":"https:\/\/www.yongjianceramic.com\/es\/wp-json\/wp\/v2\/product\/4790","targetHints":{"allow":["GET"]}}],"collection":[{"href":"https:\/\/www.yongjianceramic.com\/es\/wp-json\/wp\/v2\/product"}],"about":[{"href":"https:\/\/www.yongjianceramic.com\/es\/wp-json\/wp\/v2\/types\/product"}],"replies":[{"embeddable":true,"href":"https:\/\/www.yongjianceramic.com\/es\/wp-json\/wp\/v2\/comments?post=4790"}],"wp:featuredmedia":[{"embeddable":true,"href":"https:\/\/www.yongjianceramic.com\/es\/wp-json\/wp\/v2\/media\/4791"}],"wp:attachment":[{"href":"https:\/\/www.yongjianceramic.com\/es\/wp-json\/wp\/v2\/media?parent=4790"}],"wp:term":[{"taxonomy":"product_brand","embeddable":true,"href":"https:\/\/www.yongjianceramic.com\/es\/wp-json\/wp\/v2\/product_brand?post=4790"},{"taxonomy":"product_cat","embeddable":true,"href":"https:\/\/www.yongjianceramic.com\/es\/wp-json\/wp\/v2\/product_cat?post=4790"},{"taxonomy":"product_tag","embeddable":true,"href":"https:\/\/www.yongjianceramic.com\/es\/wp-json\/wp\/v2\/product_tag?post=4790"}],"curies":[{"name":"wp","href":"https:\/\/api.w.org\/{rel}","templated":true}]}}