{"id":4809,"date":"2025-05-27T12:04:45","date_gmt":"2025-05-27T04:04:45","guid":{"rendered":"https:\/\/www.yongjianceramic.com\/?post_type=product&#038;p=4809"},"modified":"2025-05-27T12:04:49","modified_gmt":"2025-05-27T04:04:49","slug":"custom-ceramic-dish","status":"publish","type":"product","link":"https:\/\/www.yongjianceramic.com\/es\/producto\/custom-ceramic-dish\/","title":{"rendered":"Plato de cer\u00e1mica de encargo 7 pulgadas, plato redondo esmaltado reactivo a granel Proveedores"},"content":{"rendered":"<div class=\"wp-block-columns is-layout-flex wp-container-core-columns-is-layout-9d6595d7 wp-block-columns-is-layout-flex\">\n<div class=\"wp-block-column is-layout-flow wp-block-column-is-layout-flow\">\n<h2 class=\"wp-block-heading\">Plato de cer\u00e1mica Premium Custom Caracter\u00edsticas:<\/h2>\n\n\n\n<ul class=\"wp-block-list\">\n<li><strong>Tama\u00f1o cl\u00e1sico de 7 pulgadas, ampliamente aplicable: <\/strong>El plato de cer\u00e1mica a medida es adecuado para comidas ligeras como postres, aperitivos, desayunos, etc., de tama\u00f1o moderado, apto para las necesidades gastron\u00f3micas habituales de familias y restaurantes.<\/li>\n\n\n\n<li><strong>Dise\u00f1o cerrado, bonito y a prueba de salpicaduras:<\/strong> El borde del plato a granel est\u00e1 ligeramente curvado para realzar el sentido tridimensional y la practicidad del plato, evitando eficazmente que la salsa o la sopa se desborden, lo que hace m\u00e1s seguro su uso.<\/li>\n\n\n\n<li><strong>Tecnolog\u00eda de esmaltado por reacci\u00f3n, colores naturales y \u00fanicos: <\/strong>La tecnolog\u00eda de esmalte de reacci\u00f3n con cambio de horno de los platos de cer\u00e1mica personalizados se utiliza para presentar cambios de color naturales y fluidos. Cada plato es \u00fanico, mostrando la textura hecha a mano y la belleza art\u00edstica.<\/li>\n\n\n\n<li><strong>Hay cuatro colores disponibles, con una gran variedad de estilos: <\/strong>El plato a granel tiene cuatro colores de esmalte diferentes para satisfacer las necesidades de combinaci\u00f3n de diferentes escenas y estilos de mesa, y mejorar el nivel visual general de la vajilla.<\/li>\n<\/ul>\n<\/div>\n\n\n\n<div class=\"wp-block-column is-layout-flow wp-block-column-is-layout-flow\">\n<figure class=\"wp-block-image size-full\"><img fetchpriority=\"high\" decoding=\"async\" width=\"800\" height=\"800\" src=\"https:\/\/www.yongjianceramic.com\/wp-content\/uploads\/2025\/05\/antique-china-tablewareceramic-plates-suppliersbulk-dishes-4.webp\" alt=\"plato cer\u00e1mico a medida-7 pulgadas-plato redondo esmaltado reactivo-4\" class=\"wp-image-4813\" srcset=\"https:\/\/www.yongjianceramic.com\/wp-content\/uploads\/2025\/05\/antique-china-tablewareceramic-plates-suppliersbulk-dishes-4.webp 800w, https:\/\/www.yongjianceramic.com\/wp-content\/uploads\/2025\/05\/antique-china-tablewareceramic-plates-suppliersbulk-dishes-4-300x300.webp 300w, https:\/\/www.yongjianceramic.com\/wp-content\/uploads\/2025\/05\/antique-china-tablewareceramic-plates-suppliersbulk-dishes-4-150x150.webp 150w, https:\/\/www.yongjianceramic.com\/wp-content\/uploads\/2025\/05\/antique-china-tablewareceramic-plates-suppliersbulk-dishes-4-768x768.webp 768w, https:\/\/www.yongjianceramic.com\/wp-content\/uploads\/2025\/05\/antique-china-tablewareceramic-plates-suppliersbulk-dishes-4-12x12.webp 12w, https:\/\/www.yongjianceramic.com\/wp-content\/uploads\/2025\/05\/antique-china-tablewareceramic-plates-suppliersbulk-dishes-4-285x285.webp 285w, https:\/\/www.yongjianceramic.com\/wp-content\/uploads\/2025\/05\/antique-china-tablewareceramic-plates-suppliersbulk-dishes-4-270x270.webp 270w, https:\/\/www.yongjianceramic.com\/wp-content\/uploads\/2025\/05\/antique-china-tablewareceramic-plates-suppliersbulk-dishes-4-540x540.webp 540w, https:\/\/www.yongjianceramic.com\/wp-content\/uploads\/2025\/05\/antique-china-tablewareceramic-plates-suppliersbulk-dishes-4-660x660.webp 660w\" sizes=\"(max-width: 800px) 100vw, 800px\" \/><\/figure>\n<\/div>\n<\/div>","protected":false},"excerpt":{"rendered":"<p>Bienvenido a comprar nuestro plato de cer\u00e1mica personalizado. Este plato de cer\u00e1mica de 7 pulgadas a granel con bordes cerrados est\u00e1 hecho con tecnolog\u00eda de esmalte reactivo, con colores naturales y variados que combinan belleza y practicidad. Disponible en cuatro colores, es adecuado para una variedad de escenarios de comedor y es una opci\u00f3n elegante para el hogar y comedor comercial.<\/p>\n<table style=\"border-collapse: collapse; width: 327.02pt;\" border=\"0\" width=\"654\" cellspacing=\"0\" cellpadding=\"0\">\n<tbody>\n<tr style=\"height: 16.50pt;\">\n<td class=\"et3\" style=\"height: 16.50pt; width: 127.20pt;\" width=\"254\" height=\"33\">Fabricante<\/td>\n<td class=\"et3\" style=\"width: 200.15pt;\" width=\"400\">Yongjian<\/td>\n<\/tr>\n<tr style=\"height: 16.50pt;\">\n<td class=\"et3\" style=\"height: 16.50pt;\" height=\"33\">N\u00ba de modelo<\/td>\n<td class=\"et4\" style=\"width: 200.15pt;\" width=\"400\">YJ-136<\/td>\n<\/tr>\n<tr style=\"height: 16.50pt;\">\n<td class=\"et3\" style=\"height: 16.50pt;\" height=\"33\">Tipo de producto<\/td>\n<td class=\"et3\">Bandeja<\/td>\n<\/tr>\n<tr style=\"height: 16.50pt;\">\n<td class=\"et3\" style=\"height: 16.50pt;\" height=\"33\">Material<\/td>\n<td class=\"et3\">Porcelana<\/td>\n<\/tr>\n<tr style=\"height: 16.50pt;\">\n<td class=\"et5\" style=\"height: 16.50pt;\" height=\"33\">Color<\/td>\n<td class=\"et3\">Como imagen<\/td>\n<\/tr>\n<tr style=\"height: 16.50pt;\">\n<td class=\"et3\" style=\"height: 16.50pt;\" height=\"33\">Dimensi\u00f3n<\/td>\n<td class=\"et6\" style=\"width: 200.15pt;\" width=\"400\">18*18*5cm<\/td>\n<\/tr>\n<tr style=\"height: 16.50pt;\">\n<td class=\"et3\" style=\"height: 16.50pt;\" height=\"33\">MOQ<\/td>\n<td class=\"et3\">500 unidades<\/td>\n<\/tr>\n<tr style=\"height: 16.50pt;\">\n<td class=\"et3\" style=\"height: 16.50pt;\" height=\"33\">A medida<\/td>\n<td class=\"et3\">Color\/Tama\u00f1o\/Logotipo\/Embalaje<\/td>\n<\/tr>\n<\/tbody>\n<\/table>","protected":false},"featured_media":4810,"comment_status":"closed","ping_status":"closed","template":"","meta":{"_acf_changed":false},"product_brand":[],"product_cat":[62,77,93,76],"product_tag":[84],"class_list":{"0":"post-4809","1":"product","2":"type-product","3":"status-publish","4":"has-post-thumbnail","6":"product_cat-ceramic-plates-wholesale","7":"product_cat-deep-plates-wholesale","8":"product_cat-bulk-dinner-plates","9":"product_cat-wholesale-serving-platters","10":"product_tag-retro-design-dinnerware-wholesale","12":"first","13":"instock","14":"shipping-taxable","15":"product-type-simple"},"acf":[],"_links":{"self":[{"href":"https:\/\/www.yongjianceramic.com\/es\/wp-json\/wp\/v2\/product\/4809","targetHints":{"allow":["GET"]}}],"collection":[{"href":"https:\/\/www.yongjianceramic.com\/es\/wp-json\/wp\/v2\/product"}],"about":[{"href":"https:\/\/www.yongjianceramic.com\/es\/wp-json\/wp\/v2\/types\/product"}],"replies":[{"embeddable":true,"href":"https:\/\/www.yongjianceramic.com\/es\/wp-json\/wp\/v2\/comments?post=4809"}],"wp:featuredmedia":[{"embeddable":true,"href":"https:\/\/www.yongjianceramic.com\/es\/wp-json\/wp\/v2\/media\/4810"}],"wp:attachment":[{"href":"https:\/\/www.yongjianceramic.com\/es\/wp-json\/wp\/v2\/media?parent=4809"}],"wp:term":[{"taxonomy":"product_brand","embeddable":true,"href":"https:\/\/www.yongjianceramic.com\/es\/wp-json\/wp\/v2\/product_brand?post=4809"},{"taxonomy":"product_cat","embeddable":true,"href":"https:\/\/www.yongjianceramic.com\/es\/wp-json\/wp\/v2\/product_cat?post=4809"},{"taxonomy":"product_tag","embeddable":true,"href":"https:\/\/www.yongjianceramic.com\/es\/wp-json\/wp\/v2\/product_tag?post=4809"}],"curies":[{"name":"wp","href":"https:\/\/api.w.org\/{rel}","templated":true}]}}