{"id":4843,"date":"2025-05-27T10:19:11","date_gmt":"2025-05-27T02:19:11","guid":{"rendered":"https:\/\/www.yongjianceramic.com\/?post_type=product&#038;p=4843"},"modified":"2025-05-27T10:19:14","modified_gmt":"2025-05-27T02:19:14","slug":"custom-made-ceramic-plates","status":"publish","type":"product","link":"https:\/\/www.yongjianceramic.com\/es\/producto\/custom-made-ceramic-plates\/","title":{"rendered":"Platos de Ceramica,Platos de Ceramica,Platos de Ceramica,Platos de Ceramica al por mayor"},"content":{"rendered":"<div class=\"wp-block-columns is-layout-flex wp-container-core-columns-is-layout-9d6595d7 wp-block-columns-is-layout-flex\">\n<div class=\"wp-block-column is-layout-flow wp-block-column-is-layout-flow\">\n<h2 class=\"wp-block-heading\">Platos de cer\u00e1mica de primera calidad hechos a medida Caracter\u00edsticas:<\/h2>\n\n\n\n<ul class=\"wp-block-list\">\n<li><strong>Tama\u00f1o compacto de 3,5 pulgadas, pr\u00e1ctico y c\u00f3modo:<\/strong> La salsera mediana al por mayor est\u00e1 especialmente dise\u00f1ada para salsas, ketchup, ali\u00f1os para ensaladas y otros condimentos, ocupando menos espacio y satisfaciendo las necesidades diarias.<\/li>\n\n\n\n<li><strong>M\u00faltiples estilos de dise\u00f1o disponibles, estilos ricos: <\/strong>Estos platos de cer\u00e1mica hechos a medida vienen con diferentes dise\u00f1os y tipos de patrones, adecuados para diferentes estilos de restaurante y configuraci\u00f3n de la mesa, y mejoran la apariencia general y la experiencia de comer.<\/li>\n\n\n\n<li><strong>Cer\u00e1mica de alta temperatura, sana y duradera:<\/strong> Estas placas de cer\u00e1mica hechas a medida utilizan tecnolog\u00eda de cocci\u00f3n a alta temperatura, que es duradera y resistente, no contiene productos qu\u00edmicos y es segura para el contacto con alimentos. Es suficiente para el uso diario en casa y para la restauraci\u00f3n comercial.<\/li>\n\n\n\n<li><strong>Esmalte liso, f\u00e1cil de limpiar y sin filtraciones de color:<\/strong> La superficie de la salsera al por mayor es densa y lisa, no se engrasa f\u00e1cilmente, es f\u00e1cil de limpiar, y sigue tan brillante como nueva despu\u00e9s de un uso prolongado, ahorrando preocupaciones y esfuerzos.<\/li>\n<\/ul>\n\n\n\n<p><\/p>\n<\/div>\n\n\n\n<div class=\"wp-block-column is-layout-flow wp-block-column-is-layout-flow\">\n<figure class=\"wp-block-image size-full\"><img fetchpriority=\"high\" decoding=\"async\" width=\"800\" height=\"800\" src=\"https:\/\/www.yongjianceramic.com\/wp-content\/uploads\/2025\/05\/custom-made-ceramic-platesceramic-dinnerware-companysuace-dish-wholesale-2.webp\" alt=\"platos de cer\u00e1mica hechos a medida-tipo de dise\u00f1o-plato de salsa-compa\u00f1\u00eda mayorista-2\" class=\"wp-image-4845\" srcset=\"https:\/\/www.yongjianceramic.com\/wp-content\/uploads\/2025\/05\/custom-made-ceramic-platesceramic-dinnerware-companysuace-dish-wholesale-2.webp 800w, https:\/\/www.yongjianceramic.com\/wp-content\/uploads\/2025\/05\/custom-made-ceramic-platesceramic-dinnerware-companysuace-dish-wholesale-2-300x300.webp 300w, https:\/\/www.yongjianceramic.com\/wp-content\/uploads\/2025\/05\/custom-made-ceramic-platesceramic-dinnerware-companysuace-dish-wholesale-2-150x150.webp 150w, https:\/\/www.yongjianceramic.com\/wp-content\/uploads\/2025\/05\/custom-made-ceramic-platesceramic-dinnerware-companysuace-dish-wholesale-2-768x768.webp 768w, https:\/\/www.yongjianceramic.com\/wp-content\/uploads\/2025\/05\/custom-made-ceramic-platesceramic-dinnerware-companysuace-dish-wholesale-2-12x12.webp 12w, https:\/\/www.yongjianceramic.com\/wp-content\/uploads\/2025\/05\/custom-made-ceramic-platesceramic-dinnerware-companysuace-dish-wholesale-2-285x285.webp 285w, https:\/\/www.yongjianceramic.com\/wp-content\/uploads\/2025\/05\/custom-made-ceramic-platesceramic-dinnerware-companysuace-dish-wholesale-2-270x270.webp 270w, https:\/\/www.yongjianceramic.com\/wp-content\/uploads\/2025\/05\/custom-made-ceramic-platesceramic-dinnerware-companysuace-dish-wholesale-2-540x540.webp 540w, https:\/\/www.yongjianceramic.com\/wp-content\/uploads\/2025\/05\/custom-made-ceramic-platesceramic-dinnerware-companysuace-dish-wholesale-2-660x660.webp 660w\" sizes=\"(max-width: 800px) 100vw, 800px\" \/><\/figure>\n<\/div>\n<\/div>","protected":false},"excerpt":{"rendered":"<p>Bienvenido a comprar nuestros platos de cer\u00e1mica hechos a medida. Esta salsera de cer\u00e1mica de 3,5 pulgadas al por mayor est\u00e1 dise\u00f1ada para salsas, ensaladas y otros condimentos. Tiene una forma delicada y una gran variedad de estilos. Es a la vez pr\u00e1ctico y bonito, adecuado para familias y diversos lugares para comer.<\/p>\n<table style=\"border-collapse: collapse; width: 327.02pt;\" border=\"0\" width=\"654\" cellspacing=\"0\" cellpadding=\"0\">\n<tbody>\n<tr style=\"height: 16.50pt;\">\n<td class=\"et3\" style=\"height: 16.50pt; width: 127.20pt;\" width=\"254\" height=\"33\">Fabricante<\/td>\n<td class=\"et3\" style=\"width: 200.15pt;\" width=\"400\">Yongjian<\/td>\n<\/tr>\n<tr style=\"height: 16.50pt;\">\n<td class=\"et3\" style=\"height: 16.50pt;\" height=\"33\">N\u00ba de modelo<\/td>\n<td class=\"et4\" style=\"width: 200.15pt;\" width=\"400\">YJ-139<\/td>\n<\/tr>\n<tr style=\"height: 16.50pt;\">\n<td class=\"et3\" style=\"height: 16.50pt;\" height=\"33\">Tipo de producto<\/td>\n<td class=\"et3\">Plato peque\u00f1o<\/td>\n<\/tr>\n<tr style=\"height: 16.50pt;\">\n<td class=\"et3\" style=\"height: 16.50pt;\" height=\"33\">Material<\/td>\n<td class=\"et3\">Porcelana<\/td>\n<\/tr>\n<tr style=\"height: 16.50pt;\">\n<td class=\"et5\" style=\"height: 16.50pt;\" height=\"33\">Color<\/td>\n<td class=\"et3\">Como imagen<\/td>\n<\/tr>\n<tr style=\"height: 16.50pt;\">\n<td class=\"et3\" style=\"height: 16.50pt;\" height=\"33\">Dimensi\u00f3n<\/td>\n<td class=\"et6\" style=\"width: 200.15pt;\" width=\"400\">7,8*7,8*2,2 cm<\/td>\n<\/tr>\n<tr style=\"height: 16.50pt;\">\n<td class=\"et3\" style=\"height: 16.50pt;\" height=\"33\">MOQ<\/td>\n<td class=\"et3\">500 unidades<\/td>\n<\/tr>\n<tr style=\"height: 16.50pt;\">\n<td class=\"et3\" style=\"height: 16.50pt;\" height=\"33\">A medida<\/td>\n<td class=\"et3\">Color\/Tama\u00f1o\/Logotipo\/Embalaje<\/td>\n<\/tr>\n<\/tbody>\n<\/table>","protected":false},"featured_media":4847,"comment_status":"closed","ping_status":"closed","template":"","meta":{"_acf_changed":false},"product_brand":[],"product_cat":[62,92],"product_tag":[81],"class_list":{"0":"post-4843","1":"product","2":"type-product","3":"status-publish","4":"has-post-thumbnail","6":"product_cat-ceramic-plates-wholesale","7":"product_cat-small-dishes-wholesale","8":"product_tag-modern-design-dinnerware-set-wholesale","10":"first","11":"instock","12":"shipping-taxable","13":"product-type-simple"},"acf":[],"_links":{"self":[{"href":"https:\/\/www.yongjianceramic.com\/es\/wp-json\/wp\/v2\/product\/4843","targetHints":{"allow":["GET"]}}],"collection":[{"href":"https:\/\/www.yongjianceramic.com\/es\/wp-json\/wp\/v2\/product"}],"about":[{"href":"https:\/\/www.yongjianceramic.com\/es\/wp-json\/wp\/v2\/types\/product"}],"replies":[{"embeddable":true,"href":"https:\/\/www.yongjianceramic.com\/es\/wp-json\/wp\/v2\/comments?post=4843"}],"wp:featuredmedia":[{"embeddable":true,"href":"https:\/\/www.yongjianceramic.com\/es\/wp-json\/wp\/v2\/media\/4847"}],"wp:attachment":[{"href":"https:\/\/www.yongjianceramic.com\/es\/wp-json\/wp\/v2\/media?parent=4843"}],"wp:term":[{"taxonomy":"product_brand","embeddable":true,"href":"https:\/\/www.yongjianceramic.com\/es\/wp-json\/wp\/v2\/product_brand?post=4843"},{"taxonomy":"product_cat","embeddable":true,"href":"https:\/\/www.yongjianceramic.com\/es\/wp-json\/wp\/v2\/product_cat?post=4843"},{"taxonomy":"product_tag","embeddable":true,"href":"https:\/\/www.yongjianceramic.com\/es\/wp-json\/wp\/v2\/product_tag?post=4843"}],"curies":[{"name":"wp","href":"https:\/\/api.w.org\/{rel}","templated":true}]}}