{"id":4870,"date":"2025-06-07T17:44:06","date_gmt":"2025-06-07T09:44:06","guid":{"rendered":"https:\/\/www.yongjianceramic.com\/?post_type=product&#038;p=4870"},"modified":"2025-06-07T17:44:08","modified_gmt":"2025-06-07T09:44:08","slug":"tapas-plates-wholesale","status":"publish","type":"product","link":"https:\/\/www.yongjianceramic.com\/es\/producto\/tapas-plates-wholesale\/","title":{"rendered":"Vajilla Platos para Tapas al por mayor, Platos peque\u00f1os para aperitivos a granel"},"content":{"rendered":"<div class=\"wp-block-columns is-layout-flex wp-container-core-columns-is-layout-9d6595d7 wp-block-columns-is-layout-flex\">\n<div class=\"wp-block-column is-layout-flow wp-block-column-is-layout-flow\">\n<h2 class=\"wp-block-heading\">Platos de Tapas Premium al por mayor Caracter\u00edsticas:<\/h2>\n\n\n\n<ul class=\"wp-block-list\">\n<li><strong>Dise\u00f1o de salsera integrado, pr\u00e1ctico y considerado: <\/strong>Estos platos de tapas al por mayor vienen con una zona independiente para salsas, que puede contener alimentos b\u00e1sicos y condimentos al mismo tiempo, adecuados para alb\u00f3ndigas con vinagre, patatas fritas con ketchup, etc., lo que resulta m\u00e1s c\u00f3modo para m\u00faltiples combinaciones.<\/li>\n\n\n\n<li><strong>Dise\u00f1o cuadrado, moderno y bonito: <\/strong>La forma cuadrada de nuestros platos de aperitivo a granel es generosa, con esquinas y l\u00edneas cuidadas, adecuada para restaurantes modernos y mesas familiares, mejorando el estilo general.<\/li>\n\n\n\n<li><strong>Cer\u00e1mica de alta temperatura, segura y duradera: <\/strong>Nuestros platos de tapas al por mayor son resistentes al calor y al agrietamiento, seguros para su uso en microondas, hornos y lavavajillas, y satisfacen las necesidades de uso frecuente de los negocios de catering.<\/li>\n\n\n\n<li><strong>Logotipo personalizable, que resalta la imagen de marca: <\/strong>Totalmente personalizables, nuestros platos de aperitivo a granel son adecuados para la personalizaci\u00f3n de vajillas exclusivas de hoteles y restaurantes, y mejoran el reconocimiento de marca y la profesionalidad.<\/li>\n<\/ul>\n<\/div>\n\n\n\n<div class=\"wp-block-column is-layout-flow wp-block-column-is-layout-flow\">\n<figure class=\"wp-block-image size-full\"><img fetchpriority=\"high\" decoding=\"async\" width=\"800\" height=\"800\" src=\"https:\/\/www.yongjianceramic.com\/wp-content\/uploads\/2025\/06\/restaurant-supply-dinnerwarebulk-crockerycustom-ceramic-plate-3.webp\" alt=\"Vajilla Platos para Tapas al por mayor, Platos peque\u00f1os para aperitivos Bulk-1\" class=\"wp-image-4873\" srcset=\"https:\/\/www.yongjianceramic.com\/wp-content\/uploads\/2025\/06\/restaurant-supply-dinnerwarebulk-crockerycustom-ceramic-plate-3.webp 800w, https:\/\/www.yongjianceramic.com\/wp-content\/uploads\/2025\/06\/restaurant-supply-dinnerwarebulk-crockerycustom-ceramic-plate-3-300x300.webp 300w, https:\/\/www.yongjianceramic.com\/wp-content\/uploads\/2025\/06\/restaurant-supply-dinnerwarebulk-crockerycustom-ceramic-plate-3-150x150.webp 150w, https:\/\/www.yongjianceramic.com\/wp-content\/uploads\/2025\/06\/restaurant-supply-dinnerwarebulk-crockerycustom-ceramic-plate-3-768x768.webp 768w, https:\/\/www.yongjianceramic.com\/wp-content\/uploads\/2025\/06\/restaurant-supply-dinnerwarebulk-crockerycustom-ceramic-plate-3-12x12.webp 12w, https:\/\/www.yongjianceramic.com\/wp-content\/uploads\/2025\/06\/restaurant-supply-dinnerwarebulk-crockerycustom-ceramic-plate-3-285x285.webp 285w, https:\/\/www.yongjianceramic.com\/wp-content\/uploads\/2025\/06\/restaurant-supply-dinnerwarebulk-crockerycustom-ceramic-plate-3-270x270.webp 270w, https:\/\/www.yongjianceramic.com\/wp-content\/uploads\/2025\/06\/restaurant-supply-dinnerwarebulk-crockerycustom-ceramic-plate-3-540x540.webp 540w, https:\/\/www.yongjianceramic.com\/wp-content\/uploads\/2025\/06\/restaurant-supply-dinnerwarebulk-crockerycustom-ceramic-plate-3-660x660.webp 660w\" sizes=\"(max-width: 800px) 100vw, 800px\" \/><\/figure>\n<\/div>\n<\/div>","protected":false},"excerpt":{"rendered":"<div class=\"lRu31\" dir=\"ltr\">Bienvenido a comprar platos de aperitivo al por mayor. Nuestros platos cuadrados de cer\u00e1mica para tapas al por mayor son perfectos para servir alb\u00f3ndigas con vinagre, patatas fritas con salsa, etc. Est\u00e1 hecho de cer\u00e1mica de alta temperatura, duradera y f\u00e1cil de limpiar, y se puede personalizar con logotipos, lo que es una gran opci\u00f3n para restaurantes y hoteles.<\/p>\n<div id=\"ow12\">\n<table style=\"border-collapse: collapse; width: 327.02pt;\" border=\"0\" width=\"654\" cellspacing=\"0\" cellpadding=\"0\">\n<tbody>\n<tr style=\"height: 16.50pt;\">\n<td class=\"et3\" style=\"height: 16.50pt; width: 127.20pt;\" width=\"254\" height=\"33\">Fabricante<\/td>\n<td class=\"et3\" style=\"width: 200.15pt;\" width=\"400\">Yongjian<\/td>\n<\/tr>\n<tr style=\"height: 16.50pt;\">\n<td class=\"et3\" style=\"height: 16.50pt;\" height=\"33\">N\u00ba de modelo<\/td>\n<td class=\"et4\" style=\"width: 200.15pt;\" width=\"400\">YJ-140<\/td>\n<\/tr>\n<tr style=\"height: 16.50pt;\">\n<td class=\"et3\" style=\"height: 16.50pt;\" height=\"33\">Tipo de producto<\/td>\n<td class=\"et3\">Bandeja<\/td>\n<\/tr>\n<tr style=\"height: 16.50pt;\">\n<td class=\"et3\" style=\"height: 16.50pt;\" height=\"33\">Material<\/td>\n<td class=\"et3\">Porcelana<\/td>\n<\/tr>\n<tr style=\"height: 16.50pt;\">\n<td class=\"et5\" style=\"height: 16.50pt;\" height=\"33\">Color<\/td>\n<td class=\"et3\">Como imagen<\/td>\n<\/tr>\n<tr style=\"height: 16.50pt;\">\n<td class=\"et3\" style=\"height: 16.50pt;\" height=\"33\">Dimensi\u00f3n<\/td>\n<td class=\"et6\" style=\"width: 200.15pt;\" width=\"400\">18.8*17.5*4cm<\/td>\n<\/tr>\n<tr style=\"height: 16.50pt;\">\n<td class=\"et3\" style=\"height: 16.50pt;\" height=\"33\">MOQ<\/td>\n<td class=\"et3\">500 unidades<\/td>\n<\/tr>\n<tr style=\"height: 16.50pt;\">\n<td class=\"et3\" style=\"height: 16.50pt;\" height=\"33\">A medida<\/td>\n<td class=\"et3\">Color\/Tama\u00f1o\/Logotipo\/Embalaje<\/td>\n<\/tr>\n<\/tbody>\n<\/table>\n<\/div>\n<\/div>\n<div class=\"UdTY9 WdefRb\" aria-hidden=\"true\" data-location=\"2\">\u00a0<\/div>","protected":false},"featured_media":4871,"comment_status":"closed","ping_status":"closed","template":"","meta":{"_acf_changed":false},"product_brand":[],"product_cat":[62,76,92],"product_tag":[88],"class_list":{"0":"post-4870","1":"product","2":"type-product","3":"status-publish","4":"has-post-thumbnail","6":"product_cat-ceramic-plates-wholesale","7":"product_cat-wholesale-serving-platters","8":"product_cat-small-dishes-wholesale","9":"product_tag-japanese-style-dinnerware-set-wholesale","11":"first","12":"instock","13":"shipping-taxable","14":"product-type-simple"},"acf":[],"_links":{"self":[{"href":"https:\/\/www.yongjianceramic.com\/es\/wp-json\/wp\/v2\/product\/4870","targetHints":{"allow":["GET"]}}],"collection":[{"href":"https:\/\/www.yongjianceramic.com\/es\/wp-json\/wp\/v2\/product"}],"about":[{"href":"https:\/\/www.yongjianceramic.com\/es\/wp-json\/wp\/v2\/types\/product"}],"replies":[{"embeddable":true,"href":"https:\/\/www.yongjianceramic.com\/es\/wp-json\/wp\/v2\/comments?post=4870"}],"wp:featuredmedia":[{"embeddable":true,"href":"https:\/\/www.yongjianceramic.com\/es\/wp-json\/wp\/v2\/media\/4871"}],"wp:attachment":[{"href":"https:\/\/www.yongjianceramic.com\/es\/wp-json\/wp\/v2\/media?parent=4870"}],"wp:term":[{"taxonomy":"product_brand","embeddable":true,"href":"https:\/\/www.yongjianceramic.com\/es\/wp-json\/wp\/v2\/product_brand?post=4870"},{"taxonomy":"product_cat","embeddable":true,"href":"https:\/\/www.yongjianceramic.com\/es\/wp-json\/wp\/v2\/product_cat?post=4870"},{"taxonomy":"product_tag","embeddable":true,"href":"https:\/\/www.yongjianceramic.com\/es\/wp-json\/wp\/v2\/product_tag?post=4870"}],"curies":[{"name":"wp","href":"https:\/\/api.w.org\/{rel}","templated":true}]}}