{"id":4881,"date":"2025-06-07T17:27:47","date_gmt":"2025-06-07T09:27:47","guid":{"rendered":"https:\/\/www.yongjianceramic.com\/?post_type=product&#038;p=4881"},"modified":"2025-06-07T17:27:51","modified_gmt":"2025-06-07T09:27:51","slug":"tapas-serving-dishes-wholesale","status":"publish","type":"product","link":"https:\/\/www.yongjianceramic.com\/es\/producto\/tapas-serving-dishes-wholesale\/","title":{"rendered":"Platos de Ceramica para Tapas al por mayor, Platos para Ostras al por mayor"},"content":{"rendered":"<div class=\"wp-block-columns is-layout-flex wp-container-core-columns-is-layout-9d6595d7 wp-block-columns-is-layout-flex\">\n<div class=\"wp-block-column is-layout-flow wp-block-column-is-layout-flow\">\n<h2 class=\"wp-block-heading\">Premium Tapas Platos para Servir al por mayor Caracter\u00edsticas:<\/h2>\n\n\n\n<ul class=\"wp-block-list\">\n<li><strong>Dise\u00f1o especial en forma de volc\u00e1n: <\/strong>Estos platos para servir tapas al por mayor tienen una forma volc\u00e1nica natural, con densas capas tridimensionales y un fuerte impacto visual, lo que hace que la mesa sea m\u00e1s art\u00edstica.<\/li>\n\n\n\n<li><strong>Esmalte artesanal al horno, colores vivos:<\/strong> Nuestros platos de cer\u00e1mica a granel son de alta cocci\u00f3n, con un color de esmalte fluido \u00fanico, gradaci\u00f3n de color natural y gran textura.<\/li>\n\n\n\n<li><strong>Dise\u00f1ado para aperitivos y ostras: <\/strong>Los bordes de estos platos para servir tapas al por mayor son acanalados, lo que resulta perfecto para colocar aperitivos de tapas, ostras, marisco, etc., para dar una presentaci\u00f3n a los alimentos.<\/li>\n\n\n\n<li><strong>Porcelana de alta temperatura, segura y duradera: <\/strong>Nuestros platos de cer\u00e1mica a granel est\u00e1n cocidos con cer\u00e1mica de alta calidad, que es resistente al calor y duradera, apta para microondas y lavavajillas, y conveniente para el uso diario.<\/li>\n<\/ul>\n<\/div>\n\n\n\n<div class=\"wp-block-column is-layout-flow wp-block-column-is-layout-flow\">\n<figure class=\"wp-block-image size-full\"><img fetchpriority=\"high\" decoding=\"async\" width=\"800\" height=\"800\" src=\"https:\/\/www.yongjianceramic.com\/wp-content\/uploads\/2025\/06\/chinese-porcelain-dinnerware\uff0cbulk-ceramic-dinner-plates-for-wedding\uff0ctableware-set-factory-6.webp\" alt=\"Platos de Cer\u00e1mica para Tapas al por mayor, Platos para Ostras a granel-1\" class=\"wp-image-4887\" srcset=\"https:\/\/www.yongjianceramic.com\/wp-content\/uploads\/2025\/06\/chinese-porcelain-dinnerware\uff0cbulk-ceramic-dinner-plates-for-wedding\uff0ctableware-set-factory-6.webp 800w, https:\/\/www.yongjianceramic.com\/wp-content\/uploads\/2025\/06\/chinese-porcelain-dinnerware\uff0cbulk-ceramic-dinner-plates-for-wedding\uff0ctableware-set-factory-6-300x300.webp 300w, https:\/\/www.yongjianceramic.com\/wp-content\/uploads\/2025\/06\/chinese-porcelain-dinnerware\uff0cbulk-ceramic-dinner-plates-for-wedding\uff0ctableware-set-factory-6-150x150.webp 150w, https:\/\/www.yongjianceramic.com\/wp-content\/uploads\/2025\/06\/chinese-porcelain-dinnerware\uff0cbulk-ceramic-dinner-plates-for-wedding\uff0ctableware-set-factory-6-768x768.webp 768w, https:\/\/www.yongjianceramic.com\/wp-content\/uploads\/2025\/06\/chinese-porcelain-dinnerware\uff0cbulk-ceramic-dinner-plates-for-wedding\uff0ctableware-set-factory-6-12x12.webp 12w, https:\/\/www.yongjianceramic.com\/wp-content\/uploads\/2025\/06\/chinese-porcelain-dinnerware\uff0cbulk-ceramic-dinner-plates-for-wedding\uff0ctableware-set-factory-6-285x285.webp 285w, https:\/\/www.yongjianceramic.com\/wp-content\/uploads\/2025\/06\/chinese-porcelain-dinnerware\uff0cbulk-ceramic-dinner-plates-for-wedding\uff0ctableware-set-factory-6-270x270.webp 270w, https:\/\/www.yongjianceramic.com\/wp-content\/uploads\/2025\/06\/chinese-porcelain-dinnerware\uff0cbulk-ceramic-dinner-plates-for-wedding\uff0ctableware-set-factory-6-540x540.webp 540w, https:\/\/www.yongjianceramic.com\/wp-content\/uploads\/2025\/06\/chinese-porcelain-dinnerware\uff0cbulk-ceramic-dinner-plates-for-wedding\uff0ctableware-set-factory-6-660x660.webp 660w\" sizes=\"(max-width: 800px) 100vw, 800px\" \/><\/figure>\n<\/div>\n<\/div>","protected":false},"excerpt":{"rendered":"<p>Bienvenido a comprar platos de cer\u00e1mica al por mayor. Este plato para servir tapas al por mayor con forma de volc\u00e1n combina la inspiraci\u00f3n natural con el arte del cambio de hornos, con ricos colores fluidos y una textura extraordinaria. Est\u00e1 dise\u00f1ado especialmente para tapas y ostras exquisita presentaci\u00f3n y es la mejor opci\u00f3n para restaurantes de gama alta y banquetes.<\/p>\n<table style=\"border-collapse: collapse; width: 327.02pt;\" border=\"0\" width=\"654\" cellspacing=\"0\" cellpadding=\"0\">\n<tbody>\n<tr style=\"height: 16.50pt;\">\n<td class=\"et3\" style=\"height: 16.50pt; width: 127.20pt;\" width=\"254\" height=\"33\">Fabricante<\/td>\n<td class=\"et3\" style=\"width: 200.15pt;\" width=\"400\">Yongjian<\/td>\n<\/tr>\n<tr style=\"height: 16.50pt;\">\n<td class=\"et3\" style=\"height: 16.50pt;\" height=\"33\">N\u00ba de modelo<\/td>\n<td class=\"et4\" style=\"width: 200.15pt;\" width=\"400\">YJ-141<\/td>\n<\/tr>\n<tr style=\"height: 16.50pt;\">\n<td class=\"et3\" style=\"height: 16.50pt;\" height=\"33\">Tipo de producto<\/td>\n<td class=\"et3\">Bandeja<\/td>\n<\/tr>\n<tr style=\"height: 16.50pt;\">\n<td class=\"et3\" style=\"height: 16.50pt;\" height=\"33\">Material<\/td>\n<td class=\"et3\">Porcelana<\/td>\n<\/tr>\n<tr style=\"height: 16.50pt;\">\n<td class=\"et5\" style=\"height: 16.50pt;\" height=\"33\">Color<\/td>\n<td class=\"et3\">Como imagen<\/td>\n<\/tr>\n<tr style=\"height: 16.50pt;\">\n<td class=\"et3\" style=\"height: 16.50pt;\" height=\"33\">Dimensi\u00f3n<\/td>\n<td class=\"et6\" style=\"width: 200.15pt;\" width=\"400\">25,5*25,5*4cm<\/td>\n<\/tr>\n<tr style=\"height: 16.50pt;\">\n<td class=\"et3\" style=\"height: 16.50pt;\" height=\"33\">MOQ<\/td>\n<td class=\"et3\">500 unidades<\/td>\n<\/tr>\n<tr style=\"height: 16.50pt;\">\n<td class=\"et3\" style=\"height: 16.50pt;\" height=\"33\">A medida<\/td>\n<td class=\"et3\">Color\/Tama\u00f1o\/Logotipo\/Embalaje<\/td>\n<\/tr>\n<\/tbody>\n<\/table>","protected":false},"featured_media":4883,"comment_status":"closed","ping_status":"closed","template":"","meta":{"_acf_changed":false},"product_brand":[],"product_cat":[62,76],"product_tag":[88,81],"class_list":{"0":"post-4881","1":"product","2":"type-product","3":"status-publish","4":"has-post-thumbnail","6":"product_cat-ceramic-plates-wholesale","7":"product_cat-wholesale-serving-platters","8":"product_tag-japanese-style-dinnerware-set-wholesale","9":"product_tag-modern-design-dinnerware-set-wholesale","11":"first","12":"instock","13":"shipping-taxable","14":"product-type-simple"},"acf":[],"_links":{"self":[{"href":"https:\/\/www.yongjianceramic.com\/es\/wp-json\/wp\/v2\/product\/4881","targetHints":{"allow":["GET"]}}],"collection":[{"href":"https:\/\/www.yongjianceramic.com\/es\/wp-json\/wp\/v2\/product"}],"about":[{"href":"https:\/\/www.yongjianceramic.com\/es\/wp-json\/wp\/v2\/types\/product"}],"replies":[{"embeddable":true,"href":"https:\/\/www.yongjianceramic.com\/es\/wp-json\/wp\/v2\/comments?post=4881"}],"wp:featuredmedia":[{"embeddable":true,"href":"https:\/\/www.yongjianceramic.com\/es\/wp-json\/wp\/v2\/media\/4883"}],"wp:attachment":[{"href":"https:\/\/www.yongjianceramic.com\/es\/wp-json\/wp\/v2\/media?parent=4881"}],"wp:term":[{"taxonomy":"product_brand","embeddable":true,"href":"https:\/\/www.yongjianceramic.com\/es\/wp-json\/wp\/v2\/product_brand?post=4881"},{"taxonomy":"product_cat","embeddable":true,"href":"https:\/\/www.yongjianceramic.com\/es\/wp-json\/wp\/v2\/product_cat?post=4881"},{"taxonomy":"product_tag","embeddable":true,"href":"https:\/\/www.yongjianceramic.com\/es\/wp-json\/wp\/v2\/product_tag?post=4881"}],"curies":[{"name":"wp","href":"https:\/\/api.w.org\/{rel}","templated":true}]}}