{"id":4891,"date":"2025-06-07T17:13:34","date_gmt":"2025-06-07T09:13:34","guid":{"rendered":"https:\/\/www.yongjianceramic.com\/?post_type=product&#038;p=4891"},"modified":"2025-06-07T17:13:36","modified_gmt":"2025-06-07T09:13:36","slug":"ceramic-bowl-wholesale","status":"publish","type":"product","link":"https:\/\/www.yongjianceramic.com\/es\/producto\/ceramic-bowl-wholesale\/","title":{"rendered":"Sopa de Ramen Taz\u00f3n de Cer\u00e1mica al por mayor para Izakaya japon\u00e9s"},"content":{"rendered":"<div class=\"wp-block-columns is-layout-flex wp-container-core-columns-is-layout-9d6595d7 wp-block-columns-is-layout-flex\">\n<div class=\"wp-block-column is-layout-flow wp-block-column-is-layout-flow\">\n<h2 class=\"wp-block-heading\">Taz\u00f3n de cer\u00e1mica Premium al por mayor Caracter\u00edsticas:<\/h2>\n\n\n\n<ul class=\"wp-block-list\">\n<li><strong>Dise\u00f1o, est\u00e9tica y funcionalidad japoneses: <\/strong>Este cuenco de cer\u00e1mica al por mayor tiene un dise\u00f1o japon\u00e9s minimalista, con un \u00e9nfasis en las l\u00edneas y la textura del esmalte, exhibiendo una belleza oriental, mejor utilizado en restaurantes de alta gama y mobiliario de banquetes de hoteles.<\/li>\n\n\n\n<li><strong>Orificios para palillos en el borde del cuenco, dise\u00f1o pensado y pr\u00e1ctico: <\/strong>En el borde de estos cuencos de hosteler\u00eda a granel se reservan dos agujeros, donde se pueden colocar los palillos de forma segura, lo que resulta c\u00f3modo y bonito, adecuado para fideos y sopas, y mejora la comodidad a la hora de comer.<\/li>\n\n\n\n<li><strong>Estructura c\u00f3nica, gran capacidad:<\/strong> El dise\u00f1o c\u00f3nico de este taz\u00f3n de cer\u00e1mica al por mayor puede acomodar suficiente sopa de fideos, ramen, fideos y otros alimentos b\u00e1sicos, es a prueba de salpicaduras y derrames, y tiene una estructura estable, adecuada para el uso diario o comercial de alta frecuencia.<\/li>\n\n\n\n<li><strong>Tecnolog\u00eda cer\u00e1mica de alta temperatura, duradera y f\u00e1cil de limpiar: <\/strong>Nuestros cuencos para catering a granel son resistentes al calor y a los ara\u00f1azos, tienen una superficie lisa y no absorben f\u00e1cilmente las manchas de aceite, por lo que son adecuados para escenarios de alto nivel como hoteles y restaurantes.<\/li>\n<\/ul>\n<\/div>\n\n\n\n<div class=\"wp-block-column is-layout-flow wp-block-column-is-layout-flow\">\n<figure class=\"wp-block-image size-full\"><img fetchpriority=\"high\" decoding=\"async\" width=\"800\" height=\"800\" src=\"https:\/\/www.yongjianceramic.com\/wp-content\/uploads\/2025\/06\/dinnerware-sets-manufacturers\uff0ccustom-noodle-bowl\uff0cceramic-chinese-bowls-1.webp\" alt=\"Sopa de Ramen Taz\u00f3n de Cer\u00e1mica al por mayor para Izakaya japon\u00e9s-1\" class=\"wp-image-4892\" srcset=\"https:\/\/www.yongjianceramic.com\/wp-content\/uploads\/2025\/06\/dinnerware-sets-manufacturers\uff0ccustom-noodle-bowl\uff0cceramic-chinese-bowls-1.webp 800w, https:\/\/www.yongjianceramic.com\/wp-content\/uploads\/2025\/06\/dinnerware-sets-manufacturers\uff0ccustom-noodle-bowl\uff0cceramic-chinese-bowls-1-300x300.webp 300w, https:\/\/www.yongjianceramic.com\/wp-content\/uploads\/2025\/06\/dinnerware-sets-manufacturers\uff0ccustom-noodle-bowl\uff0cceramic-chinese-bowls-1-150x150.webp 150w, https:\/\/www.yongjianceramic.com\/wp-content\/uploads\/2025\/06\/dinnerware-sets-manufacturers\uff0ccustom-noodle-bowl\uff0cceramic-chinese-bowls-1-768x768.webp 768w, https:\/\/www.yongjianceramic.com\/wp-content\/uploads\/2025\/06\/dinnerware-sets-manufacturers\uff0ccustom-noodle-bowl\uff0cceramic-chinese-bowls-1-12x12.webp 12w, https:\/\/www.yongjianceramic.com\/wp-content\/uploads\/2025\/06\/dinnerware-sets-manufacturers\uff0ccustom-noodle-bowl\uff0cceramic-chinese-bowls-1-285x285.webp 285w, https:\/\/www.yongjianceramic.com\/wp-content\/uploads\/2025\/06\/dinnerware-sets-manufacturers\uff0ccustom-noodle-bowl\uff0cceramic-chinese-bowls-1-270x270.webp 270w, https:\/\/www.yongjianceramic.com\/wp-content\/uploads\/2025\/06\/dinnerware-sets-manufacturers\uff0ccustom-noodle-bowl\uff0cceramic-chinese-bowls-1-540x540.webp 540w, https:\/\/www.yongjianceramic.com\/wp-content\/uploads\/2025\/06\/dinnerware-sets-manufacturers\uff0ccustom-noodle-bowl\uff0cceramic-chinese-bowls-1-660x660.webp 660w\" sizes=\"(max-width: 800px) 100vw, 800px\" \/><\/figure>\n<\/div>\n<\/div>","protected":false},"excerpt":{"rendered":"<div class=\"lRu31\" dir=\"ltr\">Bienvenido a comprar cuencos para catering al por mayor. Este cuenco c\u00f3nico de cer\u00e1mica al por mayor de estilo japon\u00e9s tiene un dise\u00f1o \u00fanico y agujeros para palillos en el borde del cuenco, lo que resulta c\u00f3modo y pr\u00e1ctico. La gran capacidad y la tecnolog\u00eda cer\u00e1mica de alta temperatura son adecuadas para todo tipo de sopas de fideos. Es una vajilla de gama alta ideal para hoteles y restaurantes.<\/p>\n<div id=\"ow15\">\n<table style=\"border-collapse: collapse; width: 327.02pt;\" border=\"0\" width=\"654\" cellspacing=\"0\" cellpadding=\"0\">\n<tbody>\n<tr style=\"height: 16.50pt;\">\n<td class=\"et3\" style=\"height: 16.50pt; width: 127.20pt;\" width=\"254\" height=\"33\">Fabricante<\/td>\n<td class=\"et3\" style=\"width: 200.15pt;\" width=\"400\">Yongjian<\/td>\n<\/tr>\n<tr style=\"height: 16.50pt;\">\n<td class=\"et3\" style=\"height: 16.50pt;\" height=\"33\">N\u00ba de modelo<\/td>\n<td class=\"et4\" style=\"width: 200.15pt;\" width=\"400\">YJ-142<\/td>\n<\/tr>\n<tr style=\"height: 16.50pt;\">\n<td class=\"et3\" style=\"height: 16.50pt;\" height=\"33\">Tipo de producto<\/td>\n<td class=\"et3\">Cuencos para sopa y ramen<\/td>\n<\/tr>\n<tr style=\"height: 16.50pt;\">\n<td class=\"et3\" style=\"height: 16.50pt;\" height=\"33\">Material<\/td>\n<td class=\"et3\">Porcelana<\/td>\n<\/tr>\n<tr style=\"height: 16.50pt;\">\n<td class=\"et5\" style=\"height: 16.50pt;\" height=\"33\">Color<\/td>\n<td class=\"et3\">Como imagen<\/td>\n<\/tr>\n<tr style=\"height: 16.50pt;\">\n<td class=\"et3\" style=\"height: 16.50pt;\" height=\"33\">Dimensi\u00f3n<\/td>\n<td class=\"et6\" style=\"width: 200.15pt;\" width=\"400\">20*20*11cm<\/td>\n<\/tr>\n<tr style=\"height: 16.50pt;\">\n<td class=\"et3\" style=\"height: 16.50pt;\" height=\"33\">MOQ<\/td>\n<td class=\"et3\">500 unidades<\/td>\n<\/tr>\n<tr style=\"height: 16.50pt;\">\n<td class=\"et3\" style=\"height: 16.50pt;\" height=\"33\">A medida<\/td>\n<td class=\"et3\">Color\/Tama\u00f1o\/Logotipo\/Embalaje<\/td>\n<\/tr>\n<\/tbody>\n<\/table>\n<\/div>\n<\/div>","protected":false},"featured_media":4893,"comment_status":"closed","ping_status":"closed","template":"","meta":{"_acf_changed":false},"product_brand":[],"product_cat":[73,63],"product_tag":[88],"class_list":{"0":"post-4891","1":"product","2":"type-product","3":"status-publish","4":"has-post-thumbnail","6":"product_cat-bulk-soup-bowls","7":"product_cat-wholesale-bowls","8":"product_tag-japanese-style-dinnerware-set-wholesale","10":"first","11":"instock","12":"shipping-taxable","13":"product-type-simple"},"acf":[],"_links":{"self":[{"href":"https:\/\/www.yongjianceramic.com\/es\/wp-json\/wp\/v2\/product\/4891","targetHints":{"allow":["GET"]}}],"collection":[{"href":"https:\/\/www.yongjianceramic.com\/es\/wp-json\/wp\/v2\/product"}],"about":[{"href":"https:\/\/www.yongjianceramic.com\/es\/wp-json\/wp\/v2\/types\/product"}],"replies":[{"embeddable":true,"href":"https:\/\/www.yongjianceramic.com\/es\/wp-json\/wp\/v2\/comments?post=4891"}],"wp:featuredmedia":[{"embeddable":true,"href":"https:\/\/www.yongjianceramic.com\/es\/wp-json\/wp\/v2\/media\/4893"}],"wp:attachment":[{"href":"https:\/\/www.yongjianceramic.com\/es\/wp-json\/wp\/v2\/media?parent=4891"}],"wp:term":[{"taxonomy":"product_brand","embeddable":true,"href":"https:\/\/www.yongjianceramic.com\/es\/wp-json\/wp\/v2\/product_brand?post=4891"},{"taxonomy":"product_cat","embeddable":true,"href":"https:\/\/www.yongjianceramic.com\/es\/wp-json\/wp\/v2\/product_cat?post=4891"},{"taxonomy":"product_tag","embeddable":true,"href":"https:\/\/www.yongjianceramic.com\/es\/wp-json\/wp\/v2\/product_tag?post=4891"}],"curies":[{"name":"wp","href":"https:\/\/api.w.org\/{rel}","templated":true}]}}