{"id":4902,"date":"2025-06-07T16:33:06","date_gmt":"2025-06-07T08:33:06","guid":{"rendered":"https:\/\/www.yongjianceramic.com\/?post_type=product&#038;p=4902"},"modified":"2025-06-07T16:33:08","modified_gmt":"2025-06-07T08:33:08","slug":"bulk-restaurant-dinner-plates","status":"publish","type":"product","link":"https:\/\/www.yongjianceramic.com\/es\/producto\/bulk-restaurant-dinner-plates\/","title":{"rendered":"Platos Esmaltados Reactivos al por mayor"},"content":{"rendered":"<div class=\"wp-block-columns is-layout-flex wp-container-core-columns-is-layout-9d6595d7 wp-block-columns-is-layout-flex\">\n<div class=\"wp-block-column is-layout-flow wp-block-column-is-layout-flow\">\n<h2 class=\"wp-block-heading\">Platos a granel de primera calidad para cenas de restaurantes Caracter\u00edsticas:<\/h2>\n\n\n\n<ul class=\"wp-block-list\">\n<li><strong>Proceso de esmaltado reactivo, color de esmalte natural y \u00fanico: <\/strong>Estos platos de restaurante a granel utilizan un proceso de esmaltado de reacci\u00f3n a alta temperatura, que permite que el color del esmalte fluya de forma natural y presente una textura \u00fanica, resaltando la belleza art\u00edstica.<\/li>\n\n\n\n<li><strong>Placa poco profunda con dise\u00f1o de borde grueso, pr\u00e1ctica y antidesbordamiento: <\/strong>Estos platos de cer\u00e1mica al por mayor con estructura de bordes gruesos no s\u00f3lo mejoran la estabilidad general, sino que tambi\u00e9n evitan eficazmente que la sopa se desborde, lo que resulta muy pr\u00e1ctico.<\/li>\n\n\n\n<li><strong>Hay tres colores disponibles para varias escenas a juego: <\/strong>Nuestros platos de restaurante a granel tienen tres tonos cl\u00e1sicos que se adaptan a diferentes estilos de mesa y platos, satisfaciendo diversas necesidades de emparejamiento.<\/li>\n\n\n\n<li><strong>Adecuado para compras a gran escala por parte de restaurantes y hoteles:<\/strong> Resistentes al calor y al desgaste, nuestros platos de cer\u00e1mica al por mayor son adecuados para el uso diario de alta frecuencia, perfectos para compras al por mayor por parte de lugares de restauraci\u00f3n comercial como restaurantes y hoteles.<\/li>\n<\/ul>\n<\/div>\n\n\n\n<div class=\"wp-block-column is-layout-flow wp-block-column-is-layout-flow\">\n<figure class=\"wp-block-image size-full\"><img fetchpriority=\"high\" decoding=\"async\" width=\"800\" height=\"800\" src=\"https:\/\/www.yongjianceramic.com\/wp-content\/uploads\/2025\/06\/dinner-plates-wholesale\uff0ccrockery-manufacturers-\uff0cceramic-plates-in-bulk\uff0c-7.webp\" alt=\"Platos esmaltados reactivos al por mayor-7\" class=\"wp-image-4909\" srcset=\"https:\/\/www.yongjianceramic.com\/wp-content\/uploads\/2025\/06\/dinner-plates-wholesale\uff0ccrockery-manufacturers-\uff0cceramic-plates-in-bulk\uff0c-7.webp 800w, https:\/\/www.yongjianceramic.com\/wp-content\/uploads\/2025\/06\/dinner-plates-wholesale\uff0ccrockery-manufacturers-\uff0cceramic-plates-in-bulk\uff0c-7-300x300.webp 300w, https:\/\/www.yongjianceramic.com\/wp-content\/uploads\/2025\/06\/dinner-plates-wholesale\uff0ccrockery-manufacturers-\uff0cceramic-plates-in-bulk\uff0c-7-150x150.webp 150w, https:\/\/www.yongjianceramic.com\/wp-content\/uploads\/2025\/06\/dinner-plates-wholesale\uff0ccrockery-manufacturers-\uff0cceramic-plates-in-bulk\uff0c-7-768x768.webp 768w, https:\/\/www.yongjianceramic.com\/wp-content\/uploads\/2025\/06\/dinner-plates-wholesale\uff0ccrockery-manufacturers-\uff0cceramic-plates-in-bulk\uff0c-7-12x12.webp 12w, https:\/\/www.yongjianceramic.com\/wp-content\/uploads\/2025\/06\/dinner-plates-wholesale\uff0ccrockery-manufacturers-\uff0cceramic-plates-in-bulk\uff0c-7-285x285.webp 285w, https:\/\/www.yongjianceramic.com\/wp-content\/uploads\/2025\/06\/dinner-plates-wholesale\uff0ccrockery-manufacturers-\uff0cceramic-plates-in-bulk\uff0c-7-270x270.webp 270w, https:\/\/www.yongjianceramic.com\/wp-content\/uploads\/2025\/06\/dinner-plates-wholesale\uff0ccrockery-manufacturers-\uff0cceramic-plates-in-bulk\uff0c-7-540x540.webp 540w, https:\/\/www.yongjianceramic.com\/wp-content\/uploads\/2025\/06\/dinner-plates-wholesale\uff0ccrockery-manufacturers-\uff0cceramic-plates-in-bulk\uff0c-7-660x660.webp 660w\" sizes=\"(max-width: 800px) 100vw, 800px\" \/><\/figure>\n<\/div>\n<\/div>","protected":false},"excerpt":{"rendered":"<p>Bienvenido a comprar platos de cer\u00e1mica al por mayor. Nuestros platos de restaurante al por mayor de 7,5 pulgadas utilizan tecnolog\u00eda de esmalte reactivo y est\u00e1n disponibles en tres colores. Es bonito y pr\u00e1ctico con un dise\u00f1o de borde grueso. Es adecuado para una variedad de comidas, como ensaladas y postres. Es una opci\u00f3n ideal para catering comercial y uso dom\u00e9stico.<\/p>\n<table style=\"border-collapse: collapse; width: 327.02pt;\" border=\"0\" width=\"654\" cellspacing=\"0\" cellpadding=\"0\">\n<tbody>\n<tr style=\"height: 16.50pt;\">\n<td class=\"et3\" style=\"height: 16.50pt; width: 127.20pt;\" width=\"254\" height=\"33\">Fabricante<\/td>\n<td class=\"et3\" style=\"width: 200.15pt;\" width=\"400\">Yongjian<\/td>\n<\/tr>\n<tr style=\"height: 16.50pt;\">\n<td class=\"et3\" style=\"height: 16.50pt;\" height=\"33\">N\u00ba de modelo<\/td>\n<td class=\"et4\" style=\"width: 200.15pt;\" width=\"400\">YJ-143<\/td>\n<\/tr>\n<tr style=\"height: 16.50pt;\">\n<td class=\"et3\" style=\"height: 16.50pt;\" height=\"33\">Tipo de producto<\/td>\n<td class=\"et3\">Plato llano<\/td>\n<\/tr>\n<tr style=\"height: 16.50pt;\">\n<td class=\"et3\" style=\"height: 16.50pt;\" height=\"33\">Material<\/td>\n<td class=\"et3\">Porcelana<\/td>\n<\/tr>\n<tr style=\"height: 16.50pt;\">\n<td class=\"et5\" style=\"height: 16.50pt;\" height=\"33\">Color<\/td>\n<td class=\"et3\">Como imagen<\/td>\n<\/tr>\n<tr style=\"height: 16.50pt;\">\n<td class=\"et3\" style=\"height: 16.50pt;\" height=\"33\">Dimensi\u00f3n<\/td>\n<td class=\"et6\" style=\"width: 200.15pt;\" width=\"400\">19*19*2,5cm<\/td>\n<\/tr>\n<tr style=\"height: 16.50pt;\">\n<td class=\"et3\" style=\"height: 16.50pt;\" height=\"33\">MOQ<\/td>\n<td class=\"et3\">500 unidades<\/td>\n<\/tr>\n<tr style=\"height: 16.50pt;\">\n<td class=\"et3\" style=\"height: 16.50pt;\" height=\"33\">A medida<\/td>\n<td class=\"et3\">Color\/Tama\u00f1o\/Logotipo\/Embalaje<\/td>\n<\/tr>\n<\/tbody>\n<\/table>","protected":false},"featured_media":4903,"comment_status":"closed","ping_status":"closed","template":"","meta":{"_acf_changed":false},"product_brand":[],"product_cat":[93,62],"product_tag":[88],"class_list":{"0":"post-4902","1":"product","2":"type-product","3":"status-publish","4":"has-post-thumbnail","6":"product_cat-bulk-dinner-plates","7":"product_cat-ceramic-plates-wholesale","8":"product_tag-japanese-style-dinnerware-set-wholesale","10":"first","11":"instock","12":"shipping-taxable","13":"product-type-simple"},"acf":[],"_links":{"self":[{"href":"https:\/\/www.yongjianceramic.com\/es\/wp-json\/wp\/v2\/product\/4902","targetHints":{"allow":["GET"]}}],"collection":[{"href":"https:\/\/www.yongjianceramic.com\/es\/wp-json\/wp\/v2\/product"}],"about":[{"href":"https:\/\/www.yongjianceramic.com\/es\/wp-json\/wp\/v2\/types\/product"}],"replies":[{"embeddable":true,"href":"https:\/\/www.yongjianceramic.com\/es\/wp-json\/wp\/v2\/comments?post=4902"}],"wp:featuredmedia":[{"embeddable":true,"href":"https:\/\/www.yongjianceramic.com\/es\/wp-json\/wp\/v2\/media\/4903"}],"wp:attachment":[{"href":"https:\/\/www.yongjianceramic.com\/es\/wp-json\/wp\/v2\/media?parent=4902"}],"wp:term":[{"taxonomy":"product_brand","embeddable":true,"href":"https:\/\/www.yongjianceramic.com\/es\/wp-json\/wp\/v2\/product_brand?post=4902"},{"taxonomy":"product_cat","embeddable":true,"href":"https:\/\/www.yongjianceramic.com\/es\/wp-json\/wp\/v2\/product_cat?post=4902"},{"taxonomy":"product_tag","embeddable":true,"href":"https:\/\/www.yongjianceramic.com\/es\/wp-json\/wp\/v2\/product_tag?post=4902"}],"curies":[{"name":"wp","href":"https:\/\/api.w.org\/{rel}","templated":true}]}}