{"id":4973,"date":"2025-07-24T11:33:49","date_gmt":"2025-07-24T03:33:49","guid":{"rendered":"https:\/\/www.yongjianceramic.com\/?post_type=product&#038;p=4973"},"modified":"2025-07-24T11:41:02","modified_gmt":"2025-07-24T03:41:02","slug":"kitchen-bakeware-wholesale","status":"publish","type":"product","link":"https:\/\/www.yongjianceramic.com\/es\/producto\/kitchen-bakeware-wholesale\/","title":{"rendered":"Bater\u00eda de Cocina Moderna al por mayor, Vajilla Cazuelas al por mayor"},"content":{"rendered":"<div class=\"wp-block-columns is-layout-flex wp-container-core-columns-is-layout-9d6595d7 wp-block-columns-is-layout-flex\">\n<div class=\"wp-block-column is-layout-flow wp-block-column-is-layout-flow\">\n<h2 class=\"wp-block-heading\">Premium Modern Bakeware Cocina al por mayor Caracter\u00edsticas:<\/h2>\n\n\n\n<ul class=\"wp-block-list\">\n<li><strong>Dise\u00f1o redondo de doble asa, f\u00e1cil de usar:<\/strong> El utensilio de cocina al por mayor es de forma redonda, combinado con el dise\u00f1o de doble asa, por lo que es f\u00e1cil de coger y llevar, adecuado para todo tipo de bandejas de horno, cazuelas y platos de arroz al horno, combinando belleza y practicidad.<\/li>\n\n\n\n<li><strong>Cer\u00e1mica de alta temperatura:<\/strong> La bater\u00eda de cocina al por mayor puede utilizarse como cazuela. Hecho de material cer\u00e1mico de alta temperatura, tiene buena resistencia al calor y es adecuado para una variedad de m\u00e9todos de calentamiento, tales como llamas abiertas, hornos y hornos de microondas para satisfacer las necesidades de la cocina cazuela.<\/li>\n\n\n\n<li><strong>Esmalte verde, fresco y natural: <\/strong>La vajilla cacerolas a granel todo el cuerpo es de color verde, con tonos suaves y frescos, a\u00f1adiendo un ambiente natural y moderno a la mesa de comedor, adecuado para una variedad de estilos de restaurante.<\/li>\n\n\n\n<li><strong>Uso multifuncional, amplia adaptabilidad: <\/strong>Estas bandejas de horno personalizadas no s\u00f3lo son adecuadas para uso dom\u00e9stico, sino tambi\u00e9n para lugares comerciales como hoteles y restaurantes. Puede contener sopas, arroz al horno, hornear y otros platos para mejorar la experiencia gastron\u00f3mica.<\/li>\n<\/ul>\n<\/div>\n\n\n\n<div class=\"wp-block-column is-layout-flow wp-block-column-is-layout-flow\">\n<figure class=\"wp-block-image size-full\"><img fetchpriority=\"high\" decoding=\"async\" width=\"640\" height=\"640\" src=\"https:\/\/www.yongjianceramic.com\/wp-content\/uploads\/2025\/07\/modern-china-dinnerware\uff0cwholesale-crockery\uff0ctable-chargers-in-bulk-1.webp\" alt=\"utensilios de cocina modernos - mayorista - cazuelas de barro a granel-1\" class=\"wp-image-4974\" srcset=\"https:\/\/www.yongjianceramic.com\/wp-content\/uploads\/2025\/07\/modern-china-dinnerware\uff0cwholesale-crockery\uff0ctable-chargers-in-bulk-1.webp 640w, https:\/\/www.yongjianceramic.com\/wp-content\/uploads\/2025\/07\/modern-china-dinnerware\uff0cwholesale-crockery\uff0ctable-chargers-in-bulk-1-300x300.webp 300w, https:\/\/www.yongjianceramic.com\/wp-content\/uploads\/2025\/07\/modern-china-dinnerware\uff0cwholesale-crockery\uff0ctable-chargers-in-bulk-1-150x150.webp 150w, https:\/\/www.yongjianceramic.com\/wp-content\/uploads\/2025\/07\/modern-china-dinnerware\uff0cwholesale-crockery\uff0ctable-chargers-in-bulk-1-12x12.webp 12w, https:\/\/www.yongjianceramic.com\/wp-content\/uploads\/2025\/07\/modern-china-dinnerware\uff0cwholesale-crockery\uff0ctable-chargers-in-bulk-1-285x285.webp 285w, https:\/\/www.yongjianceramic.com\/wp-content\/uploads\/2025\/07\/modern-china-dinnerware\uff0cwholesale-crockery\uff0ctable-chargers-in-bulk-1-270x270.webp 270w, https:\/\/www.yongjianceramic.com\/wp-content\/uploads\/2025\/07\/modern-china-dinnerware\uff0cwholesale-crockery\uff0ctable-chargers-in-bulk-1-540x540.webp 540w\" sizes=\"(max-width: 640px) 100vw, 640px\" \/><\/figure>\n<\/div>\n<\/div>","protected":false},"excerpt":{"rendered":"<div class=\"lRu31\" dir=\"ltr\">Bienvenido a comprar nuestra moderna bater\u00eda de cocina al por mayor. Este molde redondo verde de doble asa tiene la funci\u00f3n de una cazuela. Est\u00e1 fabricado en cer\u00e1mica de alta temperatura. Tiene una forma sencilla y pr\u00e1ctica y es adecuado para una variedad de platos como arroz al horno y sopa. Tiene una combinaci\u00f3n de colores frescos y un rendimiento pr\u00e1ctico, por lo que es una opci\u00f3n ideal para mesas de comedor modernas y cocinas comerciales.<\/p>\n<div id=\"ow17\">\u00a0<\/div>\n<\/div>\n<div class=\"UdTY9 WdefRb\" aria-hidden=\"true\" data-location=\"2\">\n<table style=\"border-collapse: collapse; width: 327.02pt;\" border=\"0\" width=\"654\" cellspacing=\"0\" cellpadding=\"0\">\n<tbody>\n<tr style=\"height: 16.50pt;\">\n<td class=\"et3\" style=\"height: 16.50pt; width: 127.20pt;\" width=\"254\" height=\"33\">Fabricante<\/td>\n<td class=\"et3\" style=\"width: 200.15pt;\" width=\"400\">Yongjian<\/td>\n<\/tr>\n<tr style=\"height: 16.50pt;\">\n<td class=\"et3\" style=\"height: 16.50pt;\" height=\"33\">N\u00ba de modelo<\/td>\n<td class=\"et4\" style=\"width: 200.15pt;\" width=\"400\">YJ-147<\/td>\n<\/tr>\n<tr style=\"height: 16.50pt;\">\n<td class=\"et3\" style=\"height: 16.50pt;\" height=\"33\">Tipo de producto<\/td>\n<td class=\"et3\">Bandeja<\/td>\n<\/tr>\n<tr style=\"height: 16.50pt;\">\n<td class=\"et3\" style=\"height: 16.50pt;\" height=\"33\">Material<\/td>\n<td class=\"et3\">Gres<\/td>\n<\/tr>\n<tr style=\"height: 16.50pt;\">\n<td class=\"et5\" style=\"height: 16.50pt;\" height=\"33\">Color<\/td>\n<td class=\"et3\">Como imagen<\/td>\n<\/tr>\n<tr style=\"height: 16.50pt;\">\n<td class=\"et3\" style=\"height: 16.50pt;\" height=\"33\">Dimensi\u00f3n<\/td>\n<td class=\"et6\" style=\"width: 200.15pt;\" width=\"400\">Tama\u00f1o personalizado<\/td>\n<\/tr>\n<tr style=\"height: 16.50pt;\">\n<td class=\"et3\" style=\"height: 16.50pt;\" height=\"33\">MOQ<\/td>\n<td class=\"et3\">500 unidades<\/td>\n<\/tr>\n<tr style=\"height: 16.50pt;\">\n<td class=\"et3\" style=\"height: 16.50pt;\" height=\"33\">A medida<\/td>\n<td class=\"et3\">Color\/Tama\u00f1o\/Logotipo\/Embalaje<\/td>\n<\/tr>\n<\/tbody>\n<\/table>\n<\/div>","protected":false},"featured_media":4975,"comment_status":"closed","ping_status":"closed","template":"","meta":{"_acf_changed":false},"product_brand":[],"product_cat":[62,99],"product_tag":[81],"class_list":{"0":"post-4973","1":"product","2":"type-product","3":"status-publish","4":"has-post-thumbnail","6":"product_cat-ceramic-plates-wholesale","7":"product_cat-baking-dishes-wholesale","8":"product_tag-modern-design-dinnerware-set-wholesale","10":"first","11":"instock","12":"shipping-taxable","13":"product-type-simple"},"acf":[],"_links":{"self":[{"href":"https:\/\/www.yongjianceramic.com\/es\/wp-json\/wp\/v2\/product\/4973","targetHints":{"allow":["GET"]}}],"collection":[{"href":"https:\/\/www.yongjianceramic.com\/es\/wp-json\/wp\/v2\/product"}],"about":[{"href":"https:\/\/www.yongjianceramic.com\/es\/wp-json\/wp\/v2\/types\/product"}],"replies":[{"embeddable":true,"href":"https:\/\/www.yongjianceramic.com\/es\/wp-json\/wp\/v2\/comments?post=4973"}],"wp:featuredmedia":[{"embeddable":true,"href":"https:\/\/www.yongjianceramic.com\/es\/wp-json\/wp\/v2\/media\/4975"}],"wp:attachment":[{"href":"https:\/\/www.yongjianceramic.com\/es\/wp-json\/wp\/v2\/media?parent=4973"}],"wp:term":[{"taxonomy":"product_brand","embeddable":true,"href":"https:\/\/www.yongjianceramic.com\/es\/wp-json\/wp\/v2\/product_brand?post=4973"},{"taxonomy":"product_cat","embeddable":true,"href":"https:\/\/www.yongjianceramic.com\/es\/wp-json\/wp\/v2\/product_cat?post=4973"},{"taxonomy":"product_tag","embeddable":true,"href":"https:\/\/www.yongjianceramic.com\/es\/wp-json\/wp\/v2\/product_tag?post=4973"}],"curies":[{"name":"wp","href":"https:\/\/api.w.org\/{rel}","templated":true}]}}