{"id":4993,"date":"2025-08-07T17:03:26","date_gmt":"2025-08-07T09:03:26","guid":{"rendered":"https:\/\/www.yongjianceramic.com\/?post_type=product&#038;p=4993"},"modified":"2025-08-07T17:03:30","modified_gmt":"2025-08-07T09:03:30","slug":"customized-baking-dish","status":"publish","type":"product","link":"https:\/\/www.yongjianceramic.com\/es\/producto\/customized-baking-dish\/","title":{"rendered":"Plato para hornear rectangular personalizado, cer\u00e1mica azul para hornear al por mayor para el hogar"},"content":{"rendered":"<div class=\"wp-block-columns is-layout-flex wp-container-core-columns-is-layout-9d6595d7 wp-block-columns-is-layout-flex\">\n<div class=\"wp-block-column is-layout-flow wp-block-column-is-layout-flow\">\n<h2 class=\"wp-block-heading\">Plato Rectangular Personalizado para Hornear Caracter\u00edsticas:<\/h2>\n\n\n\n<ul class=\"wp-block-list\">\n<li><strong>Forma rectangular de doble asa:<\/strong> La fuente rectangular a medida de doble asa es f\u00e1cil de transportar y servir, y puede aplicarse en un amplio espectro de situaciones culinarias, como arroz al horno, alimentos a la parrilla y postres.<\/li>\n\n\n\n<li><strong>Esmalte reactivo:<\/strong> El proceso reactivo produce un esmalte que fluye muy bien y posee una textura caracter\u00edstica. La vajilla de cer\u00e1mica azul al por mayor tiene un encanto art\u00edstico excepcional que crea un ambiente elegante e innovador.<\/li>\n\n\n\n<li><strong>Dise\u00f1o flexible: <\/strong>La bandeja de horno rectangular personalizada es aplicable para cocinar muchos alimentos caseros, como arroz al horno, pollo asado, lasa\u00f1a, verduras gratinadas y postres, etc. Es c\u00f3modo y pr\u00e1ctico para un uso repetido.<\/li>\n\n\n\n<li><strong>Especificaciones y logotipos personalizados:<\/strong> Estos moldes de cer\u00e1mica para hornear al por mayor proporcionan servicios personalizados OEM\/ODM, incluyendo tama\u00f1o, color, patr\u00f3n y logotipo, de acuerdo con los requisitos personalizados y son aplicables a los pedidos al por mayor de los clientes de marca.<\/li>\n<\/ul>\n<\/div>\n\n\n\n<div class=\"wp-block-column is-layout-flow wp-block-column-is-layout-flow\">\n<figure class=\"wp-block-image size-full\"><img fetchpriority=\"high\" decoding=\"async\" width=\"640\" height=\"640\" src=\"https:\/\/www.yongjianceramic.com\/wp-content\/uploads\/2025\/08\/custom-ceramic-dinner-plates\uff0ccrockery-wholesale\uff0cceramic-bowl-supplier-4.webp\" alt=\"vajilla rectangular de cer\u00e1mica azul para hornear al por mayor para uso dom\u00e9stico-4\" class=\"wp-image-4997\" srcset=\"https:\/\/www.yongjianceramic.com\/wp-content\/uploads\/2025\/08\/custom-ceramic-dinner-plates\uff0ccrockery-wholesale\uff0cceramic-bowl-supplier-4.webp 640w, https:\/\/www.yongjianceramic.com\/wp-content\/uploads\/2025\/08\/custom-ceramic-dinner-plates\uff0ccrockery-wholesale\uff0cceramic-bowl-supplier-4-300x300.webp 300w, https:\/\/www.yongjianceramic.com\/wp-content\/uploads\/2025\/08\/custom-ceramic-dinner-plates\uff0ccrockery-wholesale\uff0cceramic-bowl-supplier-4-150x150.webp 150w, https:\/\/www.yongjianceramic.com\/wp-content\/uploads\/2025\/08\/custom-ceramic-dinner-plates\uff0ccrockery-wholesale\uff0cceramic-bowl-supplier-4-12x12.webp 12w, https:\/\/www.yongjianceramic.com\/wp-content\/uploads\/2025\/08\/custom-ceramic-dinner-plates\uff0ccrockery-wholesale\uff0cceramic-bowl-supplier-4-285x285.webp 285w, https:\/\/www.yongjianceramic.com\/wp-content\/uploads\/2025\/08\/custom-ceramic-dinner-plates\uff0ccrockery-wholesale\uff0cceramic-bowl-supplier-4-270x270.webp 270w, https:\/\/www.yongjianceramic.com\/wp-content\/uploads\/2025\/08\/custom-ceramic-dinner-plates\uff0ccrockery-wholesale\uff0cceramic-bowl-supplier-4-540x540.webp 540w\" sizes=\"(max-width: 640px) 100vw, 640px\" \/><\/figure>\n<\/div>\n<\/div>","protected":false},"excerpt":{"rendered":"<p>Bienvenido a comprar nuestro molde para hornear personalizado. Este molde rectangular de cer\u00e1mica azul al por mayor combina un dise\u00f1o contempor\u00e1neo y a la moda con un uso pr\u00e1ctico para ofrecer belleza y comodidad a la hora de hornear en casa. Hecho de arcilla de primera calidad y cocido a alta temperatura, tiene una resistencia perfecta al calor y se puede aplicar en cualquier condici\u00f3n de cocci\u00f3n.<\/p>\n<table style=\"border-collapse: collapse; width: 327.02pt;\" border=\"0\" width=\"654\" cellspacing=\"0\" cellpadding=\"0\">\n<tbody>\n<tr style=\"height: 16.50pt;\">\n<td class=\"et3\" style=\"height: 16.50pt; width: 127.20pt;\" width=\"254\" height=\"33\">Fabricante<\/td>\n<td class=\"et3\" style=\"width: 200.15pt;\" width=\"400\">Yongjian<\/td>\n<\/tr>\n<tr style=\"height: 16.50pt;\">\n<td class=\"et3\" style=\"height: 16.50pt;\" height=\"33\">N\u00ba de modelo<\/td>\n<td class=\"et4\" style=\"width: 200.15pt;\" width=\"400\">YJ-148<\/td>\n<\/tr>\n<tr style=\"height: 16.50pt;\">\n<td class=\"et3\" style=\"height: 16.50pt;\" height=\"33\">Tipo de producto<\/td>\n<td class=\"et3\">Bandeja<\/td>\n<\/tr>\n<tr style=\"height: 16.50pt;\">\n<td class=\"et3\" style=\"height: 16.50pt;\" height=\"33\">Material<\/td>\n<td class=\"et3\">Gres<\/td>\n<\/tr>\n<tr style=\"height: 16.50pt;\">\n<td class=\"et5\" style=\"height: 16.50pt;\" height=\"33\">Color<\/td>\n<td class=\"et3\">Como imagen<\/td>\n<\/tr>\n<tr style=\"height: 16.50pt;\">\n<td class=\"et3\" style=\"height: 16.50pt;\" height=\"33\">Dimensi\u00f3n<\/td>\n<td class=\"et6\" style=\"width: 200.15pt;\" width=\"400\">Tama\u00f1o personalizado<\/td>\n<\/tr>\n<tr style=\"height: 16.50pt;\">\n<td class=\"et3\" style=\"height: 16.50pt;\" height=\"33\">MOQ<\/td>\n<td class=\"et3\">500 unidades<\/td>\n<\/tr>\n<tr style=\"height: 16.50pt;\">\n<td class=\"et3\" style=\"height: 16.50pt;\" height=\"33\">A medida<\/td>\n<td class=\"et3\">Color\/Tama\u00f1o\/Logotipo\/Embalaje<\/td>\n<\/tr>\n<\/tbody>\n<\/table>\n<p><script src=\"chrome-extension:\/\/fpelahbljekknahkcaegamhcndkfpfnc\/iFrame.js\" type=\"text\/javascript\"><\/script><\/p>","protected":false},"featured_media":4996,"comment_status":"closed","ping_status":"closed","template":"","meta":{"_acf_changed":false},"product_brand":[],"product_cat":[62,99],"product_tag":[81],"class_list":{"0":"post-4993","1":"product","2":"type-product","3":"status-publish","4":"has-post-thumbnail","6":"product_cat-ceramic-plates-wholesale","7":"product_cat-baking-dishes-wholesale","8":"product_tag-modern-design-dinnerware-set-wholesale","10":"first","11":"instock","12":"shipping-taxable","13":"product-type-simple"},"acf":[],"_links":{"self":[{"href":"https:\/\/www.yongjianceramic.com\/es\/wp-json\/wp\/v2\/product\/4993","targetHints":{"allow":["GET"]}}],"collection":[{"href":"https:\/\/www.yongjianceramic.com\/es\/wp-json\/wp\/v2\/product"}],"about":[{"href":"https:\/\/www.yongjianceramic.com\/es\/wp-json\/wp\/v2\/types\/product"}],"replies":[{"embeddable":true,"href":"https:\/\/www.yongjianceramic.com\/es\/wp-json\/wp\/v2\/comments?post=4993"}],"wp:featuredmedia":[{"embeddable":true,"href":"https:\/\/www.yongjianceramic.com\/es\/wp-json\/wp\/v2\/media\/4996"}],"wp:attachment":[{"href":"https:\/\/www.yongjianceramic.com\/es\/wp-json\/wp\/v2\/media?parent=4993"}],"wp:term":[{"taxonomy":"product_brand","embeddable":true,"href":"https:\/\/www.yongjianceramic.com\/es\/wp-json\/wp\/v2\/product_brand?post=4993"},{"taxonomy":"product_cat","embeddable":true,"href":"https:\/\/www.yongjianceramic.com\/es\/wp-json\/wp\/v2\/product_cat?post=4993"},{"taxonomy":"product_tag","embeddable":true,"href":"https:\/\/www.yongjianceramic.com\/es\/wp-json\/wp\/v2\/product_tag?post=4993"}],"curies":[{"name":"wp","href":"https:\/\/api.w.org\/{rel}","templated":true}]}}