{"id":5000,"date":"2025-08-07T16:36:06","date_gmt":"2025-08-07T08:36:06","guid":{"rendered":"https:\/\/www.yongjianceramic.com\/?post_type=product&#038;p=5000"},"modified":"2025-08-07T16:36:10","modified_gmt":"2025-08-07T08:36:10","slug":"custom-baking-dish","status":"publish","type":"product","link":"https:\/\/www.yongjianceramic.com\/es\/producto\/custom-baking-dish\/","title":{"rendered":"Plato de cer\u00e1mica para hornear, Plato de cer\u00e1mica para hornear al por mayor"},"content":{"rendered":"<div class=\"wp-block-columns is-layout-flex wp-container-core-columns-is-layout-9d6595d7 wp-block-columns-is-layout-flex\">\n<div class=\"wp-block-column is-layout-flow wp-block-column-is-layout-flow\">\n<h2 class=\"wp-block-heading\">Premium Modern Custom Baking Dish Caracter\u00edsticas:<\/h2>\n\n\n\n<ul class=\"wp-block-list\">\n<li><strong>Dise\u00f1o cuadrado de doble asa: <\/strong>La fuente de cer\u00e1mica cuadrada de doble asa para hornear al por mayor est\u00e1 equipada con la caracter\u00edstica de agarre y estabilidad, por lo que es idealmente la m\u00e1s adecuada para todo tipo de platos como arroz al horno, verduras asadas y postres, y le da un aspecto brillante y con clase.<\/li>\n\n\n\n<li><strong>Ornamentaci\u00f3n floral:<\/strong> Junto con el color rojo de la fuente de horno personalizada, el encantador estampado floral, ambos van a hacer que cualquier mesa sea c\u00e1lida y bonita en casa, elev\u00e1ndola a la categor\u00eda de obra de arte.<\/li>\n\n\n\n<li><strong>Cer\u00e1mica de alta temperatura:<\/strong> La bandeja de cer\u00e1mica cocida a alta temperatura para hornear a medida no se calienta, es resistente al calor y no contiene toxinas, y es apta para microondas, lo que proporciona seguridad alimentaria.<\/li>\n\n\n\n<li><strong>Esmalte liso, f\u00e1cil de limpiar: <\/strong>El molde de cer\u00e1mica cuadrado para hornear al por mayor tiene un esmalte suave y grueso que repele las manchas y el aceite, es f\u00e1cil de limpiar y mantiene una limpieza permanente. Adecuado para el uso diario en el hogar y restaurantes.<\/li>\n<\/ul>\n<\/div>\n\n\n\n<div class=\"wp-block-column is-layout-flow wp-block-column-is-layout-flow\">\n<figure class=\"wp-block-image size-full\"><img fetchpriority=\"high\" decoding=\"async\" width=\"640\" height=\"640\" src=\"https:\/\/www.yongjianceramic.com\/wp-content\/uploads\/2025\/08\/custom-tableware\uff0crestaurant-crockery-suppliers\uff0cceramic-plate-manufacturing-process-4.webp\" alt=\"fuente de cer\u00e1mica cuadrada moderna al por mayor-4\" class=\"wp-image-5004\" srcset=\"https:\/\/www.yongjianceramic.com\/wp-content\/uploads\/2025\/08\/custom-tableware\uff0crestaurant-crockery-suppliers\uff0cceramic-plate-manufacturing-process-4.webp 640w, https:\/\/www.yongjianceramic.com\/wp-content\/uploads\/2025\/08\/custom-tableware\uff0crestaurant-crockery-suppliers\uff0cceramic-plate-manufacturing-process-4-300x300.webp 300w, https:\/\/www.yongjianceramic.com\/wp-content\/uploads\/2025\/08\/custom-tableware\uff0crestaurant-crockery-suppliers\uff0cceramic-plate-manufacturing-process-4-150x150.webp 150w, https:\/\/www.yongjianceramic.com\/wp-content\/uploads\/2025\/08\/custom-tableware\uff0crestaurant-crockery-suppliers\uff0cceramic-plate-manufacturing-process-4-12x12.webp 12w, https:\/\/www.yongjianceramic.com\/wp-content\/uploads\/2025\/08\/custom-tableware\uff0crestaurant-crockery-suppliers\uff0cceramic-plate-manufacturing-process-4-285x285.webp 285w, https:\/\/www.yongjianceramic.com\/wp-content\/uploads\/2025\/08\/custom-tableware\uff0crestaurant-crockery-suppliers\uff0cceramic-plate-manufacturing-process-4-270x270.webp 270w, https:\/\/www.yongjianceramic.com\/wp-content\/uploads\/2025\/08\/custom-tableware\uff0crestaurant-crockery-suppliers\uff0cceramic-plate-manufacturing-process-4-540x540.webp 540w\" sizes=\"(max-width: 640px) 100vw, 640px\" \/><\/figure>\n<\/div>\n<\/div>","protected":false},"excerpt":{"rendered":"<p>Bienvenido a comprar nuestro plato para hornear personalizado. Este plato de cer\u00e1mica cuadrado de dos asas con motivos florales rojos al por mayor es a la vez elegante y funcional. Hecho de cer\u00e1mica de alta temperatura, es resistente al calor y seguro, y se puede utilizar en servir numerosos platos y banquetes de restaurante con una sensaci\u00f3n de calidez y elegancia a su mesa de comedor.<\/p>\n<table style=\"border-collapse: collapse; width: 327.02pt;\" border=\"0\" width=\"654\" cellspacing=\"0\" cellpadding=\"0\">\n<tbody>\n<tr style=\"height: 16.50pt;\">\n<td class=\"et3\" style=\"height: 16.50pt; width: 127.20pt;\" width=\"254\" height=\"33\">Fabricante<\/td>\n<td class=\"et3\" style=\"width: 200.15pt;\" width=\"400\">Yongjian<\/td>\n<\/tr>\n<tr style=\"height: 16.50pt;\">\n<td class=\"et3\" style=\"height: 16.50pt;\" height=\"33\">N\u00ba de modelo<\/td>\n<td class=\"et4\" style=\"width: 200.15pt;\" width=\"400\">YJ-149<\/td>\n<\/tr>\n<tr style=\"height: 16.50pt;\">\n<td class=\"et3\" style=\"height: 16.50pt;\" height=\"33\">Tipo de producto<\/td>\n<td class=\"et3\">Bandeja<\/td>\n<\/tr>\n<tr style=\"height: 16.50pt;\">\n<td class=\"et3\" style=\"height: 16.50pt;\" height=\"33\">Material<\/td>\n<td class=\"et3\">Gres<\/td>\n<\/tr>\n<tr style=\"height: 16.50pt;\">\n<td class=\"et5\" style=\"height: 16.50pt;\" height=\"33\">Color<\/td>\n<td class=\"et3\">Como imagen<\/td>\n<\/tr>\n<tr style=\"height: 16.50pt;\">\n<td class=\"et3\" style=\"height: 16.50pt;\" height=\"33\">Dimensi\u00f3n<\/td>\n<td class=\"et6\" style=\"width: 200.15pt;\" width=\"400\">Tama\u00f1o personalizado<\/td>\n<\/tr>\n<tr style=\"height: 16.50pt;\">\n<td class=\"et3\" style=\"height: 16.50pt;\" height=\"33\">MOQ<\/td>\n<td class=\"et3\">500 unidades<\/td>\n<\/tr>\n<tr style=\"height: 16.50pt;\">\n<td class=\"et3\" style=\"height: 16.50pt;\" height=\"33\">A medida<\/td>\n<td class=\"et3\">Color\/Tama\u00f1o\/Logotipo\/Embalaje<\/td>\n<\/tr>\n<\/tbody>\n<\/table>\n<p>\n<script src=\"chrome-extension:\/\/fpelahbljekknahkcaegamhcndkfpfnc\/iFrame.js\" type=\"text\/javascript\"><\/script><\/p>","protected":false},"featured_media":5003,"comment_status":"closed","ping_status":"closed","template":"","meta":{"_acf_changed":false},"product_brand":[],"product_cat":[62,99],"product_tag":[81],"class_list":{"0":"post-5000","1":"product","2":"type-product","3":"status-publish","4":"has-post-thumbnail","6":"product_cat-ceramic-plates-wholesale","7":"product_cat-baking-dishes-wholesale","8":"product_tag-modern-design-dinnerware-set-wholesale","10":"first","11":"instock","12":"shipping-taxable","13":"product-type-simple"},"acf":[],"_links":{"self":[{"href":"https:\/\/www.yongjianceramic.com\/es\/wp-json\/wp\/v2\/product\/5000","targetHints":{"allow":["GET"]}}],"collection":[{"href":"https:\/\/www.yongjianceramic.com\/es\/wp-json\/wp\/v2\/product"}],"about":[{"href":"https:\/\/www.yongjianceramic.com\/es\/wp-json\/wp\/v2\/types\/product"}],"replies":[{"embeddable":true,"href":"https:\/\/www.yongjianceramic.com\/es\/wp-json\/wp\/v2\/comments?post=5000"}],"wp:featuredmedia":[{"embeddable":true,"href":"https:\/\/www.yongjianceramic.com\/es\/wp-json\/wp\/v2\/media\/5003"}],"wp:attachment":[{"href":"https:\/\/www.yongjianceramic.com\/es\/wp-json\/wp\/v2\/media?parent=5000"}],"wp:term":[{"taxonomy":"product_brand","embeddable":true,"href":"https:\/\/www.yongjianceramic.com\/es\/wp-json\/wp\/v2\/product_brand?post=5000"},{"taxonomy":"product_cat","embeddable":true,"href":"https:\/\/www.yongjianceramic.com\/es\/wp-json\/wp\/v2\/product_cat?post=5000"},{"taxonomy":"product_tag","embeddable":true,"href":"https:\/\/www.yongjianceramic.com\/es\/wp-json\/wp\/v2\/product_tag?post=5000"}],"curies":[{"name":"wp","href":"https:\/\/api.w.org\/{rel}","templated":true}]}}