{"id":5012,"date":"2025-08-07T17:53:51","date_gmt":"2025-08-07T09:53:51","guid":{"rendered":"https:\/\/www.yongjianceramic.com\/?post_type=product&#038;p=5012"},"modified":"2025-08-07T17:53:54","modified_gmt":"2025-08-07T09:53:54","slug":"custom-bakeware","status":"publish","type":"product","link":"https:\/\/www.yongjianceramic.com\/es\/producto\/custom-bakeware\/","title":{"rendered":"Plato de Cer\u00e1mica con Doble Asa, Plato de Cer\u00e1mica con Esmalte, Mayorista"},"content":{"rendered":"<div class=\"wp-block-columns is-layout-flex wp-container-core-columns-is-layout-9d6595d7 wp-block-columns-is-layout-flex\">\n<div class=\"wp-block-column is-layout-flow wp-block-column-is-layout-flow\">\n<h2 class=\"wp-block-heading\">Bater\u00eda para hornear Premium de doble asa Caracter\u00edsticas:<\/h2>\n\n\n\n<ul class=\"wp-block-list\">\n<li><strong>Dise\u00f1o cuadrado de doble asa:<\/strong> El molde cuadrado a medida con asas dobles facilita su sujeci\u00f3n. Las esquinas redondeadas no s\u00f3lo facilitan el calentamiento uniforme de los alimentos, sino que tambi\u00e9n hacen que sea f\u00e1cil de sujetar y transportar, c\u00f3modo y seguro de usar.<\/li>\n\n\n\n<li><strong>Patr\u00f3n a rayas, elegante y atractivo: <\/strong>El plato de cer\u00e1mica esmaltada para hornear wholesla vibrante naranja y rayas blancas a\u00f1adir un toque juvenil y moderno a su mesa.<\/li>\n\n\n\n<li><strong>Cer\u00e1mica de alta temperatura: <\/strong>El molde cuadrado a medida, fabricado mediante un proceso de cocci\u00f3n a alta temperatura, ofrece una excelente resistencia al calor, es apto para horno y microondas y resiste las grietas incluso tras un uso prolongado.<\/li>\n\n\n\n<li><strong>Servicio a medida:<\/strong> Estos moldes de cer\u00e1mica para hornear al por mayor proporcionan servicios personalizados OEM\/ODM, incluyendo tama\u00f1o, color, patr\u00f3n y logotipo, de acuerdo con los requisitos personalizados y son aplicables a los pedidos al por mayor de los clientes de marca.<\/li>\n<\/ul>\n<\/div>\n\n\n\n<div class=\"wp-block-column is-layout-flow wp-block-column-is-layout-flow\">\n<figure class=\"wp-block-image size-full\"><img fetchpriority=\"high\" decoding=\"async\" width=\"640\" height=\"640\" src=\"https:\/\/www.yongjianceramic.com\/wp-content\/uploads\/2025\/08\/bowl-factoryceramic-dinner-plates-bulkcustom-made-crockery-5.webp\" alt=\"bandeja de cer\u00e1mica para hornear con doble asa y esmalte al por mayor-5\" class=\"wp-image-5017\" srcset=\"https:\/\/www.yongjianceramic.com\/wp-content\/uploads\/2025\/08\/bowl-factoryceramic-dinner-plates-bulkcustom-made-crockery-5.webp 640w, https:\/\/www.yongjianceramic.com\/wp-content\/uploads\/2025\/08\/bowl-factoryceramic-dinner-plates-bulkcustom-made-crockery-5-300x300.webp 300w, https:\/\/www.yongjianceramic.com\/wp-content\/uploads\/2025\/08\/bowl-factoryceramic-dinner-plates-bulkcustom-made-crockery-5-150x150.webp 150w, https:\/\/www.yongjianceramic.com\/wp-content\/uploads\/2025\/08\/bowl-factoryceramic-dinner-plates-bulkcustom-made-crockery-5-12x12.webp 12w, https:\/\/www.yongjianceramic.com\/wp-content\/uploads\/2025\/08\/bowl-factoryceramic-dinner-plates-bulkcustom-made-crockery-5-285x285.webp 285w, https:\/\/www.yongjianceramic.com\/wp-content\/uploads\/2025\/08\/bowl-factoryceramic-dinner-plates-bulkcustom-made-crockery-5-270x270.webp 270w, https:\/\/www.yongjianceramic.com\/wp-content\/uploads\/2025\/08\/bowl-factoryceramic-dinner-plates-bulkcustom-made-crockery-5-540x540.webp 540w\" sizes=\"(max-width: 640px) 100vw, 640px\" \/><\/figure>\n<\/div>\n<\/div>","protected":false},"excerpt":{"rendered":"<p>Bienvenido a comprar nuestro molde cuadrado a medida. Este molde para hornear al por mayor a rayas naranjas y blancas con dos asas presenta colores vibrantes y elegantes, perfecto para una gran variedad de platos horneados y gratinados. Fabricada en cer\u00e1mica de alta temperatura, es pr\u00e1ctica y resistente al calor, combinando belleza y funcionalidad, lo que la convierte en una vajilla ideal para uso dom\u00e9stico y en restaurantes.<\/p>\n<table style=\"border-collapse: collapse; width: 327.02pt;\" border=\"0\" width=\"654\" cellspacing=\"0\" cellpadding=\"0\">\n<tbody>\n<tr style=\"height: 16.50pt;\">\n<td class=\"et3\" style=\"height: 16.50pt; width: 127.20pt;\" width=\"254\" height=\"33\">Fabricante<\/td>\n<td class=\"et3\" style=\"width: 200.15pt;\" width=\"400\">Yongjian<\/td>\n<\/tr>\n<tr style=\"height: 16.50pt;\">\n<td class=\"et3\" style=\"height: 16.50pt;\" height=\"33\">N\u00ba de modelo<\/td>\n<td class=\"et4\" style=\"width: 200.15pt;\" width=\"400\">YJ-151<\/td>\n<\/tr>\n<tr style=\"height: 16.50pt;\">\n<td class=\"et3\" style=\"height: 16.50pt;\" height=\"33\">Tipo de producto<\/td>\n<td class=\"et3\">Bandeja<\/td>\n<\/tr>\n<tr style=\"height: 16.50pt;\">\n<td class=\"et3\" style=\"height: 16.50pt;\" height=\"33\">Material<\/td>\n<td class=\"et3\">Gres<\/td>\n<\/tr>\n<tr style=\"height: 16.50pt;\">\n<td class=\"et5\" style=\"height: 16.50pt;\" height=\"33\">Color<\/td>\n<td class=\"et3\">Como imagen<\/td>\n<\/tr>\n<tr style=\"height: 16.50pt;\">\n<td class=\"et3\" style=\"height: 16.50pt;\" height=\"33\">Dimensi\u00f3n<\/td>\n<td class=\"et6\" style=\"width: 200.15pt;\" width=\"400\">Tama\u00f1o personalizado<\/td>\n<\/tr>\n<tr style=\"height: 16.50pt;\">\n<td class=\"et3\" style=\"height: 16.50pt;\" height=\"33\">MOQ<\/td>\n<td class=\"et3\">500 unidades<\/td>\n<\/tr>\n<tr style=\"height: 16.50pt;\">\n<td class=\"et3\" style=\"height: 16.50pt;\" height=\"33\">A medida<\/td>\n<td class=\"et3\">Color\/Tama\u00f1o\/Logotipo\/Embalaje<\/td>\n<\/tr>\n<\/tbody>\n<\/table>\n<p><script src=\"chrome-extension:\/\/fpelahbljekknahkcaegamhcndkfpfnc\/iFrame.js\" type=\"text\/javascript\"><\/script><\/p>","protected":false},"featured_media":5015,"comment_status":"closed","ping_status":"closed","template":"","meta":{"_acf_changed":false},"product_brand":[],"product_cat":[62,99],"product_tag":[81],"class_list":{"0":"post-5012","1":"product","2":"type-product","3":"status-publish","4":"has-post-thumbnail","6":"product_cat-ceramic-plates-wholesale","7":"product_cat-baking-dishes-wholesale","8":"product_tag-modern-design-dinnerware-set-wholesale","10":"first","11":"instock","12":"shipping-taxable","13":"product-type-simple"},"acf":[],"_links":{"self":[{"href":"https:\/\/www.yongjianceramic.com\/es\/wp-json\/wp\/v2\/product\/5012","targetHints":{"allow":["GET"]}}],"collection":[{"href":"https:\/\/www.yongjianceramic.com\/es\/wp-json\/wp\/v2\/product"}],"about":[{"href":"https:\/\/www.yongjianceramic.com\/es\/wp-json\/wp\/v2\/types\/product"}],"replies":[{"embeddable":true,"href":"https:\/\/www.yongjianceramic.com\/es\/wp-json\/wp\/v2\/comments?post=5012"}],"wp:featuredmedia":[{"embeddable":true,"href":"https:\/\/www.yongjianceramic.com\/es\/wp-json\/wp\/v2\/media\/5015"}],"wp:attachment":[{"href":"https:\/\/www.yongjianceramic.com\/es\/wp-json\/wp\/v2\/media?parent=5012"}],"wp:term":[{"taxonomy":"product_brand","embeddable":true,"href":"https:\/\/www.yongjianceramic.com\/es\/wp-json\/wp\/v2\/product_brand?post=5012"},{"taxonomy":"product_cat","embeddable":true,"href":"https:\/\/www.yongjianceramic.com\/es\/wp-json\/wp\/v2\/product_cat?post=5012"},{"taxonomy":"product_tag","embeddable":true,"href":"https:\/\/www.yongjianceramic.com\/es\/wp-json\/wp\/v2\/product_tag?post=5012"}],"curies":[{"name":"wp","href":"https:\/\/api.w.org\/{rel}","templated":true}]}}