{"id":5030,"date":"2025-08-16T10:05:47","date_gmt":"2025-08-16T02:05:47","guid":{"rendered":"https:\/\/www.yongjianceramic.com\/?post_type=product&#038;p=5030"},"modified":"2025-09-04T10:03:28","modified_gmt":"2025-09-04T02:03:28","slug":"customized-round-baking-pan","status":"publish","type":"product","link":"https:\/\/www.yongjianceramic.com\/es\/producto\/customized-round-baking-pan\/","title":{"rendered":"Molde de Cer\u00e1mica, Platos de Cer\u00e1mica para Pastel al por Mayor"},"content":{"rendered":"<div class=\"wp-block-columns is-layout-flex wp-container-core-columns-is-layout-9d6595d7 wp-block-columns-is-layout-flex\">\n<div class=\"wp-block-column is-layout-flow wp-block-column-is-layout-flow\">\n<h2 class=\"wp-block-heading\">Sart\u00e9n Redonda Personalizada Premium Caracter\u00edsticas:<\/h2>\n\n\n\n<ul class=\"wp-block-list\">\n<li><strong>Forma redonda, tradicional y universal: <\/strong>Los platos para tartas al por mayor de forma redonda se pueden utilizar para diferentes cocinas como tartas, pasteles y gratinados, y ofrecen belleza culinaria y de presentaci\u00f3n.<\/li>\n\n\n\n<li><strong>Verde oscuro con blanco, sofisticado y de alta gama: <\/strong>El molde redondo personalizado de color verde oscuro por fuera y blanco por dentro contiene una novedosa estratificaci\u00f3n visual, que puede dar un aire de sofisticaci\u00f3n a la mesa del comedor.<\/li>\n\n\n\n<li><strong>Dise\u00f1o grabado, detalles delicados:<\/strong> El intrincado grabado del interior del molde redondo personalizado le da un aspecto artesanal y un encanto especial.<\/li>\n\n\n\n<li><strong>Cer\u00e1mica de alta temperatura, resistente al calor y segura:<\/strong> Los moldes para tartas a granel est\u00e1n fabricados en cer\u00e1mica de alta calidad cocida a alta temperatura, apta para microondas y horno, resistente al calor y de larga duraci\u00f3n.<\/li>\n<\/ul>\n<\/div>\n\n\n\n<div class=\"wp-block-column is-layout-flow wp-block-column-is-layout-flow\">\n<figure class=\"wp-block-image size-full\"><img fetchpriority=\"high\" decoding=\"async\" width=\"640\" height=\"640\" src=\"https:\/\/www.yongjianceramic.com\/wp-content\/uploads\/2025\/08\/custom-dinnerware-sets\uff0cceramic-plates-wholesale\uff0ctableware-set-manufacturer-1.webp\" alt=\"moldes de cer\u00e1mica para tartas personalizados al por mayor-1\" class=\"wp-image-5031\" srcset=\"https:\/\/www.yongjianceramic.com\/wp-content\/uploads\/2025\/08\/custom-dinnerware-sets\uff0cceramic-plates-wholesale\uff0ctableware-set-manufacturer-1.webp 640w, https:\/\/www.yongjianceramic.com\/wp-content\/uploads\/2025\/08\/custom-dinnerware-sets\uff0cceramic-plates-wholesale\uff0ctableware-set-manufacturer-1-300x300.webp 300w, https:\/\/www.yongjianceramic.com\/wp-content\/uploads\/2025\/08\/custom-dinnerware-sets\uff0cceramic-plates-wholesale\uff0ctableware-set-manufacturer-1-150x150.webp 150w, https:\/\/www.yongjianceramic.com\/wp-content\/uploads\/2025\/08\/custom-dinnerware-sets\uff0cceramic-plates-wholesale\uff0ctableware-set-manufacturer-1-12x12.webp 12w, https:\/\/www.yongjianceramic.com\/wp-content\/uploads\/2025\/08\/custom-dinnerware-sets\uff0cceramic-plates-wholesale\uff0ctableware-set-manufacturer-1-285x285.webp 285w, https:\/\/www.yongjianceramic.com\/wp-content\/uploads\/2025\/08\/custom-dinnerware-sets\uff0cceramic-plates-wholesale\uff0ctableware-set-manufacturer-1-270x270.webp 270w, https:\/\/www.yongjianceramic.com\/wp-content\/uploads\/2025\/08\/custom-dinnerware-sets\uff0cceramic-plates-wholesale\uff0ctableware-set-manufacturer-1-540x540.webp 540w\" sizes=\"(max-width: 640px) 100vw, 640px\" \/><\/figure>\n<\/div>\n<\/div>","protected":false},"excerpt":{"rendered":"<p>Bienvenido a comprar nuestro molde redondo personalizado. Este utensilio para hornear redondo grabado en verde y blanco, con su forma elegante y sus finos detalles, no es s\u00f3lo un utensilio para hornear, sino tambi\u00e9n una decoraci\u00f3n de mesa. Fabricado en cer\u00e1mica de alta temperatura, es duradero y seguro, bueno para restaurantes y uso dom\u00e9stico.<\/p>\n<table style=\"border-collapse: collapse; width: 327.02pt;\" border=\"0\" width=\"654\" cellspacing=\"0\" cellpadding=\"0\">\n<tbody>\n<tr style=\"height: 16.50pt;\">\n<td class=\"et3\" style=\"height: 16.50pt; width: 127.20pt;\" width=\"254\" height=\"33\">Fabricante<\/td>\n<td class=\"et3\" style=\"width: 200.15pt;\" width=\"400\">Yongjian<\/td>\n<\/tr>\n<tr style=\"height: 16.50pt;\">\n<td class=\"et3\" style=\"height: 16.50pt;\" height=\"33\">N\u00ba de modelo<\/td>\n<td class=\"et4\" style=\"width: 200.15pt;\" width=\"400\">YJ-152<\/td>\n<\/tr>\n<tr style=\"height: 16.50pt;\">\n<td class=\"et3\" style=\"height: 16.50pt;\" height=\"33\">Tipo de producto<\/td>\n<td class=\"et3\">Bandeja<\/td>\n<\/tr>\n<tr style=\"height: 16.50pt;\">\n<td class=\"et3\" style=\"height: 16.50pt;\" height=\"33\">Material<\/td>\n<td class=\"et3\">Gres<\/td>\n<\/tr>\n<tr style=\"height: 16.50pt;\">\n<td class=\"et5\" style=\"height: 16.50pt;\" height=\"33\">Color<\/td>\n<td class=\"et3\">Como imagen<\/td>\n<\/tr>\n<tr style=\"height: 16.50pt;\">\n<td class=\"et3\" style=\"height: 16.50pt;\" height=\"33\">Dimensi\u00f3n<\/td>\n<td class=\"et6\" style=\"width: 200.15pt;\" width=\"400\">Tama\u00f1o personalizado<\/td>\n<\/tr>\n<tr style=\"height: 16.50pt;\">\n<td class=\"et3\" style=\"height: 16.50pt;\" height=\"33\">MOQ<\/td>\n<td class=\"et3\">500 unidades<\/td>\n<\/tr>\n<tr style=\"height: 16.50pt;\">\n<td class=\"et3\" style=\"height: 16.50pt;\" height=\"33\">A medida<\/td>\n<td class=\"et3\">Color\/Tama\u00f1o\/Logotipo\/Embalaje<\/td>\n<\/tr>\n<\/tbody>\n<\/table>\n<p>\n<script src=\"chrome-extension:\/\/fpelahbljekknahkcaegamhcndkfpfnc\/iFrame.js\" type=\"text\/javascript\"><\/script><\/p>","protected":false},"featured_media":5035,"comment_status":"closed","ping_status":"closed","template":"","meta":{"_acf_changed":false},"product_brand":[],"product_cat":[99],"product_tag":[88,81],"class_list":{"0":"post-5030","1":"product","2":"type-product","3":"status-publish","4":"has-post-thumbnail","6":"product_cat-baking-dishes-wholesale","7":"product_tag-japanese-style-dinnerware-set-wholesale","8":"product_tag-modern-design-dinnerware-set-wholesale","10":"first","11":"instock","12":"shipping-taxable","13":"product-type-simple"},"acf":[],"_links":{"self":[{"href":"https:\/\/www.yongjianceramic.com\/es\/wp-json\/wp\/v2\/product\/5030","targetHints":{"allow":["GET"]}}],"collection":[{"href":"https:\/\/www.yongjianceramic.com\/es\/wp-json\/wp\/v2\/product"}],"about":[{"href":"https:\/\/www.yongjianceramic.com\/es\/wp-json\/wp\/v2\/types\/product"}],"replies":[{"embeddable":true,"href":"https:\/\/www.yongjianceramic.com\/es\/wp-json\/wp\/v2\/comments?post=5030"}],"wp:featuredmedia":[{"embeddable":true,"href":"https:\/\/www.yongjianceramic.com\/es\/wp-json\/wp\/v2\/media\/5035"}],"wp:attachment":[{"href":"https:\/\/www.yongjianceramic.com\/es\/wp-json\/wp\/v2\/media?parent=5030"}],"wp:term":[{"taxonomy":"product_brand","embeddable":true,"href":"https:\/\/www.yongjianceramic.com\/es\/wp-json\/wp\/v2\/product_brand?post=5030"},{"taxonomy":"product_cat","embeddable":true,"href":"https:\/\/www.yongjianceramic.com\/es\/wp-json\/wp\/v2\/product_cat?post=5030"},{"taxonomy":"product_tag","embeddable":true,"href":"https:\/\/www.yongjianceramic.com\/es\/wp-json\/wp\/v2\/product_tag?post=5030"}],"curies":[{"name":"wp","href":"https:\/\/api.w.org\/{rel}","templated":true}]}}