{"id":5037,"date":"2025-08-16T09:41:52","date_gmt":"2025-08-16T01:41:52","guid":{"rendered":"https:\/\/www.yongjianceramic.com\/?post_type=product&#038;p=5037"},"modified":"2025-09-04T10:03:18","modified_gmt":"2025-09-04T02:03:18","slug":"custom-baking-pan","status":"publish","type":"product","link":"https:\/\/www.yongjianceramic.com\/es\/producto\/custom-baking-pan\/","title":{"rendered":"Sart\u00e9n de cer\u00e1mica para hornear, Platos cuadrados para hornear de doble oreja al por mayor"},"content":{"rendered":"<div class=\"wp-block-columns is-layout-flex wp-container-core-columns-is-layout-9d6595d7 wp-block-columns-is-layout-flex\">\n<div class=\"wp-block-column is-layout-flow wp-block-column-is-layout-flow\">\n<h2 class=\"wp-block-heading\">Sart\u00e9n cuadrada a medida Premium Caracter\u00edsticas:<\/h2>\n\n\n\n<ul class=\"wp-block-list\">\n<li><strong>Dise\u00f1o de asas dobles cuadradas: <\/strong>El molde a medida tiene asas f\u00e1ciles de quitar y poner, aptas tanto para el horno como para la mesa, lo que garantiza la seguridad y un manejo sin esfuerzo.<\/li>\n\n\n\n<li><strong>Verde claro con aspecto azul cielo:<\/strong> La bandeja a medida en una suave combinaci\u00f3n de colores crea una experiencia visual confortable y un ambiente de comedor sencillo y relajante.<\/li>\n\n\n\n<li><strong>Decoraci\u00f3n Artesanal de Papel, Detalles Exquisitos: <\/strong>Estos platos cuadrados para hornear al por mayor est\u00e1n hechos con calcoman\u00edas de alta calidad, los colores son duraderos y resisten la decoloraci\u00f3n, a\u00f1adiendo un toque decorativo \u00fanico.<\/li>\n\n\n\n<li><strong>Cer\u00e1mica resistente al calor:<\/strong> Estos platos cuadrados para hornear est\u00e1n cocidos al por mayor a altas temperaturas, lo que garantiza su resistencia al calor y durabilidad, haci\u00e9ndolos aptos para su uso en horno y microondas.<\/li>\n<\/ul>\n<\/div>\n\n\n\n<div class=\"wp-block-column is-layout-flow wp-block-column-is-layout-flow\">\n<figure class=\"wp-block-image size-full\"><img fetchpriority=\"high\" decoding=\"async\" width=\"640\" height=\"640\" src=\"https:\/\/www.yongjianceramic.com\/wp-content\/uploads\/2025\/08\/tableware-ceramic-wholesaleceramic-manufacturerplates-in-bulk-4.webp\" alt=\"cacerola-cer\u00e1mica-doble-oreja-platos-cuadrados-mayorista-4\" class=\"wp-image-5041\" srcset=\"https:\/\/www.yongjianceramic.com\/wp-content\/uploads\/2025\/08\/tableware-ceramic-wholesaleceramic-manufacturerplates-in-bulk-4.webp 640w, https:\/\/www.yongjianceramic.com\/wp-content\/uploads\/2025\/08\/tableware-ceramic-wholesaleceramic-manufacturerplates-in-bulk-4-300x300.webp 300w, https:\/\/www.yongjianceramic.com\/wp-content\/uploads\/2025\/08\/tableware-ceramic-wholesaleceramic-manufacturerplates-in-bulk-4-150x150.webp 150w, https:\/\/www.yongjianceramic.com\/wp-content\/uploads\/2025\/08\/tableware-ceramic-wholesaleceramic-manufacturerplates-in-bulk-4-12x12.webp 12w, https:\/\/www.yongjianceramic.com\/wp-content\/uploads\/2025\/08\/tableware-ceramic-wholesaleceramic-manufacturerplates-in-bulk-4-285x285.webp 285w, https:\/\/www.yongjianceramic.com\/wp-content\/uploads\/2025\/08\/tableware-ceramic-wholesaleceramic-manufacturerplates-in-bulk-4-270x270.webp 270w, https:\/\/www.yongjianceramic.com\/wp-content\/uploads\/2025\/08\/tableware-ceramic-wholesaleceramic-manufacturerplates-in-bulk-4-540x540.webp 540w\" sizes=\"(max-width: 640px) 100vw, 640px\" \/><\/figure>\n<\/div>\n<\/div>","protected":false},"excerpt":{"rendered":"<p>Bienvenido a comprar nuestra bandeja de horno personalizada. Este molde cuadrado verde claro y azul cielo con dos asas presenta un dise\u00f1o pr\u00e1ctico y un estilo fresco y minimalista. Es perfecto para cocinar deliciosos platos a la vez que a\u00f1ade un ambiente c\u00e1lido a la mesa del comedor.<\/p>\n<table style=\"border-collapse: collapse; width: 327.02pt;\" border=\"0\" width=\"654\" cellspacing=\"0\" cellpadding=\"0\">\n<tbody>\n<tr style=\"height: 16.50pt;\">\n<td class=\"et3\" style=\"height: 16.50pt; width: 127.20pt;\" width=\"254\" height=\"33\">Fabricante<\/td>\n<td class=\"et3\" style=\"width: 200.15pt;\" width=\"400\">Yongjian<\/td>\n<\/tr>\n<tr style=\"height: 16.50pt;\">\n<td class=\"et3\" style=\"height: 16.50pt;\" height=\"33\">N\u00ba de modelo<\/td>\n<td class=\"et4\" style=\"width: 200.15pt;\" width=\"400\">YJ-153<\/td>\n<\/tr>\n<tr style=\"height: 16.50pt;\">\n<td class=\"et3\" style=\"height: 16.50pt;\" height=\"33\">Tipo de producto<\/td>\n<td class=\"et3\">Bandeja<\/td>\n<\/tr>\n<tr style=\"height: 16.50pt;\">\n<td class=\"et3\" style=\"height: 16.50pt;\" height=\"33\">Material<\/td>\n<td class=\"et3\">Gres<\/td>\n<\/tr>\n<tr style=\"height: 16.50pt;\">\n<td class=\"et5\" style=\"height: 16.50pt;\" height=\"33\">Color<\/td>\n<td class=\"et3\">Como imagen<\/td>\n<\/tr>\n<tr style=\"height: 16.50pt;\">\n<td class=\"et3\" style=\"height: 16.50pt;\" height=\"33\">Dimensi\u00f3n<\/td>\n<td class=\"et6\" style=\"width: 200.15pt;\" width=\"400\">Tama\u00f1o personalizado<\/td>\n<\/tr>\n<tr style=\"height: 16.50pt;\">\n<td class=\"et3\" style=\"height: 16.50pt;\" height=\"33\">MOQ<\/td>\n<td class=\"et3\">500 unidades<\/td>\n<\/tr>\n<tr style=\"height: 16.50pt;\">\n<td class=\"et3\" style=\"height: 16.50pt;\" height=\"33\">A medida<\/td>\n<td class=\"et3\">Color\/Tama\u00f1o\/Logotipo\/Embalaje<\/td>\n<\/tr>\n<\/tbody>\n<\/table>\n<p>\n<script src=\"chrome-extension:\/\/fpelahbljekknahkcaegamhcndkfpfnc\/iFrame.js\" type=\"text\/javascript\"><\/script><\/p>","protected":false},"featured_media":5040,"comment_status":"closed","ping_status":"closed","template":"","meta":{"_acf_changed":false},"product_brand":[],"product_cat":[99],"product_tag":[],"class_list":{"0":"post-5037","1":"product","2":"type-product","3":"status-publish","4":"has-post-thumbnail","6":"product_cat-baking-dishes-wholesale","8":"first","9":"instock","10":"shipping-taxable","11":"product-type-simple"},"acf":[],"_links":{"self":[{"href":"https:\/\/www.yongjianceramic.com\/es\/wp-json\/wp\/v2\/product\/5037","targetHints":{"allow":["GET"]}}],"collection":[{"href":"https:\/\/www.yongjianceramic.com\/es\/wp-json\/wp\/v2\/product"}],"about":[{"href":"https:\/\/www.yongjianceramic.com\/es\/wp-json\/wp\/v2\/types\/product"}],"replies":[{"embeddable":true,"href":"https:\/\/www.yongjianceramic.com\/es\/wp-json\/wp\/v2\/comments?post=5037"}],"wp:featuredmedia":[{"embeddable":true,"href":"https:\/\/www.yongjianceramic.com\/es\/wp-json\/wp\/v2\/media\/5040"}],"wp:attachment":[{"href":"https:\/\/www.yongjianceramic.com\/es\/wp-json\/wp\/v2\/media?parent=5037"}],"wp:term":[{"taxonomy":"product_brand","embeddable":true,"href":"https:\/\/www.yongjianceramic.com\/es\/wp-json\/wp\/v2\/product_brand?post=5037"},{"taxonomy":"product_cat","embeddable":true,"href":"https:\/\/www.yongjianceramic.com\/es\/wp-json\/wp\/v2\/product_cat?post=5037"},{"taxonomy":"product_tag","embeddable":true,"href":"https:\/\/www.yongjianceramic.com\/es\/wp-json\/wp\/v2\/product_tag?post=5037"}],"curies":[{"name":"wp","href":"https:\/\/api.w.org\/{rel}","templated":true}]}}