{"id":5073,"date":"2025-08-29T11:28:01","date_gmt":"2025-08-29T03:28:01","guid":{"rendered":"https:\/\/www.yongjianceramic.com\/?post_type=product&#038;p=5073"},"modified":"2025-09-01T09:12:05","modified_gmt":"2025-09-01T01:12:05","slug":"bulk-bakeware-set","status":"publish","type":"product","link":"https:\/\/www.yongjianceramic.com\/es\/producto\/bulk-bakeware-set\/","title":{"rendered":"Platos de Porcelana para Hornear, Mayorista de Platos de Porcelana para Hornear, Mayorista de Platos de Porcelana para Hornear"},"content":{"rendered":"<div class=\"wp-block-columns is-layout-flex wp-container-core-columns-is-layout-9d6595d7 wp-block-columns-is-layout-flex\">\n<div class=\"wp-block-column is-layout-flow wp-block-column-is-layout-flow\">\n<h2 class=\"wp-block-heading\">Juego de utensilios para hornear a granel de color blanco de primera calidad Caracter\u00edsticas:<\/h2>\n\n\n\n<ul class=\"wp-block-list\">\n<li><strong>Pr\u00e1ctico y c\u00f3modo dise\u00f1o de doble asa:<\/strong> El juego de utensilios para hornear a granel cuenta con asas reforzadas en ambos lados de los platos para hornear que facilitan su extracci\u00f3n y servicio, por lo que es seguro y f\u00e1cil, perfecto para uso frecuente en el hogar y en restaurantes.<\/li>\n\n\n\n<li><strong>Porcelana resistente a altas temperaturas:<\/strong> Los platos para hornear al por mayor son respetuosos con el medio ambiente y f\u00e1ciles de limpiar. Al estar fabricados en porcelana de alta temperatura, son muy resistentes al calor y se pueden calentar en microondas y hornos.<\/li>\n\n\n\n<li><strong>Mezcla vers\u00e1til:<\/strong> El juego de utensilios para hornear a granel incluye sartenes de distintos tama\u00f1os para hornear, asar, pasta, postres y cocina casera.<\/li>\n\n\n\n<li><strong>Blanco f\u00e1cil, aspecto elegante: <\/strong>Platos de hornear al por mayor elegante dise\u00f1o blanco y combinaci\u00f3n de colores complementa cualquier arreglo de mesa. No contiene plomo ni es t\u00f3xico, apto para microondas, horno, lavavajillas y congelador, por lo que es perfecto para uso dom\u00e9stico, en restaurantes y hoteles.<\/li>\n<\/ul>\n<\/div>\n\n\n\n<div class=\"wp-block-column is-layout-flow wp-block-column-is-layout-flow\">\n<figure class=\"wp-block-image size-full\"><img fetchpriority=\"high\" decoding=\"async\" width=\"2400\" height=\"2400\" src=\"https:\/\/www.yongjianceramic.com\/wp-content\/uploads\/2025\/08\/bulk-dinnerware-sets\uff0cceramic-dinnerware-manufacturing-process\uff0cwhite-porcelain-dinner-plates-bulk-5.webp\" alt=\"juego de vajilla de porcelana para hornear - mayorista-proveedor-5\" class=\"wp-image-5078\" srcset=\"https:\/\/www.yongjianceramic.com\/wp-content\/uploads\/2025\/08\/bulk-dinnerware-sets\uff0cceramic-dinnerware-manufacturing-process\uff0cwhite-porcelain-dinner-plates-bulk-5.webp 2400w, https:\/\/www.yongjianceramic.com\/wp-content\/uploads\/2025\/08\/bulk-dinnerware-sets\uff0cceramic-dinnerware-manufacturing-process\uff0cwhite-porcelain-dinner-plates-bulk-5-300x300.webp 300w, https:\/\/www.yongjianceramic.com\/wp-content\/uploads\/2025\/08\/bulk-dinnerware-sets\uff0cceramic-dinnerware-manufacturing-process\uff0cwhite-porcelain-dinner-plates-bulk-5-150x150.webp 150w, https:\/\/www.yongjianceramic.com\/wp-content\/uploads\/2025\/08\/bulk-dinnerware-sets\uff0cceramic-dinnerware-manufacturing-process\uff0cwhite-porcelain-dinner-plates-bulk-5-768x768.webp 768w, https:\/\/www.yongjianceramic.com\/wp-content\/uploads\/2025\/08\/bulk-dinnerware-sets\uff0cceramic-dinnerware-manufacturing-process\uff0cwhite-porcelain-dinner-plates-bulk-5-12x12.webp 12w, https:\/\/www.yongjianceramic.com\/wp-content\/uploads\/2025\/08\/bulk-dinnerware-sets\uff0cceramic-dinnerware-manufacturing-process\uff0cwhite-porcelain-dinner-plates-bulk-5-285x285.webp 285w, https:\/\/www.yongjianceramic.com\/wp-content\/uploads\/2025\/08\/bulk-dinnerware-sets\uff0cceramic-dinnerware-manufacturing-process\uff0cwhite-porcelain-dinner-plates-bulk-5-1600x1600.webp 1600w, https:\/\/www.yongjianceramic.com\/wp-content\/uploads\/2025\/08\/bulk-dinnerware-sets\uff0cceramic-dinnerware-manufacturing-process\uff0cwhite-porcelain-dinner-plates-bulk-5-270x270.webp 270w, https:\/\/www.yongjianceramic.com\/wp-content\/uploads\/2025\/08\/bulk-dinnerware-sets\uff0cceramic-dinnerware-manufacturing-process\uff0cwhite-porcelain-dinner-plates-bulk-5-540x540.webp 540w, https:\/\/www.yongjianceramic.com\/wp-content\/uploads\/2025\/08\/bulk-dinnerware-sets\uff0cceramic-dinnerware-manufacturing-process\uff0cwhite-porcelain-dinner-plates-bulk-5-660x660.webp 660w\" sizes=\"(max-width: 2400px) 100vw, 2400px\" \/><\/figure>\n<\/div>\n<\/div>","protected":false},"excerpt":{"rendered":"<p>\u00a1Como un proveedor confiable de porcelana para hornear platos al por mayor, ofrecemos el mejor conjunto de utensilios para hornear a granel blanco hecho de porcelana durable, seguro para el horno, microondas, lavavajillas y congelador safe.OEM y ODM personalizaci\u00f3n y pedidos al por mayor est\u00e1n totalmente supported.Welcome en contacto con nosotros!<\/p>\n<table style=\"border-collapse: collapse; width: 327.02pt;\" border=\"0\" width=\"654\" cellspacing=\"0\" cellpadding=\"0\">\n<tbody>\n<tr style=\"height: 16.50pt;\">\n<td class=\"et3\" style=\"height: 16.50pt; width: 127.20pt;\" width=\"254\" height=\"33\">Fabricante<\/td>\n<td class=\"et3\" style=\"width: 200.15pt;\" width=\"400\">Yongjian<\/td>\n<\/tr>\n<tr style=\"height: 16.50pt;\">\n<td class=\"et3\" style=\"height: 16.50pt;\" height=\"33\">N\u00ba de modelo<\/td>\n<td class=\"et4\" style=\"width: 200.15pt;\" width=\"400\">YJ-156<\/td>\n<\/tr>\n<tr style=\"height: 16.50pt;\">\n<td class=\"et3\" style=\"height: 16.50pt;\" height=\"33\">Tipo de producto<\/td>\n<td class=\"et3\">Bandeja<\/td>\n<\/tr>\n<tr style=\"height: 16.50pt;\">\n<td class=\"et3\" style=\"height: 16.50pt;\" height=\"33\">Material<\/td>\n<td class=\"et3\">Gres<\/td>\n<\/tr>\n<tr style=\"height: 16.50pt;\">\n<td class=\"et5\" style=\"height: 16.50pt;\" height=\"33\">Color<\/td>\n<td class=\"et3\">Como imagen<\/td>\n<\/tr>\n<tr style=\"height: 16.50pt;\">\n<td class=\"et3\" style=\"height: 16.50pt;\" height=\"33\">Dimensi\u00f3n<\/td>\n<td class=\"et6\" style=\"width: 200.15pt;\" width=\"400\">Tama\u00f1o personalizado<\/td>\n<\/tr>\n<tr style=\"height: 16.50pt;\">\n<td class=\"et3\" style=\"height: 16.50pt;\" height=\"33\">MOQ<\/td>\n<td class=\"et3\">500 unidades<\/td>\n<\/tr>\n<tr style=\"height: 16.50pt;\">\n<td class=\"et3\" style=\"height: 16.50pt;\" height=\"33\">A medida<\/td>\n<td class=\"et3\">Color\/Tama\u00f1o\/Logotipo\/Embalaje<\/td>\n<\/tr>\n<\/tbody>\n<\/table>","protected":false},"featured_media":5075,"comment_status":"closed","ping_status":"closed","template":"","meta":{"_acf_changed":false},"product_brand":[],"product_cat":[62,99],"product_tag":[],"class_list":{"0":"post-5073","1":"product","2":"type-product","3":"status-publish","4":"has-post-thumbnail","6":"product_cat-ceramic-plates-wholesale","7":"product_cat-baking-dishes-wholesale","9":"first","10":"instock","11":"shipping-taxable","12":"product-type-simple"},"acf":[],"_links":{"self":[{"href":"https:\/\/www.yongjianceramic.com\/es\/wp-json\/wp\/v2\/product\/5073","targetHints":{"allow":["GET"]}}],"collection":[{"href":"https:\/\/www.yongjianceramic.com\/es\/wp-json\/wp\/v2\/product"}],"about":[{"href":"https:\/\/www.yongjianceramic.com\/es\/wp-json\/wp\/v2\/types\/product"}],"replies":[{"embeddable":true,"href":"https:\/\/www.yongjianceramic.com\/es\/wp-json\/wp\/v2\/comments?post=5073"}],"wp:featuredmedia":[{"embeddable":true,"href":"https:\/\/www.yongjianceramic.com\/es\/wp-json\/wp\/v2\/media\/5075"}],"wp:attachment":[{"href":"https:\/\/www.yongjianceramic.com\/es\/wp-json\/wp\/v2\/media?parent=5073"}],"wp:term":[{"taxonomy":"product_brand","embeddable":true,"href":"https:\/\/www.yongjianceramic.com\/es\/wp-json\/wp\/v2\/product_brand?post=5073"},{"taxonomy":"product_cat","embeddable":true,"href":"https:\/\/www.yongjianceramic.com\/es\/wp-json\/wp\/v2\/product_cat?post=5073"},{"taxonomy":"product_tag","embeddable":true,"href":"https:\/\/www.yongjianceramic.com\/es\/wp-json\/wp\/v2\/product_tag?post=5073"}],"curies":[{"name":"wp","href":"https:\/\/api.w.org\/{rel}","templated":true}]}}