{"id":5080,"date":"2025-08-29T10:40:24","date_gmt":"2025-08-29T02:40:24","guid":{"rendered":"https:\/\/www.yongjianceramic.com\/?post_type=product&#038;p=5080"},"modified":"2025-09-01T09:12:15","modified_gmt":"2025-09-01T01:12:15","slug":"baking-pan-customized","status":"publish","type":"product","link":"https:\/\/www.yongjianceramic.com\/es\/producto\/baking-pan-customized\/","title":{"rendered":"Juego de Vajilla Rectangular para Restaurante, Blanco y Azul al por Mayor"},"content":{"rendered":"<div class=\"wp-block-columns is-layout-flex wp-container-core-columns-is-layout-9d6595d7 wp-block-columns-is-layout-flex\">\n<div class=\"wp-block-column is-layout-flow wp-block-column-is-layout-flow\">\n<h2 class=\"wp-block-heading\">Bandeja para hornear Premium Blanca y Azul Caracter\u00edsticas personalizadas:<\/h2>\n\n\n\n<ul class=\"wp-block-list\">\n<li><strong>Combinaci\u00f3n cl\u00e1sica de colores blanco y azul, personalizable:<\/strong> La combinaci\u00f3n personalizada de bandeja de horno blanca y azul crea un aspecto fresco y elegante. Tambi\u00e9n se pueden personalizar otros colores bajo pedido para adaptarse a los diversos estilos de restaurantes u hogares.<\/li>\n\n\n\n<li><strong>Dise\u00f1o de doble asa pr\u00e1ctico y seguro:<\/strong> La bandeja para hornear est\u00e1 personalizada con c\u00f3modas asas en ambos lados, lo que facilita sacarla y servirla. Duradero y resistente a las quemaduras, permite servir inmediatamente los platos reci\u00e9n salidos del horno, mejorando la experiencia del usuario.<\/li>\n\n\n\n<li><strong>Dise\u00f1o a rayas, sencillo y bonito:<\/strong> El dise\u00f1o exterior a rayas de la vajilla de cer\u00e1mica al por mayor aporta un toque moderno y a capas, a\u00f1adiendo un toque de estilo a su mesa de comedor.<\/li>\n\n\n\n<li><strong>Porcelana de alta temperatura: <\/strong>La vajilla al por mayor est\u00e1 fabricada con un proceso de cocci\u00f3n a alta temperatura, es resistente al calor, apta para horno y microondas, f\u00e1cil de limpiar y respetuosa con el medio ambiente.<\/li>\n<\/ul>\n<\/div>\n\n\n\n<div class=\"wp-block-column is-layout-flow wp-block-column-is-layout-flow\">\n<figure class=\"wp-block-image size-full\"><img fetchpriority=\"high\" decoding=\"async\" width=\"1221\" height=\"1224\" src=\"https:\/\/www.yongjianceramic.com\/wp-content\/uploads\/2025\/08\/bulk-dinner-plates-whitecustom-charger-plateschinese-restaurant-crockery-1.webp\" alt=\"blanco&amp;azul-cacerola-customized-rectangular-restaurant-crockery-set-mayorista-1\" class=\"wp-image-5081\" srcset=\"https:\/\/www.yongjianceramic.com\/wp-content\/uploads\/2025\/08\/bulk-dinner-plates-whitecustom-charger-plateschinese-restaurant-crockery-1.webp 1221w, https:\/\/www.yongjianceramic.com\/wp-content\/uploads\/2025\/08\/bulk-dinner-plates-whitecustom-charger-plateschinese-restaurant-crockery-1-300x300.webp 300w, https:\/\/www.yongjianceramic.com\/wp-content\/uploads\/2025\/08\/bulk-dinner-plates-whitecustom-charger-plateschinese-restaurant-crockery-1-150x150.webp 150w, https:\/\/www.yongjianceramic.com\/wp-content\/uploads\/2025\/08\/bulk-dinner-plates-whitecustom-charger-plateschinese-restaurant-crockery-1-768x770.webp 768w, https:\/\/www.yongjianceramic.com\/wp-content\/uploads\/2025\/08\/bulk-dinner-plates-whitecustom-charger-plateschinese-restaurant-crockery-1-12x12.webp 12w, https:\/\/www.yongjianceramic.com\/wp-content\/uploads\/2025\/08\/bulk-dinner-plates-whitecustom-charger-plateschinese-restaurant-crockery-1-285x286.webp 285w, https:\/\/www.yongjianceramic.com\/wp-content\/uploads\/2025\/08\/bulk-dinner-plates-whitecustom-charger-plateschinese-restaurant-crockery-1-270x270.webp 270w, https:\/\/www.yongjianceramic.com\/wp-content\/uploads\/2025\/08\/bulk-dinner-plates-whitecustom-charger-plateschinese-restaurant-crockery-1-540x540.webp 540w, https:\/\/www.yongjianceramic.com\/wp-content\/uploads\/2025\/08\/bulk-dinner-plates-whitecustom-charger-plateschinese-restaurant-crockery-1-658x660.webp 658w\" sizes=\"(max-width: 1221px) 100vw, 1221px\" \/><\/figure>\n<\/div>\n<\/div>\n\n\n\n<p><\/p>","protected":false},"excerpt":{"rendered":"<p>Bienvenido a comprar nuestro molde para hornear personalizado. Este molde rectangular blanco y azul con dos asas presenta un dise\u00f1o a rayas sencillo y elegante. Disponemos de colores personalizados. Fabricado en porcelana de alta temperatura, es a la vez pr\u00e1ctico y bonito, perfecto para hornear en casa y en restaurantes.<\/p>\n<table style=\"border-collapse: collapse; width: 327.02pt;\" border=\"0\" width=\"654\" cellspacing=\"0\" cellpadding=\"0\">\n<tbody>\n<tr style=\"height: 16.50pt;\">\n<td class=\"et3\" style=\"height: 16.50pt; width: 127.20pt;\" width=\"254\" height=\"33\">Fabricante<\/td>\n<td class=\"et3\" style=\"width: 200.15pt;\" width=\"400\">Yongjian<\/td>\n<\/tr>\n<tr style=\"height: 16.50pt;\">\n<td class=\"et3\" style=\"height: 16.50pt;\" height=\"33\">N\u00ba de modelo<\/td>\n<td class=\"et4\" style=\"width: 200.15pt;\" width=\"400\">YJ-157<\/td>\n<\/tr>\n<tr style=\"height: 16.50pt;\">\n<td class=\"et3\" style=\"height: 16.50pt;\" height=\"33\">Tipo de producto<\/td>\n<td class=\"et3\">Bandeja<\/td>\n<\/tr>\n<tr style=\"height: 16.50pt;\">\n<td class=\"et3\" style=\"height: 16.50pt;\" height=\"33\">Material<\/td>\n<td class=\"et3\">Gres<\/td>\n<\/tr>\n<tr style=\"height: 16.50pt;\">\n<td class=\"et5\" style=\"height: 16.50pt;\" height=\"33\">Color<\/td>\n<td class=\"et3\">Como imagen<\/td>\n<\/tr>\n<tr style=\"height: 16.50pt;\">\n<td class=\"et3\" style=\"height: 16.50pt;\" height=\"33\">Dimensi\u00f3n<\/td>\n<td class=\"et6\" style=\"width: 200.15pt;\" width=\"400\">Tama\u00f1o personalizado<\/td>\n<\/tr>\n<tr style=\"height: 16.50pt;\">\n<td class=\"et3\" style=\"height: 16.50pt;\" height=\"33\">MOQ<\/td>\n<td class=\"et3\">500 unidades<\/td>\n<\/tr>\n<tr style=\"height: 16.50pt;\">\n<td class=\"et3\" style=\"height: 16.50pt;\" height=\"33\">A medida<\/td>\n<td class=\"et3\">Color\/Tama\u00f1o\/Logotipo\/Embalaje<\/td>\n<\/tr>\n<\/tbody>\n<\/table>","protected":false},"featured_media":5083,"comment_status":"closed","ping_status":"closed","template":"","meta":{"_acf_changed":false},"product_brand":[],"product_cat":[62,99],"product_tag":[],"class_list":{"0":"post-5080","1":"product","2":"type-product","3":"status-publish","4":"has-post-thumbnail","6":"product_cat-ceramic-plates-wholesale","7":"product_cat-baking-dishes-wholesale","9":"first","10":"instock","11":"shipping-taxable","12":"product-type-simple"},"acf":[],"_links":{"self":[{"href":"https:\/\/www.yongjianceramic.com\/es\/wp-json\/wp\/v2\/product\/5080","targetHints":{"allow":["GET"]}}],"collection":[{"href":"https:\/\/www.yongjianceramic.com\/es\/wp-json\/wp\/v2\/product"}],"about":[{"href":"https:\/\/www.yongjianceramic.com\/es\/wp-json\/wp\/v2\/types\/product"}],"replies":[{"embeddable":true,"href":"https:\/\/www.yongjianceramic.com\/es\/wp-json\/wp\/v2\/comments?post=5080"}],"wp:featuredmedia":[{"embeddable":true,"href":"https:\/\/www.yongjianceramic.com\/es\/wp-json\/wp\/v2\/media\/5083"}],"wp:attachment":[{"href":"https:\/\/www.yongjianceramic.com\/es\/wp-json\/wp\/v2\/media?parent=5080"}],"wp:term":[{"taxonomy":"product_brand","embeddable":true,"href":"https:\/\/www.yongjianceramic.com\/es\/wp-json\/wp\/v2\/product_brand?post=5080"},{"taxonomy":"product_cat","embeddable":true,"href":"https:\/\/www.yongjianceramic.com\/es\/wp-json\/wp\/v2\/product_cat?post=5080"},{"taxonomy":"product_tag","embeddable":true,"href":"https:\/\/www.yongjianceramic.com\/es\/wp-json\/wp\/v2\/product_tag?post=5080"}],"curies":[{"name":"wp","href":"https:\/\/api.w.org\/{rel}","templated":true}]}}