{"id":5094,"date":"2025-08-29T09:59:40","date_gmt":"2025-08-29T01:59:40","guid":{"rendered":"https:\/\/www.yongjianceramic.com\/?post_type=product&#038;p=5094"},"modified":"2025-09-04T10:01:54","modified_gmt":"2025-09-04T02:01:54","slug":"ceramic-baking-dish-wholesale","status":"publish","type":"product","link":"https:\/\/www.yongjianceramic.com\/es\/producto\/ceramic-baking-dish-wholesale\/","title":{"rendered":"Gran Tama\u00f1o Bohemio Plato de Cer\u00e1mica para Hornear Mayorista, Proveedor de Tazones de Pasta Personalizados"},"content":{"rendered":"<div class=\"wp-block-columns is-layout-flex wp-container-core-columns-is-layout-9d6595d7 wp-block-columns-is-layout-flex\">\n<div class=\"wp-block-column is-layout-flow wp-block-column-is-layout-flow\">\n<h2 class=\"wp-block-heading\">Premium Bohemio Plato de cer\u00e1mica para hornear al por mayor Caracter\u00edsticas:<\/h2>\n\n\n\n<ul class=\"wp-block-list\">\n<li><strong>Estilo bohemio:<\/strong> El plato de cer\u00e1mica para hornear al por mayor de forma redonda con acabado en relieve proporciona un aspecto despreocupado, bohemio y ex\u00f3tico.<\/li>\n\n\n\n<li><strong>Horneado a alta temperatura: <\/strong>La fuente de horno de cer\u00e1mica cocida a alta temperatura al por mayor est\u00e1 hecha de cer\u00e1mica de primera calidad, resistente al calor y a las grietas, adecuada para hornear con frecuencia y para uso de sobremesa.<\/li>\n\n\n\n<li><strong>Flexibilidad funcional: <\/strong>Estos cuencos para pasta personalizados son lo suficientemente vers\u00e1tiles como para adaptarse a varias funciones: ser un buen molde para hornear, un cuenco para pasta, una ensaladera o un plato de postre para satisfacer diversas necesidades culinarias.<\/li>\n\n\n\n<li><strong>Opciones personalizadas: <\/strong>Nuestros moldes de cer\u00e1mica al por mayor est\u00e1n disponibles en colores, tama\u00f1os y envases personalizables. Esto hace que sea adecuado para restaurantes, bodas, banquetes y regalos de empresa.<\/li>\n<\/ul>\n<\/div>\n\n\n\n<div class=\"wp-block-column is-layout-flow wp-block-column-is-layout-flow\">\n<figure class=\"wp-block-image size-full\"><img fetchpriority=\"high\" decoding=\"async\" width=\"1600\" height=\"1600\" src=\"https:\/\/www.yongjianceramic.com\/wp-content\/uploads\/2025\/08\/china-ceramic-platescrockery-factorycustom-pasta-bowls-1.webp\" alt=\"proveedor de cuencos para pasta de cer\u00e1mica de bohemia de gran tama\u00f1o-1\" class=\"wp-image-5095\" srcset=\"https:\/\/www.yongjianceramic.com\/wp-content\/uploads\/2025\/08\/china-ceramic-platescrockery-factorycustom-pasta-bowls-1.webp 1600w, https:\/\/www.yongjianceramic.com\/wp-content\/uploads\/2025\/08\/china-ceramic-platescrockery-factorycustom-pasta-bowls-1-300x300.webp 300w, https:\/\/www.yongjianceramic.com\/wp-content\/uploads\/2025\/08\/china-ceramic-platescrockery-factorycustom-pasta-bowls-1-150x150.webp 150w, https:\/\/www.yongjianceramic.com\/wp-content\/uploads\/2025\/08\/china-ceramic-platescrockery-factorycustom-pasta-bowls-1-768x768.webp 768w, https:\/\/www.yongjianceramic.com\/wp-content\/uploads\/2025\/08\/china-ceramic-platescrockery-factorycustom-pasta-bowls-1-12x12.webp 12w, https:\/\/www.yongjianceramic.com\/wp-content\/uploads\/2025\/08\/china-ceramic-platescrockery-factorycustom-pasta-bowls-1-285x285.webp 285w, https:\/\/www.yongjianceramic.com\/wp-content\/uploads\/2025\/08\/china-ceramic-platescrockery-factorycustom-pasta-bowls-1-270x270.webp 270w, https:\/\/www.yongjianceramic.com\/wp-content\/uploads\/2025\/08\/china-ceramic-platescrockery-factorycustom-pasta-bowls-1-540x540.webp 540w, https:\/\/www.yongjianceramic.com\/wp-content\/uploads\/2025\/08\/china-ceramic-platescrockery-factorycustom-pasta-bowls-1-660x660.webp 660w\" sizes=\"(max-width: 1600px) 100vw, 1600px\" \/><\/figure>\n<\/div>\n<\/div>","protected":false},"excerpt":{"rendered":"<p>Le invitamos a comprar nuestra bandeja de cer\u00e1mica para hornear al por mayor. Esta bandeja redonda en relieve de inspiraci\u00f3n bohemia no solo a\u00f1ade belleza a su mesa, sino que tambi\u00e9n es duradera y vers\u00e1til. Es ideal tanto para uso dom\u00e9stico como en restaurantes.<\/p>\n<table style=\"border-collapse: collapse; width: 327.02pt;\" border=\"0\" width=\"654\" cellspacing=\"0\" cellpadding=\"0\">\n<tbody>\n<tr style=\"height: 16.50pt;\">\n<td class=\"et3\" style=\"height: 16.50pt; width: 127.20pt;\" width=\"254\" height=\"33\">Fabricante<\/td>\n<td class=\"et3\" style=\"width: 200.15pt;\" width=\"400\">Yongjian<\/td>\n<\/tr>\n<tr style=\"height: 16.50pt;\">\n<td class=\"et3\" style=\"height: 16.50pt;\" height=\"33\">N\u00ba de modelo<\/td>\n<td class=\"et4\" style=\"width: 200.15pt;\" width=\"400\">YJ-159<\/td>\n<\/tr>\n<tr style=\"height: 16.50pt;\">\n<td class=\"et3\" style=\"height: 16.50pt;\" height=\"33\">Tipo de producto<\/td>\n<td class=\"et3\">Bandeja<\/td>\n<\/tr>\n<tr style=\"height: 16.50pt;\">\n<td class=\"et3\" style=\"height: 16.50pt;\" height=\"33\">Material<\/td>\n<td class=\"et3\">Gres<\/td>\n<\/tr>\n<tr style=\"height: 16.50pt;\">\n<td class=\"et5\" style=\"height: 16.50pt;\" height=\"33\">Color<\/td>\n<td class=\"et3\">Como imagen<\/td>\n<\/tr>\n<tr style=\"height: 16.50pt;\">\n<td class=\"et3\" style=\"height: 16.50pt;\" height=\"33\">Dimensi\u00f3n<\/td>\n<td class=\"et6\" style=\"width: 200.15pt;\" width=\"400\">Tama\u00f1o personalizado<\/td>\n<\/tr>\n<tr style=\"height: 16.50pt;\">\n<td class=\"et3\" style=\"height: 16.50pt;\" height=\"33\">MOQ<\/td>\n<td class=\"et3\">500 unidades<\/td>\n<\/tr>\n<tr style=\"height: 16.50pt;\">\n<td class=\"et3\" style=\"height: 16.50pt;\" height=\"33\">A medida<\/td>\n<td class=\"et3\">Color\/Tama\u00f1o\/Logotipo\/Embalaje<\/td>\n<\/tr>\n<\/tbody>\n<\/table>","protected":false},"featured_media":5097,"comment_status":"closed","ping_status":"closed","template":"","meta":{"_acf_changed":false},"product_brand":[],"product_cat":[99],"product_tag":[84],"class_list":{"0":"post-5094","1":"product","2":"type-product","3":"status-publish","4":"has-post-thumbnail","6":"product_cat-baking-dishes-wholesale","7":"product_tag-retro-design-dinnerware-wholesale","9":"first","10":"instock","11":"shipping-taxable","12":"product-type-simple"},"acf":[],"_links":{"self":[{"href":"https:\/\/www.yongjianceramic.com\/es\/wp-json\/wp\/v2\/product\/5094","targetHints":{"allow":["GET"]}}],"collection":[{"href":"https:\/\/www.yongjianceramic.com\/es\/wp-json\/wp\/v2\/product"}],"about":[{"href":"https:\/\/www.yongjianceramic.com\/es\/wp-json\/wp\/v2\/types\/product"}],"replies":[{"embeddable":true,"href":"https:\/\/www.yongjianceramic.com\/es\/wp-json\/wp\/v2\/comments?post=5094"}],"wp:featuredmedia":[{"embeddable":true,"href":"https:\/\/www.yongjianceramic.com\/es\/wp-json\/wp\/v2\/media\/5097"}],"wp:attachment":[{"href":"https:\/\/www.yongjianceramic.com\/es\/wp-json\/wp\/v2\/media?parent=5094"}],"wp:term":[{"taxonomy":"product_brand","embeddable":true,"href":"https:\/\/www.yongjianceramic.com\/es\/wp-json\/wp\/v2\/product_brand?post=5094"},{"taxonomy":"product_cat","embeddable":true,"href":"https:\/\/www.yongjianceramic.com\/es\/wp-json\/wp\/v2\/product_cat?post=5094"},{"taxonomy":"product_tag","embeddable":true,"href":"https:\/\/www.yongjianceramic.com\/es\/wp-json\/wp\/v2\/product_tag?post=5094"}],"curies":[{"name":"wp","href":"https:\/\/api.w.org\/{rel}","templated":true}]}}