{"id":5169,"date":"2025-10-23T17:15:33","date_gmt":"2025-10-23T09:15:33","guid":{"rendered":"https:\/\/www.yongjianceramic.com\/?post_type=product&#038;p=5169"},"modified":"2025-10-23T17:34:19","modified_gmt":"2025-10-23T09:34:19","slug":"catering-dinner-plates-in-bulk","status":"publish","type":"product","link":"https:\/\/www.yongjianceramic.com\/es\/producto\/catering-dinner-plates-in-bulk\/","title":{"rendered":"Platos de Catering de 8 pulgadas a granel con dise\u00f1o en espiral"},"content":{"rendered":"<div class=\"wp-block-columns is-layout-flex wp-container-core-columns-is-layout-9d6595d7 wp-block-columns-is-layout-flex\">\n<div class=\"wp-block-column is-layout-flow wp-block-column-is-layout-flow\">\n<h2 class=\"wp-block-heading\">Platos de Catering Premium a Granel Caracter\u00edsticas:<\/h2>\n\n\n\n<ul class=\"wp-block-list\">\n<li><strong>Porcelana de primera calidad Material: <\/strong>Estos platos a granel para catering est\u00e1n fabricados en porcelana de alta calidad cocida a alta temperatura para ofrecer durabilidad, resistencia a los ara\u00f1azos y un acabado brillante duradero.<\/li>\n\n\n\n<li><strong>Precioso dise\u00f1o pintado a mano:<\/strong> Nuestros platos al por mayor para catering se adaptan tanto a usos residenciales como comerciales, con un hermoso acento azul pintado a mano, mostrando un toque art\u00edstico con sofisticaci\u00f3n moderna para cualquier ocasi\u00f3n de comer.<\/li>\n\n\n\n<li><strong>Tama\u00f1o est\u00e1ndar de 8 pulgadas: <\/strong>Nuestros platos de cena al por mayor son los m\u00e1s adecuados para su uso en restaurantes y en el hogar para servir platos principales, guarniciones, sopas, postres, ensaladas y aperitivos.<\/li>\n\n\n\n<li><strong>Seguro para el uso diario: <\/strong>Nuestros platos llanos para catering tienen un esmalte totalmente libre de cadmio, son aptos para uso alimentario y se pueden lavar en el lavavajillas conforme a las normas de seguridad nacionales e internacionales (cumplen la normativa FDA\/LFGB).<\/li>\n<\/ul>\n<\/div>\n\n\n\n<div class=\"wp-block-column is-layout-flow wp-block-column-is-layout-flow\">\n<figure class=\"wp-block-image size-full\"><img fetchpriority=\"high\" decoding=\"async\" width=\"1080\" height=\"1080\" src=\"https:\/\/www.yongjianceramic.com\/wp-content\/uploads\/2025\/10\/8-inch-catering-dinner-plates-in-bulk-with-spiral-pattern-3.webp\" alt=\"platos-catering-a-bultos-de-8-pulgadas-con-patr\u00f3n-espiral-3\" class=\"wp-image-5172\" srcset=\"https:\/\/www.yongjianceramic.com\/wp-content\/uploads\/2025\/10\/8-inch-catering-dinner-plates-in-bulk-with-spiral-pattern-3.webp 1080w, https:\/\/www.yongjianceramic.com\/wp-content\/uploads\/2025\/10\/8-inch-catering-dinner-plates-in-bulk-with-spiral-pattern-3-300x300.webp 300w, https:\/\/www.yongjianceramic.com\/wp-content\/uploads\/2025\/10\/8-inch-catering-dinner-plates-in-bulk-with-spiral-pattern-3-150x150.webp 150w, https:\/\/www.yongjianceramic.com\/wp-content\/uploads\/2025\/10\/8-inch-catering-dinner-plates-in-bulk-with-spiral-pattern-3-768x768.webp 768w, https:\/\/www.yongjianceramic.com\/wp-content\/uploads\/2025\/10\/8-inch-catering-dinner-plates-in-bulk-with-spiral-pattern-3-12x12.webp 12w, https:\/\/www.yongjianceramic.com\/wp-content\/uploads\/2025\/10\/8-inch-catering-dinner-plates-in-bulk-with-spiral-pattern-3-285x285.webp 285w, https:\/\/www.yongjianceramic.com\/wp-content\/uploads\/2025\/10\/8-inch-catering-dinner-plates-in-bulk-with-spiral-pattern-3-270x270.webp 270w, https:\/\/www.yongjianceramic.com\/wp-content\/uploads\/2025\/10\/8-inch-catering-dinner-plates-in-bulk-with-spiral-pattern-3-540x540.webp 540w, https:\/\/www.yongjianceramic.com\/wp-content\/uploads\/2025\/10\/8-inch-catering-dinner-plates-in-bulk-with-spiral-pattern-3-660x660.webp 660w\" sizes=\"(max-width: 1080px) 100vw, 1080px\" \/><\/figure>\n<\/div>\n<\/div>","protected":false},"excerpt":{"rendered":"<p>Venga a comprar estos platos de cena de catering de 8 pulgadas al por mayor de Yongjian presenta un dise\u00f1o azul en espiral pintado a mano, que combina t\u00e9cnicas antiguas con un estilo moderno. Es resistente al astillado, duradero y seguro para el uso diario, fabricado en porcelana de alta cocci\u00f3n. Adecuado para servir una gran variedad de alimentos, el plato a\u00f1ade elegancia art\u00edstica a cada comida. Podemos ofrecer servicios mayoristas y personalizados a compradores internacionales y proveedores de restaurantes.<\/p>\n<table border=\"0\" width=\"309\" cellspacing=\"0\" cellpadding=\"0\">\n<tbody>\n<tr>\n<td width=\"120\" height=\"17\">Fabricante<\/td>\n<td width=\"189\">Yongjian<\/td>\n<\/tr>\n<tr>\n<td height=\"18\">N\u00ba de modelo<\/td>\n<td width=\"189\">YJ-160<\/td>\n<\/tr>\n<tr>\n<td height=\"17\">Tipo de producto<\/td>\n<td>Plato llano<\/td>\n<\/tr>\n<tr>\n<td height=\"17\">Material<\/td>\n<td>Porcelana<\/td>\n<\/tr>\n<tr>\n<td height=\"17\">Color<\/td>\n<td>Como imagen<\/td>\n<\/tr>\n<tr>\n<td height=\"18\">Dimensi\u00f3n<\/td>\n<td width=\"189\">20*20*4cm<\/td>\n<\/tr>\n<tr>\n<td height=\"17\">MOQ<\/td>\n<td>500 unidades<\/td>\n<\/tr>\n<tr>\n<td height=\"17\">A medida<\/td>\n<td>Color\/Tama\u00f1o\/Logotipo\/Embalaje<\/td>\n<\/tr>\n<\/tbody>\n<\/table>","protected":false},"featured_media":5170,"comment_status":"closed","ping_status":"closed","template":"","meta":{"_acf_changed":false},"product_brand":[],"product_cat":[93,62],"product_tag":[81],"class_list":{"0":"post-5169","1":"product","2":"type-product","3":"status-publish","4":"has-post-thumbnail","6":"product_cat-bulk-dinner-plates","7":"product_cat-ceramic-plates-wholesale","8":"product_tag-modern-design-dinnerware-set-wholesale","10":"first","11":"instock","12":"shipping-taxable","13":"product-type-simple"},"acf":[],"_links":{"self":[{"href":"https:\/\/www.yongjianceramic.com\/es\/wp-json\/wp\/v2\/product\/5169","targetHints":{"allow":["GET"]}}],"collection":[{"href":"https:\/\/www.yongjianceramic.com\/es\/wp-json\/wp\/v2\/product"}],"about":[{"href":"https:\/\/www.yongjianceramic.com\/es\/wp-json\/wp\/v2\/types\/product"}],"replies":[{"embeddable":true,"href":"https:\/\/www.yongjianceramic.com\/es\/wp-json\/wp\/v2\/comments?post=5169"}],"wp:featuredmedia":[{"embeddable":true,"href":"https:\/\/www.yongjianceramic.com\/es\/wp-json\/wp\/v2\/media\/5170"}],"wp:attachment":[{"href":"https:\/\/www.yongjianceramic.com\/es\/wp-json\/wp\/v2\/media?parent=5169"}],"wp:term":[{"taxonomy":"product_brand","embeddable":true,"href":"https:\/\/www.yongjianceramic.com\/es\/wp-json\/wp\/v2\/product_brand?post=5169"},{"taxonomy":"product_cat","embeddable":true,"href":"https:\/\/www.yongjianceramic.com\/es\/wp-json\/wp\/v2\/product_cat?post=5169"},{"taxonomy":"product_tag","embeddable":true,"href":"https:\/\/www.yongjianceramic.com\/es\/wp-json\/wp\/v2\/product_tag?post=5169"}],"curies":[{"name":"wp","href":"https:\/\/api.w.org\/{rel}","templated":true}]}}