{"id":5173,"date":"2025-10-23T17:34:27","date_gmt":"2025-10-23T09:34:27","guid":{"rendered":"https:\/\/www.yongjianceramic.com\/?post_type=product&#038;p=5173"},"modified":"2025-10-30T11:27:18","modified_gmt":"2025-10-30T03:27:18","slug":"bulk-ceramic-dishes","status":"publish","type":"product","link":"https:\/\/www.yongjianceramic.com\/es\/producto\/bulk-ceramic-dishes\/","title":{"rendered":"Platos de cer\u00e1mica a granel con dise\u00f1o de puntos radiantes para restaurantes y hogares"},"content":{"rendered":"<div class=\"wp-block-columns is-layout-flex wp-container-core-columns-is-layout-9d6595d7 wp-block-columns-is-layout-flex\">\n<div class=\"wp-block-column is-layout-flow wp-block-column-is-layout-flow\">\n<h2 class=\"wp-block-heading\">Platos de cer\u00e1mica a granel de primera calidad Caracter\u00edsticas:<\/h2>\n\n\n\n<ul class=\"wp-block-list\">\n<li><strong>Moderno dise\u00f1o de puntos radiantes:<\/strong> Los platos de cer\u00e1mica a granel han sido decorados a mano con un motivo geom\u00e9trico de rayos de sol, aportando un estilo contempor\u00e1neo a los espacios de comedor, perfecto para grupos de restauraci\u00f3n y vajillas boutique.<\/li>\n\n\n\n<li><strong>Porcelana de alta calidad Material: <\/strong>Las placas de cer\u00e1mica a granel est\u00e1n fabricadas en porcelana cocida a alta temperatura, lo que proporciona un acabado duradero y resistente al desconchado que mantiene un brillo duradero.<\/li>\n\n\n\n<li><strong>Multiusos de 8 pulgadas de di\u00e1metro:<\/strong> El plato de cena al por mayor de 20 cm de di\u00e1metro funciona bien para servir ensaladas, aperitivos o postres y es perfecto para vajillas informales y catering.<\/li>\n\n\n\n<li><strong>Servicio de personalizaci\u00f3n OEM\/ODM:<\/strong> Yongjian puede aplicar la impresi\u00f3n de logotipos, la modificaci\u00f3n de colores y la personalizaci\u00f3n de envases para compradores mayoristas y facilitadores en hosteler\u00eda.<\/li>\n<\/ul>\n<\/div>\n\n\n\n<div class=\"wp-block-column is-layout-flow wp-block-column-is-layout-flow\">\n<figure class=\"wp-block-image size-full\"><img fetchpriority=\"high\" decoding=\"async\" width=\"1080\" height=\"1080\" src=\"https:\/\/www.yongjianceramic.com\/wp-content\/uploads\/2025\/10\/bulk-ceramic-dishes-with-radiating-dot-pattern-for-restaurant-home-3.webp\" alt=\"vajilla de cer\u00e1mica a granel con motivos de puntos radiantes para restaurantes y hogares-3\" class=\"wp-image-5177\" srcset=\"https:\/\/www.yongjianceramic.com\/wp-content\/uploads\/2025\/10\/bulk-ceramic-dishes-with-radiating-dot-pattern-for-restaurant-home-3.webp 1080w, https:\/\/www.yongjianceramic.com\/wp-content\/uploads\/2025\/10\/bulk-ceramic-dishes-with-radiating-dot-pattern-for-restaurant-home-3-300x300.webp 300w, https:\/\/www.yongjianceramic.com\/wp-content\/uploads\/2025\/10\/bulk-ceramic-dishes-with-radiating-dot-pattern-for-restaurant-home-3-150x150.webp 150w, https:\/\/www.yongjianceramic.com\/wp-content\/uploads\/2025\/10\/bulk-ceramic-dishes-with-radiating-dot-pattern-for-restaurant-home-3-768x768.webp 768w, https:\/\/www.yongjianceramic.com\/wp-content\/uploads\/2025\/10\/bulk-ceramic-dishes-with-radiating-dot-pattern-for-restaurant-home-3-12x12.webp 12w, https:\/\/www.yongjianceramic.com\/wp-content\/uploads\/2025\/10\/bulk-ceramic-dishes-with-radiating-dot-pattern-for-restaurant-home-3-285x285.webp 285w, https:\/\/www.yongjianceramic.com\/wp-content\/uploads\/2025\/10\/bulk-ceramic-dishes-with-radiating-dot-pattern-for-restaurant-home-3-270x270.webp 270w, https:\/\/www.yongjianceramic.com\/wp-content\/uploads\/2025\/10\/bulk-ceramic-dishes-with-radiating-dot-pattern-for-restaurant-home-3-540x540.webp 540w, https:\/\/www.yongjianceramic.com\/wp-content\/uploads\/2025\/10\/bulk-ceramic-dishes-with-radiating-dot-pattern-for-restaurant-home-3-660x660.webp 660w\" sizes=\"(max-width: 1080px) 100vw, 1080px\" \/><\/figure>\n<\/div>\n<\/div>","protected":false},"excerpt":{"rendered":"<p>Bienvenido a comprar los platos de cer\u00e1mica a granel de Yongjian cuentan con un impresionante patr\u00f3n de puntos radiantes. Fabricados en porcelana de primera calidad, son duraderos, aptos para alimentos e ideales tanto para uso dom\u00e9stico como en restaurantes.<\/p>\n<table border=\"0\" width=\"309\" cellspacing=\"0\" cellpadding=\"0\">\n<tbody>\n<tr>\n<td width=\"120\" height=\"17\">Fabricante<\/td>\n<td width=\"189\">Yongjian<\/td>\n<\/tr>\n<tr>\n<td height=\"18\">N\u00ba de modelo<\/td>\n<td width=\"189\">YJ-161<\/td>\n<\/tr>\n<tr>\n<td height=\"17\">Tipo de producto<\/td>\n<td>Plato llano<\/td>\n<\/tr>\n<tr>\n<td height=\"17\">Material<\/td>\n<td>Porcelana<\/td>\n<\/tr>\n<tr>\n<td height=\"17\">Color<\/td>\n<td>Como imagen<\/td>\n<\/tr>\n<tr>\n<td height=\"18\">Dimensi\u00f3n<\/td>\n<td width=\"189\">20*20*4cm<\/td>\n<\/tr>\n<tr>\n<td height=\"17\">MOQ<\/td>\n<td>500 unidades<\/td>\n<\/tr>\n<tr>\n<td height=\"17\">A medida<\/td>\n<td>Color\/Tama\u00f1o\/Logotipo\/Embalaje<\/td>\n<\/tr>\n<\/tbody>\n<\/table>","protected":false},"featured_media":5175,"comment_status":"closed","ping_status":"closed","template":"","meta":{"_acf_changed":false},"product_brand":[],"product_cat":[93,62],"product_tag":[81],"class_list":{"0":"post-5173","1":"product","2":"type-product","3":"status-publish","4":"has-post-thumbnail","6":"product_cat-bulk-dinner-plates","7":"product_cat-ceramic-plates-wholesale","8":"product_tag-modern-design-dinnerware-set-wholesale","10":"first","11":"instock","12":"shipping-taxable","13":"product-type-simple"},"acf":[],"_links":{"self":[{"href":"https:\/\/www.yongjianceramic.com\/es\/wp-json\/wp\/v2\/product\/5173","targetHints":{"allow":["GET"]}}],"collection":[{"href":"https:\/\/www.yongjianceramic.com\/es\/wp-json\/wp\/v2\/product"}],"about":[{"href":"https:\/\/www.yongjianceramic.com\/es\/wp-json\/wp\/v2\/types\/product"}],"replies":[{"embeddable":true,"href":"https:\/\/www.yongjianceramic.com\/es\/wp-json\/wp\/v2\/comments?post=5173"}],"wp:featuredmedia":[{"embeddable":true,"href":"https:\/\/www.yongjianceramic.com\/es\/wp-json\/wp\/v2\/media\/5175"}],"wp:attachment":[{"href":"https:\/\/www.yongjianceramic.com\/es\/wp-json\/wp\/v2\/media?parent=5173"}],"wp:term":[{"taxonomy":"product_brand","embeddable":true,"href":"https:\/\/www.yongjianceramic.com\/es\/wp-json\/wp\/v2\/product_brand?post=5173"},{"taxonomy":"product_cat","embeddable":true,"href":"https:\/\/www.yongjianceramic.com\/es\/wp-json\/wp\/v2\/product_cat?post=5173"},{"taxonomy":"product_tag","embeddable":true,"href":"https:\/\/www.yongjianceramic.com\/es\/wp-json\/wp\/v2\/product_tag?post=5173"}],"curies":[{"name":"wp","href":"https:\/\/api.w.org\/{rel}","templated":true}]}}