{"id":5198,"date":"2025-10-31T00:26:09","date_gmt":"2025-10-30T16:26:09","guid":{"rendered":"https:\/\/www.yongjianceramic.com\/?post_type=product&#038;p=5198"},"modified":"2025-10-31T00:56:35","modified_gmt":"2025-10-30T16:56:35","slug":"dinner-plates-in-bulk","status":"publish","type":"product","link":"https:\/\/www.yongjianceramic.com\/es\/producto\/dinner-plates-in-bulk\/","title":{"rendered":"Platos a granel con motivos florales directos de f\u00e1brica"},"content":{"rendered":"<div class=\"wp-block-columns is-layout-flex wp-container-core-columns-is-layout-9d6595d7 wp-block-columns-is-layout-flex\">\n<div class=\"wp-block-column is-layout-flow wp-block-column-is-layout-flow\">\n<h2 class=\"wp-block-heading\">Platos de Cena Premium a Granel Caracter\u00edsticas:<\/h2>\n\n\n\n<ul class=\"wp-block-list\">\n<li><strong>Elegante estilo vintage:<\/strong> Estos platos llanos a granel ofrecen un dise\u00f1o floral ricamente detallado en azul y negro. La cl\u00e1sica combinaci\u00f3n de colores aporta un toque vintage y art\u00edstico que a\u00f1ade un gran inter\u00e9s visual a la mesa a la hora de comer. Perfectos para restaurantes tem\u00e1ticos, hoteles de lujo y mucho m\u00e1s.<\/li>\n\n\n\n<li><strong>Funcional:<\/strong> Estos platos llanos de 8 pulgadas a granel son perfectos como plato principal, plato para pasta o plato para compartir. Su volumen moderado permite servir platos en porciones razonables, a la vez que se apilan y almacenan muy bien, y son f\u00e1ciles de limpiar despu\u00e9s.<\/li>\n\n\n\n<li><strong>Material de calidad y duradero: <\/strong>Fabricados con materias primas cer\u00e1micas de calidad y cocidos a alta temperatura, estos platos de cena al por mayor presentan una textura fina y dura y un esmalte liso y uniforme para crear resistencia e impermeabilidad.<\/li>\n\n\n\n<li><strong>Usos potenciales vers\u00e1tiles: <\/strong>Estos platos de cena personalizados son ideales para el uso diario en restaurantes, hoteles y cafeter\u00edas; el motivo decorativo se ver\u00e1 enriquecido din\u00e1micamente por la comida que se coloque dentro, haciendo que el aspecto sea vibrante y apetitoso.<\/li>\n<\/ul>\n<\/div>\n\n\n\n<div class=\"wp-block-column is-layout-flow wp-block-column-is-layout-flow\">\n<figure class=\"wp-block-image size-full\"><img fetchpriority=\"high\" decoding=\"async\" width=\"1080\" height=\"1080\" src=\"https:\/\/www.yongjianceramic.com\/wp-content\/uploads\/2025\/10\/factory-direct-ceramic-dinner-plates-in-bulk-with-a-floral-pattern-3.webp\" alt=\"platos de cer\u00e1mica a granel con motivos florales - factory-direct-3\" class=\"wp-image-5201\" srcset=\"https:\/\/www.yongjianceramic.com\/wp-content\/uploads\/2025\/10\/factory-direct-ceramic-dinner-plates-in-bulk-with-a-floral-pattern-3.webp 1080w, https:\/\/www.yongjianceramic.com\/wp-content\/uploads\/2025\/10\/factory-direct-ceramic-dinner-plates-in-bulk-with-a-floral-pattern-3-300x300.webp 300w, https:\/\/www.yongjianceramic.com\/wp-content\/uploads\/2025\/10\/factory-direct-ceramic-dinner-plates-in-bulk-with-a-floral-pattern-3-150x150.webp 150w, https:\/\/www.yongjianceramic.com\/wp-content\/uploads\/2025\/10\/factory-direct-ceramic-dinner-plates-in-bulk-with-a-floral-pattern-3-768x768.webp 768w, https:\/\/www.yongjianceramic.com\/wp-content\/uploads\/2025\/10\/factory-direct-ceramic-dinner-plates-in-bulk-with-a-floral-pattern-3-12x12.webp 12w, https:\/\/www.yongjianceramic.com\/wp-content\/uploads\/2025\/10\/factory-direct-ceramic-dinner-plates-in-bulk-with-a-floral-pattern-3-285x285.webp 285w, https:\/\/www.yongjianceramic.com\/wp-content\/uploads\/2025\/10\/factory-direct-ceramic-dinner-plates-in-bulk-with-a-floral-pattern-3-270x270.webp 270w, https:\/\/www.yongjianceramic.com\/wp-content\/uploads\/2025\/10\/factory-direct-ceramic-dinner-plates-in-bulk-with-a-floral-pattern-3-540x540.webp 540w, https:\/\/www.yongjianceramic.com\/wp-content\/uploads\/2025\/10\/factory-direct-ceramic-dinner-plates-in-bulk-with-a-floral-pattern-3-660x660.webp 660w\" sizes=\"(max-width: 1080px) 100vw, 1080px\" \/><\/figure>\n<\/div>\n<\/div>","protected":false},"excerpt":{"rendered":"<p>Bienvenido a comprar nuestros platos de cer\u00e1mica al por mayor. Estos platos son de 8 pulgadas y tienen un patr\u00f3n vintage, haci\u00e9ndolos perfectos para la industria de servicio de alimentos. Yongjian admite la venta al por mayor al por mayor y dise\u00f1os personalizados, lo que nos hace ideales para restaurantes, hoteles y proveedores de regalos. P\u00f3ngase en contacto con nosotros para obtener presupuestos al por mayor y opciones de personalizaci\u00f3n.<\/p>\n<table border=\"0\" width=\"309\" cellspacing=\"0\" cellpadding=\"0\">\n<tbody>\n<tr>\n<td width=\"120\" height=\"17\">Fabricante<\/td>\n<td width=\"189\">Yongjian<\/td>\n<\/tr>\n<tr>\n<td height=\"18\">N\u00ba de modelo<\/td>\n<td width=\"189\">YJ-164<\/td>\n<\/tr>\n<tr>\n<td height=\"17\">Tipo de producto<\/td>\n<td>Plato llano<\/td>\n<\/tr>\n<tr>\n<td height=\"17\">Material<\/td>\n<td>Porcelana<\/td>\n<\/tr>\n<tr>\n<td height=\"17\">Color<\/td>\n<td>Como imagen<\/td>\n<\/tr>\n<tr>\n<td height=\"18\">Dimensi\u00f3n<\/td>\n<td width=\"189\">20*20*4cm<\/td>\n<\/tr>\n<tr>\n<td height=\"17\">MOQ<\/td>\n<td>500 unidades<\/td>\n<\/tr>\n<tr>\n<td height=\"17\">A medida<\/td>\n<td>Color\/Tama\u00f1o\/Logotipo\/Embalaje<\/td>\n<\/tr>\n<\/tbody>\n<\/table>","protected":false},"featured_media":5199,"comment_status":"closed","ping_status":"closed","template":"","meta":{"_acf_changed":false},"product_brand":[],"product_cat":[93,62],"product_tag":[86],"class_list":{"0":"post-5198","1":"product","2":"type-product","3":"status-publish","4":"has-post-thumbnail","6":"product_cat-bulk-dinner-plates","7":"product_cat-ceramic-plates-wholesale","8":"product_tag-oriental-style-dinnerware-wholesale","10":"first","11":"instock","12":"shipping-taxable","13":"product-type-simple"},"acf":[],"_links":{"self":[{"href":"https:\/\/www.yongjianceramic.com\/es\/wp-json\/wp\/v2\/product\/5198","targetHints":{"allow":["GET"]}}],"collection":[{"href":"https:\/\/www.yongjianceramic.com\/es\/wp-json\/wp\/v2\/product"}],"about":[{"href":"https:\/\/www.yongjianceramic.com\/es\/wp-json\/wp\/v2\/types\/product"}],"replies":[{"embeddable":true,"href":"https:\/\/www.yongjianceramic.com\/es\/wp-json\/wp\/v2\/comments?post=5198"}],"wp:featuredmedia":[{"embeddable":true,"href":"https:\/\/www.yongjianceramic.com\/es\/wp-json\/wp\/v2\/media\/5199"}],"wp:attachment":[{"href":"https:\/\/www.yongjianceramic.com\/es\/wp-json\/wp\/v2\/media?parent=5198"}],"wp:term":[{"taxonomy":"product_brand","embeddable":true,"href":"https:\/\/www.yongjianceramic.com\/es\/wp-json\/wp\/v2\/product_brand?post=5198"},{"taxonomy":"product_cat","embeddable":true,"href":"https:\/\/www.yongjianceramic.com\/es\/wp-json\/wp\/v2\/product_cat?post=5198"},{"taxonomy":"product_tag","embeddable":true,"href":"https:\/\/www.yongjianceramic.com\/es\/wp-json\/wp\/v2\/product_tag?post=5198"}],"curies":[{"name":"wp","href":"https:\/\/api.w.org\/{rel}","templated":true}]}}