{"id":5225,"date":"2025-11-06T08:48:30","date_gmt":"2025-11-06T00:48:30","guid":{"rendered":"https:\/\/www.yongjianceramic.com\/?post_type=product&#038;p=5225"},"modified":"2025-11-06T09:50:23","modified_gmt":"2025-11-06T01:50:23","slug":"custom-ceramic-dishes","status":"publish","type":"product","link":"https:\/\/www.yongjianceramic.com\/es\/producto\/custom-ceramic-dishes\/","title":{"rendered":"Platos de Ceramica Personalizados, Platos de Restaurante al por mayor"},"content":{"rendered":"<div class=\"wp-block-columns is-layout-flex wp-container-core-columns-is-layout-9d6595d7 wp-block-columns-is-layout-flex\">\n<div class=\"wp-block-column is-layout-flow wp-block-column-is-layout-flow\">\n<h2 class=\"wp-block-heading\">Platos de cer\u00e1mica personalizados Premium Caracter\u00edsticas:<\/h2>\n\n\n\n<ul class=\"wp-block-list\">\n<li><strong>Crear un nuevo ambiente:<\/strong> Estos platos de cer\u00e1mica personalizados presentan una paleta de colores azules y blancos y dise\u00f1os de flores naturales que imparten una est\u00e9tica visual tranquila y nueva, que llega con la cualidad alegre y vibrante asociada a la naturaleza a su mesa o a su hogar.<\/li>\n\n\n\n<li><strong>Hermosos motivos florales:<\/strong> Estos platos de cer\u00e1mica personalizados graban dise\u00f1os florales sacados de la naturaleza en diferentes tama\u00f1os en un patr\u00f3n circular. Los platos tienen un fino detalle marr\u00f3n alrededor del borde para proporcionar un bello detalle, la impresi\u00f3n de un artista y una sensaci\u00f3n de ritmo.<\/li>\n\n\n\n<li><strong>Funcional y pr\u00e1ctico:<\/strong> Estos platos de restaurante al por mayor son de tama\u00f1o normal, adecuados tanto para servir comida como para exponer art\u00edculos.<\/li>\n\n\n\n<li><strong>Material duradero y de alta calidad:<\/strong> Estos platos de restaurante al por mayor est\u00e1n fabricados con materias primas cer\u00e1micas de alta calidad, cocidas a altas temperaturas, lo que da como resultado una textura delicada pero dura, un esmalte suave y uniforme, y durabilidad. Tambi\u00e9n son resistentes al agua.<\/li>\n<\/ul>\n<\/div>\n\n\n\n<div class=\"wp-block-column is-layout-flow wp-block-column-is-layout-flow\">\n<figure class=\"wp-block-image size-full\"><img fetchpriority=\"high\" decoding=\"async\" width=\"1080\" height=\"1080\" src=\"https:\/\/www.yongjianceramic.com\/wp-content\/uploads\/2025\/11\/custom-ceramic-dishes-restaurant-dinner-plates-wholesale-3.webp\" alt=\"platos-ceramica-a-la-medida-platos-comedor-restaurante-mayorista-3\" class=\"wp-image-5228\" srcset=\"https:\/\/www.yongjianceramic.com\/wp-content\/uploads\/2025\/11\/custom-ceramic-dishes-restaurant-dinner-plates-wholesale-3.webp 1080w, https:\/\/www.yongjianceramic.com\/wp-content\/uploads\/2025\/11\/custom-ceramic-dishes-restaurant-dinner-plates-wholesale-3-300x300.webp 300w, https:\/\/www.yongjianceramic.com\/wp-content\/uploads\/2025\/11\/custom-ceramic-dishes-restaurant-dinner-plates-wholesale-3-150x150.webp 150w, https:\/\/www.yongjianceramic.com\/wp-content\/uploads\/2025\/11\/custom-ceramic-dishes-restaurant-dinner-plates-wholesale-3-768x768.webp 768w, https:\/\/www.yongjianceramic.com\/wp-content\/uploads\/2025\/11\/custom-ceramic-dishes-restaurant-dinner-plates-wholesale-3-12x12.webp 12w, https:\/\/www.yongjianceramic.com\/wp-content\/uploads\/2025\/11\/custom-ceramic-dishes-restaurant-dinner-plates-wholesale-3-285x285.webp 285w, https:\/\/www.yongjianceramic.com\/wp-content\/uploads\/2025\/11\/custom-ceramic-dishes-restaurant-dinner-plates-wholesale-3-270x270.webp 270w, https:\/\/www.yongjianceramic.com\/wp-content\/uploads\/2025\/11\/custom-ceramic-dishes-restaurant-dinner-plates-wholesale-3-540x540.webp 540w, https:\/\/www.yongjianceramic.com\/wp-content\/uploads\/2025\/11\/custom-ceramic-dishes-restaurant-dinner-plates-wholesale-3-660x660.webp 660w\" sizes=\"(max-width: 1080px) 100vw, 1080px\" \/><\/figure>\n<\/div>\n<\/div>","protected":false},"excerpt":{"rendered":"<p>Bienvenido a comprar nuestros platos de cer\u00e1mica personalizados. Este plato de restaurante al por mayor presenta una refrescante combinaci\u00f3n de colores azul y blanco y motivos florales naturales, que desprenden un aire art\u00edstico n\u00f3rdico minimalista. No es s\u00f3lo un plato pr\u00e1ctico, sino tambi\u00e9n una elegante decoraci\u00f3n para el hogar. Su tama\u00f1o est\u00e1ndar lo hace adecuado para diversos entornos de comedor, desde hogares hasta restaurantes y hoteles, combinando practicidad y est\u00e9tica.<\/p>\n<table border=\"0\" width=\"309\" cellspacing=\"0\" cellpadding=\"0\">\n<tbody>\n<tr>\n<td width=\"120\" height=\"17\">Fabricante<\/td>\n<td width=\"189\">Yongjian<\/td>\n<\/tr>\n<tr>\n<td height=\"18\">N\u00ba de modelo<\/td>\n<td width=\"189\">YJ-165<\/td>\n<\/tr>\n<tr>\n<td height=\"17\">Tipo de producto<\/td>\n<td>Plato llano<\/td>\n<\/tr>\n<tr>\n<td height=\"17\">Material<\/td>\n<td>Porcelana<\/td>\n<\/tr>\n<tr>\n<td height=\"17\">Color<\/td>\n<td>Como imagen<\/td>\n<\/tr>\n<tr>\n<td height=\"18\">Dimensi\u00f3n<\/td>\n<td width=\"189\">20*20*4cm<\/td>\n<\/tr>\n<tr>\n<td height=\"17\">MOQ<\/td>\n<td>500 unidades<\/td>\n<\/tr>\n<tr>\n<td height=\"17\">A medida<\/td>\n<td>Color\/Tama\u00f1o\/Logotipo\/Embalaje<\/td>\n<\/tr>\n<\/tbody>\n<\/table>","protected":false},"featured_media":5226,"comment_status":"closed","ping_status":"closed","template":"","meta":{"_acf_changed":false},"product_brand":[],"product_cat":[93,62],"product_tag":[81],"class_list":{"0":"post-5225","1":"product","2":"type-product","3":"status-publish","4":"has-post-thumbnail","6":"product_cat-bulk-dinner-plates","7":"product_cat-ceramic-plates-wholesale","8":"product_tag-modern-design-dinnerware-set-wholesale","10":"first","11":"instock","12":"shipping-taxable","13":"product-type-simple"},"acf":[],"_links":{"self":[{"href":"https:\/\/www.yongjianceramic.com\/es\/wp-json\/wp\/v2\/product\/5225","targetHints":{"allow":["GET"]}}],"collection":[{"href":"https:\/\/www.yongjianceramic.com\/es\/wp-json\/wp\/v2\/product"}],"about":[{"href":"https:\/\/www.yongjianceramic.com\/es\/wp-json\/wp\/v2\/types\/product"}],"replies":[{"embeddable":true,"href":"https:\/\/www.yongjianceramic.com\/es\/wp-json\/wp\/v2\/comments?post=5225"}],"wp:featuredmedia":[{"embeddable":true,"href":"https:\/\/www.yongjianceramic.com\/es\/wp-json\/wp\/v2\/media\/5226"}],"wp:attachment":[{"href":"https:\/\/www.yongjianceramic.com\/es\/wp-json\/wp\/v2\/media?parent=5225"}],"wp:term":[{"taxonomy":"product_brand","embeddable":true,"href":"https:\/\/www.yongjianceramic.com\/es\/wp-json\/wp\/v2\/product_brand?post=5225"},{"taxonomy":"product_cat","embeddable":true,"href":"https:\/\/www.yongjianceramic.com\/es\/wp-json\/wp\/v2\/product_cat?post=5225"},{"taxonomy":"product_tag","embeddable":true,"href":"https:\/\/www.yongjianceramic.com\/es\/wp-json\/wp\/v2\/product_tag?post=5225"}],"curies":[{"name":"wp","href":"https:\/\/api.w.org\/{rel}","templated":true}]}}