{"id":5233,"date":"2025-11-06T10:40:25","date_gmt":"2025-11-06T02:40:25","guid":{"rendered":"https:\/\/www.yongjianceramic.com\/?post_type=product&#038;p=5233"},"modified":"2025-11-06T11:24:35","modified_gmt":"2025-11-06T03:24:35","slug":"porcelain-dinner-plates-wholesale","status":"publish","type":"product","link":"https:\/\/www.yongjianceramic.com\/es\/producto\/porcelain-dinner-plates-wholesale\/","title":{"rendered":"Platos de Porcelana al por mayor, ODM Platos de Cer\u00e1mica Suministro"},"content":{"rendered":"<div class=\"wp-block-columns is-layout-flex wp-container-core-columns-is-layout-9d6595d7 wp-block-columns-is-layout-flex\">\n<div class=\"wp-block-column is-layout-flow wp-block-column-is-layout-flow\">\n<h2 class=\"wp-block-heading\">Premium Porcelana Platos de Cena al por mayor Caracter\u00edsticas:<\/h2>\n\n\n\n<ul class=\"wp-block-list\">\n<li><strong>Estilo distintivo:<\/strong> El estampado de remolinos azul oscuro de estos platos de porcelana al por mayor es moderno y art\u00edstico, a la vez que tiene una forma elegante y l\u00edneas suaves. Este motivo a\u00f1ade un encanto visual a la mesa que combina el arte moderno con el sabor oriental.<\/li>\n\n\n\n<li><strong>Tejido de porcelana de calidad:<\/strong> Nuestros platos de porcelana al por mayor est\u00e1n hechos de porcelana de calidad cocida a alta temperatura. Es dura y densa, no absorbe el agua tan f\u00e1cilmente, es duradera y resistente al desgaste, y tiene un brillo duradero despu\u00e9s de un uso prolongado.<\/li>\n\n\n\n<li><strong>Glaseado liso:<\/strong> La superficie de nuestros dise\u00f1os de platos de cer\u00e1mica personalizados tiene un esmalte delicado y suave que es f\u00e1cil de limpiar y no retiene manchas de aceite ni se decolora con facilidad. Las superficies cumplen la norma de seguridad de contacto con alimentos para uso diario.<\/li>\n\n\n\n<li><strong>Aplicaci\u00f3n multiescena: <\/strong>Nuestros platos de cer\u00e1mica personalizados son adecuados para su uso en hogares, restaurantes, hoteles, cafeter\u00edas y otros establecimientos de restauraci\u00f3n, y tambi\u00e9n pueden utilizarse como regalo o como parte de vajillas.<\/li>\n\n\n\n<li><strong>Servicio de personalizaci\u00f3n disponible:<\/strong> Estos platos de porcelana al por mayor ofrecen servicios OEM\/ODM, que permiten la personalizaci\u00f3n de logotipos, dise\u00f1os, colores y envases seg\u00fan las necesidades del cliente para satisfacer los requisitos de individualidad de la marca.<\/li>\n<\/ul>\n<\/div>\n\n\n\n<div class=\"wp-block-column is-layout-flow wp-block-column-is-layout-flow\">\n<figure class=\"wp-block-image size-full\"><img fetchpriority=\"high\" decoding=\"async\" width=\"1080\" height=\"1080\" src=\"https:\/\/www.yongjianceramic.com\/wp-content\/uploads\/2025\/11\/porcelain-dinner-plates-wholesale-odm-ceramic-dish-supply-3.webp\" alt=\"platos-vajilla-de-porcelana-al-mayor-odm-de-ceramica-3\" class=\"wp-image-5237\" srcset=\"https:\/\/www.yongjianceramic.com\/wp-content\/uploads\/2025\/11\/porcelain-dinner-plates-wholesale-odm-ceramic-dish-supply-3.webp 1080w, https:\/\/www.yongjianceramic.com\/wp-content\/uploads\/2025\/11\/porcelain-dinner-plates-wholesale-odm-ceramic-dish-supply-3-300x300.webp 300w, https:\/\/www.yongjianceramic.com\/wp-content\/uploads\/2025\/11\/porcelain-dinner-plates-wholesale-odm-ceramic-dish-supply-3-150x150.webp 150w, https:\/\/www.yongjianceramic.com\/wp-content\/uploads\/2025\/11\/porcelain-dinner-plates-wholesale-odm-ceramic-dish-supply-3-768x768.webp 768w, https:\/\/www.yongjianceramic.com\/wp-content\/uploads\/2025\/11\/porcelain-dinner-plates-wholesale-odm-ceramic-dish-supply-3-12x12.webp 12w, https:\/\/www.yongjianceramic.com\/wp-content\/uploads\/2025\/11\/porcelain-dinner-plates-wholesale-odm-ceramic-dish-supply-3-285x285.webp 285w, https:\/\/www.yongjianceramic.com\/wp-content\/uploads\/2025\/11\/porcelain-dinner-plates-wholesale-odm-ceramic-dish-supply-3-270x270.webp 270w, https:\/\/www.yongjianceramic.com\/wp-content\/uploads\/2025\/11\/porcelain-dinner-plates-wholesale-odm-ceramic-dish-supply-3-540x540.webp 540w, https:\/\/www.yongjianceramic.com\/wp-content\/uploads\/2025\/11\/porcelain-dinner-plates-wholesale-odm-ceramic-dish-supply-3-660x660.webp 660w\" sizes=\"(max-width: 1080px) 100vw, 1080px\" \/><\/figure>\n<\/div>\n<\/div>","protected":false},"excerpt":{"rendered":"<p>Bienvenido a comprar estos platos de porcelana al por mayor. Con un dise\u00f1o \u00fanico patr\u00f3n de remolino azul, estos platos de porcelana de alta calidad se cuecen a altas temperaturas y son ampliamente utilizados en restaurantes, hoteles y comedor en casa. Apoyamos el servicio OEM\/ODM y somos excelentes para asociaciones de marca compartida y venta al por mayor, y proporcionamos un producto que tiene un valor est\u00e9tico mejorado y una competitividad mejorada.<\/p>\n<table border=\"0\" width=\"309\" cellspacing=\"0\" cellpadding=\"0\">\n<tbody>\n<tr>\n<td width=\"120\" height=\"17\">Fabricante<\/td>\n<td width=\"189\">Yongjian<\/td>\n<\/tr>\n<tr>\n<td height=\"18\">N\u00ba de modelo<\/td>\n<td width=\"189\">YJ-167<\/td>\n<\/tr>\n<tr>\n<td height=\"17\">Tipo de producto<\/td>\n<td>Plato llano<\/td>\n<\/tr>\n<tr>\n<td height=\"17\">Material<\/td>\n<td>Porcelana<\/td>\n<\/tr>\n<tr>\n<td height=\"17\">Color<\/td>\n<td>Como imagen<\/td>\n<\/tr>\n<tr>\n<td height=\"18\">Dimensi\u00f3n<\/td>\n<td width=\"189\">20*20*4cm<\/td>\n<\/tr>\n<tr>\n<td height=\"17\">MOQ<\/td>\n<td>500 unidades<\/td>\n<\/tr>\n<tr>\n<td height=\"17\">A medida<\/td>\n<td>Color\/Tama\u00f1o\/Logotipo\/Embalaje<\/td>\n<\/tr>\n<\/tbody>\n<\/table>","protected":false},"featured_media":5235,"comment_status":"closed","ping_status":"closed","template":"","meta":{"_acf_changed":false},"product_brand":[],"product_cat":[93,62],"product_tag":[81],"class_list":{"0":"post-5233","1":"product","2":"type-product","3":"status-publish","4":"has-post-thumbnail","6":"product_cat-bulk-dinner-plates","7":"product_cat-ceramic-plates-wholesale","8":"product_tag-modern-design-dinnerware-set-wholesale","10":"first","11":"instock","12":"shipping-taxable","13":"product-type-simple"},"acf":[],"_links":{"self":[{"href":"https:\/\/www.yongjianceramic.com\/es\/wp-json\/wp\/v2\/product\/5233","targetHints":{"allow":["GET"]}}],"collection":[{"href":"https:\/\/www.yongjianceramic.com\/es\/wp-json\/wp\/v2\/product"}],"about":[{"href":"https:\/\/www.yongjianceramic.com\/es\/wp-json\/wp\/v2\/types\/product"}],"replies":[{"embeddable":true,"href":"https:\/\/www.yongjianceramic.com\/es\/wp-json\/wp\/v2\/comments?post=5233"}],"wp:featuredmedia":[{"embeddable":true,"href":"https:\/\/www.yongjianceramic.com\/es\/wp-json\/wp\/v2\/media\/5235"}],"wp:attachment":[{"href":"https:\/\/www.yongjianceramic.com\/es\/wp-json\/wp\/v2\/media?parent=5233"}],"wp:term":[{"taxonomy":"product_brand","embeddable":true,"href":"https:\/\/www.yongjianceramic.com\/es\/wp-json\/wp\/v2\/product_brand?post=5233"},{"taxonomy":"product_cat","embeddable":true,"href":"https:\/\/www.yongjianceramic.com\/es\/wp-json\/wp\/v2\/product_cat?post=5233"},{"taxonomy":"product_tag","embeddable":true,"href":"https:\/\/www.yongjianceramic.com\/es\/wp-json\/wp\/v2\/product_tag?post=5233"}],"curies":[{"name":"wp","href":"https:\/\/api.w.org\/{rel}","templated":true}]}}