{"id":5238,"date":"2025-11-06T11:26:07","date_gmt":"2025-11-06T03:26:07","guid":{"rendered":"https:\/\/www.yongjianceramic.com\/?post_type=product&#038;p=5238"},"modified":"2025-11-06T14:25:24","modified_gmt":"2025-11-06T06:25:24","slug":"bulk-wholesale-ceramic-plates","status":"publish","type":"product","link":"https:\/\/www.yongjianceramic.com\/es\/producto\/bulk-wholesale-ceramic-plates\/","title":{"rendered":"Platos de Cer\u00e1mica al por mayor a granel con motivo de crisantemo"},"content":{"rendered":"<div class=\"wp-block-columns is-layout-flex wp-container-core-columns-is-layout-9d6595d7 wp-block-columns-is-layout-flex\">\n<div class=\"wp-block-column is-layout-flow wp-block-column-is-layout-flow\">\n<h2 class=\"wp-block-heading\">Platos de cer\u00e1mica al por mayor de primera calidad Caracter\u00edsticas:<\/h2>\n\n\n\n<ul class=\"wp-block-list\">\n<li><strong>Dise\u00f1o de crisantemos:<\/strong> Estos platos de cer\u00e1mica al por mayor al por mayor tienen un hermoso patr\u00f3n de crisantemo que se inspira en el arte tradicional chino. Estos elegantes platos tienen una pureza y una belleza atemporal.<\/li>\n\n\n\n<li><strong>Material cer\u00e1mico de alta calidad:<\/strong> Estos platos de cena al por mayor est\u00e1n fabricados con cer\u00e1mica duradera de alta cocci\u00f3n. La durabilidad de esta placa conduce a una excelente dureza, textura suave y resistencia al desgaste y los ara\u00f1azos relacionados con el uso diario.<\/li>\n\n\n\n<li><strong>Esmalte sin plomo y apto para alimentos:<\/strong> Estos platos de cer\u00e1mica al por mayor est\u00e1n acabados con esmalte no t\u00f3xico sin plomo, respetuoso con el medio ambiente y seguro para los alimentos. Es ideal para uso dom\u00e9stico o restaurantes.<\/li>\n\n\n\n<li><strong>Perfecto para usar en cualquier momento:<\/strong> Estos platos de cena personalizados son perfectos para cenas cotidianas, catering, uso en mesas de restaurantes u hoteles. El dise\u00f1o art\u00edstico realza el servicio de la comida y queda muy bien en la mesa.<\/li>\n<\/ul>\n<\/div>\n\n\n\n<div class=\"wp-block-column is-layout-flow wp-block-column-is-layout-flow\">\n<figure class=\"wp-block-image size-full\"><img fetchpriority=\"high\" decoding=\"async\" width=\"1080\" height=\"1080\" src=\"https:\/\/www.yongjianceramic.com\/wp-content\/uploads\/2025\/11\/bulk-wholesale-ceramic-plates-with-chrysanthemum-pattern-3.webp\" alt=\"placas de cer\u00e1mica al por mayor con motivo de crisantemo-3\" class=\"wp-image-5241\" srcset=\"https:\/\/www.yongjianceramic.com\/wp-content\/uploads\/2025\/11\/bulk-wholesale-ceramic-plates-with-chrysanthemum-pattern-3.webp 1080w, https:\/\/www.yongjianceramic.com\/wp-content\/uploads\/2025\/11\/bulk-wholesale-ceramic-plates-with-chrysanthemum-pattern-3-300x300.webp 300w, https:\/\/www.yongjianceramic.com\/wp-content\/uploads\/2025\/11\/bulk-wholesale-ceramic-plates-with-chrysanthemum-pattern-3-150x150.webp 150w, https:\/\/www.yongjianceramic.com\/wp-content\/uploads\/2025\/11\/bulk-wholesale-ceramic-plates-with-chrysanthemum-pattern-3-768x768.webp 768w, https:\/\/www.yongjianceramic.com\/wp-content\/uploads\/2025\/11\/bulk-wholesale-ceramic-plates-with-chrysanthemum-pattern-3-12x12.webp 12w, https:\/\/www.yongjianceramic.com\/wp-content\/uploads\/2025\/11\/bulk-wholesale-ceramic-plates-with-chrysanthemum-pattern-3-285x285.webp 285w, https:\/\/www.yongjianceramic.com\/wp-content\/uploads\/2025\/11\/bulk-wholesale-ceramic-plates-with-chrysanthemum-pattern-3-270x270.webp 270w, https:\/\/www.yongjianceramic.com\/wp-content\/uploads\/2025\/11\/bulk-wholesale-ceramic-plates-with-chrysanthemum-pattern-3-540x540.webp 540w, https:\/\/www.yongjianceramic.com\/wp-content\/uploads\/2025\/11\/bulk-wholesale-ceramic-plates-with-chrysanthemum-pattern-3-660x660.webp 660w\" sizes=\"(max-width: 1080px) 100vw, 1080px\" \/><\/figure>\n<\/div>\n<\/div>","protected":false},"excerpt":{"rendered":"<p>Bienvenido a comprar estos platos de cer\u00e1mica al por mayor al por mayor, que est\u00e1n hechos de cer\u00e1mica duradera, de calidad alimentaria con un esmalte suave, y son ideales para restaurantes, hoteles y uso dom\u00e9stico. El plato presenta un elegante motivo de crisantemo con una l\u00ednea suave, que logra un equilibrio entre la est\u00e9tica minimalista moderna y la influencia oriental tradicional. Representa una vajilla comercial de alto rendimiento, adem\u00e1s de ser duradera y pr\u00e1ctica. Disponemos de servicios OEM y ODM.<\/p>\n<table border=\"0\" width=\"309\" cellspacing=\"0\" cellpadding=\"0\">\n<tbody>\n<tr>\n<td width=\"120\" height=\"17\">Fabricante<\/td>\n<td width=\"189\">Yongjian<\/td>\n<\/tr>\n<tr>\n<td height=\"18\">N\u00ba de modelo<\/td>\n<td width=\"189\">YJ-168<\/td>\n<\/tr>\n<tr>\n<td height=\"17\">Tipo de producto<\/td>\n<td>Plato llano<\/td>\n<\/tr>\n<tr>\n<td height=\"17\">Material<\/td>\n<td>Porcelana<\/td>\n<\/tr>\n<tr>\n<td height=\"17\">Color<\/td>\n<td>Como imagen<\/td>\n<\/tr>\n<tr>\n<td height=\"18\">Dimensi\u00f3n<\/td>\n<td width=\"189\">20*20*4cm<\/td>\n<\/tr>\n<tr>\n<td height=\"17\">MOQ<\/td>\n<td>500 unidades<\/td>\n<\/tr>\n<tr>\n<td height=\"17\">A medida<\/td>\n<td>Color\/Tama\u00f1o\/Logotipo\/Embalaje<\/td>\n<\/tr>\n<\/tbody>\n<\/table>","protected":false},"featured_media":5239,"comment_status":"closed","ping_status":"closed","template":"","meta":{"_acf_changed":false},"product_brand":[],"product_cat":[93,62],"product_tag":[81,86],"class_list":{"0":"post-5238","1":"product","2":"type-product","3":"status-publish","4":"has-post-thumbnail","6":"product_cat-bulk-dinner-plates","7":"product_cat-ceramic-plates-wholesale","8":"product_tag-modern-design-dinnerware-set-wholesale","9":"product_tag-oriental-style-dinnerware-wholesale","11":"first","12":"instock","13":"shipping-taxable","14":"product-type-simple"},"acf":[],"_links":{"self":[{"href":"https:\/\/www.yongjianceramic.com\/es\/wp-json\/wp\/v2\/product\/5238","targetHints":{"allow":["GET"]}}],"collection":[{"href":"https:\/\/www.yongjianceramic.com\/es\/wp-json\/wp\/v2\/product"}],"about":[{"href":"https:\/\/www.yongjianceramic.com\/es\/wp-json\/wp\/v2\/types\/product"}],"replies":[{"embeddable":true,"href":"https:\/\/www.yongjianceramic.com\/es\/wp-json\/wp\/v2\/comments?post=5238"}],"wp:featuredmedia":[{"embeddable":true,"href":"https:\/\/www.yongjianceramic.com\/es\/wp-json\/wp\/v2\/media\/5239"}],"wp:attachment":[{"href":"https:\/\/www.yongjianceramic.com\/es\/wp-json\/wp\/v2\/media?parent=5238"}],"wp:term":[{"taxonomy":"product_brand","embeddable":true,"href":"https:\/\/www.yongjianceramic.com\/es\/wp-json\/wp\/v2\/product_brand?post=5238"},{"taxonomy":"product_cat","embeddable":true,"href":"https:\/\/www.yongjianceramic.com\/es\/wp-json\/wp\/v2\/product_cat?post=5238"},{"taxonomy":"product_tag","embeddable":true,"href":"https:\/\/www.yongjianceramic.com\/es\/wp-json\/wp\/v2\/product_tag?post=5238"}],"curies":[{"name":"wp","href":"https:\/\/api.w.org\/{rel}","templated":true}]}}