{"id":5242,"date":"2025-11-06T12:00:37","date_gmt":"2025-11-06T04:00:37","guid":{"rendered":"https:\/\/www.yongjianceramic.com\/?post_type=product&#038;p=5242"},"modified":"2025-11-06T15:26:13","modified_gmt":"2025-11-06T07:26:13","slug":"custom-printed-soup-bowls","status":"publish","type":"product","link":"https:\/\/www.yongjianceramic.com\/es\/producto\/custom-printed-soup-bowls\/","title":{"rendered":"Tazones de sopa con estampado personalizado de mandala floral"},"content":{"rendered":"<div class=\"wp-block-columns is-layout-flex wp-container-core-columns-is-layout-9d6595d7 wp-block-columns-is-layout-flex\">\n<div class=\"wp-block-column is-layout-flow wp-block-column-is-layout-flow\">\n<h2 class=\"wp-block-heading\">Caracter\u00edsticas:<\/h2>\n\n\n\n<ul class=\"wp-block-list\">\n<li><strong>Distintivo dise\u00f1o floral mandala: <\/strong>Estos tazones de sopa impresos a medida muestran hermosos dise\u00f1os florales mandala en el interior de los tazones, con colores suaves con capas intrincadas. El cuerpo del cuenco presenta un color de fondo de alta saturaci\u00f3n con dise\u00f1os florales simplistas dibujados a mano en blanco que muestran un estilo de arte y dise\u00f1o en el que Oriente se encuentra con Occidente.<\/li>\n\n\n\n<li><strong>Dise\u00f1o monomando: <\/strong>Estos cuencos soperos con impresi\u00f3n personalizada tienen un asa en un lado. El asa permite agarrar f\u00e1cilmente las sopas o gachas calientes, creando rendimiento y comodidad.<\/li>\n\n\n\n<li><strong>Material cer\u00e1mico de alta calidad: <\/strong>Estos cuencos soperos al por mayor est\u00e1n hechos de cer\u00e1mica de alta calidad cocida a altas temperaturas, lo que los hace robustos, resistentes al calor y al agrietamiento. Tienen un esmalte liso y brillante que es f\u00e1cil de lavar y seguro para comer, ya que no son t\u00f3xicos y hacen para el uso de comedor todos los d\u00edas en el hogar, caf\u00e9s y restaurantes.<\/li>\n\n\n\n<li><strong>Amplia gama de aplicaciones:<\/strong> Estos cuencos soperos al por mayor con un asa son adecuados para servir sopas, cereales, postres, ensaladas, etc. Estos cuencos son ideales para hogares, restaurantes, hoteles o sets de regalo.<\/li>\n<\/ul>\n<\/div>\n\n\n\n<div class=\"wp-block-column is-vertically-aligned-center is-layout-flow wp-block-column-is-layout-flow\"><div class=\"wp-block-image\">\n<figure class=\"aligncenter size-full\"><img fetchpriority=\"high\" decoding=\"async\" width=\"1080\" height=\"1080\" src=\"https:\/\/www.yongjianceramic.com\/wp-content\/uploads\/2025\/11\/custom-printed-soup-bowls-with-mandala-floral-pattern-5.webp\" alt=\"soperas-impresas-a-la-medida-con-estampado-floral-mandala-5\" class=\"wp-image-5248\" srcset=\"https:\/\/www.yongjianceramic.com\/wp-content\/uploads\/2025\/11\/custom-printed-soup-bowls-with-mandala-floral-pattern-5.webp 1080w, https:\/\/www.yongjianceramic.com\/wp-content\/uploads\/2025\/11\/custom-printed-soup-bowls-with-mandala-floral-pattern-5-300x300.webp 300w, https:\/\/www.yongjianceramic.com\/wp-content\/uploads\/2025\/11\/custom-printed-soup-bowls-with-mandala-floral-pattern-5-150x150.webp 150w, https:\/\/www.yongjianceramic.com\/wp-content\/uploads\/2025\/11\/custom-printed-soup-bowls-with-mandala-floral-pattern-5-768x768.webp 768w, https:\/\/www.yongjianceramic.com\/wp-content\/uploads\/2025\/11\/custom-printed-soup-bowls-with-mandala-floral-pattern-5-12x12.webp 12w, https:\/\/www.yongjianceramic.com\/wp-content\/uploads\/2025\/11\/custom-printed-soup-bowls-with-mandala-floral-pattern-5-285x285.webp 285w, https:\/\/www.yongjianceramic.com\/wp-content\/uploads\/2025\/11\/custom-printed-soup-bowls-with-mandala-floral-pattern-5-270x270.webp 270w, https:\/\/www.yongjianceramic.com\/wp-content\/uploads\/2025\/11\/custom-printed-soup-bowls-with-mandala-floral-pattern-5-540x540.webp 540w, https:\/\/www.yongjianceramic.com\/wp-content\/uploads\/2025\/11\/custom-printed-soup-bowls-with-mandala-floral-pattern-5-660x660.webp 660w\" sizes=\"(max-width: 1080px) 100vw, 1080px\" \/><\/figure>\n<\/div><\/div>\n<\/div>\n\n\n\n<p><\/p>","protected":false},"excerpt":{"rendered":"<p>Le invitamos a comprar nuestros cuencos para sopa impresos personalizados con un elegante mandala floral con un solo asa, fabricados en cer\u00e1mica duradera y con servicio OEM\/ODM. Ideales para servir sopas o cereales en hogares, cafeter\u00edas y restaurantes, estos cuencos combinan el dise\u00f1o art\u00edstico con la practicidad cotidiana y son perfectos para la personalizaci\u00f3n a granel y la promoci\u00f3n de la marca.<\/p>\n<table border=\"0\" width=\"309\" cellspacing=\"0\" cellpadding=\"0\">\n<tbody>\n<tr>\n<td width=\"120\" height=\"17\">Fabricante<\/td>\n<td width=\"189\">Yongjian<\/td>\n<\/tr>\n<tr>\n<td height=\"36\">N\u00ba de modelo<\/td>\n<td width=\"189\">YJ-169<br \/>YJ-170<\/td>\n<\/tr>\n<tr>\n<td height=\"17\">Tipo de producto<\/td>\n<td>Cuencos con asa, cuencos para sopa y ramen<\/td>\n<\/tr>\n<tr>\n<td height=\"17\">Material<\/td>\n<td>Porcelana<\/td>\n<\/tr>\n<tr>\n<td height=\"17\">Color<\/td>\n<td>Como imagen<\/td>\n<\/tr>\n<tr>\n<td height=\"18\">Dimensi\u00f3n<\/td>\n<td width=\"189\">15*15*5,5 cm<\/td>\n<\/tr>\n<tr>\n<td height=\"17\">MOQ<\/td>\n<td>500 unidades<\/td>\n<\/tr>\n<tr>\n<td height=\"17\">A medida<\/td>\n<td>Color\/Tama\u00f1o\/Logotipo\/Embalaje<\/td>\n<\/tr>\n<\/tbody>\n<\/table>","protected":false},"featured_media":5249,"comment_status":"closed","ping_status":"closed","template":"","meta":{"_acf_changed":false},"product_brand":[],"product_cat":[63,75,73],"product_tag":[84],"class_list":{"0":"post-5242","1":"product","2":"type-product","3":"status-publish","4":"has-post-thumbnail","6":"product_cat-wholesale-bowls","7":"product_cat-handled-bowls-wholesale","8":"product_cat-bulk-soup-bowls","9":"product_tag-retro-design-dinnerware-wholesale","11":"first","12":"instock","13":"shipping-taxable","14":"product-type-simple"},"acf":[],"_links":{"self":[{"href":"https:\/\/www.yongjianceramic.com\/es\/wp-json\/wp\/v2\/product\/5242","targetHints":{"allow":["GET"]}}],"collection":[{"href":"https:\/\/www.yongjianceramic.com\/es\/wp-json\/wp\/v2\/product"}],"about":[{"href":"https:\/\/www.yongjianceramic.com\/es\/wp-json\/wp\/v2\/types\/product"}],"replies":[{"embeddable":true,"href":"https:\/\/www.yongjianceramic.com\/es\/wp-json\/wp\/v2\/comments?post=5242"}],"wp:featuredmedia":[{"embeddable":true,"href":"https:\/\/www.yongjianceramic.com\/es\/wp-json\/wp\/v2\/media\/5249"}],"wp:attachment":[{"href":"https:\/\/www.yongjianceramic.com\/es\/wp-json\/wp\/v2\/media?parent=5242"}],"wp:term":[{"taxonomy":"product_brand","embeddable":true,"href":"https:\/\/www.yongjianceramic.com\/es\/wp-json\/wp\/v2\/product_brand?post=5242"},{"taxonomy":"product_cat","embeddable":true,"href":"https:\/\/www.yongjianceramic.com\/es\/wp-json\/wp\/v2\/product_cat?post=5242"},{"taxonomy":"product_tag","embeddable":true,"href":"https:\/\/www.yongjianceramic.com\/es\/wp-json\/wp\/v2\/product_tag?post=5242"}],"curies":[{"name":"wp","href":"https:\/\/api.w.org\/{rel}","templated":true}]}}