{"id":5296,"date":"2025-11-18T15:43:54","date_gmt":"2025-11-18T07:43:54","guid":{"rendered":"https:\/\/www.yongjianceramic.com\/?post_type=product&#038;p=5296"},"modified":"2025-11-18T17:15:23","modified_gmt":"2025-11-18T09:15:23","slug":"ceramic-round-bowls-wholesale","status":"publish","type":"product","link":"https:\/\/www.yongjianceramic.com\/es\/producto\/ceramic-round-bowls-wholesale\/","title":{"rendered":"Tazones redondos de cer\u00e1mica al por mayor con borde de oro con motivo de plumas"},"content":{"rendered":"<div class=\"wp-block-columns is-layout-flex wp-container-core-columns-is-layout-9d6595d7 wp-block-columns-is-layout-flex\">\n<div class=\"wp-block-column is-layout-flow wp-block-column-is-layout-flow\">\n<h2 class=\"wp-block-heading\">Tazones Redondos de Cer\u00e1mica Premium al por mayor Caracter\u00edsticas:<\/h2>\n\n\n\n<ul class=\"wp-block-list\">\n<li><strong>Dise\u00f1o del borde dorado: <\/strong>Estos cuencos redondos de cer\u00e1mica al por mayor presentan un exquisito dibujo de plumas pintado en oro en el borde. El delicado y lustroso borde dorado realza la sensaci\u00f3n general de lujo, haci\u00e9ndolos ideales para el mercado de la restauraci\u00f3n y el regalo.<\/li>\n\n\n\n<li><strong>M\u00faltiples tama\u00f1os disponibles:<\/strong> Estos cuencos redondos de cer\u00e1mica al por mayor presentan una forma cl\u00e1sica de cuenco profundo con l\u00edneas suaves. Estos cuencos est\u00e1n disponibles en varios tama\u00f1os de 4\u2033 a 11\u2033 para satisfacer diversas necesidades de comedor. Cubren una variedad de usos, incluyendo platos de salsa, cuencos peque\u00f1os, cuencos de sopa, ensaladeras y cuencos de fideos, adecuados tanto para uso en restaurantes como en el hogar.<\/li>\n\n\n\n<li><strong>Porcelana duradera de alta temperatura: <\/strong>Estos cuencos para servir personalizados est\u00e1n fabricados con porcelana cocida a alta temperatura. Los cuencos son duros, fr\u00e1giles, no absorbentes, estables y duraderos, y pueden soportar un uso frecuente en hoteles y restaurantes.<\/li>\n\n\n\n<li><strong>Glaseado apto para uso alimentario: <\/strong>Estos cuencos para servir a medida tienen una superficie lisa y f\u00e1cil de limpiar que resiste las manchas de aceite, no contiene plomo y cumple la normativa sobre esmaltes en contacto con alimentos.<\/li>\n<\/ul>\n<\/div>\n\n\n\n<div class=\"wp-block-column is-vertically-aligned-center is-layout-flow wp-block-column-is-layout-flow\"><div class=\"wp-block-image\">\n<figure class=\"aligncenter size-full\"><img fetchpriority=\"high\" decoding=\"async\" width=\"1080\" height=\"1080\" src=\"https:\/\/www.yongjianceramic.com\/wp-content\/uploads\/2025\/11\/ceramic-round-bowls-wholesale-with-gold-rim-feather-pattern-2.webp\" alt=\"cuencos redondos de cer\u00e1mica al por mayor con borde dorado y motivo de plumas-2\" class=\"wp-image-5298\" srcset=\"https:\/\/www.yongjianceramic.com\/wp-content\/uploads\/2025\/11\/ceramic-round-bowls-wholesale-with-gold-rim-feather-pattern-2.webp 1080w, https:\/\/www.yongjianceramic.com\/wp-content\/uploads\/2025\/11\/ceramic-round-bowls-wholesale-with-gold-rim-feather-pattern-2-300x300.webp 300w, https:\/\/www.yongjianceramic.com\/wp-content\/uploads\/2025\/11\/ceramic-round-bowls-wholesale-with-gold-rim-feather-pattern-2-150x150.webp 150w, https:\/\/www.yongjianceramic.com\/wp-content\/uploads\/2025\/11\/ceramic-round-bowls-wholesale-with-gold-rim-feather-pattern-2-768x768.webp 768w, https:\/\/www.yongjianceramic.com\/wp-content\/uploads\/2025\/11\/ceramic-round-bowls-wholesale-with-gold-rim-feather-pattern-2-12x12.webp 12w, https:\/\/www.yongjianceramic.com\/wp-content\/uploads\/2025\/11\/ceramic-round-bowls-wholesale-with-gold-rim-feather-pattern-2-285x285.webp 285w, https:\/\/www.yongjianceramic.com\/wp-content\/uploads\/2025\/11\/ceramic-round-bowls-wholesale-with-gold-rim-feather-pattern-2-270x270.webp 270w, https:\/\/www.yongjianceramic.com\/wp-content\/uploads\/2025\/11\/ceramic-round-bowls-wholesale-with-gold-rim-feather-pattern-2-540x540.webp 540w, https:\/\/www.yongjianceramic.com\/wp-content\/uploads\/2025\/11\/ceramic-round-bowls-wholesale-with-gold-rim-feather-pattern-2-660x660.webp 660w\" sizes=\"(max-width: 1080px) 100vw, 1080px\" \/><\/figure>\n<\/div><\/div>\n<\/div>\n\n\n\n<figure class=\"wp-block-table\"><table class=\"has-fixed-layout\"><tbody><tr><td>N\u00ba de modelo<\/td><td>YJ-182<\/td><td>YJ-183<\/td><td>YJ-184<\/td><td>YJ-185<\/td><td>YJ-186<\/td><td>YJ-187<\/td><td>YJ-188<\/td><\/tr><tr><td>Talla<\/td><td>4 pulgadas<\/td><td>4,5 pulgadas<\/td><td>5 pulgadas<\/td><td>6 pulgadas<\/td><td>7 pulgadas<\/td><td>9 pulgadas<\/td><td>11 pulgadas<\/td><\/tr><tr><td>Dimensi\u00f3n<\/td><td>10*10*4,5cm<\/td><td>11,5*11,5*5cm<\/td><td>14*14*5,5 cm<\/td><td>15*15*6cm<\/td><td>18*18*6,5 cm<\/td><td>23*23*7,5cm<\/td><td>28*28*9cm<\/td><\/tr><tr><td>T\u00e9cnica<\/td><td colspan=\"7\">T\u00e9cnica de decoraci\u00f3n sobreesmaltada, t\u00e9cnica de dorado cer\u00e1mico<\/td><\/tr><\/tbody><\/table><\/figure>\n\n\n\n<p><\/p>","protected":false},"excerpt":{"rendered":"<p>Bienvenido a comprar nuestros cuencos redondos de cer\u00e1mica al por mayor, con un patr\u00f3n de pluma elegante y un borde de oro refinado, disponible en varios tama\u00f1os de 4\u2033 a 11\u2033 para satisfacer diversas necesidades de comedor. Estos cuencos de servir personalizados est\u00e1n hechos de porcelana de alta temperatura duradera, adecuada para la cocina china, cocina occidental, postres, sopas, ensaladas, y la exhibici\u00f3n de la tabla.<\/p>\n<table border=\"0\" width=\"309\" cellspacing=\"0\" cellpadding=\"0\">\n<tbody>\n<tr>\n<td width=\"120\" height=\"17\">Fabricante<\/td>\n<td width=\"189\">Yongjian<\/td>\n<\/tr>\n<tr>\n<td height=\"18\">N\u00ba de modelo<\/td>\n<td width=\"189\">YJ-182~YJ-188<\/td>\n<\/tr>\n<tr>\n<td height=\"17\">Tipo de producto<\/td>\n<td>Cuencos para sopa y ramen, cuencos para servir y ensaladas<\/td>\n<\/tr>\n<tr>\n<td height=\"17\">Material<\/td>\n<td>Porcelana<\/td>\n<\/tr>\n<tr>\n<td height=\"17\">Color<\/td>\n<td>Como imagen<\/td>\n<\/tr>\n<tr>\n<td height=\"17\">Dimensi\u00f3n<\/td>\n<td>Como imagen<\/td>\n<\/tr>\n<tr>\n<td height=\"17\">MOQ<\/td>\n<td>500 unidades<\/td>\n<\/tr>\n<tr>\n<td height=\"17\">A medida<\/td>\n<td>Color\/Tama\u00f1o\/Logotipo\/Embalaje<\/td>\n<\/tr>\n<\/tbody>\n<\/table>","protected":false},"featured_media":5297,"comment_status":"closed","ping_status":"closed","template":"","meta":{"_acf_changed":false},"product_brand":[],"product_cat":[63,74,73],"product_tag":[81],"class_list":{"0":"post-5296","1":"product","2":"type-product","3":"status-publish","4":"has-post-thumbnail","6":"product_cat-wholesale-bowls","7":"product_cat-bulk-serving-bowls","8":"product_cat-bulk-soup-bowls","9":"product_tag-modern-design-dinnerware-set-wholesale","11":"first","12":"instock","13":"shipping-taxable","14":"product-type-simple"},"acf":[],"_links":{"self":[{"href":"https:\/\/www.yongjianceramic.com\/es\/wp-json\/wp\/v2\/product\/5296","targetHints":{"allow":["GET"]}}],"collection":[{"href":"https:\/\/www.yongjianceramic.com\/es\/wp-json\/wp\/v2\/product"}],"about":[{"href":"https:\/\/www.yongjianceramic.com\/es\/wp-json\/wp\/v2\/types\/product"}],"replies":[{"embeddable":true,"href":"https:\/\/www.yongjianceramic.com\/es\/wp-json\/wp\/v2\/comments?post=5296"}],"wp:featuredmedia":[{"embeddable":true,"href":"https:\/\/www.yongjianceramic.com\/es\/wp-json\/wp\/v2\/media\/5297"}],"wp:attachment":[{"href":"https:\/\/www.yongjianceramic.com\/es\/wp-json\/wp\/v2\/media?parent=5296"}],"wp:term":[{"taxonomy":"product_brand","embeddable":true,"href":"https:\/\/www.yongjianceramic.com\/es\/wp-json\/wp\/v2\/product_brand?post=5296"},{"taxonomy":"product_cat","embeddable":true,"href":"https:\/\/www.yongjianceramic.com\/es\/wp-json\/wp\/v2\/product_cat?post=5296"},{"taxonomy":"product_tag","embeddable":true,"href":"https:\/\/www.yongjianceramic.com\/es\/wp-json\/wp\/v2\/product_tag?post=5296"}],"curies":[{"name":"wp","href":"https:\/\/api.w.org\/{rel}","templated":true}]}}