{"id":5313,"date":"2025-11-18T18:19:07","date_gmt":"2025-11-18T10:19:07","guid":{"rendered":"https:\/\/www.yongjianceramic.com\/?post_type=product&#038;p=5313"},"modified":"2025-11-19T10:14:29","modified_gmt":"2025-11-19T02:14:29","slug":"gold-rimmed-dinner-plates-bulk","status":"publish","type":"product","link":"https:\/\/www.yongjianceramic.com\/es\/producto\/gold-rimmed-dinner-plates-bulk\/","title":{"rendered":"Platos Dorados a Granel, Plato Cer\u00e1mico Cuadrado Personalizado"},"content":{"rendered":"<div class=\"wp-block-columns is-layout-flex wp-container-core-columns-is-layout-9d6595d7 wp-block-columns-is-layout-flex\">\n<div class=\"wp-block-column is-layout-flow wp-block-column-is-layout-flow\">\n<h2 class=\"wp-block-heading\">Premium Gold-Rimmed Platos de cena a granel Caracter\u00edsticas:<\/h2>\n\n\n\n<ul class=\"wp-block-list\">\n<li><strong>Lujosa decoraci\u00f3n dorada en el borde:<\/strong> El plato cuadrado de cer\u00e1mica personalizado presenta un borde dorado con un elegante dibujo de plumas, que ilumina al instante el dise\u00f1o general e inyecta sofisticaci\u00f3n y lujo. Adecuado para hoteles, banquetes y cenas de alto nivel.<\/li>\n\n\n\n<li><strong>Forma cuadrada moderna: <\/strong>El dise\u00f1o cuadrado, sencillo y limpio de estos platos llanos con borde dorado a granel es adecuado para diversos usos, como servir platos occidentales, emplatar postres y presentar alimentos.<\/li>\n\n\n\n<li><strong>M\u00faltiples tama\u00f1os:<\/strong> Estos platos llanos con borde dorado a granel est\u00e1n disponibles en tama\u00f1os de 6\/7\/8\/9\/10\/12 pulgadas para adaptarse a diferentes ocasiones, desde aperitivos y platos principales hasta postres y platos de servicio com\u00fan.<\/li>\n\n\n\n<li><strong>Material cer\u00e1mico de alta temperatura:<\/strong> Estos platos con borde dorado est\u00e1n hechos de cer\u00e1mica cocida a alta temperatura, lo que da como resultado una superficie dura y delicada que es resistente a los ara\u00f1azos, al calor y a los \u00e1cidos y \u00e1lcalis. El esmalte de grado alimentario es f\u00e1cil de limpiar, por lo que es adecuado para el servicio de restaurante.<\/li>\n<\/ul>\n<\/div>\n\n\n\n<div class=\"wp-block-column is-vertically-aligned-center is-layout-flow wp-block-column-is-layout-flow\"><div class=\"wp-block-image\">\n<figure class=\"aligncenter size-full\"><img fetchpriority=\"high\" decoding=\"async\" width=\"1080\" height=\"1080\" src=\"https:\/\/www.yongjianceramic.com\/wp-content\/uploads\/2025\/11\/gold-rimmed-dinner-plates-bulk-square-ceramic-dish-custom-2.webp\" alt=\"platos llanos dorados-platos llanos cuadrados de cer\u00e1mica-personalizados-2\" class=\"wp-image-5315\" srcset=\"https:\/\/www.yongjianceramic.com\/wp-content\/uploads\/2025\/11\/gold-rimmed-dinner-plates-bulk-square-ceramic-dish-custom-2.webp 1080w, https:\/\/www.yongjianceramic.com\/wp-content\/uploads\/2025\/11\/gold-rimmed-dinner-plates-bulk-square-ceramic-dish-custom-2-300x300.webp 300w, https:\/\/www.yongjianceramic.com\/wp-content\/uploads\/2025\/11\/gold-rimmed-dinner-plates-bulk-square-ceramic-dish-custom-2-150x150.webp 150w, https:\/\/www.yongjianceramic.com\/wp-content\/uploads\/2025\/11\/gold-rimmed-dinner-plates-bulk-square-ceramic-dish-custom-2-768x768.webp 768w, https:\/\/www.yongjianceramic.com\/wp-content\/uploads\/2025\/11\/gold-rimmed-dinner-plates-bulk-square-ceramic-dish-custom-2-12x12.webp 12w, https:\/\/www.yongjianceramic.com\/wp-content\/uploads\/2025\/11\/gold-rimmed-dinner-plates-bulk-square-ceramic-dish-custom-2-285x285.webp 285w, https:\/\/www.yongjianceramic.com\/wp-content\/uploads\/2025\/11\/gold-rimmed-dinner-plates-bulk-square-ceramic-dish-custom-2-270x270.webp 270w, https:\/\/www.yongjianceramic.com\/wp-content\/uploads\/2025\/11\/gold-rimmed-dinner-plates-bulk-square-ceramic-dish-custom-2-540x540.webp 540w, https:\/\/www.yongjianceramic.com\/wp-content\/uploads\/2025\/11\/gold-rimmed-dinner-plates-bulk-square-ceramic-dish-custom-2-660x660.webp 660w\" sizes=\"(max-width: 1080px) 100vw, 1080px\" \/><\/figure>\n<\/div><\/div>\n<\/div>\n\n\n\n<figure class=\"wp-block-table\"><table class=\"has-fixed-layout\"><tbody><tr><td>N\u00ba de modelo<\/td><td>YJ-195<\/td><td>YJ-196<\/td><td>YJ-197<\/td><td>YJ-198<\/td><td>YJ-199<\/td><td>YJ-200<\/td><\/tr><tr><td>talla<\/td><td>6 pulgadas<\/td><td>7 pulgadas<\/td><td>8 pulgadas<\/td><td>9 pulgadas<\/td><td>10 pulgadas<\/td><td>12 pulgadas<\/td><\/tr><tr><td>Dimensi\u00f3n<\/td><td>15*15cm<\/td><td>18*18cm<\/td><td>20*20cm<\/td><td>23*23cm<\/td><td>25,5*25,5 cm<\/td><td>31*31cm<\/td><\/tr><tr><td>T\u00e9cnica<\/td><td colspan=\"6\">T\u00e9cnica de decoraci\u00f3n sobreesmaltada, T\u00e9cnica de dorado cer\u00e1mico<\/td><\/tr><\/tbody><\/table><\/figure>","protected":false},"excerpt":{"rendered":"<p>Bienvenido a comprar nuestros platos de cena con borde dorado a granel que combinan la elegancia moderna con la porcelana resistente a altas temperaturas. Los platos se ofrecen en tama\u00f1os que van desde 6-12 pulgadas para la versatilidad en la presentaci\u00f3n de alimentos. La costumbre plato cuadrado de cer\u00e1mica ideal para hoteles, buffets, banquetes de boda, platos principales de restaurante, y juegos de vajilla para el hogar de lujo.<\/p>\n<table border=\"0\" width=\"309\" cellspacing=\"0\" cellpadding=\"0\">\n<tbody>\n<tr>\n<td width=\"120\" height=\"17\">Fabricante<\/td>\n<td width=\"189\">Yongjian<\/td>\n<\/tr>\n<tr>\n<td height=\"18\">N\u00ba de modelo<\/td>\n<td width=\"189\">YJ-195~YJ-200<\/td>\n<\/tr>\n<tr>\n<td height=\"17\">Tipo de producto<\/td>\n<td>Plato llano, Plato para servir<\/td>\n<\/tr>\n<tr>\n<td height=\"17\">Material<\/td>\n<td>Porcelana<\/td>\n<\/tr>\n<tr>\n<td height=\"17\">Color<\/td>\n<td>Como imagen<\/td>\n<\/tr>\n<tr>\n<td height=\"17\">Dimensi\u00f3n<\/td>\n<td>Como imagen<\/td>\n<\/tr>\n<tr>\n<td height=\"17\">MOQ<\/td>\n<td>500 unidades<\/td>\n<\/tr>\n<tr>\n<td height=\"17\">A medida<\/td>\n<td>Color\/Tama\u00f1o\/Logotipo\/Embalaje<\/td>\n<\/tr>\n<\/tbody>\n<\/table>","protected":false},"featured_media":5314,"comment_status":"closed","ping_status":"closed","template":"","meta":{"_acf_changed":false},"product_brand":[],"product_cat":[62,93,76],"product_tag":[81],"class_list":{"0":"post-5313","1":"product","2":"type-product","3":"status-publish","4":"has-post-thumbnail","6":"product_cat-ceramic-plates-wholesale","7":"product_cat-bulk-dinner-plates","8":"product_cat-wholesale-serving-platters","9":"product_tag-modern-design-dinnerware-set-wholesale","11":"first","12":"instock","13":"shipping-taxable","14":"product-type-simple"},"acf":[],"_links":{"self":[{"href":"https:\/\/www.yongjianceramic.com\/es\/wp-json\/wp\/v2\/product\/5313","targetHints":{"allow":["GET"]}}],"collection":[{"href":"https:\/\/www.yongjianceramic.com\/es\/wp-json\/wp\/v2\/product"}],"about":[{"href":"https:\/\/www.yongjianceramic.com\/es\/wp-json\/wp\/v2\/types\/product"}],"replies":[{"embeddable":true,"href":"https:\/\/www.yongjianceramic.com\/es\/wp-json\/wp\/v2\/comments?post=5313"}],"wp:featuredmedia":[{"embeddable":true,"href":"https:\/\/www.yongjianceramic.com\/es\/wp-json\/wp\/v2\/media\/5314"}],"wp:attachment":[{"href":"https:\/\/www.yongjianceramic.com\/es\/wp-json\/wp\/v2\/media?parent=5313"}],"wp:term":[{"taxonomy":"product_brand","embeddable":true,"href":"https:\/\/www.yongjianceramic.com\/es\/wp-json\/wp\/v2\/product_brand?post=5313"},{"taxonomy":"product_cat","embeddable":true,"href":"https:\/\/www.yongjianceramic.com\/es\/wp-json\/wp\/v2\/product_cat?post=5313"},{"taxonomy":"product_tag","embeddable":true,"href":"https:\/\/www.yongjianceramic.com\/es\/wp-json\/wp\/v2\/product_tag?post=5313"}],"curies":[{"name":"wp","href":"https:\/\/api.w.org\/{rel}","templated":true}]}}