{"id":5339,"date":"2025-12-04T15:44:58","date_gmt":"2025-12-04T07:44:58","guid":{"rendered":"https:\/\/www.yongjianceramic.com\/?post_type=product&#038;p=5339"},"modified":"2025-12-04T16:50:21","modified_gmt":"2025-12-04T08:50:21","slug":"ceramic-serving-platter-wholesale","status":"publish","type":"product","link":"https:\/\/www.yongjianceramic.com\/es\/producto\/ceramic-serving-platter-wholesale\/","title":{"rendered":"Bandeja de cer\u00e1mica de 3 niveles al por mayor con borde en forma de mariposa"},"content":{"rendered":"<div class=\"wp-block-columns is-layout-flex wp-container-core-columns-is-layout-9d6595d7 wp-block-columns-is-layout-flex\">\n<div class=\"wp-block-column is-layout-flow wp-block-column-is-layout-flow\">\n<h2 class=\"wp-block-heading\">Plato de cer\u00e1mica de tres niveles de primera calidad para servir al por mayor Caracter\u00edsticas:<\/h2>\n\n\n\n<ul class=\"wp-block-list\">\n<li><strong>Elegante dise\u00f1o con borde dorado en forma de mariposa:<\/strong> Nuestra bandeja de cer\u00e1mica de tres niveles para servir, disponible al por mayor, est\u00e1 decorada con un excelente borde dorado con forma de mariposa, que representa detalles lujosos y un estilo europeo de alta gama. El borde dorado contrasta exquisitamente con la porcelana blanca para realzar la sensaci\u00f3n de lujo.<\/li>\n\n\n\n<li><strong>Material cer\u00e1mico de primera calidad:<\/strong> Estos platos rectangulares personalizados est\u00e1n fabricados con cer\u00e1mica de la m\u00e1s alta calidad, con una superficie gruesa y resistente que no se rompe f\u00e1cilmente. La superficie es tan lisa y delicada que limpiarlos no supone ning\u00fan problema, y estos platos pueden utilizarse para presentar postres, frutas, pasteles y muchos otros alimentos.<\/li>\n\n\n\n<li><strong>Dise\u00f1o de varios niveles: <\/strong>La estructura de tres niveles de estos platos rectangulares de cer\u00e1mica al por mayor est\u00e1 disponible en di\u00e1metros de 15 cm, 20 cm y 25 cm, lo que permite presentar diversos postres clasificados por categor\u00edas, lo que facilita su acceso y resulta agradable a la vista.<\/li>\n\n\n\n<li><strong>Varilla de soporte met\u00e1lica resistente: <\/strong>Nuestra bandeja de cer\u00e1mica de tres niveles para servir al por mayor cuenta con una varilla de soporte met\u00e1lica chapada en oro que proporciona una estructura muy estable, capaz de soportar peso y mantener la estabilidad de la presentaci\u00f3n. El asa dorada curvada de la parte superior ofrece un agarre seguro que facilita el movimiento general o el acceso por capas, con el fin de mantener la practicidad y la seguridad al mismo tiempo.<\/li>\n<\/ul>\n<\/div>\n\n\n\n<div class=\"wp-block-column is-vertically-aligned-center is-layout-flow wp-block-column-is-layout-flow\"><div class=\"wp-block-image\">\n<figure class=\"aligncenter size-full\"><img fetchpriority=\"high\" decoding=\"async\" width=\"800\" height=\"800\" src=\"https:\/\/www.yongjianceramic.com\/wp-content\/uploads\/2025\/12\/3-tier-ceramic-serving-platter-wholesale-with-butterfly-rim-1.webp\" alt=\"Bandeja de cer\u00e1mica de 3 niveles para servir, al por mayor, con borde en forma de mariposa, 1\" class=\"wp-image-5340\" srcset=\"https:\/\/www.yongjianceramic.com\/wp-content\/uploads\/2025\/12\/3-tier-ceramic-serving-platter-wholesale-with-butterfly-rim-1.webp 800w, https:\/\/www.yongjianceramic.com\/wp-content\/uploads\/2025\/12\/3-tier-ceramic-serving-platter-wholesale-with-butterfly-rim-1-300x300.webp 300w, https:\/\/www.yongjianceramic.com\/wp-content\/uploads\/2025\/12\/3-tier-ceramic-serving-platter-wholesale-with-butterfly-rim-1-150x150.webp 150w, https:\/\/www.yongjianceramic.com\/wp-content\/uploads\/2025\/12\/3-tier-ceramic-serving-platter-wholesale-with-butterfly-rim-1-768x768.webp 768w, https:\/\/www.yongjianceramic.com\/wp-content\/uploads\/2025\/12\/3-tier-ceramic-serving-platter-wholesale-with-butterfly-rim-1-12x12.webp 12w, https:\/\/www.yongjianceramic.com\/wp-content\/uploads\/2025\/12\/3-tier-ceramic-serving-platter-wholesale-with-butterfly-rim-1-285x285.webp 285w, https:\/\/www.yongjianceramic.com\/wp-content\/uploads\/2025\/12\/3-tier-ceramic-serving-platter-wholesale-with-butterfly-rim-1-270x270.webp 270w, https:\/\/www.yongjianceramic.com\/wp-content\/uploads\/2025\/12\/3-tier-ceramic-serving-platter-wholesale-with-butterfly-rim-1-540x540.webp 540w, https:\/\/www.yongjianceramic.com\/wp-content\/uploads\/2025\/12\/3-tier-ceramic-serving-platter-wholesale-with-butterfly-rim-1-660x660.webp 660w\" sizes=\"(max-width: 800px) 100vw, 800px\" \/><\/figure>\n<\/div><\/div>\n<\/div>","protected":false},"excerpt":{"rendered":"<p>Bienvenido a la compra al por mayor de esta bandeja de cer\u00e1mica de tres pisos con un lujoso borde dorado con forma de mariposa y una varilla met\u00e1lica de soporte, una soluci\u00f3n elegante para servir postres, magdalenas, frutas y pasteles. Con tres platos rectangulares, la bandeja de tres pisos tiene una altura total de 38 cm y ofrece mucho espacio para sus mejores delicias, ideal para su uso en hoteles, panader\u00edas, cafeter\u00edas y eventos festivos. Es la opci\u00f3n perfecta para compras al por mayor y expositores de cer\u00e1mica de alta calidad.<\/p>\n<table border=\"0\" width=\"309\" cellspacing=\"0\" cellpadding=\"0\">\n<tbody>\n<tr>\n<td width=\"120\" height=\"17\">Fabricante<\/td>\n<td width=\"189\">Yongjian<\/td>\n<\/tr>\n<tr>\n<td height=\"18\">N\u00ba de modelo<\/td>\n<td width=\"189\">YJ-201<\/td>\n<\/tr>\n<tr>\n<td height=\"17\">Tipo de producto<\/td>\n<td>Bandeja<\/td>\n<\/tr>\n<tr>\n<td height=\"17\">Material<\/td>\n<td>Porcelana<\/td>\n<\/tr>\n<tr>\n<td height=\"17\">Color<\/td>\n<td>Como imagen<\/td>\n<\/tr>\n<tr>\n<td height=\"17\">Dimensi\u00f3n<\/td>\n<td>Como imagen<\/td>\n<\/tr>\n<tr>\n<td height=\"17\">MOQ<\/td>\n<td>500 unidades<\/td>\n<\/tr>\n<tr>\n<td height=\"17\">A medida<\/td>\n<td>Color\/Tama\u00f1o\/Logotipo\/Embalaje<\/td>\n<\/tr>\n<\/tbody>\n<\/table>","protected":false},"featured_media":5340,"comment_status":"closed","ping_status":"closed","template":"","meta":{"_acf_changed":false},"product_brand":[],"product_cat":[62,76],"product_tag":[84],"class_list":{"0":"post-5339","1":"product","2":"type-product","3":"status-publish","4":"has-post-thumbnail","6":"product_cat-ceramic-plates-wholesale","7":"product_cat-wholesale-serving-platters","8":"product_tag-retro-design-dinnerware-wholesale","10":"first","11":"instock","12":"shipping-taxable","13":"product-type-simple"},"acf":[],"_links":{"self":[{"href":"https:\/\/www.yongjianceramic.com\/es\/wp-json\/wp\/v2\/product\/5339","targetHints":{"allow":["GET"]}}],"collection":[{"href":"https:\/\/www.yongjianceramic.com\/es\/wp-json\/wp\/v2\/product"}],"about":[{"href":"https:\/\/www.yongjianceramic.com\/es\/wp-json\/wp\/v2\/types\/product"}],"replies":[{"embeddable":true,"href":"https:\/\/www.yongjianceramic.com\/es\/wp-json\/wp\/v2\/comments?post=5339"}],"wp:featuredmedia":[{"embeddable":true,"href":"https:\/\/www.yongjianceramic.com\/es\/wp-json\/wp\/v2\/media\/5340"}],"wp:attachment":[{"href":"https:\/\/www.yongjianceramic.com\/es\/wp-json\/wp\/v2\/media?parent=5339"}],"wp:term":[{"taxonomy":"product_brand","embeddable":true,"href":"https:\/\/www.yongjianceramic.com\/es\/wp-json\/wp\/v2\/product_brand?post=5339"},{"taxonomy":"product_cat","embeddable":true,"href":"https:\/\/www.yongjianceramic.com\/es\/wp-json\/wp\/v2\/product_cat?post=5339"},{"taxonomy":"product_tag","embeddable":true,"href":"https:\/\/www.yongjianceramic.com\/es\/wp-json\/wp\/v2\/product_tag?post=5339"}],"curies":[{"name":"wp","href":"https:\/\/api.w.org\/{rel}","templated":true}]}}