{"id":5341,"date":"2025-12-04T16:19:02","date_gmt":"2025-12-04T08:19:02","guid":{"rendered":"https:\/\/www.yongjianceramic.com\/?post_type=product&#038;p=5341"},"modified":"2025-12-04T16:58:35","modified_gmt":"2025-12-04T08:58:35","slug":"ceramic-serving-tray-custom","status":"publish","type":"product","link":"https:\/\/www.yongjianceramic.com\/es\/producto\/ceramic-serving-tray-custom\/","title":{"rendered":"Bandeja de cer\u00e1mica de dos niveles personalizada, soporte para postres al por mayor"},"content":{"rendered":"<div class=\"wp-block-columns is-layout-flex wp-container-core-columns-is-layout-9d6595d7 wp-block-columns-is-layout-flex\">\n<div class=\"wp-block-column is-layout-flow wp-block-column-is-layout-flow\">\n<h2 class=\"wp-block-heading\">Bandeja de cer\u00e1mica de dos niveles de primera calidad. Caracter\u00edsticas personalizadas:<\/h2>\n\n\n\n<ul class=\"wp-block-list\">\n<li><strong>Artesan\u00eda y materiales de primera:<\/strong> Esta bandeja de cer\u00e1mica de dos niveles est\u00e1 fabricada con cer\u00e1mica de alta calidad; su superficie lisa y delicada es resistente al desgaste y f\u00e1cil de limpiar. Est\u00e1 adornada con un delicado ribete dorado con un detalle en relieve en forma de mariposa, lo que le confiere un aspecto especial, refinado y elegante, a la vez que mantiene su brillo para siempre.<\/li>\n\n\n\n<li><strong>Dise\u00f1o pr\u00e1ctico de dos niveles:<\/strong> Este soporte para postres de cer\u00e1mica al por mayor presenta una estructura de dos niveles, lo que proporciona un amplio espacio para exhibir diversos postres, pasteles, aperitivos, frutas, etc. El nivel superior tiene un di\u00e1metro de 21 cm y el inferior, de 26 cm, lo que crea un dise\u00f1o en capas distintivo adecuado para exhibiciones comerciales o reuniones familiares.<\/li>\n\n\n\n<li><strong>C\u00f3moda empu\u00f1adura dorada:<\/strong> Este soporte para postres de cer\u00e1mica al por mayor cuenta con un asa met\u00e1lica dorada curvada en la parte superior, lo que facilita su manejo y desplazamiento, adem\u00e1s de servir como un bonito elemento decorativo.<\/li>\n\n\n\n<li><strong>Posicionamiento en el mercado de gama alta: <\/strong>Esta bandeja de cer\u00e1mica de dos niveles presenta un dise\u00f1o cl\u00e1sico retro europeo. La cer\u00e1mica blanca pura con lujosos ribetes dorados y detalles en relieve ofrece una calidad excepcional, que se ajusta perfectamente a los requisitos de calidad de los hoteles de alta gama, las cafeter\u00edas boutique, las panader\u00edas y los eventos de banquetes.<\/li>\n\n\n\n<li><strong>Abastecimiento y embalaje convenientes:<\/strong> Ofrecemos precios competitivos al por mayor. Los productos se empaquetan con pl\u00e1stico de burbujas individual y cajas de cart\u00f3n reforzadas para garantizar un transporte seguro y admitimos env\u00edos a granel a todo el mundo.<\/li>\n<\/ul>\n<\/div>\n\n\n\n<div class=\"wp-block-column is-vertically-aligned-center is-layout-flow wp-block-column-is-layout-flow\"><div class=\"wp-block-image\">\n<figure class=\"aligncenter size-full\"><img fetchpriority=\"high\" decoding=\"async\" width=\"800\" height=\"800\" src=\"https:\/\/www.yongjianceramic.com\/wp-content\/uploads\/2025\/12\/2-tier-ceramic-serving-tray-custom-dessert-stand-wholesale-1.webp\" alt=\"Bandeja de cer\u00e1mica de dos niveles para postres personalizada, venta al por mayor 1\" class=\"wp-image-5342\" srcset=\"https:\/\/www.yongjianceramic.com\/wp-content\/uploads\/2025\/12\/2-tier-ceramic-serving-tray-custom-dessert-stand-wholesale-1.webp 800w, https:\/\/www.yongjianceramic.com\/wp-content\/uploads\/2025\/12\/2-tier-ceramic-serving-tray-custom-dessert-stand-wholesale-1-300x300.webp 300w, https:\/\/www.yongjianceramic.com\/wp-content\/uploads\/2025\/12\/2-tier-ceramic-serving-tray-custom-dessert-stand-wholesale-1-150x150.webp 150w, https:\/\/www.yongjianceramic.com\/wp-content\/uploads\/2025\/12\/2-tier-ceramic-serving-tray-custom-dessert-stand-wholesale-1-768x768.webp 768w, https:\/\/www.yongjianceramic.com\/wp-content\/uploads\/2025\/12\/2-tier-ceramic-serving-tray-custom-dessert-stand-wholesale-1-12x12.webp 12w, https:\/\/www.yongjianceramic.com\/wp-content\/uploads\/2025\/12\/2-tier-ceramic-serving-tray-custom-dessert-stand-wholesale-1-285x285.webp 285w, https:\/\/www.yongjianceramic.com\/wp-content\/uploads\/2025\/12\/2-tier-ceramic-serving-tray-custom-dessert-stand-wholesale-1-270x270.webp 270w, https:\/\/www.yongjianceramic.com\/wp-content\/uploads\/2025\/12\/2-tier-ceramic-serving-tray-custom-dessert-stand-wholesale-1-540x540.webp 540w, https:\/\/www.yongjianceramic.com\/wp-content\/uploads\/2025\/12\/2-tier-ceramic-serving-tray-custom-dessert-stand-wholesale-1-660x660.webp 660w\" sizes=\"(max-width: 800px) 100vw, 800px\" \/><\/figure>\n<\/div><\/div>\n<\/div>","protected":false},"excerpt":{"rendered":"<p>Bienvenido a la compra de esta bandeja de cer\u00e1mica de dos niveles, dise\u00f1ada a medida para entornos comerciales de alta gama. La porcelana blanca con ribetes dorados en forma de mariposa presenta un dise\u00f1o elegante y sofisticado. El soporte met\u00e1lico resistente y duradero y la estructura de doble capa permiten exponer f\u00e1cilmente pasteles, postres y frutas, lo que la hace ideal para el t\u00e9 de la tarde, fiestas o expositores de catering de hoteles. Adem\u00e1s, ofrecemos la posibilidad de personalizarla, lo que la hace ideal para mesas de postres y vajillas al por mayor.<\/p>\n<table border=\"0\" width=\"309\" cellspacing=\"0\" cellpadding=\"0\">\n<tbody>\n<tr>\n<td width=\"120\" height=\"17\">Fabricante<\/td>\n<td width=\"189\">Yongjian<\/td>\n<\/tr>\n<tr>\n<td height=\"18\">N\u00ba de modelo<\/td>\n<td width=\"189\">YJ-203<\/td>\n<\/tr>\n<tr>\n<td height=\"17\">Tipo de producto<\/td>\n<td>Bandeja<\/td>\n<\/tr>\n<tr>\n<td height=\"17\">Material<\/td>\n<td>Porcelana<\/td>\n<\/tr>\n<tr>\n<td height=\"17\">Color<\/td>\n<td>Como imagen<\/td>\n<\/tr>\n<tr>\n<td height=\"17\">Dimensi\u00f3n<\/td>\n<td>Como imagen<\/td>\n<\/tr>\n<tr>\n<td height=\"17\">MOQ<\/td>\n<td>500 unidades<\/td>\n<\/tr>\n<tr>\n<td height=\"17\">A medida<\/td>\n<td>Color\/Tama\u00f1o\/Logotipo\/Embalaje<\/td>\n<\/tr>\n<\/tbody>\n<\/table>","protected":false},"featured_media":5342,"comment_status":"closed","ping_status":"closed","template":"","meta":{"_acf_changed":false},"product_brand":[],"product_cat":[62,76],"product_tag":[84],"class_list":{"0":"post-5341","1":"product","2":"type-product","3":"status-publish","4":"has-post-thumbnail","6":"product_cat-ceramic-plates-wholesale","7":"product_cat-wholesale-serving-platters","8":"product_tag-retro-design-dinnerware-wholesale","10":"first","11":"instock","12":"shipping-taxable","13":"product-type-simple"},"acf":[],"_links":{"self":[{"href":"https:\/\/www.yongjianceramic.com\/es\/wp-json\/wp\/v2\/product\/5341","targetHints":{"allow":["GET"]}}],"collection":[{"href":"https:\/\/www.yongjianceramic.com\/es\/wp-json\/wp\/v2\/product"}],"about":[{"href":"https:\/\/www.yongjianceramic.com\/es\/wp-json\/wp\/v2\/types\/product"}],"replies":[{"embeddable":true,"href":"https:\/\/www.yongjianceramic.com\/es\/wp-json\/wp\/v2\/comments?post=5341"}],"wp:featuredmedia":[{"embeddable":true,"href":"https:\/\/www.yongjianceramic.com\/es\/wp-json\/wp\/v2\/media\/5342"}],"wp:attachment":[{"href":"https:\/\/www.yongjianceramic.com\/es\/wp-json\/wp\/v2\/media?parent=5341"}],"wp:term":[{"taxonomy":"product_brand","embeddable":true,"href":"https:\/\/www.yongjianceramic.com\/es\/wp-json\/wp\/v2\/product_brand?post=5341"},{"taxonomy":"product_cat","embeddable":true,"href":"https:\/\/www.yongjianceramic.com\/es\/wp-json\/wp\/v2\/product_cat?post=5341"},{"taxonomy":"product_tag","embeddable":true,"href":"https:\/\/www.yongjianceramic.com\/es\/wp-json\/wp\/v2\/product_tag?post=5341"}],"curies":[{"name":"wp","href":"https:\/\/api.w.org\/{rel}","templated":true}]}}