{"id":5343,"date":"2025-12-04T16:59:03","date_gmt":"2025-12-04T08:59:03","guid":{"rendered":"https:\/\/www.yongjianceramic.com\/?post_type=product&#038;p=5343"},"modified":"2025-12-04T18:01:42","modified_gmt":"2025-12-04T10:01:42","slug":"wholesale-round-ceramic-plate","status":"publish","type":"product","link":"https:\/\/www.yongjianceramic.com\/es\/producto\/wholesale-round-ceramic-plate\/","title":{"rendered":"Soporte redondo de cer\u00e1mica de tres capas para fiestas, venta al por mayor"},"content":{"rendered":"<div class=\"wp-block-columns is-layout-flex wp-container-core-columns-is-layout-9d6595d7 wp-block-columns-is-layout-flex\">\n<div class=\"wp-block-column is-layout-flow wp-block-column-is-layout-flow\">\n<h2 class=\"wp-block-heading\">Caracter\u00edsticas del soporte redondo de cer\u00e1mica para platos al por mayor de primera calidad:<\/h2>\n\n\n\n<ul class=\"wp-block-list\">\n<li><strong>Estructura clara de tres capas:<\/strong> Estos platos redondos de cer\u00e1mica de tres capas para venta al por mayor presentan capas claramente definidas (26 cm\/21 cm\/15 cm), lo que ofrece una capacidad razonable para clasificar y presentar diversos postres, maximizando el efecto visual y ahorrando espacio en la mesa.<\/li>\n\n\n\n<li><strong>F\u00e1cil de limpiar: <\/strong>Estos platos redondos de cer\u00e1mica al por mayor est\u00e1n fabricados con una estructura cer\u00e1mica de alta densidad, lo que permite que la superficie tenga una buena resistencia a las manchas de comida. Incluso la nata y el chocolate se pueden limpiar f\u00e1cilmente. La superficie del plato se puede enjuagar directamente con agua o lavar a mano con suavidad, lo que facilita su mantenimiento.<\/li>\n\n\n\n<li><strong>Calidad y dise\u00f1o de grado comercial:<\/strong> Estos soportes para postres de cer\u00e1mica est\u00e1n pensados para entornos comerciales como fiestas, hoteles y pasteler\u00edas de alta gama. Con su estilo lujoso europeo, aumentan considerablemente el atractivo de las mesas de postres y banquetes, estimulando el deseo de los consumidores.<\/li>\n\n\n\n<li><strong>Calidad y dise\u00f1o aptos para uso alimentario y comercial: <\/strong>Estos soportes para postres de cer\u00e1mica han sido dise\u00f1ados para entornos comerciales como fiestas, hoteles y pasteler\u00edas de alta gama. El estilo de lujo europeo realza notablemente el efecto visual de las mesas de postres y banquetes, estimulando el deseo de los clientes.<\/li>\n\n\n\n<li><strong>Abastecimiento y embalaje convenientes:<\/strong> Ofrecemos precios competitivos al por mayor. Los productos se empaquetan con pl\u00e1stico de burbujas individual y cajas de cart\u00f3n reforzadas para garantizar un transporte seguro y admitimos env\u00edos a granel a todo el mundo.<\/li>\n<\/ul>\n<\/div>\n\n\n\n<div class=\"wp-block-column is-vertically-aligned-center is-layout-flow wp-block-column-is-layout-flow\"><div class=\"wp-block-image\">\n<figure class=\"aligncenter size-full\"><img fetchpriority=\"high\" decoding=\"async\" width=\"800\" height=\"800\" src=\"https:\/\/www.yongjianceramic.com\/wp-content\/uploads\/2025\/12\/three-layer-wholesale-round-ceramic-plate-stand-for-parties-1.webp\" alt=\"Soporte redondo de cer\u00e1mica de tres capas para fiestas, venta al por mayor, 1 unidad\" class=\"wp-image-5345\" srcset=\"https:\/\/www.yongjianceramic.com\/wp-content\/uploads\/2025\/12\/three-layer-wholesale-round-ceramic-plate-stand-for-parties-1.webp 800w, https:\/\/www.yongjianceramic.com\/wp-content\/uploads\/2025\/12\/three-layer-wholesale-round-ceramic-plate-stand-for-parties-1-300x300.webp 300w, https:\/\/www.yongjianceramic.com\/wp-content\/uploads\/2025\/12\/three-layer-wholesale-round-ceramic-plate-stand-for-parties-1-150x150.webp 150w, https:\/\/www.yongjianceramic.com\/wp-content\/uploads\/2025\/12\/three-layer-wholesale-round-ceramic-plate-stand-for-parties-1-768x768.webp 768w, https:\/\/www.yongjianceramic.com\/wp-content\/uploads\/2025\/12\/three-layer-wholesale-round-ceramic-plate-stand-for-parties-1-12x12.webp 12w, https:\/\/www.yongjianceramic.com\/wp-content\/uploads\/2025\/12\/three-layer-wholesale-round-ceramic-plate-stand-for-parties-1-285x285.webp 285w, https:\/\/www.yongjianceramic.com\/wp-content\/uploads\/2025\/12\/three-layer-wholesale-round-ceramic-plate-stand-for-parties-1-270x270.webp 270w, https:\/\/www.yongjianceramic.com\/wp-content\/uploads\/2025\/12\/three-layer-wholesale-round-ceramic-plate-stand-for-parties-1-540x540.webp 540w, https:\/\/www.yongjianceramic.com\/wp-content\/uploads\/2025\/12\/three-layer-wholesale-round-ceramic-plate-stand-for-parties-1-660x660.webp 660w\" sizes=\"(max-width: 800px) 100vw, 800px\" \/><\/figure>\n<\/div><\/div>\n<\/div>","protected":false},"excerpt":{"rendered":"<p>Bienvenido a la compra de este soporte redondo de cer\u00e1mica de tres pisos para platos al por mayor. Fabricado en porcelana de alta calidad con un dise\u00f1o \u00fanico de borde dorado en forma de mariposa, su aspecto elegante y refinado es perfecto para presentar pasteles, postres y frutas. La estructura met\u00e1lica resistente del soporte garantiza una presentaci\u00f3n segura y fiable. Ya sea para bodas, mesas de postres o t\u00e9s de la tarde en hoteles, realza sin esfuerzo la sofisticaci\u00f3n general de la presentaci\u00f3n, lo que lo convierte en una opci\u00f3n ideal para la venta al por mayor, el catering y la decoraci\u00f3n de eventos.<\/p>\n<table border=\"0\" width=\"309\" cellspacing=\"0\" cellpadding=\"0\">\n<tbody>\n<tr>\n<td width=\"120\" height=\"17\">Fabricante<\/td>\n<td width=\"189\">Yongjian<\/td>\n<\/tr>\n<tr>\n<td height=\"18\">N\u00ba de modelo<\/td>\n<td width=\"189\">YJ-202<\/td>\n<\/tr>\n<tr>\n<td height=\"17\">Tipo de producto<\/td>\n<td>Bandeja<\/td>\n<\/tr>\n<tr>\n<td height=\"17\">Material<\/td>\n<td>Porcelana<\/td>\n<\/tr>\n<tr>\n<td height=\"17\">Color<\/td>\n<td>Como imagen<\/td>\n<\/tr>\n<tr>\n<td height=\"17\">Dimensi\u00f3n<\/td>\n<td>Como imagen<\/td>\n<\/tr>\n<tr>\n<td height=\"17\">MOQ<\/td>\n<td>500 unidades<\/td>\n<\/tr>\n<tr>\n<td height=\"17\">A medida<\/td>\n<td>Color\/Tama\u00f1o\/Logotipo\/Embalaje<\/td>\n<\/tr>\n<\/tbody>\n<\/table>","protected":false},"featured_media":5345,"comment_status":"closed","ping_status":"closed","template":"","meta":{"_acf_changed":false},"product_brand":[],"product_cat":[62,76],"product_tag":[84],"class_list":{"0":"post-5343","1":"product","2":"type-product","3":"status-publish","4":"has-post-thumbnail","6":"product_cat-ceramic-plates-wholesale","7":"product_cat-wholesale-serving-platters","8":"product_tag-retro-design-dinnerware-wholesale","10":"first","11":"instock","12":"shipping-taxable","13":"product-type-simple"},"acf":[],"_links":{"self":[{"href":"https:\/\/www.yongjianceramic.com\/es\/wp-json\/wp\/v2\/product\/5343","targetHints":{"allow":["GET"]}}],"collection":[{"href":"https:\/\/www.yongjianceramic.com\/es\/wp-json\/wp\/v2\/product"}],"about":[{"href":"https:\/\/www.yongjianceramic.com\/es\/wp-json\/wp\/v2\/types\/product"}],"replies":[{"embeddable":true,"href":"https:\/\/www.yongjianceramic.com\/es\/wp-json\/wp\/v2\/comments?post=5343"}],"wp:featuredmedia":[{"embeddable":true,"href":"https:\/\/www.yongjianceramic.com\/es\/wp-json\/wp\/v2\/media\/5345"}],"wp:attachment":[{"href":"https:\/\/www.yongjianceramic.com\/es\/wp-json\/wp\/v2\/media?parent=5343"}],"wp:term":[{"taxonomy":"product_brand","embeddable":true,"href":"https:\/\/www.yongjianceramic.com\/es\/wp-json\/wp\/v2\/product_brand?post=5343"},{"taxonomy":"product_cat","embeddable":true,"href":"https:\/\/www.yongjianceramic.com\/es\/wp-json\/wp\/v2\/product_cat?post=5343"},{"taxonomy":"product_tag","embeddable":true,"href":"https:\/\/www.yongjianceramic.com\/es\/wp-json\/wp\/v2\/product_tag?post=5343"}],"curies":[{"name":"wp","href":"https:\/\/api.w.org\/{rel}","templated":true}]}}